{"id":75046,"date":"2025-03-28T13:47:02","date_gmt":"2025-03-28T11:47:02","guid":{"rendered":"https:\/\/cleverkids.ee\/\u041f\u0440\u043e\u0434\u0443\u043a\u0442\/nabor-graficheskie-diktanty-4-sht-po-24-str-4\/"},"modified":"2025-03-28T13:50:50","modified_gmt":"2025-03-28T11:50:50","slug":"komplekt-graafilised-diktaadid-4-raamatut-igauhes-24-lk-vanusele-4","status":"publish","type":"product","link":"https:\/\/cleverkids.ee\/et\/product\/komplekt-graafilised-diktaadid-4-raamatut-igauhes-24-lk-vanusele-4\/","title":{"rendered":"Komplekt \u201eGraafilised diktaadid\u201c, 4 raamatut, iga\u00fches 24 lk, vanusele 4+."},"content":{"rendered":"<p class=\"\" data-start=\"58\" data-end=\"186\">See komplekt aitab lapsel \u00f5ppida <strong data-start=\"91\" data-end=\"115\">orienteeruma paberil<\/strong>, t\u00f6\u00f6tama lihtsate algoritmide j\u00e4rgi ning harjutada joonte t\u00f5mbamist.<\/p>\n<p class=\"\" data-start=\"188\" data-end=\"250\">Raamatud on loodud spetsiaalselt <strong data-start=\"221\" data-end=\"247\">4\u20136-aastastele lastele<\/strong>.<\/p>\n<h3 class=\"\" data-start=\"252\" data-end=\"281\"><strong data-start=\"256\" data-end=\"279\">Komplekti omadused:<\/strong><\/h3>\n<ul data-start=\"282\" data-end=\"581\">\n<li class=\"\" data-start=\"282\" data-end=\"386\">\n<p class=\"\" data-start=\"284\" data-end=\"386\">Sisaldavad lihtsaid <strong data-start=\"304\" data-end=\"337\">joonistamisskeeme ruudustikus<\/strong>, millega saavad h\u00e4sti hakkama ka koolieelikud.<\/p>\n<\/li>\n<li class=\"\" data-start=\"387\" data-end=\"461\">\n<p class=\"\" data-start=\"389\" data-end=\"461\">Igas raamatus on <strong data-start=\"406\" data-end=\"422\">24 lehek\u00fclge<\/strong> ja <strong data-start=\"426\" data-end=\"458\">kokku 19 graafilist diktaati<\/strong>.<\/p>\n<\/li>\n<li class=\"\" data-start=\"462\" data-end=\"581\">\n<p class=\"\" data-start=\"464\" data-end=\"581\">Harjutuste tulemusena valmib <strong data-start=\"493\" data-end=\"509\">huvitav pilt<\/strong>, mida laps saab ise <strong data-start=\"530\" data-end=\"541\">v\u00e4rvida<\/strong> ja t\u00e4iendada oma kujutlusv\u00f5ime j\u00e4rgi.<\/p>\n<\/li>\n<\/ul>\n<h3 class=\"\" data-start=\"583\" data-end=\"633\"><strong data-start=\"587\" data-end=\"631\">Miks graafilised diktaadid on kasulikud?<\/strong><\/h3>\n<ul data-start=\"634\" data-end=\"848\" data-is-last-node=\"\" data-is-only-node=\"\">\n<li class=\"\" data-start=\"634\" data-end=\"683\">\n<p class=\"\" data-start=\"636\" data-end=\"683\">Arendavad <strong data-start=\"646\" data-end=\"681\">t\u00e4helepanu ja keskendumisv\u00f5imet<\/strong><\/p>\n<\/li>\n<li class=\"\" data-start=\"684\" data-end=\"735\">\n<p class=\"\" data-start=\"686\" data-end=\"735\">Treenivad <strong data-start=\"696\" data-end=\"733\">peenmotoorikat ja k\u00e4elist osavust<\/strong><\/p>\n<\/li>\n<li class=\"\" data-start=\"736\" data-end=\"791\">\n<p class=\"\" data-start=\"738\" data-end=\"791\">Aitavad omandada <strong data-start=\"755\" data-end=\"789\">graafilise kirjutamise aluseid<\/strong><\/p>\n<\/li>\n<li class=\"\" data-start=\"792\" data-end=\"848\">\n<p class=\"\" data-start=\"794\" data-end=\"848\">Soodustavad <strong data-start=\"806\" data-end=\"817\">loovust<\/strong> ja muudavad \u00f5ppimise l\u00f5busaks!<\/p>\n<\/li>\n<\/ul>\n","protected":false},"excerpt":{"rendered":"<p>See komplekt aitab lapsel \u00f5ppida orienteeruma paberil, t\u00f6\u00f6tama lihtsate algoritmide j\u00e4rgi ning harjutada joonte t\u00f5mbamist. Raamatud on loodud spetsiaalselt 4\u20136-aastastele lastele. Komplekti omadused: Sisaldavad lihtsaid joonistamisskeeme ruudustikus, millega saavad h\u00e4sti hakkama ka koolieelikud. Igas raamatus on 24 lehek\u00fclge ja kokku 19 graafilist diktaati. Harjutuste tulemusena valmib huvitav pilt, mida laps saab ise v\u00e4rvida ja t\u00e4iendada [&hellip;]<\/p>\n","protected":false},"featured_media":75045,"template":"","meta":{"_monsterinsights_skip_tracking":false,"_monsterinsights_sitenote_active":false,"_monsterinsights_sitenote_note":"","_monsterinsights_sitenote_category":0},"product_brand":[],"product_cat":[51,58],"product_tag":[],"class_list":{"0":"post-75046","1":"product","2":"type-product","3":"status-publish","4":"has-post-thumbnail","6":"product_cat-arendavad-vihikud-vene-keeles","7":"product_cat-unkategorized","8":"pa_vozrast-ot-5-let-et","10":"first","11":"instock","12":"shipping-taxable","13":"purchasable","14":"product-type-simple"},"yoast_head":"<!-- This site is optimized with the Yoast SEO plugin v25.0 - https:\/\/yoast.com\/wordpress\/plugins\/seo\/ -->\n<title>Komplekt \u201eGraafilised diktaadid\u201c, 4 raamatut, iga\u00fches 24 lk, vanusele 4+. -<\/title>\n<meta name=\"description\" content=\"Komplekt \u201eGraafilised diktaadid\u201c, 4 raamatut, iga\u00fches 24 lk, vanusele 4+. - CLEVER KIDS\" \/>\n<meta name=\"robots\" content=\"index, follow, max-snippet:-1, max-image-preview:large, max-video-preview:-1\" \/>\n<link rel=\"canonical\" href=\"https:\/\/cleverkids.ee\/et\/product\/komplekt-graafilised-diktaadid-4-raamatut-igauhes-24-lk-vanusele-4\/\" \/>\n<meta property=\"og:locale\" content=\"et_EE\" \/>\n<meta property=\"og:type\" content=\"article\" \/>\n<meta property=\"og:title\" content=\"Komplekt \u201eGraafilised diktaadid\u201c, 4 raamatut, iga\u00fches 24 lk, vanusele 4+. -\" \/>\n<meta property=\"og:description\" content=\"Komplekt \u201eGraafilised diktaadid\u201c, 4 raamatut, iga\u00fches 24 lk, vanusele 4+. - CLEVER KIDS\" \/>\n<meta property=\"og:url\" content=\"https:\/\/cleverkids.ee\/et\/product\/komplekt-graafilised-diktaadid-4-raamatut-igauhes-24-lk-vanusele-4\/\" \/>\n<meta property=\"og:site_name\" content=\"CLEVER KIDS\" \/>\n<meta property=\"article:publisher\" content=\"https:\/\/www.facebook.com\/cleverkids.ee\/\" \/>\n<meta property=\"article:modified_time\" content=\"2025-03-28T11:50:50+00:00\" \/>\n<meta property=\"og:image\" content=\"https:\/\/cleverkids.ee\/wp-content\/uploads\/2025\/03\/1600-55.jpg\" \/>\n\t<meta property=\"og:image:width\" content=\"1600\" \/>\n\t<meta property=\"og:image:height\" content=\"1600\" \/>\n\t<meta property=\"og:image:type\" content=\"image\/jpeg\" \/>\n<meta name=\"twitter:card\" content=\"summary_large_image\" \/>\n<meta name=\"twitter:label1\" content=\"Est. reading time\" \/>\n\t<meta name=\"twitter:data1\" content=\"1 minut\" \/>\n<script type=\"application\/ld+json\" class=\"yoast-schema-graph\">{\"@context\":\"https:\/\/schema.org\",\"@graph\":[{\"@type\":\"WebPage\",\"@id\":\"https:\/\/cleverkids.ee\/et\/product\/komplekt-graafilised-diktaadid-4-raamatut-igauhes-24-lk-vanusele-4\/\",\"url\":\"https:\/\/cleverkids.ee\/et\/product\/komplekt-graafilised-diktaadid-4-raamatut-igauhes-24-lk-vanusele-4\/\",\"name\":\"Komplekt \u201eGraafilised diktaadid\u201c, 4 raamatut, iga\u00fches 24 lk, vanusele 4+. -\",\"isPartOf\":{\"@id\":\"https:\/\/cleverkids.ee\/et\/#website\"},\"primaryImageOfPage\":{\"@id\":\"https:\/\/cleverkids.ee\/et\/product\/komplekt-graafilised-diktaadid-4-raamatut-igauhes-24-lk-vanusele-4\/#primaryimage\"},\"image\":{\"@id\":\"https:\/\/cleverkids.ee\/et\/product\/komplekt-graafilised-diktaadid-4-raamatut-igauhes-24-lk-vanusele-4\/#primaryimage\"},\"thumbnailUrl\":\"https:\/\/cleverkids.ee\/wp-content\/uploads\/2025\/03\/1600-55.jpg\",\"datePublished\":\"2025-03-28T11:47:02+00:00\",\"dateModified\":\"2025-03-28T11:50:50+00:00\",\"description\":\"Komplekt \u201eGraafilised diktaadid\u201c, 4 raamatut, iga\u00fches 24 lk, vanusele 4+. - CLEVER KIDS\",\"breadcrumb\":{\"@id\":\"https:\/\/cleverkids.ee\/et\/product\/komplekt-graafilised-diktaadid-4-raamatut-igauhes-24-lk-vanusele-4\/#breadcrumb\"},\"inLanguage\":\"et\",\"potentialAction\":[{\"@type\":\"ReadAction\",\"target\":[\"https:\/\/cleverkids.ee\/et\/product\/komplekt-graafilised-diktaadid-4-raamatut-igauhes-24-lk-vanusele-4\/\"]}]},{\"@type\":\"ImageObject\",\"inLanguage\":\"et\",\"@id\":\"https:\/\/cleverkids.ee\/et\/product\/komplekt-graafilised-diktaadid-4-raamatut-igauhes-24-lk-vanusele-4\/#primaryimage\",\"url\":\"https:\/\/cleverkids.ee\/wp-content\/uploads\/2025\/03\/1600-55.jpg\",\"contentUrl\":\"https:\/\/cleverkids.ee\/wp-content\/uploads\/2025\/03\/1600-55.jpg\",\"width\":1600,\"height\":1600,\"caption\":\"\u0433\u0440\u0430\u0444\u0438\u0447\u0435\u0441\u043a\u0438\u0435 \u0434\u0438\u043a\u0442\u0430\u043d\u0442\u044b\"},{\"@type\":\"BreadcrumbList\",\"@id\":\"https:\/\/cleverkids.ee\/et\/product\/komplekt-graafilised-diktaadid-4-raamatut-igauhes-24-lk-vanusele-4\/#breadcrumb\",\"itemListElement\":[{\"@type\":\"ListItem\",\"position\":1,\"name\":\"Esileht\",\"item\":\"https:\/\/cleverkids.ee\/et\/\"},{\"@type\":\"ListItem\",\"position\":2,\"name\":\"Tooted\",\"item\":\"https:\/\/cleverkids.ee\/store\/\"},{\"@type\":\"ListItem\",\"position\":3,\"name\":\"Komplekt \u201eGraafilised diktaadid\u201c, 4 raamatut, iga\u00fches 24 lk, vanusele 4+.\"}]},{\"@type\":\"WebSite\",\"@id\":\"https:\/\/cleverkids.ee\/et\/#website\",\"url\":\"https:\/\/cleverkids.ee\/et\/\",\"name\":\"CLEVER KIDS\",\"description\":\"\",\"publisher\":{\"@id\":\"https:\/\/cleverkids.ee\/et\/#organization\"},\"potentialAction\":[{\"@type\":\"SearchAction\",\"target\":{\"@type\":\"EntryPoint\",\"urlTemplate\":\"https:\/\/cleverkids.ee\/et\/?s={search_term_string}\"},\"query-input\":{\"@type\":\"PropertyValueSpecification\",\"valueRequired\":true,\"valueName\":\"search_term_string\"}}],\"inLanguage\":\"et\"},{\"@type\":\"Organization\",\"@id\":\"https:\/\/cleverkids.ee\/et\/#organization\",\"name\":\"CLEVER KIDS\",\"url\":\"https:\/\/cleverkids.ee\/et\/\",\"logo\":{\"@type\":\"ImageObject\",\"inLanguage\":\"et\",\"@id\":\"https:\/\/cleverkids.ee\/et\/#\/schema\/logo\/image\/\",\"url\":\"https:\/\/cleverkids.ee\/wp-content\/uploads\/2024\/02\/image0-1024x1024.png\",\"contentUrl\":\"https:\/\/cleverkids.ee\/wp-content\/uploads\/2024\/02\/image0-1024x1024.png\",\"width\":1024,\"height\":1024,\"caption\":\"CLEVER KIDS\"},\"image\":{\"@id\":\"https:\/\/cleverkids.ee\/et\/#\/schema\/logo\/image\/\"},\"sameAs\":[\"https:\/\/www.facebook.com\/cleverkids.ee\/\",\"https:\/\/www.instagram.com\/cleverkids_ee\/\"]}]}<\/script>\n<!-- \/ Yoast SEO plugin. -->","yoast_head_json":{"title":"Komplekt \u201eGraafilised diktaadid\u201c, 4 raamatut, iga\u00fches 24 lk, vanusele 4+. -","description":"Komplekt \u201eGraafilised diktaadid\u201c, 4 raamatut, iga\u00fches 24 lk, vanusele 4+. - CLEVER KIDS","robots":{"index":"index","follow":"follow","max-snippet":"max-snippet:-1","max-image-preview":"max-image-preview:large","max-video-preview":"max-video-preview:-1"},"canonical":"https:\/\/cleverkids.ee\/et\/product\/komplekt-graafilised-diktaadid-4-raamatut-igauhes-24-lk-vanusele-4\/","og_locale":"et_EE","og_type":"article","og_title":"Komplekt \u201eGraafilised diktaadid\u201c, 4 raamatut, iga\u00fches 24 lk, vanusele 4+. -","og_description":"Komplekt \u201eGraafilised diktaadid\u201c, 4 raamatut, iga\u00fches 24 lk, vanusele 4+. - CLEVER KIDS","og_url":"https:\/\/cleverkids.ee\/et\/product\/komplekt-graafilised-diktaadid-4-raamatut-igauhes-24-lk-vanusele-4\/","og_site_name":"CLEVER KIDS","article_publisher":"https:\/\/www.facebook.com\/cleverkids.ee\/","article_modified_time":"2025-03-28T11:50:50+00:00","og_image":[{"width":1600,"height":1600,"url":"https:\/\/cleverkids.ee\/wp-content\/uploads\/2025\/03\/1600-55.jpg","type":"image\/jpeg"}],"twitter_card":"summary_large_image","twitter_misc":{"Est. reading time":"1 minut"},"schema":{"@context":"https:\/\/schema.org","@graph":[{"@type":"WebPage","@id":"https:\/\/cleverkids.ee\/et\/product\/komplekt-graafilised-diktaadid-4-raamatut-igauhes-24-lk-vanusele-4\/","url":"https:\/\/cleverkids.ee\/et\/product\/komplekt-graafilised-diktaadid-4-raamatut-igauhes-24-lk-vanusele-4\/","name":"Komplekt \u201eGraafilised diktaadid\u201c, 4 raamatut, iga\u00fches 24 lk, vanusele 4+. -","isPartOf":{"@id":"https:\/\/cleverkids.ee\/et\/#website"},"primaryImageOfPage":{"@id":"https:\/\/cleverkids.ee\/et\/product\/komplekt-graafilised-diktaadid-4-raamatut-igauhes-24-lk-vanusele-4\/#primaryimage"},"image":{"@id":"https:\/\/cleverkids.ee\/et\/product\/komplekt-graafilised-diktaadid-4-raamatut-igauhes-24-lk-vanusele-4\/#primaryimage"},"thumbnailUrl":"https:\/\/cleverkids.ee\/wp-content\/uploads\/2025\/03\/1600-55.jpg","datePublished":"2025-03-28T11:47:02+00:00","dateModified":"2025-03-28T11:50:50+00:00","description":"Komplekt \u201eGraafilised diktaadid\u201c, 4 raamatut, iga\u00fches 24 lk, vanusele 4+. - CLEVER KIDS","breadcrumb":{"@id":"https:\/\/cleverkids.ee\/et\/product\/komplekt-graafilised-diktaadid-4-raamatut-igauhes-24-lk-vanusele-4\/#breadcrumb"},"inLanguage":"et","potentialAction":[{"@type":"ReadAction","target":["https:\/\/cleverkids.ee\/et\/product\/komplekt-graafilised-diktaadid-4-raamatut-igauhes-24-lk-vanusele-4\/"]}]},{"@type":"ImageObject","inLanguage":"et","@id":"https:\/\/cleverkids.ee\/et\/product\/komplekt-graafilised-diktaadid-4-raamatut-igauhes-24-lk-vanusele-4\/#primaryimage","url":"https:\/\/cleverkids.ee\/wp-content\/uploads\/2025\/03\/1600-55.jpg","contentUrl":"https:\/\/cleverkids.ee\/wp-content\/uploads\/2025\/03\/1600-55.jpg","width":1600,"height":1600,"caption":"\u0433\u0440\u0430\u0444\u0438\u0447\u0435\u0441\u043a\u0438\u0435 \u0434\u0438\u043a\u0442\u0430\u043d\u0442\u044b"},{"@type":"BreadcrumbList","@id":"https:\/\/cleverkids.ee\/et\/product\/komplekt-graafilised-diktaadid-4-raamatut-igauhes-24-lk-vanusele-4\/#breadcrumb","itemListElement":[{"@type":"ListItem","position":1,"name":"Esileht","item":"https:\/\/cleverkids.ee\/et\/"},{"@type":"ListItem","position":2,"name":"Tooted","item":"https:\/\/cleverkids.ee\/store\/"},{"@type":"ListItem","position":3,"name":"Komplekt \u201eGraafilised diktaadid\u201c, 4 raamatut, iga\u00fches 24 lk, vanusele 4+."}]},{"@type":"WebSite","@id":"https:\/\/cleverkids.ee\/et\/#website","url":"https:\/\/cleverkids.ee\/et\/","name":"CLEVER KIDS","description":"","publisher":{"@id":"https:\/\/cleverkids.ee\/et\/#organization"},"potentialAction":[{"@type":"SearchAction","target":{"@type":"EntryPoint","urlTemplate":"https:\/\/cleverkids.ee\/et\/?s={search_term_string}"},"query-input":{"@type":"PropertyValueSpecification","valueRequired":true,"valueName":"search_term_string"}}],"inLanguage":"et"},{"@type":"Organization","@id":"https:\/\/cleverkids.ee\/et\/#organization","name":"CLEVER KIDS","url":"https:\/\/cleverkids.ee\/et\/","logo":{"@type":"ImageObject","inLanguage":"et","@id":"https:\/\/cleverkids.ee\/et\/#\/schema\/logo\/image\/","url":"https:\/\/cleverkids.ee\/wp-content\/uploads\/2024\/02\/image0-1024x1024.png","contentUrl":"https:\/\/cleverkids.ee\/wp-content\/uploads\/2024\/02\/image0-1024x1024.png","width":1024,"height":1024,"caption":"CLEVER KIDS"},"image":{"@id":"https:\/\/cleverkids.ee\/et\/#\/schema\/logo\/image\/"},"sameAs":["https:\/\/www.facebook.com\/cleverkids.ee\/","https:\/\/www.instagram.com\/cleverkids_ee\/"]}]}},"_links":{"self":[{"href":"https:\/\/cleverkids.ee\/et\/wp-json\/wp\/v2\/product\/75046","targetHints":{"allow":["GET"]}}],"collection":[{"href":"https:\/\/cleverkids.ee\/et\/wp-json\/wp\/v2\/product"}],"about":[{"href":"https:\/\/cleverkids.ee\/et\/wp-json\/wp\/v2\/types\/product"}],"wp:featuredmedia":[{"embeddable":true,"href":"https:\/\/cleverkids.ee\/et\/wp-json\/wp\/v2\/media\/75045"}],"wp:attachment":[{"href":"https:\/\/cleverkids.ee\/et\/wp-json\/wp\/v2\/media?parent=75046"}],"wp:term":[{"taxonomy":"product_brand","embeddable":true,"href":"https:\/\/cleverkids.ee\/et\/wp-json\/wp\/v2\/product_brand?post=75046"},{"taxonomy":"product_cat","embeddable":true,"href":"https:\/\/cleverkids.ee\/et\/wp-json\/wp\/v2\/product_cat?post=75046"},{"taxonomy":"product_tag","embeddable":true,"href":"https:\/\/cleverkids.ee\/et\/wp-json\/wp\/v2\/product_tag?post=75046"}],"curies":[{"name":"wp","href":"https:\/\/api.w.org\/{rel}","templated":true}]}}