{"id":75065,"date":"2025-02-04T18:20:16","date_gmt":"2025-02-04T16:20:16","guid":{"rendered":"https:\/\/cleverkids.ee\/\u041f\u0440\u043e\u0434\u0443\u043a\u0442\/vesyolye-kruzhochki-izuchaem-zhivotnyh\/"},"modified":"2026-02-24T16:07:54","modified_gmt":"2026-02-24T14:07:54","slug":"arendav-komplekt-lobusad-rongakesed-opime-loomi-tundma","status":"publish","type":"product","link":"https:\/\/cleverkids.ee\/et\/product\/arendav-komplekt-lobusad-rongakesed-opime-loomi-tundma\/","title":{"rendered":"Arendav komplekt \u201eL\u00f5busad r\u00f5ngakesed. \u00d5pime loomi tundma\u201c"},"content":{"rendered":"<p class=\"\" data-start=\"69\" data-end=\"206\">Komplektis on <strong data-start=\"83\" data-end=\"105\">10 v\u00e4rvilist pilti<\/strong>, <strong data-start=\"107\" data-end=\"131\">50 puidust r\u00f5ngakest<\/strong> ja <strong data-start=\"135\" data-end=\"150\">5 p\u00f5hiv\u00e4rvi<\/strong>, mis sobivad suurep\u00e4raselt m\u00e4ngimiseks ja \u00f5ppimiseks!<\/p>\n<h3 class=\"\" data-start=\"208\" data-end=\"233\"><strong data-start=\"212\" data-end=\"231\">Kuidas m\u00e4ngida?<\/strong><\/h3>\n<ul data-start=\"234\" data-end=\"326\">\n<li class=\"\" data-start=\"234\" data-end=\"249\">\n<p class=\"\" data-start=\"236\" data-end=\"249\">Vali kaart.<\/p>\n<\/li>\n<li class=\"\" data-start=\"250\" data-end=\"326\">\n<p class=\"\" data-start=\"252\" data-end=\"326\">Aseta vastava v\u00e4rviga r\u00f5ngakesed \u00f5igetele kohtadele, et t\u00e4iendada pilti.<\/p>\n<\/li>\n<\/ul>\n<p class=\"\" data-start=\"328\" data-end=\"449\">Komplekti saab kasutada <strong data-start=\"352\" data-end=\"365\">korduvalt<\/strong>, luues ise uusi m\u00e4ngureegleid. R\u00f5ngakesi saab kasutada ka <strong data-start=\"424\" data-end=\"446\">loendamisvahendina<\/strong>.<\/p>\n<p class=\"\" data-start=\"451\" data-end=\"579\">Koos \u201eL\u00f5busate r\u00f5ngakestega\u201c arendame:<br data-start=\"489\" data-end=\"492\" \/>\u2705 <strong data-start=\"494\" data-end=\"512\">peenmotoorikat<\/strong><br data-start=\"512\" data-end=\"515\" \/>\u2705 <strong data-start=\"517\" data-end=\"531\">fantaasiat<\/strong><br data-start=\"531\" data-end=\"534\" \/>\u2705 <strong data-start=\"536\" data-end=\"578\">t\u00e4helepanelikkust ja keskendumisv\u00f5imet<\/strong>.<\/p>\n","protected":false},"excerpt":{"rendered":"<p>Komplektis on 10 v\u00e4rvilist pilti, 50 puidust r\u00f5ngakest ja 5 p\u00f5hiv\u00e4rvi, mis sobivad suurep\u00e4raselt m\u00e4ngimiseks ja \u00f5ppimiseks! Kuidas m\u00e4ngida? Vali kaart. Aseta vastava v\u00e4rviga r\u00f5ngakesed \u00f5igetele kohtadele, et t\u00e4iendada pilti. Komplekti saab kasutada korduvalt, luues ise uusi m\u00e4ngureegleid. R\u00f5ngakesi saab kasutada ka loendamisvahendina. Koos \u201eL\u00f5busate r\u00f5ngakestega\u201c arendame:\u2705 peenmotoorikat\u2705 fantaasiat\u2705 t\u00e4helepanelikkust ja keskendumisv\u00f5imet.<\/p>\n","protected":false},"featured_media":74947,"template":"","meta":{"_monsterinsights_skip_tracking":false,"_monsterinsights_sitenote_active":false,"_monsterinsights_sitenote_note":"","_monsterinsights_sitenote_category":0},"product_brand":[],"product_cat":[50,58],"product_tag":[],"class_list":{"0":"post-75065","1":"product","2":"type-product","3":"status-publish","4":"has-post-thumbnail","6":"product_cat-arendavad-manguasjad","7":"product_cat-unkategorized","8":"pa_vozrast-ot-polutora-do-treh-let-et","9":"pa_vozrast-ot-3-do-5-let-et","11":"first","12":"instock","13":"shipping-taxable","14":"purchasable","15":"product-type-simple"},"yoast_head":"<!-- This site is optimized with the Yoast SEO plugin v25.0 - https:\/\/yoast.com\/wordpress\/plugins\/seo\/ -->\n<title>Arendav komplekt \u201eL\u00f5busad r\u00f5ngakesed. \u00d5pime loomi tundma\u201c -<\/title>\n<meta name=\"description\" content=\"Arendav komplekt \u201eL\u00f5busad r\u00f5ngakesed. \u00d5pime loomi tundma\u201c - CLEVER KIDS\" \/>\n<meta name=\"robots\" content=\"index, follow, max-snippet:-1, max-image-preview:large, max-video-preview:-1\" \/>\n<link rel=\"canonical\" href=\"https:\/\/cleverkids.ee\/et\/product\/arendav-komplekt-lobusad-rongakesed-opime-loomi-tundma\/\" \/>\n<meta property=\"og:locale\" content=\"et_EE\" \/>\n<meta property=\"og:type\" content=\"article\" \/>\n<meta property=\"og:title\" content=\"Arendav komplekt \u201eL\u00f5busad r\u00f5ngakesed. \u00d5pime loomi tundma\u201c -\" \/>\n<meta property=\"og:description\" content=\"Arendav komplekt \u201eL\u00f5busad r\u00f5ngakesed. \u00d5pime loomi tundma\u201c - CLEVER KIDS\" \/>\n<meta property=\"og:url\" content=\"https:\/\/cleverkids.ee\/et\/product\/arendav-komplekt-lobusad-rongakesed-opime-loomi-tundma\/\" \/>\n<meta property=\"og:site_name\" content=\"CLEVER KIDS\" \/>\n<meta property=\"article:publisher\" content=\"https:\/\/www.facebook.com\/cleverkids.ee\/\" \/>\n<meta property=\"article:modified_time\" content=\"2026-02-24T14:07:54+00:00\" \/>\n<meta property=\"og:image\" content=\"https:\/\/cleverkids.ee\/wp-content\/uploads\/2025\/02\/1600-56-1.jpg\" \/>\n\t<meta property=\"og:image:width\" content=\"1600\" \/>\n\t<meta property=\"og:image:height\" content=\"1600\" \/>\n\t<meta property=\"og:image:type\" content=\"image\/jpeg\" \/>\n<meta name=\"twitter:card\" content=\"summary_large_image\" \/>\n<meta name=\"twitter:label1\" content=\"Est. reading time\" \/>\n\t<meta name=\"twitter:data1\" content=\"1 minut\" \/>\n<script type=\"application\/ld+json\" class=\"yoast-schema-graph\">{\"@context\":\"https:\/\/schema.org\",\"@graph\":[{\"@type\":\"WebPage\",\"@id\":\"https:\/\/cleverkids.ee\/et\/product\/arendav-komplekt-lobusad-rongakesed-opime-loomi-tundma\/\",\"url\":\"https:\/\/cleverkids.ee\/et\/product\/arendav-komplekt-lobusad-rongakesed-opime-loomi-tundma\/\",\"name\":\"Arendav komplekt \u201eL\u00f5busad r\u00f5ngakesed. \u00d5pime loomi tundma\u201c -\",\"isPartOf\":{\"@id\":\"https:\/\/cleverkids.ee\/et\/#website\"},\"primaryImageOfPage\":{\"@id\":\"https:\/\/cleverkids.ee\/et\/product\/arendav-komplekt-lobusad-rongakesed-opime-loomi-tundma\/#primaryimage\"},\"image\":{\"@id\":\"https:\/\/cleverkids.ee\/et\/product\/arendav-komplekt-lobusad-rongakesed-opime-loomi-tundma\/#primaryimage\"},\"thumbnailUrl\":\"https:\/\/cleverkids.ee\/wp-content\/uploads\/2025\/02\/1600-56-1.jpg\",\"datePublished\":\"2025-02-04T16:20:16+00:00\",\"dateModified\":\"2026-02-24T14:07:54+00:00\",\"description\":\"Arendav komplekt \u201eL\u00f5busad r\u00f5ngakesed. \u00d5pime loomi tundma\u201c - CLEVER KIDS\",\"breadcrumb\":{\"@id\":\"https:\/\/cleverkids.ee\/et\/product\/arendav-komplekt-lobusad-rongakesed-opime-loomi-tundma\/#breadcrumb\"},\"inLanguage\":\"et\",\"potentialAction\":[{\"@type\":\"ReadAction\",\"target\":[\"https:\/\/cleverkids.ee\/et\/product\/arendav-komplekt-lobusad-rongakesed-opime-loomi-tundma\/\"]}]},{\"@type\":\"ImageObject\",\"inLanguage\":\"et\",\"@id\":\"https:\/\/cleverkids.ee\/et\/product\/arendav-komplekt-lobusad-rongakesed-opime-loomi-tundma\/#primaryimage\",\"url\":\"https:\/\/cleverkids.ee\/wp-content\/uploads\/2025\/02\/1600-56-1.jpg\",\"contentUrl\":\"https:\/\/cleverkids.ee\/wp-content\/uploads\/2025\/02\/1600-56-1.jpg\",\"width\":1600,\"height\":1600,\"caption\":\"\u0412\u0435\u0441\u0451\u043b\u044b\u0435 \u043a\u0440\u0443\u0436\u043e\u0447\u043a\u0438 \u00ab\u0418\u0437\u0443\u0447\u0430\u0435\u043c \u0436\u0438\u0432\u043e\u0442\u043d\u044b\u0445\u00bb\"},{\"@type\":\"BreadcrumbList\",\"@id\":\"https:\/\/cleverkids.ee\/et\/product\/arendav-komplekt-lobusad-rongakesed-opime-loomi-tundma\/#breadcrumb\",\"itemListElement\":[{\"@type\":\"ListItem\",\"position\":1,\"name\":\"Esileht\",\"item\":\"https:\/\/cleverkids.ee\/et\/\"},{\"@type\":\"ListItem\",\"position\":2,\"name\":\"Tooted\",\"item\":\"https:\/\/cleverkids.ee\/store\/\"},{\"@type\":\"ListItem\",\"position\":3,\"name\":\"Arendav komplekt \u201eL\u00f5busad r\u00f5ngakesed. \u00d5pime loomi tundma\u201c\"}]},{\"@type\":\"WebSite\",\"@id\":\"https:\/\/cleverkids.ee\/et\/#website\",\"url\":\"https:\/\/cleverkids.ee\/et\/\",\"name\":\"CLEVER KIDS\",\"description\":\"\",\"publisher\":{\"@id\":\"https:\/\/cleverkids.ee\/et\/#organization\"},\"potentialAction\":[{\"@type\":\"SearchAction\",\"target\":{\"@type\":\"EntryPoint\",\"urlTemplate\":\"https:\/\/cleverkids.ee\/et\/?s={search_term_string}\"},\"query-input\":{\"@type\":\"PropertyValueSpecification\",\"valueRequired\":true,\"valueName\":\"search_term_string\"}}],\"inLanguage\":\"et\"},{\"@type\":\"Organization\",\"@id\":\"https:\/\/cleverkids.ee\/et\/#organization\",\"name\":\"CLEVER KIDS\",\"url\":\"https:\/\/cleverkids.ee\/et\/\",\"logo\":{\"@type\":\"ImageObject\",\"inLanguage\":\"et\",\"@id\":\"https:\/\/cleverkids.ee\/et\/#\/schema\/logo\/image\/\",\"url\":\"https:\/\/cleverkids.ee\/wp-content\/uploads\/2024\/02\/image0-1024x1024.png\",\"contentUrl\":\"https:\/\/cleverkids.ee\/wp-content\/uploads\/2024\/02\/image0-1024x1024.png\",\"width\":1024,\"height\":1024,\"caption\":\"CLEVER KIDS\"},\"image\":{\"@id\":\"https:\/\/cleverkids.ee\/et\/#\/schema\/logo\/image\/\"},\"sameAs\":[\"https:\/\/www.facebook.com\/cleverkids.ee\/\",\"https:\/\/www.instagram.com\/cleverkids_ee\/\"]}]}<\/script>\n<!-- \/ Yoast SEO plugin. -->","yoast_head_json":{"title":"Arendav komplekt \u201eL\u00f5busad r\u00f5ngakesed. \u00d5pime loomi tundma\u201c -","description":"Arendav komplekt \u201eL\u00f5busad r\u00f5ngakesed. \u00d5pime loomi tundma\u201c - CLEVER KIDS","robots":{"index":"index","follow":"follow","max-snippet":"max-snippet:-1","max-image-preview":"max-image-preview:large","max-video-preview":"max-video-preview:-1"},"canonical":"https:\/\/cleverkids.ee\/et\/product\/arendav-komplekt-lobusad-rongakesed-opime-loomi-tundma\/","og_locale":"et_EE","og_type":"article","og_title":"Arendav komplekt \u201eL\u00f5busad r\u00f5ngakesed. \u00d5pime loomi tundma\u201c -","og_description":"Arendav komplekt \u201eL\u00f5busad r\u00f5ngakesed. \u00d5pime loomi tundma\u201c - CLEVER KIDS","og_url":"https:\/\/cleverkids.ee\/et\/product\/arendav-komplekt-lobusad-rongakesed-opime-loomi-tundma\/","og_site_name":"CLEVER KIDS","article_publisher":"https:\/\/www.facebook.com\/cleverkids.ee\/","article_modified_time":"2026-02-24T14:07:54+00:00","og_image":[{"width":1600,"height":1600,"url":"https:\/\/cleverkids.ee\/wp-content\/uploads\/2025\/02\/1600-56-1.jpg","type":"image\/jpeg"}],"twitter_card":"summary_large_image","twitter_misc":{"Est. reading time":"1 minut"},"schema":{"@context":"https:\/\/schema.org","@graph":[{"@type":"WebPage","@id":"https:\/\/cleverkids.ee\/et\/product\/arendav-komplekt-lobusad-rongakesed-opime-loomi-tundma\/","url":"https:\/\/cleverkids.ee\/et\/product\/arendav-komplekt-lobusad-rongakesed-opime-loomi-tundma\/","name":"Arendav komplekt \u201eL\u00f5busad r\u00f5ngakesed. \u00d5pime loomi tundma\u201c -","isPartOf":{"@id":"https:\/\/cleverkids.ee\/et\/#website"},"primaryImageOfPage":{"@id":"https:\/\/cleverkids.ee\/et\/product\/arendav-komplekt-lobusad-rongakesed-opime-loomi-tundma\/#primaryimage"},"image":{"@id":"https:\/\/cleverkids.ee\/et\/product\/arendav-komplekt-lobusad-rongakesed-opime-loomi-tundma\/#primaryimage"},"thumbnailUrl":"https:\/\/cleverkids.ee\/wp-content\/uploads\/2025\/02\/1600-56-1.jpg","datePublished":"2025-02-04T16:20:16+00:00","dateModified":"2026-02-24T14:07:54+00:00","description":"Arendav komplekt \u201eL\u00f5busad r\u00f5ngakesed. \u00d5pime loomi tundma\u201c - CLEVER KIDS","breadcrumb":{"@id":"https:\/\/cleverkids.ee\/et\/product\/arendav-komplekt-lobusad-rongakesed-opime-loomi-tundma\/#breadcrumb"},"inLanguage":"et","potentialAction":[{"@type":"ReadAction","target":["https:\/\/cleverkids.ee\/et\/product\/arendav-komplekt-lobusad-rongakesed-opime-loomi-tundma\/"]}]},{"@type":"ImageObject","inLanguage":"et","@id":"https:\/\/cleverkids.ee\/et\/product\/arendav-komplekt-lobusad-rongakesed-opime-loomi-tundma\/#primaryimage","url":"https:\/\/cleverkids.ee\/wp-content\/uploads\/2025\/02\/1600-56-1.jpg","contentUrl":"https:\/\/cleverkids.ee\/wp-content\/uploads\/2025\/02\/1600-56-1.jpg","width":1600,"height":1600,"caption":"\u0412\u0435\u0441\u0451\u043b\u044b\u0435 \u043a\u0440\u0443\u0436\u043e\u0447\u043a\u0438 \u00ab\u0418\u0437\u0443\u0447\u0430\u0435\u043c \u0436\u0438\u0432\u043e\u0442\u043d\u044b\u0445\u00bb"},{"@type":"BreadcrumbList","@id":"https:\/\/cleverkids.ee\/et\/product\/arendav-komplekt-lobusad-rongakesed-opime-loomi-tundma\/#breadcrumb","itemListElement":[{"@type":"ListItem","position":1,"name":"Esileht","item":"https:\/\/cleverkids.ee\/et\/"},{"@type":"ListItem","position":2,"name":"Tooted","item":"https:\/\/cleverkids.ee\/store\/"},{"@type":"ListItem","position":3,"name":"Arendav komplekt \u201eL\u00f5busad r\u00f5ngakesed. \u00d5pime loomi tundma\u201c"}]},{"@type":"WebSite","@id":"https:\/\/cleverkids.ee\/et\/#website","url":"https:\/\/cleverkids.ee\/et\/","name":"CLEVER KIDS","description":"","publisher":{"@id":"https:\/\/cleverkids.ee\/et\/#organization"},"potentialAction":[{"@type":"SearchAction","target":{"@type":"EntryPoint","urlTemplate":"https:\/\/cleverkids.ee\/et\/?s={search_term_string}"},"query-input":{"@type":"PropertyValueSpecification","valueRequired":true,"valueName":"search_term_string"}}],"inLanguage":"et"},{"@type":"Organization","@id":"https:\/\/cleverkids.ee\/et\/#organization","name":"CLEVER KIDS","url":"https:\/\/cleverkids.ee\/et\/","logo":{"@type":"ImageObject","inLanguage":"et","@id":"https:\/\/cleverkids.ee\/et\/#\/schema\/logo\/image\/","url":"https:\/\/cleverkids.ee\/wp-content\/uploads\/2024\/02\/image0-1024x1024.png","contentUrl":"https:\/\/cleverkids.ee\/wp-content\/uploads\/2024\/02\/image0-1024x1024.png","width":1024,"height":1024,"caption":"CLEVER KIDS"},"image":{"@id":"https:\/\/cleverkids.ee\/et\/#\/schema\/logo\/image\/"},"sameAs":["https:\/\/www.facebook.com\/cleverkids.ee\/","https:\/\/www.instagram.com\/cleverkids_ee\/"]}]}},"_links":{"self":[{"href":"https:\/\/cleverkids.ee\/et\/wp-json\/wp\/v2\/product\/75065","targetHints":{"allow":["GET"]}}],"collection":[{"href":"https:\/\/cleverkids.ee\/et\/wp-json\/wp\/v2\/product"}],"about":[{"href":"https:\/\/cleverkids.ee\/et\/wp-json\/wp\/v2\/types\/product"}],"wp:featuredmedia":[{"embeddable":true,"href":"https:\/\/cleverkids.ee\/et\/wp-json\/wp\/v2\/media\/74947"}],"wp:attachment":[{"href":"https:\/\/cleverkids.ee\/et\/wp-json\/wp\/v2\/media?parent=75065"}],"wp:term":[{"taxonomy":"product_brand","embeddable":true,"href":"https:\/\/cleverkids.ee\/et\/wp-json\/wp\/v2\/product_brand?post=75065"},{"taxonomy":"product_cat","embeddable":true,"href":"https:\/\/cleverkids.ee\/et\/wp-json\/wp\/v2\/product_cat?post=75065"},{"taxonomy":"product_tag","embeddable":true,"href":"https:\/\/cleverkids.ee\/et\/wp-json\/wp\/v2\/product_tag?post=75065"}],"curies":[{"name":"wp","href":"https:\/\/api.w.org\/{rel}","templated":true}]}}