{"id":75084,"date":"2025-03-28T15:23:59","date_gmt":"2025-03-28T13:23:59","guid":{"rendered":"https:\/\/cleverkids.ee\/\u041f\u0440\u043e\u0434\u0443\u043a\u0442\/nastolnaya-igra-uchimsya-schitat-geometricheskoe-loto-3\/"},"modified":"2025-03-28T15:25:38","modified_gmt":"2025-03-28T13:25:38","slug":"lauamang-opime-loendama-geomeetriline-loto-3","status":"publish","type":"product","link":"https:\/\/cleverkids.ee\/et\/product\/lauamang-opime-loendama-geomeetriline-loto-3\/","title":{"rendered":"Lauam\u00e4ng \u201e\u00d5pime loendama. Geomeetriline loto\u201c, 3+"},"content":{"rendered":"<p class=\"\" data-start=\"62\" data-end=\"216\"><strong data-start=\"62\" data-end=\"84\">Geomeetriline loto<\/strong> on l\u00f5bus ja arendav m\u00e4ng k\u00f5ige pisematele!<br data-start=\"127\" data-end=\"130\" \/>See tutvustab lastele <strong data-start=\"152\" data-end=\"197\">p\u00f5hilisi geomeetrilisi kujundeid ja v\u00e4rve<\/strong> m\u00e4ngulises vormis.<\/p>\n<h3 class=\"\" data-start=\"218\" data-end=\"243\"><strong data-start=\"222\" data-end=\"241\">Kuidas m\u00e4ngida?<\/strong><\/h3>\n<p class=\"\" data-start=\"245\" data-end=\"628\">1\ufe0f\u20e3 <strong data-start=\"249\" data-end=\"269\">Valige m\u00e4ngujuht<\/strong>, kes t\u00f5mbab kotist \u00fche geomeetrilise kujundi, nimetab ja n\u00e4itab seda.<br data-start=\"339\" data-end=\"342\" \/>2\ufe0f\u20e3 <strong data-start=\"346\" data-end=\"357\">M\u00e4ngija<\/strong>, kelle m\u00e4nguv\u00e4ljal on sama kujund, saab selle nupu ja asetab selle vastavale kohale.<br data-start=\"442\" data-end=\"445\" \/>3\ufe0f\u20e3 Kui keegi kujundit ei vaja, <strong data-start=\"477\" data-end=\"503\">l\u00e4heb see tagasi kotti<\/strong> (v\u00f5ib juhtuda, kui k\u00f5ik m\u00e4nguv\u00e4ljad ei osale).<br data-start=\"550\" data-end=\"553\" \/>4\ufe0f\u20e3 <strong data-start=\"557\" data-end=\"575\">V\u00f5idab m\u00e4ngija<\/strong>, kes esimesena ja veatult katab kogu oma m\u00e4nguv\u00e4lja.<\/p>\n<p class=\"\" data-start=\"630\" data-end=\"875\">\ud83d\udca1 <strong data-start=\"633\" data-end=\"645\">Erip\u00e4ra:<\/strong> V\u00e4lja v\u00e4rvilisel poolel on kujundid <strong data-start=\"682\" data-end=\"692\">valged<\/strong> \u2013 laps peab tuginema tausta v\u00e4rvile ja kujundi siluetile. N\u00e4iteks: kui juhuslikult t\u00f5mmatakse <strong data-start=\"787\" data-end=\"807\">kollane kolmnurk<\/strong>, saab selle m\u00e4ngija, kellel on <strong data-start=\"839\" data-end=\"874\">valge kolmnurk kollasel taustal<\/strong>.<\/p>\n<p class=\"\" data-start=\"877\" data-end=\"980\">\ud83d\udcd8 Reegliraamat sisaldab ka <strong data-start=\"905\" data-end=\"934\">mitmeid m\u00e4nguvariatsioone<\/strong> ning <strong data-start=\"940\" data-end=\"979\">kasulikke soovitusi lapsevanematele<\/strong>.<\/p>\n<h3 class=\"\" data-start=\"982\" data-end=\"1009\"><strong data-start=\"986\" data-end=\"1007\">Komplekti kuulub:<\/strong><\/h3>\n<ul data-start=\"1010\" data-end=\"1104\" data-is-last-node=\"\" data-is-only-node=\"\">\n<li class=\"\" data-start=\"1010\" data-end=\"1038\">\n<p class=\"\" data-start=\"1012\" data-end=\"1038\">5 kahepoolset m\u00e4nguv\u00e4lja<\/p>\n<\/li>\n<li class=\"\" data-start=\"1039\" data-end=\"1068\">\n<p class=\"\" data-start=\"1041\" data-end=\"1068\">32 geomeetrilist kujundit<\/p>\n<\/li>\n<li class=\"\" data-start=\"1069\" data-end=\"1089\">\n<p class=\"\" data-start=\"1071\" data-end=\"1089\">riidest hoiukott<\/p>\n<\/li>\n<li class=\"\" data-start=\"1090\" data-end=\"1104\">\n<p class=\"\" data-start=\"1092\" data-end=\"1104\">m\u00e4ngureeglid<\/p>\n<\/li>\n<\/ul>\n","protected":false},"excerpt":{"rendered":"<p>Geomeetriline loto on l\u00f5bus ja arendav m\u00e4ng k\u00f5ige pisematele!See tutvustab lastele p\u00f5hilisi geomeetrilisi kujundeid ja v\u00e4rve m\u00e4ngulises vormis. Kuidas m\u00e4ngida? 1\ufe0f\u20e3 Valige m\u00e4ngujuht, kes t\u00f5mbab kotist \u00fche geomeetrilise kujundi, nimetab ja n\u00e4itab seda.2\ufe0f\u20e3 M\u00e4ngija, kelle m\u00e4nguv\u00e4ljal on sama kujund, saab selle nupu ja asetab selle vastavale kohale.3\ufe0f\u20e3 Kui keegi kujundit ei vaja, l\u00e4heb see tagasi [&hellip;]<\/p>\n","protected":false},"featured_media":75079,"template":"","meta":{"_monsterinsights_skip_tracking":false,"_monsterinsights_sitenote_active":false,"_monsterinsights_sitenote_note":"","_monsterinsights_sitenote_category":0},"product_brand":[],"product_cat":[50,55,58],"product_tag":[],"class_list":{"0":"post-75084","1":"product","2":"type-product","3":"status-publish","4":"has-post-thumbnail","6":"product_cat-arendavad-manguasjad","7":"product_cat-lauamangud","8":"product_cat-unkategorized","9":"pa_vozrast-ot-3-do-5-let-et","11":"first","12":"instock","13":"shipping-taxable","14":"purchasable","15":"product-type-simple"},"yoast_head":"<!-- This site is optimized with the Yoast SEO plugin v25.0 - https:\/\/yoast.com\/wordpress\/plugins\/seo\/ -->\n<title>Lauam\u00e4ng \u201e\u00d5pime loendama. Geomeetriline loto\u201c, 3+ -<\/title>\n<meta name=\"description\" content=\"Lauam\u00e4ng \u201e\u00d5pime loendama. Geomeetriline loto\u201c, 3+ - CLEVER KIDS\" \/>\n<meta name=\"robots\" content=\"index, follow, max-snippet:-1, max-image-preview:large, max-video-preview:-1\" \/>\n<link rel=\"canonical\" href=\"https:\/\/cleverkids.ee\/et\/product\/lauamang-opime-loendama-geomeetriline-loto-3\/\" \/>\n<meta property=\"og:locale\" content=\"et_EE\" \/>\n<meta property=\"og:type\" content=\"article\" \/>\n<meta property=\"og:title\" content=\"Lauam\u00e4ng \u201e\u00d5pime loendama. Geomeetriline loto\u201c, 3+ -\" \/>\n<meta property=\"og:description\" content=\"Lauam\u00e4ng \u201e\u00d5pime loendama. Geomeetriline loto\u201c, 3+ - CLEVER KIDS\" \/>\n<meta property=\"og:url\" content=\"https:\/\/cleverkids.ee\/et\/product\/lauamang-opime-loendama-geomeetriline-loto-3\/\" \/>\n<meta property=\"og:site_name\" content=\"CLEVER KIDS\" \/>\n<meta property=\"article:publisher\" content=\"https:\/\/www.facebook.com\/cleverkids.ee\/\" \/>\n<meta property=\"article:modified_time\" content=\"2025-03-28T13:25:38+00:00\" \/>\n<meta property=\"og:image\" content=\"https:\/\/cleverkids.ee\/wp-content\/uploads\/2025\/03\/1600-57-2.jpg\" \/>\n\t<meta property=\"og:image:width\" content=\"1600\" \/>\n\t<meta property=\"og:image:height\" content=\"1600\" \/>\n\t<meta property=\"og:image:type\" content=\"image\/jpeg\" \/>\n<meta name=\"twitter:card\" content=\"summary_large_image\" \/>\n<meta name=\"twitter:label1\" content=\"Est. reading time\" \/>\n\t<meta name=\"twitter:data1\" content=\"1 minut\" \/>\n<script type=\"application\/ld+json\" class=\"yoast-schema-graph\">{\"@context\":\"https:\/\/schema.org\",\"@graph\":[{\"@type\":\"WebPage\",\"@id\":\"https:\/\/cleverkids.ee\/et\/product\/lauamang-opime-loendama-geomeetriline-loto-3\/\",\"url\":\"https:\/\/cleverkids.ee\/et\/product\/lauamang-opime-loendama-geomeetriline-loto-3\/\",\"name\":\"Lauam\u00e4ng \u201e\u00d5pime loendama. Geomeetriline loto\u201c, 3+ -\",\"isPartOf\":{\"@id\":\"https:\/\/cleverkids.ee\/et\/#website\"},\"primaryImageOfPage\":{\"@id\":\"https:\/\/cleverkids.ee\/et\/product\/lauamang-opime-loendama-geomeetriline-loto-3\/#primaryimage\"},\"image\":{\"@id\":\"https:\/\/cleverkids.ee\/et\/product\/lauamang-opime-loendama-geomeetriline-loto-3\/#primaryimage\"},\"thumbnailUrl\":\"https:\/\/cleverkids.ee\/wp-content\/uploads\/2025\/03\/1600-57-2.jpg\",\"datePublished\":\"2025-03-28T13:23:59+00:00\",\"dateModified\":\"2025-03-28T13:25:38+00:00\",\"description\":\"Lauam\u00e4ng \u201e\u00d5pime loendama. Geomeetriline loto\u201c, 3+ - CLEVER KIDS\",\"breadcrumb\":{\"@id\":\"https:\/\/cleverkids.ee\/et\/product\/lauamang-opime-loendama-geomeetriline-loto-3\/#breadcrumb\"},\"inLanguage\":\"et\",\"potentialAction\":[{\"@type\":\"ReadAction\",\"target\":[\"https:\/\/cleverkids.ee\/et\/product\/lauamang-opime-loendama-geomeetriline-loto-3\/\"]}]},{\"@type\":\"ImageObject\",\"inLanguage\":\"et\",\"@id\":\"https:\/\/cleverkids.ee\/et\/product\/lauamang-opime-loendama-geomeetriline-loto-3\/#primaryimage\",\"url\":\"https:\/\/cleverkids.ee\/wp-content\/uploads\/2025\/03\/1600-57-2.jpg\",\"contentUrl\":\"https:\/\/cleverkids.ee\/wp-content\/uploads\/2025\/03\/1600-57-2.jpg\",\"width\":1600,\"height\":1600,\"caption\":\"\u041d\u0430\u0441\u0442\u043e\u043b\u044c\u043d\u0430\u044f \u0438\u0433\u0440\u0430 \u00ab\u0423\u0447\u0438\u043c\u0441\u044f \u0441\u0447\u0438\u0442\u0430\u0442\u044c. \u0413\u0435\u043e\u043c\u0435\u0442\u0440\u0438\u0447\u0435\u0441\u043a\u043e\u0435 \u043b\u043e\u0442\u043e\u00bb, 3+\"},{\"@type\":\"BreadcrumbList\",\"@id\":\"https:\/\/cleverkids.ee\/et\/product\/lauamang-opime-loendama-geomeetriline-loto-3\/#breadcrumb\",\"itemListElement\":[{\"@type\":\"ListItem\",\"position\":1,\"name\":\"Esileht\",\"item\":\"https:\/\/cleverkids.ee\/et\/\"},{\"@type\":\"ListItem\",\"position\":2,\"name\":\"Tooted\",\"item\":\"https:\/\/cleverkids.ee\/store\/\"},{\"@type\":\"ListItem\",\"position\":3,\"name\":\"Lauam\u00e4ng \u201e\u00d5pime loendama. Geomeetriline loto\u201c, 3+\"}]},{\"@type\":\"WebSite\",\"@id\":\"https:\/\/cleverkids.ee\/et\/#website\",\"url\":\"https:\/\/cleverkids.ee\/et\/\",\"name\":\"CLEVER KIDS\",\"description\":\"\",\"publisher\":{\"@id\":\"https:\/\/cleverkids.ee\/et\/#organization\"},\"potentialAction\":[{\"@type\":\"SearchAction\",\"target\":{\"@type\":\"EntryPoint\",\"urlTemplate\":\"https:\/\/cleverkids.ee\/et\/?s={search_term_string}\"},\"query-input\":{\"@type\":\"PropertyValueSpecification\",\"valueRequired\":true,\"valueName\":\"search_term_string\"}}],\"inLanguage\":\"et\"},{\"@type\":\"Organization\",\"@id\":\"https:\/\/cleverkids.ee\/et\/#organization\",\"name\":\"CLEVER KIDS\",\"url\":\"https:\/\/cleverkids.ee\/et\/\",\"logo\":{\"@type\":\"ImageObject\",\"inLanguage\":\"et\",\"@id\":\"https:\/\/cleverkids.ee\/et\/#\/schema\/logo\/image\/\",\"url\":\"https:\/\/cleverkids.ee\/wp-content\/uploads\/2024\/02\/image0-1024x1024.png\",\"contentUrl\":\"https:\/\/cleverkids.ee\/wp-content\/uploads\/2024\/02\/image0-1024x1024.png\",\"width\":1024,\"height\":1024,\"caption\":\"CLEVER KIDS\"},\"image\":{\"@id\":\"https:\/\/cleverkids.ee\/et\/#\/schema\/logo\/image\/\"},\"sameAs\":[\"https:\/\/www.facebook.com\/cleverkids.ee\/\",\"https:\/\/www.instagram.com\/cleverkids_ee\/\"]}]}<\/script>\n<!-- \/ Yoast SEO plugin. -->","yoast_head_json":{"title":"Lauam\u00e4ng \u201e\u00d5pime loendama. Geomeetriline loto\u201c, 3+ -","description":"Lauam\u00e4ng \u201e\u00d5pime loendama. Geomeetriline loto\u201c, 3+ - CLEVER KIDS","robots":{"index":"index","follow":"follow","max-snippet":"max-snippet:-1","max-image-preview":"max-image-preview:large","max-video-preview":"max-video-preview:-1"},"canonical":"https:\/\/cleverkids.ee\/et\/product\/lauamang-opime-loendama-geomeetriline-loto-3\/","og_locale":"et_EE","og_type":"article","og_title":"Lauam\u00e4ng \u201e\u00d5pime loendama. Geomeetriline loto\u201c, 3+ -","og_description":"Lauam\u00e4ng \u201e\u00d5pime loendama. Geomeetriline loto\u201c, 3+ - CLEVER KIDS","og_url":"https:\/\/cleverkids.ee\/et\/product\/lauamang-opime-loendama-geomeetriline-loto-3\/","og_site_name":"CLEVER KIDS","article_publisher":"https:\/\/www.facebook.com\/cleverkids.ee\/","article_modified_time":"2025-03-28T13:25:38+00:00","og_image":[{"width":1600,"height":1600,"url":"https:\/\/cleverkids.ee\/wp-content\/uploads\/2025\/03\/1600-57-2.jpg","type":"image\/jpeg"}],"twitter_card":"summary_large_image","twitter_misc":{"Est. reading time":"1 minut"},"schema":{"@context":"https:\/\/schema.org","@graph":[{"@type":"WebPage","@id":"https:\/\/cleverkids.ee\/et\/product\/lauamang-opime-loendama-geomeetriline-loto-3\/","url":"https:\/\/cleverkids.ee\/et\/product\/lauamang-opime-loendama-geomeetriline-loto-3\/","name":"Lauam\u00e4ng \u201e\u00d5pime loendama. Geomeetriline loto\u201c, 3+ -","isPartOf":{"@id":"https:\/\/cleverkids.ee\/et\/#website"},"primaryImageOfPage":{"@id":"https:\/\/cleverkids.ee\/et\/product\/lauamang-opime-loendama-geomeetriline-loto-3\/#primaryimage"},"image":{"@id":"https:\/\/cleverkids.ee\/et\/product\/lauamang-opime-loendama-geomeetriline-loto-3\/#primaryimage"},"thumbnailUrl":"https:\/\/cleverkids.ee\/wp-content\/uploads\/2025\/03\/1600-57-2.jpg","datePublished":"2025-03-28T13:23:59+00:00","dateModified":"2025-03-28T13:25:38+00:00","description":"Lauam\u00e4ng \u201e\u00d5pime loendama. Geomeetriline loto\u201c, 3+ - CLEVER KIDS","breadcrumb":{"@id":"https:\/\/cleverkids.ee\/et\/product\/lauamang-opime-loendama-geomeetriline-loto-3\/#breadcrumb"},"inLanguage":"et","potentialAction":[{"@type":"ReadAction","target":["https:\/\/cleverkids.ee\/et\/product\/lauamang-opime-loendama-geomeetriline-loto-3\/"]}]},{"@type":"ImageObject","inLanguage":"et","@id":"https:\/\/cleverkids.ee\/et\/product\/lauamang-opime-loendama-geomeetriline-loto-3\/#primaryimage","url":"https:\/\/cleverkids.ee\/wp-content\/uploads\/2025\/03\/1600-57-2.jpg","contentUrl":"https:\/\/cleverkids.ee\/wp-content\/uploads\/2025\/03\/1600-57-2.jpg","width":1600,"height":1600,"caption":"\u041d\u0430\u0441\u0442\u043e\u043b\u044c\u043d\u0430\u044f \u0438\u0433\u0440\u0430 \u00ab\u0423\u0447\u0438\u043c\u0441\u044f \u0441\u0447\u0438\u0442\u0430\u0442\u044c. \u0413\u0435\u043e\u043c\u0435\u0442\u0440\u0438\u0447\u0435\u0441\u043a\u043e\u0435 \u043b\u043e\u0442\u043e\u00bb, 3+"},{"@type":"BreadcrumbList","@id":"https:\/\/cleverkids.ee\/et\/product\/lauamang-opime-loendama-geomeetriline-loto-3\/#breadcrumb","itemListElement":[{"@type":"ListItem","position":1,"name":"Esileht","item":"https:\/\/cleverkids.ee\/et\/"},{"@type":"ListItem","position":2,"name":"Tooted","item":"https:\/\/cleverkids.ee\/store\/"},{"@type":"ListItem","position":3,"name":"Lauam\u00e4ng \u201e\u00d5pime loendama. Geomeetriline loto\u201c, 3+"}]},{"@type":"WebSite","@id":"https:\/\/cleverkids.ee\/et\/#website","url":"https:\/\/cleverkids.ee\/et\/","name":"CLEVER KIDS","description":"","publisher":{"@id":"https:\/\/cleverkids.ee\/et\/#organization"},"potentialAction":[{"@type":"SearchAction","target":{"@type":"EntryPoint","urlTemplate":"https:\/\/cleverkids.ee\/et\/?s={search_term_string}"},"query-input":{"@type":"PropertyValueSpecification","valueRequired":true,"valueName":"search_term_string"}}],"inLanguage":"et"},{"@type":"Organization","@id":"https:\/\/cleverkids.ee\/et\/#organization","name":"CLEVER KIDS","url":"https:\/\/cleverkids.ee\/et\/","logo":{"@type":"ImageObject","inLanguage":"et","@id":"https:\/\/cleverkids.ee\/et\/#\/schema\/logo\/image\/","url":"https:\/\/cleverkids.ee\/wp-content\/uploads\/2024\/02\/image0-1024x1024.png","contentUrl":"https:\/\/cleverkids.ee\/wp-content\/uploads\/2024\/02\/image0-1024x1024.png","width":1024,"height":1024,"caption":"CLEVER KIDS"},"image":{"@id":"https:\/\/cleverkids.ee\/et\/#\/schema\/logo\/image\/"},"sameAs":["https:\/\/www.facebook.com\/cleverkids.ee\/","https:\/\/www.instagram.com\/cleverkids_ee\/"]}]}},"_links":{"self":[{"href":"https:\/\/cleverkids.ee\/et\/wp-json\/wp\/v2\/product\/75084","targetHints":{"allow":["GET"]}}],"collection":[{"href":"https:\/\/cleverkids.ee\/et\/wp-json\/wp\/v2\/product"}],"about":[{"href":"https:\/\/cleverkids.ee\/et\/wp-json\/wp\/v2\/types\/product"}],"wp:featuredmedia":[{"embeddable":true,"href":"https:\/\/cleverkids.ee\/et\/wp-json\/wp\/v2\/media\/75079"}],"wp:attachment":[{"href":"https:\/\/cleverkids.ee\/et\/wp-json\/wp\/v2\/media?parent=75084"}],"wp:term":[{"taxonomy":"product_brand","embeddable":true,"href":"https:\/\/cleverkids.ee\/et\/wp-json\/wp\/v2\/product_brand?post=75084"},{"taxonomy":"product_cat","embeddable":true,"href":"https:\/\/cleverkids.ee\/et\/wp-json\/wp\/v2\/product_cat?post=75084"},{"taxonomy":"product_tag","embeddable":true,"href":"https:\/\/cleverkids.ee\/et\/wp-json\/wp\/v2\/product_tag?post=75084"}],"curies":[{"name":"wp","href":"https:\/\/api.w.org\/{rel}","templated":true}]}}