{"id":75099,"date":"2025-03-28T15:40:30","date_gmt":"2025-03-28T13:40:30","guid":{"rendered":"https:\/\/cleverkids.ee\/\u041f\u0440\u043e\u0434\u0443\u043a\u0442\/nastolnaya-igra-lesnoj-bazar-5\/"},"modified":"2025-03-29T11:48:48","modified_gmt":"2025-03-29T09:48:48","slug":"lauamang-metsalaat-5","status":"publish","type":"product","link":"https:\/\/cleverkids.ee\/et\/product\/lauamang-metsalaat-5\/","title":{"rendered":"Lauam\u00e4ng \u201eMetsalaat\u201c, 5+ vene keeles"},"content":{"rendered":"<div class=\"flex max-w-full flex-col flex-grow\">\n<div class=\"min-h-8 text-message relative flex w-full flex-col items-end gap-2 whitespace-normal break-words text-start [.text-message+&amp;]:mt-5\" dir=\"auto\" data-message-author-role=\"assistant\" data-message-id=\"fff49a97-58cc-4c9f-b307-1e03d4305aea\" data-message-model-slug=\"gpt-4o\">\n<div class=\"flex w-full flex-col gap-1 empty:hidden first:pt-[3px]\">\n<div class=\"markdown prose w-full break-words dark:prose-invert light\">\n<p class=\"\" data-start=\"37\" data-end=\"160\">Tere tulemast p\u00f5nevasse ja harivasse m\u00e4ngu, kus noored m\u00e4ngijad saavad end proovile panna t\u00f5eliste <strong data-start=\"136\" data-end=\"157\">metsakaupmeestena<\/strong>!<\/p>\n<p class=\"\" data-start=\"162\" data-end=\"317\">Osta kaupu, <strong data-start=\"174\" data-end=\"199\">m\u00fc\u00fc need laadaplatsil<\/strong> ja teeni <strong data-start=\"209\" data-end=\"226\">loomarublasid<\/strong>!<br data-start=\"227\" data-end=\"230\" \/>Laota m\u00e4nguv\u00e4li laiali, viska t\u00e4ringut ja kasvata oma pangaarvet \u2013 nii j\u00f5uad v\u00f5idule!<\/p>\n<h3 class=\"\" data-start=\"319\" data-end=\"342\"><strong data-start=\"323\" data-end=\"340\">M\u00e4ng arendab:<\/strong><\/h3>\n<p class=\"\" data-start=\"343\" data-end=\"402\">\u2705 Arvutamisoskust<br data-start=\"360\" data-end=\"363\" \/>\u2705 Rahatarkust<br data-start=\"376\" data-end=\"379\" \/>\u2705 Loogilist m\u00f5tlemist<\/p>\n<h3 class=\"\" data-start=\"404\" data-end=\"425\"><strong data-start=\"408\" data-end=\"423\">Komplektis:<\/strong><\/h3>\n<ul data-start=\"426\" data-end=\"521\" data-is-last-node=\"\" data-is-only-node=\"\">\n<li class=\"\" data-start=\"426\" data-end=\"450\">\n<p class=\"\" data-start=\"428\" data-end=\"450\">60 m\u00e4nguraha kup\u00fc\u00fcri<\/p>\n<\/li>\n<li class=\"\" data-start=\"451\" data-end=\"464\">\n<p class=\"\" data-start=\"453\" data-end=\"464\">38 kaarti<\/p>\n<\/li>\n<li class=\"\" data-start=\"465\" data-end=\"481\">\n<p class=\"\" data-start=\"467\" data-end=\"481\">4 m\u00e4ngunuppu<\/p>\n<\/li>\n<li class=\"\" data-start=\"482\" data-end=\"495\">\n<p class=\"\" data-start=\"484\" data-end=\"495\">m\u00e4nguv\u00e4li<\/p>\n<\/li>\n<li class=\"\" data-start=\"496\" data-end=\"506\">\n<p class=\"\" data-start=\"498\" data-end=\"506\">t\u00e4ring<\/p>\n<\/li>\n<li class=\"\" data-start=\"507\" data-end=\"521\">\n<p class=\"\" data-start=\"509\" data-end=\"521\">m\u00e4ngureeglid<\/p>\n<\/li>\n<\/ul>\n<\/div>\n<\/div>\n<\/div>\n<\/div>\n<div class=\"mb-2 flex gap-3 -ml-2\">\n<div class=\"flex items-center justify-start rounded-xl p-1\">\n<div>\n<div class=\"flex items-center\"><button class=\"rounded-lg text-token-text-secondary hover:bg-token-main-surface-secondary\" aria-label=\"Copy\" data-testid=\"copy-turn-action-button\"><\/button><button class=\"rounded-lg text-token-text-secondary hover:bg-token-main-surface-secondary\" aria-label=\"Read aloud\" data-testid=\"voice-play-turn-action-button\"><\/button><button class=\"rounded-lg text-token-text-secondary hover:bg-token-main-surface-secondary\" aria-label=\"Edit in canvas\"><\/button><\/p>\n<div class=\"flex items-center pb-0\"><\/div>\n<\/div>\n<\/div>\n<\/div>\n<\/div>\n","protected":false},"excerpt":{"rendered":"<p>Tere tulemast p\u00f5nevasse ja harivasse m\u00e4ngu, kus noored m\u00e4ngijad saavad end proovile panna t\u00f5eliste metsakaupmeestena! Osta kaupu, m\u00fc\u00fc need laadaplatsil ja teeni loomarublasid!Laota m\u00e4nguv\u00e4li laiali, viska t\u00e4ringut ja kasvata oma pangaarvet \u2013 nii j\u00f5uad v\u00f5idule! M\u00e4ng arendab: \u2705 Arvutamisoskust\u2705 Rahatarkust\u2705 Loogilist m\u00f5tlemist Komplektis: 60 m\u00e4nguraha kup\u00fc\u00fcri 38 kaarti 4 m\u00e4ngunuppu m\u00e4nguv\u00e4li t\u00e4ring m\u00e4ngureeglid<\/p>\n","protected":false},"featured_media":75098,"template":"","meta":{"_monsterinsights_skip_tracking":false,"_monsterinsights_sitenote_active":false,"_monsterinsights_sitenote_note":"","_monsterinsights_sitenote_category":0},"product_brand":[],"product_cat":[55,58],"product_tag":[],"class_list":{"0":"post-75099","1":"product","2":"type-product","3":"status-publish","4":"has-post-thumbnail","6":"product_cat-lauamangud","7":"product_cat-unkategorized","8":"pa_vozrast-ot-5-let-et","10":"first","11":"instock","12":"shipping-taxable","13":"purchasable","14":"product-type-simple"},"yoast_head":"<!-- This site is optimized with the Yoast SEO plugin v25.0 - https:\/\/yoast.com\/wordpress\/plugins\/seo\/ -->\n<title>Lauam\u00e4ng \u201eMetsalaat\u201c, 5+ vene keeles -<\/title>\n<meta name=\"description\" content=\"Lauam\u00e4ng \u201eMetsalaat\u201c, 5+ vene keeles - CLEVER KIDS\" \/>\n<meta name=\"robots\" content=\"index, follow, max-snippet:-1, max-image-preview:large, max-video-preview:-1\" \/>\n<link rel=\"canonical\" href=\"https:\/\/cleverkids.ee\/et\/product\/lauamang-metsalaat-5\/\" \/>\n<meta property=\"og:locale\" content=\"et_EE\" \/>\n<meta property=\"og:type\" content=\"article\" \/>\n<meta property=\"og:title\" content=\"Lauam\u00e4ng \u201eMetsalaat\u201c, 5+ vene keeles -\" \/>\n<meta property=\"og:description\" content=\"Lauam\u00e4ng \u201eMetsalaat\u201c, 5+ vene keeles - CLEVER KIDS\" \/>\n<meta property=\"og:url\" content=\"https:\/\/cleverkids.ee\/et\/product\/lauamang-metsalaat-5\/\" \/>\n<meta property=\"og:site_name\" content=\"CLEVER KIDS\" \/>\n<meta property=\"article:publisher\" content=\"https:\/\/www.facebook.com\/cleverkids.ee\/\" \/>\n<meta property=\"article:modified_time\" content=\"2025-03-29T09:48:48+00:00\" \/>\n<meta property=\"og:image\" content=\"https:\/\/cleverkids.ee\/wp-content\/uploads\/2025\/03\/1600-55-3.jpg\" \/>\n\t<meta property=\"og:image:width\" content=\"1600\" \/>\n\t<meta property=\"og:image:height\" content=\"1600\" \/>\n\t<meta property=\"og:image:type\" content=\"image\/jpeg\" \/>\n<meta name=\"twitter:card\" content=\"summary_large_image\" \/>\n<meta name=\"twitter:label1\" content=\"Est. reading time\" \/>\n\t<meta name=\"twitter:data1\" content=\"1 minut\" \/>\n<script type=\"application\/ld+json\" class=\"yoast-schema-graph\">{\"@context\":\"https:\/\/schema.org\",\"@graph\":[{\"@type\":\"WebPage\",\"@id\":\"https:\/\/cleverkids.ee\/et\/product\/lauamang-metsalaat-5\/\",\"url\":\"https:\/\/cleverkids.ee\/et\/product\/lauamang-metsalaat-5\/\",\"name\":\"Lauam\u00e4ng \u201eMetsalaat\u201c, 5+ vene keeles -\",\"isPartOf\":{\"@id\":\"https:\/\/cleverkids.ee\/et\/#website\"},\"primaryImageOfPage\":{\"@id\":\"https:\/\/cleverkids.ee\/et\/product\/lauamang-metsalaat-5\/#primaryimage\"},\"image\":{\"@id\":\"https:\/\/cleverkids.ee\/et\/product\/lauamang-metsalaat-5\/#primaryimage\"},\"thumbnailUrl\":\"https:\/\/cleverkids.ee\/wp-content\/uploads\/2025\/03\/1600-55-3.jpg\",\"datePublished\":\"2025-03-28T13:40:30+00:00\",\"dateModified\":\"2025-03-29T09:48:48+00:00\",\"description\":\"Lauam\u00e4ng \u201eMetsalaat\u201c, 5+ vene keeles - CLEVER KIDS\",\"breadcrumb\":{\"@id\":\"https:\/\/cleverkids.ee\/et\/product\/lauamang-metsalaat-5\/#breadcrumb\"},\"inLanguage\":\"et\",\"potentialAction\":[{\"@type\":\"ReadAction\",\"target\":[\"https:\/\/cleverkids.ee\/et\/product\/lauamang-metsalaat-5\/\"]}]},{\"@type\":\"ImageObject\",\"inLanguage\":\"et\",\"@id\":\"https:\/\/cleverkids.ee\/et\/product\/lauamang-metsalaat-5\/#primaryimage\",\"url\":\"https:\/\/cleverkids.ee\/wp-content\/uploads\/2025\/03\/1600-55-3.jpg\",\"contentUrl\":\"https:\/\/cleverkids.ee\/wp-content\/uploads\/2025\/03\/1600-55-3.jpg\",\"width\":1600,\"height\":1600,\"caption\":\"\u041d\u0430\u0441\u0442\u043e\u043b\u044c\u043d\u0430\u044f \u0438\u0433\u0440\u0430 \u00ab\u041b\u0435\u0441\u043d\u043e\u0439 \u0431\u0430\u0437\u0430\u0440\u00bb, 5+\"},{\"@type\":\"BreadcrumbList\",\"@id\":\"https:\/\/cleverkids.ee\/et\/product\/lauamang-metsalaat-5\/#breadcrumb\",\"itemListElement\":[{\"@type\":\"ListItem\",\"position\":1,\"name\":\"Esileht\",\"item\":\"https:\/\/cleverkids.ee\/et\/\"},{\"@type\":\"ListItem\",\"position\":2,\"name\":\"Tooted\",\"item\":\"https:\/\/cleverkids.ee\/store\/\"},{\"@type\":\"ListItem\",\"position\":3,\"name\":\"Lauam\u00e4ng \u201eMetsalaat\u201c, 5+ vene keeles\"}]},{\"@type\":\"WebSite\",\"@id\":\"https:\/\/cleverkids.ee\/et\/#website\",\"url\":\"https:\/\/cleverkids.ee\/et\/\",\"name\":\"CLEVER KIDS\",\"description\":\"\",\"publisher\":{\"@id\":\"https:\/\/cleverkids.ee\/et\/#organization\"},\"potentialAction\":[{\"@type\":\"SearchAction\",\"target\":{\"@type\":\"EntryPoint\",\"urlTemplate\":\"https:\/\/cleverkids.ee\/et\/?s={search_term_string}\"},\"query-input\":{\"@type\":\"PropertyValueSpecification\",\"valueRequired\":true,\"valueName\":\"search_term_string\"}}],\"inLanguage\":\"et\"},{\"@type\":\"Organization\",\"@id\":\"https:\/\/cleverkids.ee\/et\/#organization\",\"name\":\"CLEVER KIDS\",\"url\":\"https:\/\/cleverkids.ee\/et\/\",\"logo\":{\"@type\":\"ImageObject\",\"inLanguage\":\"et\",\"@id\":\"https:\/\/cleverkids.ee\/et\/#\/schema\/logo\/image\/\",\"url\":\"https:\/\/cleverkids.ee\/wp-content\/uploads\/2024\/02\/image0-1024x1024.png\",\"contentUrl\":\"https:\/\/cleverkids.ee\/wp-content\/uploads\/2024\/02\/image0-1024x1024.png\",\"width\":1024,\"height\":1024,\"caption\":\"CLEVER KIDS\"},\"image\":{\"@id\":\"https:\/\/cleverkids.ee\/et\/#\/schema\/logo\/image\/\"},\"sameAs\":[\"https:\/\/www.facebook.com\/cleverkids.ee\/\",\"https:\/\/www.instagram.com\/cleverkids_ee\/\"]}]}<\/script>\n<!-- \/ Yoast SEO plugin. -->","yoast_head_json":{"title":"Lauam\u00e4ng \u201eMetsalaat\u201c, 5+ vene keeles -","description":"Lauam\u00e4ng \u201eMetsalaat\u201c, 5+ vene keeles - CLEVER KIDS","robots":{"index":"index","follow":"follow","max-snippet":"max-snippet:-1","max-image-preview":"max-image-preview:large","max-video-preview":"max-video-preview:-1"},"canonical":"https:\/\/cleverkids.ee\/et\/product\/lauamang-metsalaat-5\/","og_locale":"et_EE","og_type":"article","og_title":"Lauam\u00e4ng \u201eMetsalaat\u201c, 5+ vene keeles -","og_description":"Lauam\u00e4ng \u201eMetsalaat\u201c, 5+ vene keeles - CLEVER KIDS","og_url":"https:\/\/cleverkids.ee\/et\/product\/lauamang-metsalaat-5\/","og_site_name":"CLEVER KIDS","article_publisher":"https:\/\/www.facebook.com\/cleverkids.ee\/","article_modified_time":"2025-03-29T09:48:48+00:00","og_image":[{"width":1600,"height":1600,"url":"https:\/\/cleverkids.ee\/wp-content\/uploads\/2025\/03\/1600-55-3.jpg","type":"image\/jpeg"}],"twitter_card":"summary_large_image","twitter_misc":{"Est. reading time":"1 minut"},"schema":{"@context":"https:\/\/schema.org","@graph":[{"@type":"WebPage","@id":"https:\/\/cleverkids.ee\/et\/product\/lauamang-metsalaat-5\/","url":"https:\/\/cleverkids.ee\/et\/product\/lauamang-metsalaat-5\/","name":"Lauam\u00e4ng \u201eMetsalaat\u201c, 5+ vene keeles -","isPartOf":{"@id":"https:\/\/cleverkids.ee\/et\/#website"},"primaryImageOfPage":{"@id":"https:\/\/cleverkids.ee\/et\/product\/lauamang-metsalaat-5\/#primaryimage"},"image":{"@id":"https:\/\/cleverkids.ee\/et\/product\/lauamang-metsalaat-5\/#primaryimage"},"thumbnailUrl":"https:\/\/cleverkids.ee\/wp-content\/uploads\/2025\/03\/1600-55-3.jpg","datePublished":"2025-03-28T13:40:30+00:00","dateModified":"2025-03-29T09:48:48+00:00","description":"Lauam\u00e4ng \u201eMetsalaat\u201c, 5+ vene keeles - CLEVER KIDS","breadcrumb":{"@id":"https:\/\/cleverkids.ee\/et\/product\/lauamang-metsalaat-5\/#breadcrumb"},"inLanguage":"et","potentialAction":[{"@type":"ReadAction","target":["https:\/\/cleverkids.ee\/et\/product\/lauamang-metsalaat-5\/"]}]},{"@type":"ImageObject","inLanguage":"et","@id":"https:\/\/cleverkids.ee\/et\/product\/lauamang-metsalaat-5\/#primaryimage","url":"https:\/\/cleverkids.ee\/wp-content\/uploads\/2025\/03\/1600-55-3.jpg","contentUrl":"https:\/\/cleverkids.ee\/wp-content\/uploads\/2025\/03\/1600-55-3.jpg","width":1600,"height":1600,"caption":"\u041d\u0430\u0441\u0442\u043e\u043b\u044c\u043d\u0430\u044f \u0438\u0433\u0440\u0430 \u00ab\u041b\u0435\u0441\u043d\u043e\u0439 \u0431\u0430\u0437\u0430\u0440\u00bb, 5+"},{"@type":"BreadcrumbList","@id":"https:\/\/cleverkids.ee\/et\/product\/lauamang-metsalaat-5\/#breadcrumb","itemListElement":[{"@type":"ListItem","position":1,"name":"Esileht","item":"https:\/\/cleverkids.ee\/et\/"},{"@type":"ListItem","position":2,"name":"Tooted","item":"https:\/\/cleverkids.ee\/store\/"},{"@type":"ListItem","position":3,"name":"Lauam\u00e4ng \u201eMetsalaat\u201c, 5+ vene keeles"}]},{"@type":"WebSite","@id":"https:\/\/cleverkids.ee\/et\/#website","url":"https:\/\/cleverkids.ee\/et\/","name":"CLEVER KIDS","description":"","publisher":{"@id":"https:\/\/cleverkids.ee\/et\/#organization"},"potentialAction":[{"@type":"SearchAction","target":{"@type":"EntryPoint","urlTemplate":"https:\/\/cleverkids.ee\/et\/?s={search_term_string}"},"query-input":{"@type":"PropertyValueSpecification","valueRequired":true,"valueName":"search_term_string"}}],"inLanguage":"et"},{"@type":"Organization","@id":"https:\/\/cleverkids.ee\/et\/#organization","name":"CLEVER KIDS","url":"https:\/\/cleverkids.ee\/et\/","logo":{"@type":"ImageObject","inLanguage":"et","@id":"https:\/\/cleverkids.ee\/et\/#\/schema\/logo\/image\/","url":"https:\/\/cleverkids.ee\/wp-content\/uploads\/2024\/02\/image0-1024x1024.png","contentUrl":"https:\/\/cleverkids.ee\/wp-content\/uploads\/2024\/02\/image0-1024x1024.png","width":1024,"height":1024,"caption":"CLEVER KIDS"},"image":{"@id":"https:\/\/cleverkids.ee\/et\/#\/schema\/logo\/image\/"},"sameAs":["https:\/\/www.facebook.com\/cleverkids.ee\/","https:\/\/www.instagram.com\/cleverkids_ee\/"]}]}},"_links":{"self":[{"href":"https:\/\/cleverkids.ee\/et\/wp-json\/wp\/v2\/product\/75099","targetHints":{"allow":["GET"]}}],"collection":[{"href":"https:\/\/cleverkids.ee\/et\/wp-json\/wp\/v2\/product"}],"about":[{"href":"https:\/\/cleverkids.ee\/et\/wp-json\/wp\/v2\/types\/product"}],"wp:featuredmedia":[{"embeddable":true,"href":"https:\/\/cleverkids.ee\/et\/wp-json\/wp\/v2\/media\/75098"}],"wp:attachment":[{"href":"https:\/\/cleverkids.ee\/et\/wp-json\/wp\/v2\/media?parent=75099"}],"wp:term":[{"taxonomy":"product_brand","embeddable":true,"href":"https:\/\/cleverkids.ee\/et\/wp-json\/wp\/v2\/product_brand?post=75099"},{"taxonomy":"product_cat","embeddable":true,"href":"https:\/\/cleverkids.ee\/et\/wp-json\/wp\/v2\/product_cat?post=75099"},{"taxonomy":"product_tag","embeddable":true,"href":"https:\/\/cleverkids.ee\/et\/wp-json\/wp\/v2\/product_tag?post=75099"}],"curies":[{"name":"wp","href":"https:\/\/api.w.org\/{rel}","templated":true}]}}