{"id":75126,"date":"2025-03-31T22:18:55","date_gmt":"2025-03-31T19:18:55","guid":{"rendered":"https:\/\/cleverkids.ee\/\u041f\u0440\u043e\u0434\u0443\u043a\u0442\/derevyannye-balansirovochnye-kamni-38sht\/"},"modified":"2025-03-31T22:24:08","modified_gmt":"2025-03-31T19:24:08","slug":"puidust-tasakaalukivid-38-tk-montessori-metoodikal","status":"publish","type":"product","link":"https:\/\/cleverkids.ee\/et\/product\/puidust-tasakaalukivid-38-tk-montessori-metoodikal\/","title":{"rendered":"Puidust tasakaalukivid, 38 tk, Montessori metoodikal"},"content":{"rendered":"<p class=\"\" data-start=\"84\" data-end=\"247\">See komplekt on loodud iseseisvaks m\u00e4nguks ja \u00f5ppimiseks vastavalt <strong data-start=\"151\" data-end=\"171\">Maria Montessori<\/strong> metoodikale, mis toetab lapse loomulikku arengut l\u00e4bi tegevuse ja kogemuse.<\/p>\n<hr class=\"\" data-start=\"249\" data-end=\"252\" \/>\n<h3 class=\"\" data-start=\"254\" data-end=\"282\"><strong data-start=\"258\" data-end=\"280\">Mis on m\u00e4ngu m\u00f5te?<\/strong><\/h3>\n<p class=\"\" data-start=\"283\" data-end=\"518\">Laps loob <strong data-start=\"293\" data-end=\"322\">tasakaalustatud p\u00fcramiidi<\/strong> ebakorrap\u00e4rastest, mitmetahulistest puidust \u201ekividest\u201c. M\u00e4ng \u00fchendab endas <strong data-start=\"398\" data-end=\"445\">klotside ja konstruktorite parimad omadused<\/strong>, pakkudes l\u00f5putult v\u00f5imalusi erinevate tornide ja kujundite ehitamiseks.<\/p>\n<hr class=\"\" data-start=\"520\" data-end=\"523\" \/>\n<h3 class=\"\" data-start=\"525\" data-end=\"555\"><strong data-start=\"529\" data-end=\"553\">Arendab lapse puhul:<\/strong><\/h3>\n<p class=\"\" data-start=\"556\" data-end=\"696\">\u2705 kannatlikkust ja keskendumisv\u00f5imet<br data-start=\"592\" data-end=\"595\" \/>\u2705 k\u00e4elist osavust ja motoorikat<br data-start=\"626\" data-end=\"629\" \/>\u2705 silma-k\u00e4e koordinatsiooni<br data-start=\"656\" data-end=\"659\" \/>\u2705 loogilist ja loomingulist m\u00f5tlemist<\/p>\n<hr class=\"\" data-start=\"698\" data-end=\"701\" \/>\n<h3 class=\"\" data-start=\"703\" data-end=\"728\"><strong data-start=\"707\" data-end=\"726\">Kuidas m\u00e4ngida?<\/strong><\/h3>\n<ul data-start=\"729\" data-end=\"968\">\n<li class=\"\" data-start=\"729\" data-end=\"810\">\n<p class=\"\" data-start=\"731\" data-end=\"810\">M\u00e4ngige \u00fcksi v\u00f5i koos \u2013 asetage kordam\u00f6\u00f6da \u201ekive\u201c, p\u00fc\u00fcdes tasakaalu s\u00e4ilitada<\/p>\n<\/li>\n<li class=\"\" data-start=\"811\" data-end=\"847\">\n<p class=\"\" data-start=\"813\" data-end=\"847\">Sorteerige \u201ekivid\u201c v\u00e4rvide j\u00e4rgi<\/p>\n<\/li>\n<li class=\"\" data-start=\"848\" data-end=\"899\">\n<p class=\"\" data-start=\"850\" data-end=\"899\">Kasutage neid loendamis- ja \u00f5ppematerjalina<\/p>\n<\/li>\n<li class=\"\" data-start=\"900\" data-end=\"968\">\n<p class=\"\" data-start=\"902\" data-end=\"968\">Looge oma m\u00e4ngureeglid, andke \u00fclesandeid ja suhelge m\u00e4ngu k\u00e4igus<\/p>\n<\/li>\n<\/ul>\n<hr class=\"\" data-start=\"970\" data-end=\"973\" \/>\n<h3 class=\"\" data-start=\"975\" data-end=\"1002\"><strong data-start=\"979\" data-end=\"1000\">Komplekti kuulub:<\/strong><\/h3>\n<p class=\"\" data-start=\"1003\" data-end=\"1154\">38 k\u00e4sitsi valmistatud puidust \u201ekivi\u201c erinevates toonides<br data-start=\"1063\" data-end=\"1066\" \/>\u2013 siledad, meeldiva tekstuuriga, \u00fcmarate servadega ja soojad erinevalt p\u00e4riskividest<\/p>\n<p class=\"\" data-start=\"1156\" data-end=\"1266\">M\u00e4ng sobib suurep\u00e4raselt eelkooliealistele lastele koduseks arendamiseks ja \u00fchisteks m\u00e4nguhetkedeks perega.<\/p>\n","protected":false},"excerpt":{"rendered":"<p>See komplekt on loodud iseseisvaks m\u00e4nguks ja \u00f5ppimiseks vastavalt Maria Montessori metoodikale, mis toetab lapse loomulikku arengut l\u00e4bi tegevuse ja kogemuse. Mis on m\u00e4ngu m\u00f5te? Laps loob tasakaalustatud p\u00fcramiidi ebakorrap\u00e4rastest, mitmetahulistest puidust \u201ekividest\u201c. M\u00e4ng \u00fchendab endas klotside ja konstruktorite parimad omadused, pakkudes l\u00f5putult v\u00f5imalusi erinevate tornide ja kujundite ehitamiseks. Arendab lapse puhul: \u2705 kannatlikkust ja [&hellip;]<\/p>\n","protected":false},"featured_media":74997,"template":"","meta":{"_monsterinsights_skip_tracking":false,"_monsterinsights_sitenote_active":false,"_monsterinsights_sitenote_note":"","_monsterinsights_sitenote_category":0},"product_brand":[],"product_cat":[49,58],"product_tag":[],"class_list":{"0":"post-75126","1":"product","2":"type-product","3":"status-publish","4":"has-post-thumbnail","6":"product_cat-puidust-arendavad-manguasjad","7":"product_cat-unkategorized","8":"pa_vozrast-ot-polutora-do-treh-let-et","9":"pa_vozrast-ot-3-do-5-let-et","11":"first","12":"instock","13":"shipping-taxable","14":"purchasable","15":"product-type-simple"},"yoast_head":"<!-- This site is optimized with the Yoast SEO plugin v25.0 - https:\/\/yoast.com\/wordpress\/plugins\/seo\/ -->\n<title>Puidust tasakaalukivid, 38 tk, Montessori metoodikal -<\/title>\n<meta name=\"description\" content=\"Puidust tasakaalukivid, 38 tk, Montessori metoodikal - CLEVER KIDS\" \/>\n<meta name=\"robots\" content=\"index, follow, max-snippet:-1, max-image-preview:large, max-video-preview:-1\" \/>\n<link rel=\"canonical\" href=\"https:\/\/cleverkids.ee\/et\/product\/puidust-tasakaalukivid-38-tk-montessori-metoodikal\/\" \/>\n<meta property=\"og:locale\" content=\"et_EE\" \/>\n<meta property=\"og:type\" content=\"article\" \/>\n<meta property=\"og:title\" content=\"Puidust tasakaalukivid, 38 tk, Montessori metoodikal -\" \/>\n<meta property=\"og:description\" content=\"Puidust tasakaalukivid, 38 tk, Montessori metoodikal - CLEVER KIDS\" \/>\n<meta property=\"og:url\" content=\"https:\/\/cleverkids.ee\/et\/product\/puidust-tasakaalukivid-38-tk-montessori-metoodikal\/\" \/>\n<meta property=\"og:site_name\" content=\"CLEVER KIDS\" \/>\n<meta property=\"article:publisher\" content=\"https:\/\/www.facebook.com\/cleverkids.ee\/\" \/>\n<meta property=\"article:modified_time\" content=\"2025-03-31T19:24:08+00:00\" \/>\n<meta property=\"og:image\" content=\"https:\/\/cleverkids.ee\/wp-content\/uploads\/2025\/02\/Hb5347254e2034132a4f4029351a66ae1Q.jpg.webp\" \/>\n\t<meta property=\"og:image:width\" content=\"800\" \/>\n\t<meta property=\"og:image:height\" content=\"800\" \/>\n\t<meta property=\"og:image:type\" content=\"image\/webp\" \/>\n<meta name=\"twitter:card\" content=\"summary_large_image\" \/>\n<meta name=\"twitter:label1\" content=\"Est. reading time\" \/>\n\t<meta name=\"twitter:data1\" content=\"1 minut\" \/>\n<script type=\"application\/ld+json\" class=\"yoast-schema-graph\">{\"@context\":\"https:\/\/schema.org\",\"@graph\":[{\"@type\":\"WebPage\",\"@id\":\"https:\/\/cleverkids.ee\/et\/product\/puidust-tasakaalukivid-38-tk-montessori-metoodikal\/\",\"url\":\"https:\/\/cleverkids.ee\/et\/product\/puidust-tasakaalukivid-38-tk-montessori-metoodikal\/\",\"name\":\"Puidust tasakaalukivid, 38 tk, Montessori metoodikal -\",\"isPartOf\":{\"@id\":\"https:\/\/cleverkids.ee\/et\/#website\"},\"primaryImageOfPage\":{\"@id\":\"https:\/\/cleverkids.ee\/et\/product\/puidust-tasakaalukivid-38-tk-montessori-metoodikal\/#primaryimage\"},\"image\":{\"@id\":\"https:\/\/cleverkids.ee\/et\/product\/puidust-tasakaalukivid-38-tk-montessori-metoodikal\/#primaryimage\"},\"thumbnailUrl\":\"https:\/\/cleverkids.ee\/wp-content\/uploads\/2025\/02\/Hb5347254e2034132a4f4029351a66ae1Q.jpg.webp\",\"datePublished\":\"2025-03-31T19:18:55+00:00\",\"dateModified\":\"2025-03-31T19:24:08+00:00\",\"description\":\"Puidust tasakaalukivid, 38 tk, Montessori metoodikal - CLEVER KIDS\",\"breadcrumb\":{\"@id\":\"https:\/\/cleverkids.ee\/et\/product\/puidust-tasakaalukivid-38-tk-montessori-metoodikal\/#breadcrumb\"},\"inLanguage\":\"et\",\"potentialAction\":[{\"@type\":\"ReadAction\",\"target\":[\"https:\/\/cleverkids.ee\/et\/product\/puidust-tasakaalukivid-38-tk-montessori-metoodikal\/\"]}]},{\"@type\":\"ImageObject\",\"inLanguage\":\"et\",\"@id\":\"https:\/\/cleverkids.ee\/et\/product\/puidust-tasakaalukivid-38-tk-montessori-metoodikal\/#primaryimage\",\"url\":\"https:\/\/cleverkids.ee\/wp-content\/uploads\/2025\/02\/Hb5347254e2034132a4f4029351a66ae1Q.jpg.webp\",\"contentUrl\":\"https:\/\/cleverkids.ee\/wp-content\/uploads\/2025\/02\/Hb5347254e2034132a4f4029351a66ae1Q.jpg.webp\",\"width\":800,\"height\":800,\"caption\":\"\u0414\u0435\u0440\u0435\u0432\u044f\u043d\u043d\u044b\u0435 \u0431\u0430\u043b\u0430\u043d\u0441\u0438\u0440\u043e\u0432\u043e\u0447\u043d\u044b\u0435 \u043a\u0430\u043c\u043d\u0438, 38\u0448\u0442.\"},{\"@type\":\"BreadcrumbList\",\"@id\":\"https:\/\/cleverkids.ee\/et\/product\/puidust-tasakaalukivid-38-tk-montessori-metoodikal\/#breadcrumb\",\"itemListElement\":[{\"@type\":\"ListItem\",\"position\":1,\"name\":\"Esileht\",\"item\":\"https:\/\/cleverkids.ee\/et\/\"},{\"@type\":\"ListItem\",\"position\":2,\"name\":\"Tooted\",\"item\":\"https:\/\/cleverkids.ee\/store\/\"},{\"@type\":\"ListItem\",\"position\":3,\"name\":\"Puidust tasakaalukivid, 38 tk, Montessori metoodikal\"}]},{\"@type\":\"WebSite\",\"@id\":\"https:\/\/cleverkids.ee\/et\/#website\",\"url\":\"https:\/\/cleverkids.ee\/et\/\",\"name\":\"CLEVER KIDS\",\"description\":\"\",\"publisher\":{\"@id\":\"https:\/\/cleverkids.ee\/et\/#organization\"},\"potentialAction\":[{\"@type\":\"SearchAction\",\"target\":{\"@type\":\"EntryPoint\",\"urlTemplate\":\"https:\/\/cleverkids.ee\/et\/?s={search_term_string}\"},\"query-input\":{\"@type\":\"PropertyValueSpecification\",\"valueRequired\":true,\"valueName\":\"search_term_string\"}}],\"inLanguage\":\"et\"},{\"@type\":\"Organization\",\"@id\":\"https:\/\/cleverkids.ee\/et\/#organization\",\"name\":\"CLEVER KIDS\",\"url\":\"https:\/\/cleverkids.ee\/et\/\",\"logo\":{\"@type\":\"ImageObject\",\"inLanguage\":\"et\",\"@id\":\"https:\/\/cleverkids.ee\/et\/#\/schema\/logo\/image\/\",\"url\":\"https:\/\/cleverkids.ee\/wp-content\/uploads\/2024\/02\/image0-1024x1024.png\",\"contentUrl\":\"https:\/\/cleverkids.ee\/wp-content\/uploads\/2024\/02\/image0-1024x1024.png\",\"width\":1024,\"height\":1024,\"caption\":\"CLEVER KIDS\"},\"image\":{\"@id\":\"https:\/\/cleverkids.ee\/et\/#\/schema\/logo\/image\/\"},\"sameAs\":[\"https:\/\/www.facebook.com\/cleverkids.ee\/\",\"https:\/\/www.instagram.com\/cleverkids_ee\/\"]}]}<\/script>\n<!-- \/ Yoast SEO plugin. -->","yoast_head_json":{"title":"Puidust tasakaalukivid, 38 tk, Montessori metoodikal -","description":"Puidust tasakaalukivid, 38 tk, Montessori metoodikal - CLEVER KIDS","robots":{"index":"index","follow":"follow","max-snippet":"max-snippet:-1","max-image-preview":"max-image-preview:large","max-video-preview":"max-video-preview:-1"},"canonical":"https:\/\/cleverkids.ee\/et\/product\/puidust-tasakaalukivid-38-tk-montessori-metoodikal\/","og_locale":"et_EE","og_type":"article","og_title":"Puidust tasakaalukivid, 38 tk, Montessori metoodikal -","og_description":"Puidust tasakaalukivid, 38 tk, Montessori metoodikal - CLEVER KIDS","og_url":"https:\/\/cleverkids.ee\/et\/product\/puidust-tasakaalukivid-38-tk-montessori-metoodikal\/","og_site_name":"CLEVER KIDS","article_publisher":"https:\/\/www.facebook.com\/cleverkids.ee\/","article_modified_time":"2025-03-31T19:24:08+00:00","og_image":[{"width":800,"height":800,"url":"https:\/\/cleverkids.ee\/wp-content\/uploads\/2025\/02\/Hb5347254e2034132a4f4029351a66ae1Q.jpg.webp","type":"image\/webp"}],"twitter_card":"summary_large_image","twitter_misc":{"Est. reading time":"1 minut"},"schema":{"@context":"https:\/\/schema.org","@graph":[{"@type":"WebPage","@id":"https:\/\/cleverkids.ee\/et\/product\/puidust-tasakaalukivid-38-tk-montessori-metoodikal\/","url":"https:\/\/cleverkids.ee\/et\/product\/puidust-tasakaalukivid-38-tk-montessori-metoodikal\/","name":"Puidust tasakaalukivid, 38 tk, Montessori metoodikal -","isPartOf":{"@id":"https:\/\/cleverkids.ee\/et\/#website"},"primaryImageOfPage":{"@id":"https:\/\/cleverkids.ee\/et\/product\/puidust-tasakaalukivid-38-tk-montessori-metoodikal\/#primaryimage"},"image":{"@id":"https:\/\/cleverkids.ee\/et\/product\/puidust-tasakaalukivid-38-tk-montessori-metoodikal\/#primaryimage"},"thumbnailUrl":"https:\/\/cleverkids.ee\/wp-content\/uploads\/2025\/02\/Hb5347254e2034132a4f4029351a66ae1Q.jpg.webp","datePublished":"2025-03-31T19:18:55+00:00","dateModified":"2025-03-31T19:24:08+00:00","description":"Puidust tasakaalukivid, 38 tk, Montessori metoodikal - CLEVER KIDS","breadcrumb":{"@id":"https:\/\/cleverkids.ee\/et\/product\/puidust-tasakaalukivid-38-tk-montessori-metoodikal\/#breadcrumb"},"inLanguage":"et","potentialAction":[{"@type":"ReadAction","target":["https:\/\/cleverkids.ee\/et\/product\/puidust-tasakaalukivid-38-tk-montessori-metoodikal\/"]}]},{"@type":"ImageObject","inLanguage":"et","@id":"https:\/\/cleverkids.ee\/et\/product\/puidust-tasakaalukivid-38-tk-montessori-metoodikal\/#primaryimage","url":"https:\/\/cleverkids.ee\/wp-content\/uploads\/2025\/02\/Hb5347254e2034132a4f4029351a66ae1Q.jpg.webp","contentUrl":"https:\/\/cleverkids.ee\/wp-content\/uploads\/2025\/02\/Hb5347254e2034132a4f4029351a66ae1Q.jpg.webp","width":800,"height":800,"caption":"\u0414\u0435\u0440\u0435\u0432\u044f\u043d\u043d\u044b\u0435 \u0431\u0430\u043b\u0430\u043d\u0441\u0438\u0440\u043e\u0432\u043e\u0447\u043d\u044b\u0435 \u043a\u0430\u043c\u043d\u0438, 38\u0448\u0442."},{"@type":"BreadcrumbList","@id":"https:\/\/cleverkids.ee\/et\/product\/puidust-tasakaalukivid-38-tk-montessori-metoodikal\/#breadcrumb","itemListElement":[{"@type":"ListItem","position":1,"name":"Esileht","item":"https:\/\/cleverkids.ee\/et\/"},{"@type":"ListItem","position":2,"name":"Tooted","item":"https:\/\/cleverkids.ee\/store\/"},{"@type":"ListItem","position":3,"name":"Puidust tasakaalukivid, 38 tk, Montessori metoodikal"}]},{"@type":"WebSite","@id":"https:\/\/cleverkids.ee\/et\/#website","url":"https:\/\/cleverkids.ee\/et\/","name":"CLEVER KIDS","description":"","publisher":{"@id":"https:\/\/cleverkids.ee\/et\/#organization"},"potentialAction":[{"@type":"SearchAction","target":{"@type":"EntryPoint","urlTemplate":"https:\/\/cleverkids.ee\/et\/?s={search_term_string}"},"query-input":{"@type":"PropertyValueSpecification","valueRequired":true,"valueName":"search_term_string"}}],"inLanguage":"et"},{"@type":"Organization","@id":"https:\/\/cleverkids.ee\/et\/#organization","name":"CLEVER KIDS","url":"https:\/\/cleverkids.ee\/et\/","logo":{"@type":"ImageObject","inLanguage":"et","@id":"https:\/\/cleverkids.ee\/et\/#\/schema\/logo\/image\/","url":"https:\/\/cleverkids.ee\/wp-content\/uploads\/2024\/02\/image0-1024x1024.png","contentUrl":"https:\/\/cleverkids.ee\/wp-content\/uploads\/2024\/02\/image0-1024x1024.png","width":1024,"height":1024,"caption":"CLEVER KIDS"},"image":{"@id":"https:\/\/cleverkids.ee\/et\/#\/schema\/logo\/image\/"},"sameAs":["https:\/\/www.facebook.com\/cleverkids.ee\/","https:\/\/www.instagram.com\/cleverkids_ee\/"]}]}},"_links":{"self":[{"href":"https:\/\/cleverkids.ee\/et\/wp-json\/wp\/v2\/product\/75126","targetHints":{"allow":["GET"]}}],"collection":[{"href":"https:\/\/cleverkids.ee\/et\/wp-json\/wp\/v2\/product"}],"about":[{"href":"https:\/\/cleverkids.ee\/et\/wp-json\/wp\/v2\/types\/product"}],"wp:featuredmedia":[{"embeddable":true,"href":"https:\/\/cleverkids.ee\/et\/wp-json\/wp\/v2\/media\/74997"}],"wp:attachment":[{"href":"https:\/\/cleverkids.ee\/et\/wp-json\/wp\/v2\/media?parent=75126"}],"wp:term":[{"taxonomy":"product_brand","embeddable":true,"href":"https:\/\/cleverkids.ee\/et\/wp-json\/wp\/v2\/product_brand?post=75126"},{"taxonomy":"product_cat","embeddable":true,"href":"https:\/\/cleverkids.ee\/et\/wp-json\/wp\/v2\/product_cat?post=75126"},{"taxonomy":"product_tag","embeddable":true,"href":"https:\/\/cleverkids.ee\/et\/wp-json\/wp\/v2\/product_tag?post=75126"}],"curies":[{"name":"wp","href":"https:\/\/api.w.org\/{rel}","templated":true}]}}