{"id":75130,"date":"2025-03-31T23:08:10","date_gmt":"2025-03-31T20:08:10","guid":{"rendered":"https:\/\/cleverkids.ee\/\u041f\u0440\u043e\u0434\u0443\u043a\u0442\/igra-na-razvitie-prostranstvennogo-myshleniya-i-rechi\/"},"modified":"2025-03-31T23:11:57","modified_gmt":"2025-03-31T20:11:57","slug":"mang-ruumilise-motlemise-ja-kone-arendamiseks","status":"publish","type":"product","link":"https:\/\/cleverkids.ee\/et\/product\/mang-ruumilise-motlemise-ja-kone-arendamiseks\/","title":{"rendered":"M\u00e4ng ruumilise m\u00f5tlemise ja k\u00f5ne arendamiseks"},"content":{"rendered":"<h3 class=\"\" data-start=\"192\" data-end=\"220\"><strong data-start=\"196\" data-end=\"218\">Mis on komplektis?<\/strong><\/h3>\n<p class=\"\" data-start=\"221\" data-end=\"390\">\ud83c\udccf 20 v\u00e4rvikat kaarti erinevate stseenidega (tagak\u00fcljel \u00f5iged vastused)<br data-start=\"292\" data-end=\"295\" \/>\ud83d\udfeb 1 puidust m\u00e4ngulaud<br data-start=\"317\" data-end=\"320\" \/>\ud83e\udd8a 5 m\u00e4ngunuppu loomadega (samad tegelased, mis kaartidel)<br data-start=\"378\" data-end=\"381\" \/>\ud83d\udcd8 Juhend<\/p>\n<hr class=\"\" data-start=\"392\" data-end=\"395\" \/>\n<h3 class=\"\" data-start=\"397\" data-end=\"420\"><strong data-start=\"401\" data-end=\"420\">Kuidas m\u00e4ngida?<\/strong><\/h3>\n<p class=\"\" data-start=\"422\" data-end=\"536\">1\ufe0f\u20e3 Laps valib \u00fche kaardi ja vaatab selle hoolikalt l\u00e4bi.<br data-start=\"479\" data-end=\"482\" \/>2\ufe0f\u20e3 T\u00e4iskasvanu esitab k\u00fcsimused loomade kohta (nt):<\/p>\n<ul data-start=\"537\" data-end=\"626\">\n<li class=\"\" data-start=\"537\" data-end=\"553\">\n<p class=\"\" data-start=\"539\" data-end=\"553\">Kus on tigu?<\/p>\n<\/li>\n<li class=\"\" data-start=\"554\" data-end=\"574\">\n<p class=\"\" data-start=\"556\" data-end=\"574\">Kus on mesilane?<\/p>\n<\/li>\n<li class=\"\" data-start=\"575\" data-end=\"591\">\n<p class=\"\" data-start=\"577\" data-end=\"591\">Kus on siil?<\/p>\n<\/li>\n<li class=\"\" data-start=\"592\" data-end=\"609\">\n<p class=\"\" data-start=\"594\" data-end=\"609\">Kus on j\u00e4nes?<\/p>\n<\/li>\n<li class=\"\" data-start=\"610\" data-end=\"626\">\n<p class=\"\" data-start=\"612\" data-end=\"626\">Kus on hirv?<\/p>\n<\/li>\n<\/ul>\n<p class=\"\" data-start=\"628\" data-end=\"786\">3\ufe0f\u20e3 Laps otsib loomad \u00fcles ja m\u00e4\u00e4rab nende <strong data-start=\"671\" data-end=\"704\">asukoha teiste esemete suhtes<\/strong> pildil. Seej\u00e4rel asetab vastavad m\u00e4ngunupud m\u00e4ngulauale vastavalt oma arvamusele.<\/p>\n<p class=\"\" data-start=\"788\" data-end=\"882\">4\ufe0f\u20e3 Kui k\u00f5ik loomad on paigutatud, saab laps <strong data-start=\"833\" data-end=\"881\">kaart \u00fcmber p\u00f6\u00f6rata ja vastuseid kontrollida<\/strong>.<\/p>\n<hr class=\"\" data-start=\"884\" data-end=\"887\" \/>\n<h3 class=\"\" data-start=\"889\" data-end=\"912\"><strong data-start=\"893\" data-end=\"910\">M\u00e4ng arendab:<\/strong><\/h3>\n<p class=\"\" data-start=\"913\" data-end=\"1058\">\u2705 ruumilist m\u00f5tlemist<br data-start=\"934\" data-end=\"937\" \/>\u2705 loogikat ja t\u00e4helepanu<br data-start=\"961\" data-end=\"964\" \/>\u2705 s\u00f5navara ja k\u00f5neoskust<br data-start=\"988\" data-end=\"991\" \/>\u2705 oskust kasutada ruumilisi eess\u00f5nu: <strong data-start=\"1028\" data-end=\"1058\">peal, all, ees, taga, sees<\/strong><\/p>\n<p class=\"\" data-start=\"1060\" data-end=\"1173\">\ud83c\udf93 Sobib suurep\u00e4raselt kasutamiseks kodus, lasteaias v\u00f5i logopeedilises t\u00f6\u00f6s.<br data-start=\"1137\" data-end=\"1140\" \/><strong data-start=\"1140\" data-end=\"1161\">Soovitatav vanus:<\/strong> 4\u20136 aastat.<\/p>\n","protected":false},"excerpt":{"rendered":"<p>Mis on komplektis? \ud83c\udccf 20 v\u00e4rvikat kaarti erinevate stseenidega (tagak\u00fcljel \u00f5iged vastused)\ud83d\udfeb 1 puidust m\u00e4ngulaud\ud83e\udd8a 5 m\u00e4ngunuppu loomadega (samad tegelased, mis kaartidel)\ud83d\udcd8 Juhend Kuidas m\u00e4ngida? 1\ufe0f\u20e3 Laps valib \u00fche kaardi ja vaatab selle hoolikalt l\u00e4bi.2\ufe0f\u20e3 T\u00e4iskasvanu esitab k\u00fcsimused loomade kohta (nt): Kus on tigu? Kus on mesilane? Kus on siil? Kus on j\u00e4nes? Kus on [&hellip;]<\/p>\n","protected":false},"featured_media":74988,"template":"","meta":{"_monsterinsights_skip_tracking":false,"_monsterinsights_sitenote_active":false,"_monsterinsights_sitenote_note":"","_monsterinsights_sitenote_category":0},"product_brand":[],"product_cat":[49,56,58],"product_tag":[],"class_list":{"0":"post-75130","1":"product","2":"type-product","3":"status-publish","4":"has-post-thumbnail","6":"product_cat-puidust-arendavad-manguasjad","7":"product_cat-kone-areng","8":"product_cat-unkategorized","9":"pa_vozrast-ot-3-do-5-let-et","10":"pa_vozrast-ot-5-let-et","12":"first","13":"instock","14":"shipping-taxable","15":"purchasable","16":"product-type-simple"},"yoast_head":"<!-- This site is optimized with the Yoast SEO plugin v25.0 - https:\/\/yoast.com\/wordpress\/plugins\/seo\/ -->\n<title>M\u00e4ng ruumilise m\u00f5tlemise ja k\u00f5ne arendamiseks -<\/title>\n<meta name=\"description\" content=\"M\u00e4ng ruumilise m\u00f5tlemise ja k\u00f5ne arendamiseks - CLEVER KIDS\" \/>\n<meta name=\"robots\" content=\"index, follow, max-snippet:-1, max-image-preview:large, max-video-preview:-1\" \/>\n<link rel=\"canonical\" href=\"https:\/\/cleverkids.ee\/et\/product\/mang-ruumilise-motlemise-ja-kone-arendamiseks\/\" \/>\n<meta property=\"og:locale\" content=\"et_EE\" \/>\n<meta property=\"og:type\" content=\"article\" \/>\n<meta property=\"og:title\" content=\"M\u00e4ng ruumilise m\u00f5tlemise ja k\u00f5ne arendamiseks -\" \/>\n<meta property=\"og:description\" content=\"M\u00e4ng ruumilise m\u00f5tlemise ja k\u00f5ne arendamiseks - CLEVER KIDS\" \/>\n<meta property=\"og:url\" content=\"https:\/\/cleverkids.ee\/et\/product\/mang-ruumilise-motlemise-ja-kone-arendamiseks\/\" \/>\n<meta property=\"og:site_name\" content=\"CLEVER KIDS\" \/>\n<meta property=\"article:publisher\" content=\"https:\/\/www.facebook.com\/cleverkids.ee\/\" \/>\n<meta property=\"article:modified_time\" content=\"2025-03-31T20:11:57+00:00\" \/>\n<meta property=\"og:image\" content=\"https:\/\/cleverkids.ee\/wp-content\/uploads\/2025\/02\/Puzzle-Board-Games-Find-Direction-Game-Educational-Toy-Teach-Kids-Object-Orientation_a0d0d4f2-20a5-498c-a1bd-ae2b1ce86519.a5fcb3498b812cb910c61218c94e7b6e.jpeg\" \/>\n\t<meta property=\"og:image:width\" content=\"612\" \/>\n\t<meta property=\"og:image:height\" content=\"612\" \/>\n\t<meta property=\"og:image:type\" content=\"image\/jpeg\" \/>\n<meta name=\"twitter:card\" content=\"summary_large_image\" \/>\n<meta name=\"twitter:label1\" content=\"Est. reading time\" \/>\n\t<meta name=\"twitter:data1\" content=\"1 minut\" \/>\n<script type=\"application\/ld+json\" class=\"yoast-schema-graph\">{\"@context\":\"https:\/\/schema.org\",\"@graph\":[{\"@type\":\"WebPage\",\"@id\":\"https:\/\/cleverkids.ee\/et\/product\/mang-ruumilise-motlemise-ja-kone-arendamiseks\/\",\"url\":\"https:\/\/cleverkids.ee\/et\/product\/mang-ruumilise-motlemise-ja-kone-arendamiseks\/\",\"name\":\"M\u00e4ng ruumilise m\u00f5tlemise ja k\u00f5ne arendamiseks -\",\"isPartOf\":{\"@id\":\"https:\/\/cleverkids.ee\/et\/#website\"},\"primaryImageOfPage\":{\"@id\":\"https:\/\/cleverkids.ee\/et\/product\/mang-ruumilise-motlemise-ja-kone-arendamiseks\/#primaryimage\"},\"image\":{\"@id\":\"https:\/\/cleverkids.ee\/et\/product\/mang-ruumilise-motlemise-ja-kone-arendamiseks\/#primaryimage\"},\"thumbnailUrl\":\"https:\/\/cleverkids.ee\/wp-content\/uploads\/2025\/02\/Puzzle-Board-Games-Find-Direction-Game-Educational-Toy-Teach-Kids-Object-Orientation_a0d0d4f2-20a5-498c-a1bd-ae2b1ce86519.a5fcb3498b812cb910c61218c94e7b6e.jpeg\",\"datePublished\":\"2025-03-31T20:08:10+00:00\",\"dateModified\":\"2025-03-31T20:11:57+00:00\",\"description\":\"M\u00e4ng ruumilise m\u00f5tlemise ja k\u00f5ne arendamiseks - CLEVER KIDS\",\"breadcrumb\":{\"@id\":\"https:\/\/cleverkids.ee\/et\/product\/mang-ruumilise-motlemise-ja-kone-arendamiseks\/#breadcrumb\"},\"inLanguage\":\"et\",\"potentialAction\":[{\"@type\":\"ReadAction\",\"target\":[\"https:\/\/cleverkids.ee\/et\/product\/mang-ruumilise-motlemise-ja-kone-arendamiseks\/\"]}]},{\"@type\":\"ImageObject\",\"inLanguage\":\"et\",\"@id\":\"https:\/\/cleverkids.ee\/et\/product\/mang-ruumilise-motlemise-ja-kone-arendamiseks\/#primaryimage\",\"url\":\"https:\/\/cleverkids.ee\/wp-content\/uploads\/2025\/02\/Puzzle-Board-Games-Find-Direction-Game-Educational-Toy-Teach-Kids-Object-Orientation_a0d0d4f2-20a5-498c-a1bd-ae2b1ce86519.a5fcb3498b812cb910c61218c94e7b6e.jpeg\",\"contentUrl\":\"https:\/\/cleverkids.ee\/wp-content\/uploads\/2025\/02\/Puzzle-Board-Games-Find-Direction-Game-Educational-Toy-Teach-Kids-Object-Orientation_a0d0d4f2-20a5-498c-a1bd-ae2b1ce86519.a5fcb3498b812cb910c61218c94e7b6e.jpeg\",\"width\":612,\"height\":612,\"caption\":\"\u0418\u0433\u0440\u0430 \u043d\u0430 \u0440\u0430\u0437\u0432\u0438\u0442\u0438\u0435 \u043f\u0440\u043e\u0441\u0442\u0440\u0430\u043d\u0441\u0442\u0432\u0435\u043d\u043d\u043e\u0433\u043e \u043c\u044b\u0448\u043b\u0435\u043d\u0438\u044f \u0438 \u0440\u0435\u0447\u0438\"},{\"@type\":\"BreadcrumbList\",\"@id\":\"https:\/\/cleverkids.ee\/et\/product\/mang-ruumilise-motlemise-ja-kone-arendamiseks\/#breadcrumb\",\"itemListElement\":[{\"@type\":\"ListItem\",\"position\":1,\"name\":\"Esileht\",\"item\":\"https:\/\/cleverkids.ee\/et\/\"},{\"@type\":\"ListItem\",\"position\":2,\"name\":\"Tooted\",\"item\":\"https:\/\/cleverkids.ee\/store\/\"},{\"@type\":\"ListItem\",\"position\":3,\"name\":\"M\u00e4ng ruumilise m\u00f5tlemise ja k\u00f5ne arendamiseks\"}]},{\"@type\":\"WebSite\",\"@id\":\"https:\/\/cleverkids.ee\/et\/#website\",\"url\":\"https:\/\/cleverkids.ee\/et\/\",\"name\":\"CLEVER KIDS\",\"description\":\"\",\"publisher\":{\"@id\":\"https:\/\/cleverkids.ee\/et\/#organization\"},\"potentialAction\":[{\"@type\":\"SearchAction\",\"target\":{\"@type\":\"EntryPoint\",\"urlTemplate\":\"https:\/\/cleverkids.ee\/et\/?s={search_term_string}\"},\"query-input\":{\"@type\":\"PropertyValueSpecification\",\"valueRequired\":true,\"valueName\":\"search_term_string\"}}],\"inLanguage\":\"et\"},{\"@type\":\"Organization\",\"@id\":\"https:\/\/cleverkids.ee\/et\/#organization\",\"name\":\"CLEVER KIDS\",\"url\":\"https:\/\/cleverkids.ee\/et\/\",\"logo\":{\"@type\":\"ImageObject\",\"inLanguage\":\"et\",\"@id\":\"https:\/\/cleverkids.ee\/et\/#\/schema\/logo\/image\/\",\"url\":\"https:\/\/cleverkids.ee\/wp-content\/uploads\/2024\/02\/image0-1024x1024.png\",\"contentUrl\":\"https:\/\/cleverkids.ee\/wp-content\/uploads\/2024\/02\/image0-1024x1024.png\",\"width\":1024,\"height\":1024,\"caption\":\"CLEVER KIDS\"},\"image\":{\"@id\":\"https:\/\/cleverkids.ee\/et\/#\/schema\/logo\/image\/\"},\"sameAs\":[\"https:\/\/www.facebook.com\/cleverkids.ee\/\",\"https:\/\/www.instagram.com\/cleverkids_ee\/\"]}]}<\/script>\n<!-- \/ Yoast SEO plugin. -->","yoast_head_json":{"title":"M\u00e4ng ruumilise m\u00f5tlemise ja k\u00f5ne arendamiseks -","description":"M\u00e4ng ruumilise m\u00f5tlemise ja k\u00f5ne arendamiseks - CLEVER KIDS","robots":{"index":"index","follow":"follow","max-snippet":"max-snippet:-1","max-image-preview":"max-image-preview:large","max-video-preview":"max-video-preview:-1"},"canonical":"https:\/\/cleverkids.ee\/et\/product\/mang-ruumilise-motlemise-ja-kone-arendamiseks\/","og_locale":"et_EE","og_type":"article","og_title":"M\u00e4ng ruumilise m\u00f5tlemise ja k\u00f5ne arendamiseks -","og_description":"M\u00e4ng ruumilise m\u00f5tlemise ja k\u00f5ne arendamiseks - CLEVER KIDS","og_url":"https:\/\/cleverkids.ee\/et\/product\/mang-ruumilise-motlemise-ja-kone-arendamiseks\/","og_site_name":"CLEVER KIDS","article_publisher":"https:\/\/www.facebook.com\/cleverkids.ee\/","article_modified_time":"2025-03-31T20:11:57+00:00","og_image":[{"width":612,"height":612,"url":"https:\/\/cleverkids.ee\/wp-content\/uploads\/2025\/02\/Puzzle-Board-Games-Find-Direction-Game-Educational-Toy-Teach-Kids-Object-Orientation_a0d0d4f2-20a5-498c-a1bd-ae2b1ce86519.a5fcb3498b812cb910c61218c94e7b6e.jpeg","type":"image\/jpeg"}],"twitter_card":"summary_large_image","twitter_misc":{"Est. reading time":"1 minut"},"schema":{"@context":"https:\/\/schema.org","@graph":[{"@type":"WebPage","@id":"https:\/\/cleverkids.ee\/et\/product\/mang-ruumilise-motlemise-ja-kone-arendamiseks\/","url":"https:\/\/cleverkids.ee\/et\/product\/mang-ruumilise-motlemise-ja-kone-arendamiseks\/","name":"M\u00e4ng ruumilise m\u00f5tlemise ja k\u00f5ne arendamiseks -","isPartOf":{"@id":"https:\/\/cleverkids.ee\/et\/#website"},"primaryImageOfPage":{"@id":"https:\/\/cleverkids.ee\/et\/product\/mang-ruumilise-motlemise-ja-kone-arendamiseks\/#primaryimage"},"image":{"@id":"https:\/\/cleverkids.ee\/et\/product\/mang-ruumilise-motlemise-ja-kone-arendamiseks\/#primaryimage"},"thumbnailUrl":"https:\/\/cleverkids.ee\/wp-content\/uploads\/2025\/02\/Puzzle-Board-Games-Find-Direction-Game-Educational-Toy-Teach-Kids-Object-Orientation_a0d0d4f2-20a5-498c-a1bd-ae2b1ce86519.a5fcb3498b812cb910c61218c94e7b6e.jpeg","datePublished":"2025-03-31T20:08:10+00:00","dateModified":"2025-03-31T20:11:57+00:00","description":"M\u00e4ng ruumilise m\u00f5tlemise ja k\u00f5ne arendamiseks - CLEVER KIDS","breadcrumb":{"@id":"https:\/\/cleverkids.ee\/et\/product\/mang-ruumilise-motlemise-ja-kone-arendamiseks\/#breadcrumb"},"inLanguage":"et","potentialAction":[{"@type":"ReadAction","target":["https:\/\/cleverkids.ee\/et\/product\/mang-ruumilise-motlemise-ja-kone-arendamiseks\/"]}]},{"@type":"ImageObject","inLanguage":"et","@id":"https:\/\/cleverkids.ee\/et\/product\/mang-ruumilise-motlemise-ja-kone-arendamiseks\/#primaryimage","url":"https:\/\/cleverkids.ee\/wp-content\/uploads\/2025\/02\/Puzzle-Board-Games-Find-Direction-Game-Educational-Toy-Teach-Kids-Object-Orientation_a0d0d4f2-20a5-498c-a1bd-ae2b1ce86519.a5fcb3498b812cb910c61218c94e7b6e.jpeg","contentUrl":"https:\/\/cleverkids.ee\/wp-content\/uploads\/2025\/02\/Puzzle-Board-Games-Find-Direction-Game-Educational-Toy-Teach-Kids-Object-Orientation_a0d0d4f2-20a5-498c-a1bd-ae2b1ce86519.a5fcb3498b812cb910c61218c94e7b6e.jpeg","width":612,"height":612,"caption":"\u0418\u0433\u0440\u0430 \u043d\u0430 \u0440\u0430\u0437\u0432\u0438\u0442\u0438\u0435 \u043f\u0440\u043e\u0441\u0442\u0440\u0430\u043d\u0441\u0442\u0432\u0435\u043d\u043d\u043e\u0433\u043e \u043c\u044b\u0448\u043b\u0435\u043d\u0438\u044f \u0438 \u0440\u0435\u0447\u0438"},{"@type":"BreadcrumbList","@id":"https:\/\/cleverkids.ee\/et\/product\/mang-ruumilise-motlemise-ja-kone-arendamiseks\/#breadcrumb","itemListElement":[{"@type":"ListItem","position":1,"name":"Esileht","item":"https:\/\/cleverkids.ee\/et\/"},{"@type":"ListItem","position":2,"name":"Tooted","item":"https:\/\/cleverkids.ee\/store\/"},{"@type":"ListItem","position":3,"name":"M\u00e4ng ruumilise m\u00f5tlemise ja k\u00f5ne arendamiseks"}]},{"@type":"WebSite","@id":"https:\/\/cleverkids.ee\/et\/#website","url":"https:\/\/cleverkids.ee\/et\/","name":"CLEVER KIDS","description":"","publisher":{"@id":"https:\/\/cleverkids.ee\/et\/#organization"},"potentialAction":[{"@type":"SearchAction","target":{"@type":"EntryPoint","urlTemplate":"https:\/\/cleverkids.ee\/et\/?s={search_term_string}"},"query-input":{"@type":"PropertyValueSpecification","valueRequired":true,"valueName":"search_term_string"}}],"inLanguage":"et"},{"@type":"Organization","@id":"https:\/\/cleverkids.ee\/et\/#organization","name":"CLEVER KIDS","url":"https:\/\/cleverkids.ee\/et\/","logo":{"@type":"ImageObject","inLanguage":"et","@id":"https:\/\/cleverkids.ee\/et\/#\/schema\/logo\/image\/","url":"https:\/\/cleverkids.ee\/wp-content\/uploads\/2024\/02\/image0-1024x1024.png","contentUrl":"https:\/\/cleverkids.ee\/wp-content\/uploads\/2024\/02\/image0-1024x1024.png","width":1024,"height":1024,"caption":"CLEVER KIDS"},"image":{"@id":"https:\/\/cleverkids.ee\/et\/#\/schema\/logo\/image\/"},"sameAs":["https:\/\/www.facebook.com\/cleverkids.ee\/","https:\/\/www.instagram.com\/cleverkids_ee\/"]}]}},"_links":{"self":[{"href":"https:\/\/cleverkids.ee\/et\/wp-json\/wp\/v2\/product\/75130","targetHints":{"allow":["GET"]}}],"collection":[{"href":"https:\/\/cleverkids.ee\/et\/wp-json\/wp\/v2\/product"}],"about":[{"href":"https:\/\/cleverkids.ee\/et\/wp-json\/wp\/v2\/types\/product"}],"wp:featuredmedia":[{"embeddable":true,"href":"https:\/\/cleverkids.ee\/et\/wp-json\/wp\/v2\/media\/74988"}],"wp:attachment":[{"href":"https:\/\/cleverkids.ee\/et\/wp-json\/wp\/v2\/media?parent=75130"}],"wp:term":[{"taxonomy":"product_brand","embeddable":true,"href":"https:\/\/cleverkids.ee\/et\/wp-json\/wp\/v2\/product_brand?post=75130"},{"taxonomy":"product_cat","embeddable":true,"href":"https:\/\/cleverkids.ee\/et\/wp-json\/wp\/v2\/product_cat?post=75130"},{"taxonomy":"product_tag","embeddable":true,"href":"https:\/\/cleverkids.ee\/et\/wp-json\/wp\/v2\/product_tag?post=75130"}],"curies":[{"name":"wp","href":"https:\/\/api.w.org\/{rel}","templated":true}]}}