{"id":75137,"date":"2025-03-31T23:51:46","date_gmt":"2025-03-31T20:51:46","guid":{"rendered":"https:\/\/cleverkids.ee\/\u041f\u0440\u043e\u0434\u0443\u043a\u0442\/derevyannyj-kruglyj-pazl-zhivotnye-lesa-36-detalej\/"},"modified":"2025-03-31T23:54:17","modified_gmt":"2025-03-31T20:54:17","slug":"puidust-ummargune-pusle-metsloomad-36-tukki","status":"publish","type":"product","link":"https:\/\/cleverkids.ee\/et\/product\/puidust-ummargune-pusle-metsloomad-36-tukki\/","title":{"rendered":"Puidust \u00fcmmargune pusle \u201eMetsloomad\u201c, 36 t\u00fckki"},"content":{"rendered":"<p class=\"\" data-start=\"63\" data-end=\"286\">Tutvustage lapsele metsloomade imelist maailma selle v\u00e4rvika ja haarava \u00fcmmarguse pusle abil!<br data-start=\"160\" data-end=\"163\" \/>Komplektis on 12 erinevat looma, iga\u00fcks koosneb 3 puslet\u00fckist \u2013 ideaalne v\u00e4ikelastele esimesteks pusleharjutusteks.<\/p>\n<hr class=\"\" data-start=\"288\" data-end=\"291\" \/>\n<p class=\"\" data-start=\"293\" data-end=\"456\">\ud83e\udd81 Kes elab metsas?<br data-start=\"316\" data-end=\"319\" \/>L\u00f5vi, rebane, sebra, tiiger, krokodill, \u00f6\u00f6kull, karu, elevant, j\u00f5ehobu, ahvike, kaelkirjak ja leopard ootavad, et laps need kokku paneks!<\/p>\n<hr class=\"\" data-start=\"458\" data-end=\"461\" \/>\n<h3 class=\"\" data-start=\"463\" data-end=\"484\">Komplektis:<\/h3>\n<p class=\"\" data-start=\"485\" data-end=\"614\">\ud83e\udde9 12 \u00fcmmargust puslet (kokku 36 detaili)<br data-start=\"530\" data-end=\"533\" \/>\ud83d\udccf \u00dche pusle suurus: 9,5 \u00d7 9,5 cm<br data-start=\"570\" data-end=\"573\" \/>\ud83d\udc76 Sobib lastele alates 2. eluaastast<\/p>\n<hr class=\"\" data-start=\"616\" data-end=\"619\" \/>\n<h3 class=\"\" data-start=\"621\" data-end=\"645\">M\u00e4ngu eelised:<\/h3>\n<p class=\"\" data-start=\"646\" data-end=\"839\">\u2705 Arendab peenmotoorikat<br data-start=\"674\" data-end=\"677\" \/>\u2705 Treenib t\u00e4helepanu ja loogilist m\u00f5tlemist<br data-start=\"728\" data-end=\"731\" \/>\u2705 \u00d5petab loomi ja nende nimesid<br data-start=\"766\" data-end=\"769\" \/>\u2705 Valmistatud turvalistest materjalidest ja meeldivates toonides<\/p>\n<p class=\"\" data-start=\"841\" data-end=\"970\">\ud83c\udfa8 Sobib suurep\u00e4raselt nii kodus m\u00e4ngimiseks kui ka lasteaia tegevusteks.<br data-start=\"922\" data-end=\"925\" \/>Selle puslega ei hakka lapsel kindlasti igav!<\/p>\n","protected":false},"excerpt":{"rendered":"<p>Tutvustage lapsele metsloomade imelist maailma selle v\u00e4rvika ja haarava \u00fcmmarguse pusle abil!Komplektis on 12 erinevat looma, iga\u00fcks koosneb 3 puslet\u00fckist \u2013 ideaalne v\u00e4ikelastele esimesteks pusleharjutusteks. \ud83e\udd81 Kes elab metsas?L\u00f5vi, rebane, sebra, tiiger, krokodill, \u00f6\u00f6kull, karu, elevant, j\u00f5ehobu, ahvike, kaelkirjak ja leopard ootavad, et laps need kokku paneks! Komplektis: \ud83e\udde9 12 \u00fcmmargust puslet (kokku 36 detaili)\ud83d\udccf [&hellip;]<\/p>\n","protected":false},"featured_media":75135,"template":"","meta":{"_monsterinsights_skip_tracking":false,"_monsterinsights_sitenote_active":false,"_monsterinsights_sitenote_note":"","_monsterinsights_sitenote_category":0},"product_brand":[],"product_cat":[49,58],"product_tag":[],"class_list":{"0":"post-75137","1":"product","2":"type-product","3":"status-publish","4":"has-post-thumbnail","6":"product_cat-puidust-arendavad-manguasjad","7":"product_cat-unkategorized","8":"pa_vozrast-ot-polutora-do-treh-let-et","10":"first","11":"instock","12":"shipping-taxable","13":"purchasable","14":"product-type-simple"},"yoast_head":"<!-- This site is optimized with the Yoast SEO plugin v25.0 - https:\/\/yoast.com\/wordpress\/plugins\/seo\/ -->\n<title>Puidust \u00fcmmargune pusle \u201eMetsloomad\u201c, 36 t\u00fckki -<\/title>\n<meta name=\"description\" content=\"Puidust \u00fcmmargune pusle \u201eMetsloomad\u201c, 36 t\u00fckki - CLEVER KIDS\" \/>\n<meta name=\"robots\" content=\"index, follow, max-snippet:-1, max-image-preview:large, max-video-preview:-1\" \/>\n<link rel=\"canonical\" href=\"https:\/\/cleverkids.ee\/et\/product\/puidust-ummargune-pusle-metsloomad-36-tukki\/\" \/>\n<meta property=\"og:locale\" content=\"et_EE\" \/>\n<meta property=\"og:type\" content=\"article\" \/>\n<meta property=\"og:title\" content=\"Puidust \u00fcmmargune pusle \u201eMetsloomad\u201c, 36 t\u00fckki -\" \/>\n<meta property=\"og:description\" content=\"Puidust \u00fcmmargune pusle \u201eMetsloomad\u201c, 36 t\u00fckki - CLEVER KIDS\" \/>\n<meta property=\"og:url\" content=\"https:\/\/cleverkids.ee\/et\/product\/puidust-ummargune-pusle-metsloomad-36-tukki\/\" \/>\n<meta property=\"og:site_name\" content=\"CLEVER KIDS\" \/>\n<meta property=\"article:publisher\" content=\"https:\/\/www.facebook.com\/cleverkids.ee\/\" \/>\n<meta property=\"article:modified_time\" content=\"2025-03-31T20:54:17+00:00\" \/>\n<meta property=\"og:image\" content=\"https:\/\/cleverkids.ee\/wp-content\/uploads\/2025\/03\/Hfab3d26c67264f9688af2befc35f0179i.jpg.webp\" \/>\n\t<meta property=\"og:image:width\" content=\"800\" \/>\n\t<meta property=\"og:image:height\" content=\"800\" \/>\n\t<meta property=\"og:image:type\" content=\"image\/webp\" \/>\n<meta name=\"twitter:card\" content=\"summary_large_image\" \/>\n<meta name=\"twitter:label1\" content=\"Est. reading time\" \/>\n\t<meta name=\"twitter:data1\" content=\"1 minut\" \/>\n<script type=\"application\/ld+json\" class=\"yoast-schema-graph\">{\"@context\":\"https:\/\/schema.org\",\"@graph\":[{\"@type\":\"WebPage\",\"@id\":\"https:\/\/cleverkids.ee\/et\/product\/puidust-ummargune-pusle-metsloomad-36-tukki\/\",\"url\":\"https:\/\/cleverkids.ee\/et\/product\/puidust-ummargune-pusle-metsloomad-36-tukki\/\",\"name\":\"Puidust \u00fcmmargune pusle \u201eMetsloomad\u201c, 36 t\u00fckki -\",\"isPartOf\":{\"@id\":\"https:\/\/cleverkids.ee\/et\/#website\"},\"primaryImageOfPage\":{\"@id\":\"https:\/\/cleverkids.ee\/et\/product\/puidust-ummargune-pusle-metsloomad-36-tukki\/#primaryimage\"},\"image\":{\"@id\":\"https:\/\/cleverkids.ee\/et\/product\/puidust-ummargune-pusle-metsloomad-36-tukki\/#primaryimage\"},\"thumbnailUrl\":\"https:\/\/cleverkids.ee\/wp-content\/uploads\/2025\/03\/Hfab3d26c67264f9688af2befc35f0179i.jpg.webp\",\"datePublished\":\"2025-03-31T20:51:46+00:00\",\"dateModified\":\"2025-03-31T20:54:17+00:00\",\"description\":\"Puidust \u00fcmmargune pusle \u201eMetsloomad\u201c, 36 t\u00fckki - CLEVER KIDS\",\"breadcrumb\":{\"@id\":\"https:\/\/cleverkids.ee\/et\/product\/puidust-ummargune-pusle-metsloomad-36-tukki\/#breadcrumb\"},\"inLanguage\":\"et\",\"potentialAction\":[{\"@type\":\"ReadAction\",\"target\":[\"https:\/\/cleverkids.ee\/et\/product\/puidust-ummargune-pusle-metsloomad-36-tukki\/\"]}]},{\"@type\":\"ImageObject\",\"inLanguage\":\"et\",\"@id\":\"https:\/\/cleverkids.ee\/et\/product\/puidust-ummargune-pusle-metsloomad-36-tukki\/#primaryimage\",\"url\":\"https:\/\/cleverkids.ee\/wp-content\/uploads\/2025\/03\/Hfab3d26c67264f9688af2befc35f0179i.jpg.webp\",\"contentUrl\":\"https:\/\/cleverkids.ee\/wp-content\/uploads\/2025\/03\/Hfab3d26c67264f9688af2befc35f0179i.jpg.webp\",\"width\":800,\"height\":800,\"caption\":\"\u0414\u0435\u0440\u0435\u0432\u044f\u043d\u043d\u044b\u0439 \u043a\u0440\u0443\u0433\u043b\u044b\u0439 \u043f\u0430\u0437\u043b \\\"\u0416\u0438\u0432\u043e\u0442\u043d\u044b\u0435 \u043b\u0435\u0441\u0430\\\"\"},{\"@type\":\"BreadcrumbList\",\"@id\":\"https:\/\/cleverkids.ee\/et\/product\/puidust-ummargune-pusle-metsloomad-36-tukki\/#breadcrumb\",\"itemListElement\":[{\"@type\":\"ListItem\",\"position\":1,\"name\":\"Esileht\",\"item\":\"https:\/\/cleverkids.ee\/et\/\"},{\"@type\":\"ListItem\",\"position\":2,\"name\":\"Tooted\",\"item\":\"https:\/\/cleverkids.ee\/store\/\"},{\"@type\":\"ListItem\",\"position\":3,\"name\":\"Puidust \u00fcmmargune pusle \u201eMetsloomad\u201c, 36 t\u00fckki\"}]},{\"@type\":\"WebSite\",\"@id\":\"https:\/\/cleverkids.ee\/et\/#website\",\"url\":\"https:\/\/cleverkids.ee\/et\/\",\"name\":\"CLEVER KIDS\",\"description\":\"\",\"publisher\":{\"@id\":\"https:\/\/cleverkids.ee\/et\/#organization\"},\"potentialAction\":[{\"@type\":\"SearchAction\",\"target\":{\"@type\":\"EntryPoint\",\"urlTemplate\":\"https:\/\/cleverkids.ee\/et\/?s={search_term_string}\"},\"query-input\":{\"@type\":\"PropertyValueSpecification\",\"valueRequired\":true,\"valueName\":\"search_term_string\"}}],\"inLanguage\":\"et\"},{\"@type\":\"Organization\",\"@id\":\"https:\/\/cleverkids.ee\/et\/#organization\",\"name\":\"CLEVER KIDS\",\"url\":\"https:\/\/cleverkids.ee\/et\/\",\"logo\":{\"@type\":\"ImageObject\",\"inLanguage\":\"et\",\"@id\":\"https:\/\/cleverkids.ee\/et\/#\/schema\/logo\/image\/\",\"url\":\"https:\/\/cleverkids.ee\/wp-content\/uploads\/2024\/02\/image0-1024x1024.png\",\"contentUrl\":\"https:\/\/cleverkids.ee\/wp-content\/uploads\/2024\/02\/image0-1024x1024.png\",\"width\":1024,\"height\":1024,\"caption\":\"CLEVER KIDS\"},\"image\":{\"@id\":\"https:\/\/cleverkids.ee\/et\/#\/schema\/logo\/image\/\"},\"sameAs\":[\"https:\/\/www.facebook.com\/cleverkids.ee\/\",\"https:\/\/www.instagram.com\/cleverkids_ee\/\"]}]}<\/script>\n<!-- \/ Yoast SEO plugin. -->","yoast_head_json":{"title":"Puidust \u00fcmmargune pusle \u201eMetsloomad\u201c, 36 t\u00fckki -","description":"Puidust \u00fcmmargune pusle \u201eMetsloomad\u201c, 36 t\u00fckki - CLEVER KIDS","robots":{"index":"index","follow":"follow","max-snippet":"max-snippet:-1","max-image-preview":"max-image-preview:large","max-video-preview":"max-video-preview:-1"},"canonical":"https:\/\/cleverkids.ee\/et\/product\/puidust-ummargune-pusle-metsloomad-36-tukki\/","og_locale":"et_EE","og_type":"article","og_title":"Puidust \u00fcmmargune pusle \u201eMetsloomad\u201c, 36 t\u00fckki -","og_description":"Puidust \u00fcmmargune pusle \u201eMetsloomad\u201c, 36 t\u00fckki - CLEVER KIDS","og_url":"https:\/\/cleverkids.ee\/et\/product\/puidust-ummargune-pusle-metsloomad-36-tukki\/","og_site_name":"CLEVER KIDS","article_publisher":"https:\/\/www.facebook.com\/cleverkids.ee\/","article_modified_time":"2025-03-31T20:54:17+00:00","og_image":[{"width":800,"height":800,"url":"https:\/\/cleverkids.ee\/wp-content\/uploads\/2025\/03\/Hfab3d26c67264f9688af2befc35f0179i.jpg.webp","type":"image\/webp"}],"twitter_card":"summary_large_image","twitter_misc":{"Est. reading time":"1 minut"},"schema":{"@context":"https:\/\/schema.org","@graph":[{"@type":"WebPage","@id":"https:\/\/cleverkids.ee\/et\/product\/puidust-ummargune-pusle-metsloomad-36-tukki\/","url":"https:\/\/cleverkids.ee\/et\/product\/puidust-ummargune-pusle-metsloomad-36-tukki\/","name":"Puidust \u00fcmmargune pusle \u201eMetsloomad\u201c, 36 t\u00fckki -","isPartOf":{"@id":"https:\/\/cleverkids.ee\/et\/#website"},"primaryImageOfPage":{"@id":"https:\/\/cleverkids.ee\/et\/product\/puidust-ummargune-pusle-metsloomad-36-tukki\/#primaryimage"},"image":{"@id":"https:\/\/cleverkids.ee\/et\/product\/puidust-ummargune-pusle-metsloomad-36-tukki\/#primaryimage"},"thumbnailUrl":"https:\/\/cleverkids.ee\/wp-content\/uploads\/2025\/03\/Hfab3d26c67264f9688af2befc35f0179i.jpg.webp","datePublished":"2025-03-31T20:51:46+00:00","dateModified":"2025-03-31T20:54:17+00:00","description":"Puidust \u00fcmmargune pusle \u201eMetsloomad\u201c, 36 t\u00fckki - CLEVER KIDS","breadcrumb":{"@id":"https:\/\/cleverkids.ee\/et\/product\/puidust-ummargune-pusle-metsloomad-36-tukki\/#breadcrumb"},"inLanguage":"et","potentialAction":[{"@type":"ReadAction","target":["https:\/\/cleverkids.ee\/et\/product\/puidust-ummargune-pusle-metsloomad-36-tukki\/"]}]},{"@type":"ImageObject","inLanguage":"et","@id":"https:\/\/cleverkids.ee\/et\/product\/puidust-ummargune-pusle-metsloomad-36-tukki\/#primaryimage","url":"https:\/\/cleverkids.ee\/wp-content\/uploads\/2025\/03\/Hfab3d26c67264f9688af2befc35f0179i.jpg.webp","contentUrl":"https:\/\/cleverkids.ee\/wp-content\/uploads\/2025\/03\/Hfab3d26c67264f9688af2befc35f0179i.jpg.webp","width":800,"height":800,"caption":"\u0414\u0435\u0440\u0435\u0432\u044f\u043d\u043d\u044b\u0439 \u043a\u0440\u0443\u0433\u043b\u044b\u0439 \u043f\u0430\u0437\u043b \"\u0416\u0438\u0432\u043e\u0442\u043d\u044b\u0435 \u043b\u0435\u0441\u0430\""},{"@type":"BreadcrumbList","@id":"https:\/\/cleverkids.ee\/et\/product\/puidust-ummargune-pusle-metsloomad-36-tukki\/#breadcrumb","itemListElement":[{"@type":"ListItem","position":1,"name":"Esileht","item":"https:\/\/cleverkids.ee\/et\/"},{"@type":"ListItem","position":2,"name":"Tooted","item":"https:\/\/cleverkids.ee\/store\/"},{"@type":"ListItem","position":3,"name":"Puidust \u00fcmmargune pusle \u201eMetsloomad\u201c, 36 t\u00fckki"}]},{"@type":"WebSite","@id":"https:\/\/cleverkids.ee\/et\/#website","url":"https:\/\/cleverkids.ee\/et\/","name":"CLEVER KIDS","description":"","publisher":{"@id":"https:\/\/cleverkids.ee\/et\/#organization"},"potentialAction":[{"@type":"SearchAction","target":{"@type":"EntryPoint","urlTemplate":"https:\/\/cleverkids.ee\/et\/?s={search_term_string}"},"query-input":{"@type":"PropertyValueSpecification","valueRequired":true,"valueName":"search_term_string"}}],"inLanguage":"et"},{"@type":"Organization","@id":"https:\/\/cleverkids.ee\/et\/#organization","name":"CLEVER KIDS","url":"https:\/\/cleverkids.ee\/et\/","logo":{"@type":"ImageObject","inLanguage":"et","@id":"https:\/\/cleverkids.ee\/et\/#\/schema\/logo\/image\/","url":"https:\/\/cleverkids.ee\/wp-content\/uploads\/2024\/02\/image0-1024x1024.png","contentUrl":"https:\/\/cleverkids.ee\/wp-content\/uploads\/2024\/02\/image0-1024x1024.png","width":1024,"height":1024,"caption":"CLEVER KIDS"},"image":{"@id":"https:\/\/cleverkids.ee\/et\/#\/schema\/logo\/image\/"},"sameAs":["https:\/\/www.facebook.com\/cleverkids.ee\/","https:\/\/www.instagram.com\/cleverkids_ee\/"]}]}},"_links":{"self":[{"href":"https:\/\/cleverkids.ee\/et\/wp-json\/wp\/v2\/product\/75137","targetHints":{"allow":["GET"]}}],"collection":[{"href":"https:\/\/cleverkids.ee\/et\/wp-json\/wp\/v2\/product"}],"about":[{"href":"https:\/\/cleverkids.ee\/et\/wp-json\/wp\/v2\/types\/product"}],"wp:featuredmedia":[{"embeddable":true,"href":"https:\/\/cleverkids.ee\/et\/wp-json\/wp\/v2\/media\/75135"}],"wp:attachment":[{"href":"https:\/\/cleverkids.ee\/et\/wp-json\/wp\/v2\/media?parent=75137"}],"wp:term":[{"taxonomy":"product_brand","embeddable":true,"href":"https:\/\/cleverkids.ee\/et\/wp-json\/wp\/v2\/product_brand?post=75137"},{"taxonomy":"product_cat","embeddable":true,"href":"https:\/\/cleverkids.ee\/et\/wp-json\/wp\/v2\/product_cat?post=75137"},{"taxonomy":"product_tag","embeddable":true,"href":"https:\/\/cleverkids.ee\/et\/wp-json\/wp\/v2\/product_tag?post=75137"}],"curies":[{"name":"wp","href":"https:\/\/api.w.org\/{rel}","templated":true}]}}