{"id":75188,"date":"2025-04-21T13:22:31","date_gmt":"2025-04-21T10:22:31","guid":{"rendered":"https:\/\/cleverkids.ee\/\u041f\u0440\u043e\u0434\u0443\u043a\u0442\/nabor-knig-obvedi-raskras-naklej-3-sht\/"},"modified":"2025-04-21T13:24:34","modified_gmt":"2025-04-21T10:24:34","slug":"raamatute-komplekt-tomba-joon-varvi-kleebi-3-tk","status":"publish","type":"product","link":"https:\/\/cleverkids.ee\/et\/product\/raamatute-komplekt-tomba-joon-varvi-kleebi-3-tk\/","title":{"rendered":"Raamatute komplekt \u201eT\u00f5mba joon, v\u00e4rvi, kleebi\u201c, 3 tk."},"content":{"rendered":"<p class=\"\" data-start=\"90\" data-end=\"195\">Sukelduge koos lapsega <strong data-start=\"113\" data-end=\"152\">loomade ja looduse imelisse maailma<\/strong> selle l\u00f5busa ja arendava raamatusarjaga!<\/p>\n<p class=\"\" data-start=\"197\" data-end=\"328\">\ud83d\udcda Komplektis on <strong data-start=\"214\" data-end=\"228\">3 raamatut<\/strong>, millest iga\u00fches on <strong data-start=\"249\" data-end=\"274\">16 v\u00e4rvikat lehek\u00fclge<\/strong>, t\u00e4is p\u00f5nevaid loomateemalisi stseene ja looduspilte.<\/p>\n<p class=\"\" data-start=\"330\" data-end=\"508\">\ud83c\udfa8 V\u00e4ikesed kunstnikud saavad:<br data-start=\"360\" data-end=\"363\" \/>\u2013 <strong data-start=\"365\" data-end=\"379\">joonistada<\/strong>, j\u00e4rgides kontuure<br data-start=\"398\" data-end=\"401\" \/>\u2013 <strong data-start=\"403\" data-end=\"414\">v\u00e4rvida<\/strong> toredaid loomakesi<br data-start=\"433\" data-end=\"436\" \/>\u2013 <strong data-start=\"438\" data-end=\"468\" data-is-only-node=\"\">kleepida v\u00e4rvilisi kleepse<\/strong>, mis muudavad pildid veelgi elavamaks<\/p>\n<hr class=\"\" data-start=\"510\" data-end=\"513\" \/>\n<h3 class=\"\" data-start=\"515\" data-end=\"546\"><strong data-start=\"519\" data-end=\"544\">M\u00e4nguliselt arendame:<\/strong><\/h3>\n<p class=\"\" data-start=\"547\" data-end=\"626\">\u2705 peenmotoorikat<br data-start=\"563\" data-end=\"566\" \/>\u2705 loovat m\u00f5tlemist<br data-start=\"584\" data-end=\"587\" \/>\u2705 kujutlusv\u00f5imet<br data-start=\"603\" data-end=\"606\" \/>\u2705 t\u00e4helepanuv\u00f5imet<\/p>\n<p class=\"\" data-start=\"628\" data-end=\"783\">Ideaalne valik lastele <strong data-start=\"651\" data-end=\"675\">alates 3. eluaastast<\/strong> \u2013 olgu kodus, lasteaias v\u00f5i kingituseks.<br data-start=\"716\" data-end=\"719\" \/>\ud83d\udd8c\ufe0f Iga leht pakub v\u00f5imaluse luua midagi ainulaadset ja l\u00f5busat!<\/p>\n","protected":false},"excerpt":{"rendered":"<p>Sukelduge koos lapsega loomade ja looduse imelisse maailma selle l\u00f5busa ja arendava raamatusarjaga! \ud83d\udcda Komplektis on 3 raamatut, millest iga\u00fches on 16 v\u00e4rvikat lehek\u00fclge, t\u00e4is p\u00f5nevaid loomateemalisi stseene ja looduspilte. \ud83c\udfa8 V\u00e4ikesed kunstnikud saavad:\u2013 joonistada, j\u00e4rgides kontuure\u2013 v\u00e4rvida toredaid loomakesi\u2013 kleepida v\u00e4rvilisi kleepse, mis muudavad pildid veelgi elavamaks M\u00e4nguliselt arendame: \u2705 peenmotoorikat\u2705 loovat m\u00f5tlemist\u2705 kujutlusv\u00f5imet\u2705 [&hellip;]<\/p>\n","protected":false},"featured_media":75183,"template":"","meta":{"_monsterinsights_skip_tracking":false,"_monsterinsights_sitenote_active":false,"_monsterinsights_sitenote_note":"","_monsterinsights_sitenote_category":0},"product_brand":[],"product_cat":[51,52,58],"product_tag":[],"class_list":{"0":"post-75188","1":"product","2":"type-product","3":"status-publish","4":"has-post-thumbnail","6":"product_cat-arendavad-vihikud-vene-keeles","7":"product_cat-loovus","8":"product_cat-unkategorized","9":"pa_vozrast-ot-3-do-5-let-et","11":"first","12":"instock","13":"shipping-taxable","14":"purchasable","15":"product-type-simple"},"yoast_head":"<!-- This site is optimized with the Yoast SEO plugin v25.0 - https:\/\/yoast.com\/wordpress\/plugins\/seo\/ -->\n<title>Raamatute komplekt \u201eT\u00f5mba joon, v\u00e4rvi, kleebi\u201c, 3 tk. -<\/title>\n<meta name=\"description\" content=\"Raamatute komplekt \u201eT\u00f5mba joon, v\u00e4rvi, kleebi\u201c, 3 tk. - CLEVER KIDS\" \/>\n<meta name=\"robots\" content=\"index, follow, max-snippet:-1, max-image-preview:large, max-video-preview:-1\" \/>\n<link rel=\"canonical\" href=\"https:\/\/cleverkids.ee\/et\/product\/raamatute-komplekt-tomba-joon-varvi-kleebi-3-tk\/\" \/>\n<meta property=\"og:locale\" content=\"et_EE\" \/>\n<meta property=\"og:type\" content=\"article\" \/>\n<meta property=\"og:title\" content=\"Raamatute komplekt \u201eT\u00f5mba joon, v\u00e4rvi, kleebi\u201c, 3 tk. -\" \/>\n<meta property=\"og:description\" content=\"Raamatute komplekt \u201eT\u00f5mba joon, v\u00e4rvi, kleebi\u201c, 3 tk. - CLEVER KIDS\" \/>\n<meta property=\"og:url\" content=\"https:\/\/cleverkids.ee\/et\/product\/raamatute-komplekt-tomba-joon-varvi-kleebi-3-tk\/\" \/>\n<meta property=\"og:site_name\" content=\"CLEVER KIDS\" \/>\n<meta property=\"article:publisher\" content=\"https:\/\/www.facebook.com\/cleverkids.ee\/\" \/>\n<meta property=\"article:modified_time\" content=\"2025-04-21T10:24:34+00:00\" \/>\n<meta property=\"og:image\" content=\"https:\/\/cleverkids.ee\/wp-content\/uploads\/2025\/04\/Ty6y9prYT04dSm9k8hzj2XQdQ5zbO3_ebQ5-6CZgkFk.webp\" \/>\n\t<meta property=\"og:image:width\" content=\"1224\" \/>\n\t<meta property=\"og:image:height\" content=\"1224\" \/>\n\t<meta property=\"og:image:type\" content=\"image\/webp\" \/>\n<meta name=\"twitter:card\" content=\"summary_large_image\" \/>\n<meta name=\"twitter:label1\" content=\"Est. reading time\" \/>\n\t<meta name=\"twitter:data1\" content=\"1 minut\" \/>\n<script type=\"application\/ld+json\" class=\"yoast-schema-graph\">{\"@context\":\"https:\/\/schema.org\",\"@graph\":[{\"@type\":\"WebPage\",\"@id\":\"https:\/\/cleverkids.ee\/et\/product\/raamatute-komplekt-tomba-joon-varvi-kleebi-3-tk\/\",\"url\":\"https:\/\/cleverkids.ee\/et\/product\/raamatute-komplekt-tomba-joon-varvi-kleebi-3-tk\/\",\"name\":\"Raamatute komplekt \u201eT\u00f5mba joon, v\u00e4rvi, kleebi\u201c, 3 tk. -\",\"isPartOf\":{\"@id\":\"https:\/\/cleverkids.ee\/et\/#website\"},\"primaryImageOfPage\":{\"@id\":\"https:\/\/cleverkids.ee\/et\/product\/raamatute-komplekt-tomba-joon-varvi-kleebi-3-tk\/#primaryimage\"},\"image\":{\"@id\":\"https:\/\/cleverkids.ee\/et\/product\/raamatute-komplekt-tomba-joon-varvi-kleebi-3-tk\/#primaryimage\"},\"thumbnailUrl\":\"https:\/\/cleverkids.ee\/wp-content\/uploads\/2025\/04\/Ty6y9prYT04dSm9k8hzj2XQdQ5zbO3_ebQ5-6CZgkFk.webp\",\"datePublished\":\"2025-04-21T10:22:31+00:00\",\"dateModified\":\"2025-04-21T10:24:34+00:00\",\"description\":\"Raamatute komplekt \u201eT\u00f5mba joon, v\u00e4rvi, kleebi\u201c, 3 tk. - CLEVER KIDS\",\"breadcrumb\":{\"@id\":\"https:\/\/cleverkids.ee\/et\/product\/raamatute-komplekt-tomba-joon-varvi-kleebi-3-tk\/#breadcrumb\"},\"inLanguage\":\"et\",\"potentialAction\":[{\"@type\":\"ReadAction\",\"target\":[\"https:\/\/cleverkids.ee\/et\/product\/raamatute-komplekt-tomba-joon-varvi-kleebi-3-tk\/\"]}]},{\"@type\":\"ImageObject\",\"inLanguage\":\"et\",\"@id\":\"https:\/\/cleverkids.ee\/et\/product\/raamatute-komplekt-tomba-joon-varvi-kleebi-3-tk\/#primaryimage\",\"url\":\"https:\/\/cleverkids.ee\/wp-content\/uploads\/2025\/04\/Ty6y9prYT04dSm9k8hzj2XQdQ5zbO3_ebQ5-6CZgkFk.webp\",\"contentUrl\":\"https:\/\/cleverkids.ee\/wp-content\/uploads\/2025\/04\/Ty6y9prYT04dSm9k8hzj2XQdQ5zbO3_ebQ5-6CZgkFk.webp\",\"width\":1224,\"height\":1224,\"caption\":\"\u041d\u0430\u0431\u043e\u0440 \u043a\u043d\u0438\u0433 \u00ab\u041e\u0431\u0432\u0435\u0434\u0438, \u0440\u0430\u0441\u043a\u0440\u0430\u0441\u044c, \u043d\u0430\u043a\u043b\u0435\u0439\u00bb, 3 \u0448\u0442.\"},{\"@type\":\"BreadcrumbList\",\"@id\":\"https:\/\/cleverkids.ee\/et\/product\/raamatute-komplekt-tomba-joon-varvi-kleebi-3-tk\/#breadcrumb\",\"itemListElement\":[{\"@type\":\"ListItem\",\"position\":1,\"name\":\"Esileht\",\"item\":\"https:\/\/cleverkids.ee\/et\/\"},{\"@type\":\"ListItem\",\"position\":2,\"name\":\"Tooted\",\"item\":\"https:\/\/cleverkids.ee\/store\/\"},{\"@type\":\"ListItem\",\"position\":3,\"name\":\"Raamatute komplekt \u201eT\u00f5mba joon, v\u00e4rvi, kleebi\u201c, 3 tk.\"}]},{\"@type\":\"WebSite\",\"@id\":\"https:\/\/cleverkids.ee\/et\/#website\",\"url\":\"https:\/\/cleverkids.ee\/et\/\",\"name\":\"CLEVER KIDS\",\"description\":\"\",\"publisher\":{\"@id\":\"https:\/\/cleverkids.ee\/et\/#organization\"},\"potentialAction\":[{\"@type\":\"SearchAction\",\"target\":{\"@type\":\"EntryPoint\",\"urlTemplate\":\"https:\/\/cleverkids.ee\/et\/?s={search_term_string}\"},\"query-input\":{\"@type\":\"PropertyValueSpecification\",\"valueRequired\":true,\"valueName\":\"search_term_string\"}}],\"inLanguage\":\"et\"},{\"@type\":\"Organization\",\"@id\":\"https:\/\/cleverkids.ee\/et\/#organization\",\"name\":\"CLEVER KIDS\",\"url\":\"https:\/\/cleverkids.ee\/et\/\",\"logo\":{\"@type\":\"ImageObject\",\"inLanguage\":\"et\",\"@id\":\"https:\/\/cleverkids.ee\/et\/#\/schema\/logo\/image\/\",\"url\":\"https:\/\/cleverkids.ee\/wp-content\/uploads\/2024\/02\/image0-1024x1024.png\",\"contentUrl\":\"https:\/\/cleverkids.ee\/wp-content\/uploads\/2024\/02\/image0-1024x1024.png\",\"width\":1024,\"height\":1024,\"caption\":\"CLEVER KIDS\"},\"image\":{\"@id\":\"https:\/\/cleverkids.ee\/et\/#\/schema\/logo\/image\/\"},\"sameAs\":[\"https:\/\/www.facebook.com\/cleverkids.ee\/\",\"https:\/\/www.instagram.com\/cleverkids_ee\/\"]}]}<\/script>\n<!-- \/ Yoast SEO plugin. -->","yoast_head_json":{"title":"Raamatute komplekt \u201eT\u00f5mba joon, v\u00e4rvi, kleebi\u201c, 3 tk. -","description":"Raamatute komplekt \u201eT\u00f5mba joon, v\u00e4rvi, kleebi\u201c, 3 tk. - CLEVER KIDS","robots":{"index":"index","follow":"follow","max-snippet":"max-snippet:-1","max-image-preview":"max-image-preview:large","max-video-preview":"max-video-preview:-1"},"canonical":"https:\/\/cleverkids.ee\/et\/product\/raamatute-komplekt-tomba-joon-varvi-kleebi-3-tk\/","og_locale":"et_EE","og_type":"article","og_title":"Raamatute komplekt \u201eT\u00f5mba joon, v\u00e4rvi, kleebi\u201c, 3 tk. -","og_description":"Raamatute komplekt \u201eT\u00f5mba joon, v\u00e4rvi, kleebi\u201c, 3 tk. - CLEVER KIDS","og_url":"https:\/\/cleverkids.ee\/et\/product\/raamatute-komplekt-tomba-joon-varvi-kleebi-3-tk\/","og_site_name":"CLEVER KIDS","article_publisher":"https:\/\/www.facebook.com\/cleverkids.ee\/","article_modified_time":"2025-04-21T10:24:34+00:00","og_image":[{"width":1224,"height":1224,"url":"https:\/\/cleverkids.ee\/wp-content\/uploads\/2025\/04\/Ty6y9prYT04dSm9k8hzj2XQdQ5zbO3_ebQ5-6CZgkFk.webp","type":"image\/webp"}],"twitter_card":"summary_large_image","twitter_misc":{"Est. reading time":"1 minut"},"schema":{"@context":"https:\/\/schema.org","@graph":[{"@type":"WebPage","@id":"https:\/\/cleverkids.ee\/et\/product\/raamatute-komplekt-tomba-joon-varvi-kleebi-3-tk\/","url":"https:\/\/cleverkids.ee\/et\/product\/raamatute-komplekt-tomba-joon-varvi-kleebi-3-tk\/","name":"Raamatute komplekt \u201eT\u00f5mba joon, v\u00e4rvi, kleebi\u201c, 3 tk. -","isPartOf":{"@id":"https:\/\/cleverkids.ee\/et\/#website"},"primaryImageOfPage":{"@id":"https:\/\/cleverkids.ee\/et\/product\/raamatute-komplekt-tomba-joon-varvi-kleebi-3-tk\/#primaryimage"},"image":{"@id":"https:\/\/cleverkids.ee\/et\/product\/raamatute-komplekt-tomba-joon-varvi-kleebi-3-tk\/#primaryimage"},"thumbnailUrl":"https:\/\/cleverkids.ee\/wp-content\/uploads\/2025\/04\/Ty6y9prYT04dSm9k8hzj2XQdQ5zbO3_ebQ5-6CZgkFk.webp","datePublished":"2025-04-21T10:22:31+00:00","dateModified":"2025-04-21T10:24:34+00:00","description":"Raamatute komplekt \u201eT\u00f5mba joon, v\u00e4rvi, kleebi\u201c, 3 tk. - CLEVER KIDS","breadcrumb":{"@id":"https:\/\/cleverkids.ee\/et\/product\/raamatute-komplekt-tomba-joon-varvi-kleebi-3-tk\/#breadcrumb"},"inLanguage":"et","potentialAction":[{"@type":"ReadAction","target":["https:\/\/cleverkids.ee\/et\/product\/raamatute-komplekt-tomba-joon-varvi-kleebi-3-tk\/"]}]},{"@type":"ImageObject","inLanguage":"et","@id":"https:\/\/cleverkids.ee\/et\/product\/raamatute-komplekt-tomba-joon-varvi-kleebi-3-tk\/#primaryimage","url":"https:\/\/cleverkids.ee\/wp-content\/uploads\/2025\/04\/Ty6y9prYT04dSm9k8hzj2XQdQ5zbO3_ebQ5-6CZgkFk.webp","contentUrl":"https:\/\/cleverkids.ee\/wp-content\/uploads\/2025\/04\/Ty6y9prYT04dSm9k8hzj2XQdQ5zbO3_ebQ5-6CZgkFk.webp","width":1224,"height":1224,"caption":"\u041d\u0430\u0431\u043e\u0440 \u043a\u043d\u0438\u0433 \u00ab\u041e\u0431\u0432\u0435\u0434\u0438, \u0440\u0430\u0441\u043a\u0440\u0430\u0441\u044c, \u043d\u0430\u043a\u043b\u0435\u0439\u00bb, 3 \u0448\u0442."},{"@type":"BreadcrumbList","@id":"https:\/\/cleverkids.ee\/et\/product\/raamatute-komplekt-tomba-joon-varvi-kleebi-3-tk\/#breadcrumb","itemListElement":[{"@type":"ListItem","position":1,"name":"Esileht","item":"https:\/\/cleverkids.ee\/et\/"},{"@type":"ListItem","position":2,"name":"Tooted","item":"https:\/\/cleverkids.ee\/store\/"},{"@type":"ListItem","position":3,"name":"Raamatute komplekt \u201eT\u00f5mba joon, v\u00e4rvi, kleebi\u201c, 3 tk."}]},{"@type":"WebSite","@id":"https:\/\/cleverkids.ee\/et\/#website","url":"https:\/\/cleverkids.ee\/et\/","name":"CLEVER KIDS","description":"","publisher":{"@id":"https:\/\/cleverkids.ee\/et\/#organization"},"potentialAction":[{"@type":"SearchAction","target":{"@type":"EntryPoint","urlTemplate":"https:\/\/cleverkids.ee\/et\/?s={search_term_string}"},"query-input":{"@type":"PropertyValueSpecification","valueRequired":true,"valueName":"search_term_string"}}],"inLanguage":"et"},{"@type":"Organization","@id":"https:\/\/cleverkids.ee\/et\/#organization","name":"CLEVER KIDS","url":"https:\/\/cleverkids.ee\/et\/","logo":{"@type":"ImageObject","inLanguage":"et","@id":"https:\/\/cleverkids.ee\/et\/#\/schema\/logo\/image\/","url":"https:\/\/cleverkids.ee\/wp-content\/uploads\/2024\/02\/image0-1024x1024.png","contentUrl":"https:\/\/cleverkids.ee\/wp-content\/uploads\/2024\/02\/image0-1024x1024.png","width":1024,"height":1024,"caption":"CLEVER KIDS"},"image":{"@id":"https:\/\/cleverkids.ee\/et\/#\/schema\/logo\/image\/"},"sameAs":["https:\/\/www.facebook.com\/cleverkids.ee\/","https:\/\/www.instagram.com\/cleverkids_ee\/"]}]}},"_links":{"self":[{"href":"https:\/\/cleverkids.ee\/et\/wp-json\/wp\/v2\/product\/75188","targetHints":{"allow":["GET"]}}],"collection":[{"href":"https:\/\/cleverkids.ee\/et\/wp-json\/wp\/v2\/product"}],"about":[{"href":"https:\/\/cleverkids.ee\/et\/wp-json\/wp\/v2\/types\/product"}],"wp:featuredmedia":[{"embeddable":true,"href":"https:\/\/cleverkids.ee\/et\/wp-json\/wp\/v2\/media\/75183"}],"wp:attachment":[{"href":"https:\/\/cleverkids.ee\/et\/wp-json\/wp\/v2\/media?parent=75188"}],"wp:term":[{"taxonomy":"product_brand","embeddable":true,"href":"https:\/\/cleverkids.ee\/et\/wp-json\/wp\/v2\/product_brand?post=75188"},{"taxonomy":"product_cat","embeddable":true,"href":"https:\/\/cleverkids.ee\/et\/wp-json\/wp\/v2\/product_cat?post=75188"},{"taxonomy":"product_tag","embeddable":true,"href":"https:\/\/cleverkids.ee\/et\/wp-json\/wp\/v2\/product_tag?post=75188"}],"curies":[{"name":"wp","href":"https:\/\/api.w.org\/{rel}","templated":true}]}}