{"id":75199,"date":"2025-04-21T13:36:15","date_gmt":"2025-04-21T10:36:15","guid":{"rendered":"https:\/\/cleverkids.ee\/\u041f\u0440\u043e\u0434\u0443\u043a\u0442\/schyotnye-palochki-po-metodike-kyuizenera\/"},"modified":"2025-04-21T13:58:49","modified_gmt":"2025-04-21T10:58:49","slug":"loenduspulgad","status":"publish","type":"product","link":"https:\/\/cleverkids.ee\/et\/product\/loenduspulgad\/","title":{"rendered":"Loenduspulgad (vastavalt Cuisenaire\u2019i meetodile)"},"content":{"rendered":"<p class=\"\" data-start=\"47\" data-end=\"222\">Selles komplektis on <strong data-start=\"68\" data-end=\"104\">116 eri pikkuse ja v\u00e4rviga pulka<\/strong>, mis p\u00f5hinevad <strong data-start=\"120\" data-end=\"145\">Cuisenaire\u2019i meetodil<\/strong> \u2013 t\u00f5hus vahend matemaatika alg\u00f5petuseks ja loogilise m\u00f5tlemise arendamiseks.<\/p>\n<p class=\"\" data-start=\"224\" data-end=\"463\">\ud83d\udc76 M\u00e4ngides \u00f5pib laps:<br data-start=\"246\" data-end=\"249\" \/>\u2013 m\u00f5istma m\u00f5isteid <strong data-start=\"268\" data-end=\"289\">\u201etervik\u201c ja \u201eosa\u201c<\/strong>,<br data-start=\"290\" data-end=\"293\" \/>\u2013 v\u00f5rdlema: <strong data-start=\"305\" data-end=\"327\">\u201el\u00fchem\u201c ja \u201epikem\u201c<\/strong>, <strong data-start=\"329\" data-end=\"354\">\u201esuurem\u201c ja \u201ev\u00e4iksem\u201c<\/strong>,<br data-start=\"355\" data-end=\"358\" \/>\u2013 arendama <strong data-start=\"369\" data-end=\"408\">visuaalset ja kujundlikku m\u00f5tlemist<\/strong>,<br data-start=\"409\" data-end=\"412\" \/>\u2013 omandama <strong data-start=\"423\" data-end=\"462\">arvutamise ja v\u00f5rdlemise algoskused<\/strong>.<\/p>\n<p class=\"\" data-start=\"465\" data-end=\"549\">\ud83c\udfa8 T\u00e4nu erinevatele v\u00e4rvidele muutub \u00f5ppimine m\u00e4nguliseks ja visuaalselt huvitavaks!<\/p>\n<p class=\"\" data-start=\"551\" data-end=\"634\">Ideaalne t\u00f6\u00f6riist nii koduseks \u00f5ppimiseks kui ka kasutamiseks koolis v\u00f5i lasteaias.<\/p>\n","protected":false},"excerpt":{"rendered":"<p>Selles komplektis on 116 eri pikkuse ja v\u00e4rviga pulka, mis p\u00f5hinevad Cuisenaire\u2019i meetodil \u2013 t\u00f5hus vahend matemaatika alg\u00f5petuseks ja loogilise m\u00f5tlemise arendamiseks. \ud83d\udc76 M\u00e4ngides \u00f5pib laps:\u2013 m\u00f5istma m\u00f5isteid \u201etervik\u201c ja \u201eosa\u201c,\u2013 v\u00f5rdlema: \u201el\u00fchem\u201c ja \u201epikem\u201c, \u201esuurem\u201c ja \u201ev\u00e4iksem\u201c,\u2013 arendama visuaalset ja kujundlikku m\u00f5tlemist,\u2013 omandama arvutamise ja v\u00f5rdlemise algoskused. \ud83c\udfa8 T\u00e4nu erinevatele v\u00e4rvidele muutub \u00f5ppimine m\u00e4nguliseks [&hellip;]<\/p>\n","protected":false},"featured_media":75198,"template":"","meta":{"_monsterinsights_skip_tracking":false,"_monsterinsights_sitenote_active":false,"_monsterinsights_sitenote_note":"","_monsterinsights_sitenote_category":0},"product_brand":[],"product_cat":[50,56,58],"product_tag":[],"class_list":{"0":"post-75199","1":"product","2":"type-product","3":"status-publish","4":"has-post-thumbnail","6":"product_cat-arendavad-manguasjad","7":"product_cat-kone-areng","8":"product_cat-unkategorized","9":"pa_vozrast-ot-polutora-do-treh-let-et","10":"pa_vozrast-ot-3-do-5-let-et","12":"first","13":"instock","14":"shipping-taxable","15":"purchasable","16":"product-type-simple"},"yoast_head":"<!-- This site is optimized with the Yoast SEO plugin v25.0 - https:\/\/yoast.com\/wordpress\/plugins\/seo\/ -->\n<title>Loenduspulgad (vastavalt Cuisenaire\u2019i meetodile) -<\/title>\n<meta name=\"description\" content=\"Loenduspulgad (vastavalt Cuisenaire\u2019i meetodile) - CLEVER KIDS\" \/>\n<meta name=\"robots\" content=\"index, follow, max-snippet:-1, max-image-preview:large, max-video-preview:-1\" \/>\n<link rel=\"canonical\" href=\"https:\/\/cleverkids.ee\/et\/product\/loenduspulgad\/\" \/>\n<meta property=\"og:locale\" content=\"et_EE\" \/>\n<meta property=\"og:type\" content=\"article\" \/>\n<meta property=\"og:title\" content=\"Loenduspulgad (vastavalt Cuisenaire\u2019i meetodile) -\" \/>\n<meta property=\"og:description\" content=\"Loenduspulgad (vastavalt Cuisenaire\u2019i meetodile) - CLEVER KIDS\" \/>\n<meta property=\"og:url\" content=\"https:\/\/cleverkids.ee\/et\/product\/loenduspulgad\/\" \/>\n<meta property=\"og:site_name\" content=\"CLEVER KIDS\" \/>\n<meta property=\"article:publisher\" content=\"https:\/\/www.facebook.com\/cleverkids.ee\/\" \/>\n<meta property=\"article:modified_time\" content=\"2025-04-21T10:58:49+00:00\" \/>\n<meta property=\"og:image\" content=\"https:\/\/cleverkids.ee\/wp-content\/uploads\/2025\/04\/original_8642sbxa6nmx.webp\" \/>\n\t<meta property=\"og:image:width\" content=\"1200\" \/>\n\t<meta property=\"og:image:height\" content=\"1200\" \/>\n\t<meta property=\"og:image:type\" content=\"image\/webp\" \/>\n<meta name=\"twitter:card\" content=\"summary_large_image\" \/>\n<meta name=\"twitter:label1\" content=\"Est. reading time\" \/>\n\t<meta name=\"twitter:data1\" content=\"1 minut\" \/>\n<script type=\"application\/ld+json\" class=\"yoast-schema-graph\">{\"@context\":\"https:\/\/schema.org\",\"@graph\":[{\"@type\":\"WebPage\",\"@id\":\"https:\/\/cleverkids.ee\/et\/product\/loenduspulgad\/\",\"url\":\"https:\/\/cleverkids.ee\/et\/product\/loenduspulgad\/\",\"name\":\"Loenduspulgad (vastavalt Cuisenaire\u2019i meetodile) -\",\"isPartOf\":{\"@id\":\"https:\/\/cleverkids.ee\/et\/#website\"},\"primaryImageOfPage\":{\"@id\":\"https:\/\/cleverkids.ee\/et\/product\/loenduspulgad\/#primaryimage\"},\"image\":{\"@id\":\"https:\/\/cleverkids.ee\/et\/product\/loenduspulgad\/#primaryimage\"},\"thumbnailUrl\":\"https:\/\/cleverkids.ee\/wp-content\/uploads\/2025\/04\/original_8642sbxa6nmx.webp\",\"datePublished\":\"2025-04-21T10:36:15+00:00\",\"dateModified\":\"2025-04-21T10:58:49+00:00\",\"description\":\"Loenduspulgad (vastavalt Cuisenaire\u2019i meetodile) - CLEVER KIDS\",\"breadcrumb\":{\"@id\":\"https:\/\/cleverkids.ee\/et\/product\/loenduspulgad\/#breadcrumb\"},\"inLanguage\":\"et\",\"potentialAction\":[{\"@type\":\"ReadAction\",\"target\":[\"https:\/\/cleverkids.ee\/et\/product\/loenduspulgad\/\"]}]},{\"@type\":\"ImageObject\",\"inLanguage\":\"et\",\"@id\":\"https:\/\/cleverkids.ee\/et\/product\/loenduspulgad\/#primaryimage\",\"url\":\"https:\/\/cleverkids.ee\/wp-content\/uploads\/2025\/04\/original_8642sbxa6nmx.webp\",\"contentUrl\":\"https:\/\/cleverkids.ee\/wp-content\/uploads\/2025\/04\/original_8642sbxa6nmx.webp\",\"width\":1200,\"height\":1200,\"caption\":\"\u0421\u0447\u0451\u0442\u043d\u044b\u0435 \u043f\u0430\u043b\u043e\u0447\u043a\u0438 \u043f\u043e \u043c\u0435\u0442\u043e\u0434\u0438\u043a\u0435 \u041a\u044e\u0438\u0437\u0435\u043d\u0435\u0440\u0430\"},{\"@type\":\"BreadcrumbList\",\"@id\":\"https:\/\/cleverkids.ee\/et\/product\/loenduspulgad\/#breadcrumb\",\"itemListElement\":[{\"@type\":\"ListItem\",\"position\":1,\"name\":\"Esileht\",\"item\":\"https:\/\/cleverkids.ee\/et\/\"},{\"@type\":\"ListItem\",\"position\":2,\"name\":\"Tooted\",\"item\":\"https:\/\/cleverkids.ee\/store\/\"},{\"@type\":\"ListItem\",\"position\":3,\"name\":\"Loenduspulgad (vastavalt Cuisenaire\u2019i meetodile)\"}]},{\"@type\":\"WebSite\",\"@id\":\"https:\/\/cleverkids.ee\/et\/#website\",\"url\":\"https:\/\/cleverkids.ee\/et\/\",\"name\":\"CLEVER KIDS\",\"description\":\"\",\"publisher\":{\"@id\":\"https:\/\/cleverkids.ee\/et\/#organization\"},\"potentialAction\":[{\"@type\":\"SearchAction\",\"target\":{\"@type\":\"EntryPoint\",\"urlTemplate\":\"https:\/\/cleverkids.ee\/et\/?s={search_term_string}\"},\"query-input\":{\"@type\":\"PropertyValueSpecification\",\"valueRequired\":true,\"valueName\":\"search_term_string\"}}],\"inLanguage\":\"et\"},{\"@type\":\"Organization\",\"@id\":\"https:\/\/cleverkids.ee\/et\/#organization\",\"name\":\"CLEVER KIDS\",\"url\":\"https:\/\/cleverkids.ee\/et\/\",\"logo\":{\"@type\":\"ImageObject\",\"inLanguage\":\"et\",\"@id\":\"https:\/\/cleverkids.ee\/et\/#\/schema\/logo\/image\/\",\"url\":\"https:\/\/cleverkids.ee\/wp-content\/uploads\/2024\/02\/image0-1024x1024.png\",\"contentUrl\":\"https:\/\/cleverkids.ee\/wp-content\/uploads\/2024\/02\/image0-1024x1024.png\",\"width\":1024,\"height\":1024,\"caption\":\"CLEVER KIDS\"},\"image\":{\"@id\":\"https:\/\/cleverkids.ee\/et\/#\/schema\/logo\/image\/\"},\"sameAs\":[\"https:\/\/www.facebook.com\/cleverkids.ee\/\",\"https:\/\/www.instagram.com\/cleverkids_ee\/\"]}]}<\/script>\n<!-- \/ Yoast SEO plugin. -->","yoast_head_json":{"title":"Loenduspulgad (vastavalt Cuisenaire\u2019i meetodile) -","description":"Loenduspulgad (vastavalt Cuisenaire\u2019i meetodile) - CLEVER KIDS","robots":{"index":"index","follow":"follow","max-snippet":"max-snippet:-1","max-image-preview":"max-image-preview:large","max-video-preview":"max-video-preview:-1"},"canonical":"https:\/\/cleverkids.ee\/et\/product\/loenduspulgad\/","og_locale":"et_EE","og_type":"article","og_title":"Loenduspulgad (vastavalt Cuisenaire\u2019i meetodile) -","og_description":"Loenduspulgad (vastavalt Cuisenaire\u2019i meetodile) - CLEVER KIDS","og_url":"https:\/\/cleverkids.ee\/et\/product\/loenduspulgad\/","og_site_name":"CLEVER KIDS","article_publisher":"https:\/\/www.facebook.com\/cleverkids.ee\/","article_modified_time":"2025-04-21T10:58:49+00:00","og_image":[{"width":1200,"height":1200,"url":"https:\/\/cleverkids.ee\/wp-content\/uploads\/2025\/04\/original_8642sbxa6nmx.webp","type":"image\/webp"}],"twitter_card":"summary_large_image","twitter_misc":{"Est. reading time":"1 minut"},"schema":{"@context":"https:\/\/schema.org","@graph":[{"@type":"WebPage","@id":"https:\/\/cleverkids.ee\/et\/product\/loenduspulgad\/","url":"https:\/\/cleverkids.ee\/et\/product\/loenduspulgad\/","name":"Loenduspulgad (vastavalt Cuisenaire\u2019i meetodile) -","isPartOf":{"@id":"https:\/\/cleverkids.ee\/et\/#website"},"primaryImageOfPage":{"@id":"https:\/\/cleverkids.ee\/et\/product\/loenduspulgad\/#primaryimage"},"image":{"@id":"https:\/\/cleverkids.ee\/et\/product\/loenduspulgad\/#primaryimage"},"thumbnailUrl":"https:\/\/cleverkids.ee\/wp-content\/uploads\/2025\/04\/original_8642sbxa6nmx.webp","datePublished":"2025-04-21T10:36:15+00:00","dateModified":"2025-04-21T10:58:49+00:00","description":"Loenduspulgad (vastavalt Cuisenaire\u2019i meetodile) - CLEVER KIDS","breadcrumb":{"@id":"https:\/\/cleverkids.ee\/et\/product\/loenduspulgad\/#breadcrumb"},"inLanguage":"et","potentialAction":[{"@type":"ReadAction","target":["https:\/\/cleverkids.ee\/et\/product\/loenduspulgad\/"]}]},{"@type":"ImageObject","inLanguage":"et","@id":"https:\/\/cleverkids.ee\/et\/product\/loenduspulgad\/#primaryimage","url":"https:\/\/cleverkids.ee\/wp-content\/uploads\/2025\/04\/original_8642sbxa6nmx.webp","contentUrl":"https:\/\/cleverkids.ee\/wp-content\/uploads\/2025\/04\/original_8642sbxa6nmx.webp","width":1200,"height":1200,"caption":"\u0421\u0447\u0451\u0442\u043d\u044b\u0435 \u043f\u0430\u043b\u043e\u0447\u043a\u0438 \u043f\u043e \u043c\u0435\u0442\u043e\u0434\u0438\u043a\u0435 \u041a\u044e\u0438\u0437\u0435\u043d\u0435\u0440\u0430"},{"@type":"BreadcrumbList","@id":"https:\/\/cleverkids.ee\/et\/product\/loenduspulgad\/#breadcrumb","itemListElement":[{"@type":"ListItem","position":1,"name":"Esileht","item":"https:\/\/cleverkids.ee\/et\/"},{"@type":"ListItem","position":2,"name":"Tooted","item":"https:\/\/cleverkids.ee\/store\/"},{"@type":"ListItem","position":3,"name":"Loenduspulgad (vastavalt Cuisenaire\u2019i meetodile)"}]},{"@type":"WebSite","@id":"https:\/\/cleverkids.ee\/et\/#website","url":"https:\/\/cleverkids.ee\/et\/","name":"CLEVER KIDS","description":"","publisher":{"@id":"https:\/\/cleverkids.ee\/et\/#organization"},"potentialAction":[{"@type":"SearchAction","target":{"@type":"EntryPoint","urlTemplate":"https:\/\/cleverkids.ee\/et\/?s={search_term_string}"},"query-input":{"@type":"PropertyValueSpecification","valueRequired":true,"valueName":"search_term_string"}}],"inLanguage":"et"},{"@type":"Organization","@id":"https:\/\/cleverkids.ee\/et\/#organization","name":"CLEVER KIDS","url":"https:\/\/cleverkids.ee\/et\/","logo":{"@type":"ImageObject","inLanguage":"et","@id":"https:\/\/cleverkids.ee\/et\/#\/schema\/logo\/image\/","url":"https:\/\/cleverkids.ee\/wp-content\/uploads\/2024\/02\/image0-1024x1024.png","contentUrl":"https:\/\/cleverkids.ee\/wp-content\/uploads\/2024\/02\/image0-1024x1024.png","width":1024,"height":1024,"caption":"CLEVER KIDS"},"image":{"@id":"https:\/\/cleverkids.ee\/et\/#\/schema\/logo\/image\/"},"sameAs":["https:\/\/www.facebook.com\/cleverkids.ee\/","https:\/\/www.instagram.com\/cleverkids_ee\/"]}]}},"_links":{"self":[{"href":"https:\/\/cleverkids.ee\/et\/wp-json\/wp\/v2\/product\/75199","targetHints":{"allow":["GET"]}}],"collection":[{"href":"https:\/\/cleverkids.ee\/et\/wp-json\/wp\/v2\/product"}],"about":[{"href":"https:\/\/cleverkids.ee\/et\/wp-json\/wp\/v2\/types\/product"}],"wp:featuredmedia":[{"embeddable":true,"href":"https:\/\/cleverkids.ee\/et\/wp-json\/wp\/v2\/media\/75198"}],"wp:attachment":[{"href":"https:\/\/cleverkids.ee\/et\/wp-json\/wp\/v2\/media?parent=75199"}],"wp:term":[{"taxonomy":"product_brand","embeddable":true,"href":"https:\/\/cleverkids.ee\/et\/wp-json\/wp\/v2\/product_brand?post=75199"},{"taxonomy":"product_cat","embeddable":true,"href":"https:\/\/cleverkids.ee\/et\/wp-json\/wp\/v2\/product_cat?post=75199"},{"taxonomy":"product_tag","embeddable":true,"href":"https:\/\/cleverkids.ee\/et\/wp-json\/wp\/v2\/product_tag?post=75199"}],"curies":[{"name":"wp","href":"https:\/\/api.w.org\/{rel}","templated":true}]}}