{"id":75263,"date":"2025-06-11T15:30:38","date_gmt":"2025-06-11T12:30:38","guid":{"rendered":"https:\/\/cleverkids.ee\/\u041f\u0440\u043e\u0434\u0443\u043a\u0442\/knigi-kartonnye-zhivotnye-nabor-4-sht-po-10-str\/"},"modified":"2025-06-11T15:32:14","modified_gmt":"2025-06-11T12:32:14","slug":"pappraamatute-komplekt-loomad-4-raamatut-x-10-lk","status":"publish","type":"product","link":"https:\/\/cleverkids.ee\/et\/product\/pappraamatute-komplekt-loomad-4-raamatut-x-10-lk\/","title":{"rendered":"Pappraamatute komplekt \u201eLoomad\u201c \u2013 4 raamatut x 10 lk"},"content":{"rendered":"<p>L\u00f5busate luuletustega pappraamatud k\u00f5ige pisematele. Tugevad lehed, erksad loomapildid ja lihtsad salmid arendavad lapse kujutlusv\u00f5imet ja k\u00f5neoskust. Mugav kaasas kanda \u2013 sobib suurep\u00e4raselt nii koduseks lugemiseks kui ka reisile kaasa v\u00f5tmiseks. M\u00e4nguline viis loomade nimede ja elupaikade tundma\u00f5ppimiseks.<\/p>\n","protected":false},"excerpt":{"rendered":"<p>L\u00f5busate luuletustega pappraamatud k\u00f5ige pisematele. Tugevad lehed, erksad loomapildid ja lihtsad salmid arendavad lapse kujutlusv\u00f5imet ja k\u00f5neoskust. Mugav kaasas kanda \u2013 sobib suurep\u00e4raselt nii koduseks lugemiseks kui ka reisile kaasa v\u00f5tmiseks. M\u00e4nguline viis loomade nimede ja elupaikade tundma\u00f5ppimiseks.<\/p>\n","protected":false},"featured_media":75262,"template":"","meta":{"_monsterinsights_skip_tracking":false,"_monsterinsights_sitenote_active":false,"_monsterinsights_sitenote_note":"","_monsterinsights_sitenote_category":0},"product_brand":[],"product_cat":[54,58],"product_tag":[],"class_list":{"0":"post-75263","1":"product","2":"type-product","3":"status-publish","4":"has-post-thumbnail","6":"product_cat-raamatud-vene-keeles","7":"product_cat-unkategorized","8":"pa_vozrast-ot-0-do-polutora-let-et","10":"first","11":"instock","12":"shipping-taxable","13":"purchasable","14":"product-type-simple"},"yoast_head":"<!-- This site is optimized with the Yoast SEO plugin v25.0 - https:\/\/yoast.com\/wordpress\/plugins\/seo\/ -->\n<title>Pappraamatute komplekt \u201eLoomad\u201c \u2013 4 raamatut x 10 lk -<\/title>\n<meta name=\"description\" content=\"Pappraamatute komplekt \u201eLoomad\u201c \u2013 4 raamatut x 10 lk - CLEVER KIDS\" \/>\n<meta name=\"robots\" content=\"index, follow, max-snippet:-1, max-image-preview:large, max-video-preview:-1\" \/>\n<link rel=\"canonical\" href=\"https:\/\/cleverkids.ee\/et\/product\/pappraamatute-komplekt-loomad-4-raamatut-x-10-lk\/\" \/>\n<meta property=\"og:locale\" content=\"et_EE\" \/>\n<meta property=\"og:type\" content=\"article\" \/>\n<meta property=\"og:title\" content=\"Pappraamatute komplekt \u201eLoomad\u201c \u2013 4 raamatut x 10 lk -\" \/>\n<meta property=\"og:description\" content=\"Pappraamatute komplekt \u201eLoomad\u201c \u2013 4 raamatut x 10 lk - CLEVER KIDS\" \/>\n<meta property=\"og:url\" content=\"https:\/\/cleverkids.ee\/et\/product\/pappraamatute-komplekt-loomad-4-raamatut-x-10-lk\/\" \/>\n<meta property=\"og:site_name\" content=\"CLEVER KIDS\" \/>\n<meta property=\"article:publisher\" content=\"https:\/\/www.facebook.com\/cleverkids.ee\/\" \/>\n<meta property=\"article:modified_time\" content=\"2025-06-11T12:32:14+00:00\" \/>\n<meta property=\"og:image\" content=\"https:\/\/cleverkids.ee\/wp-content\/uploads\/2025\/06\/1600-64-1.jpg\" \/>\n\t<meta property=\"og:image:width\" content=\"900\" \/>\n\t<meta property=\"og:image:height\" content=\"1200\" \/>\n\t<meta property=\"og:image:type\" content=\"image\/jpeg\" \/>\n<meta name=\"twitter:card\" content=\"summary_large_image\" \/>\n<meta name=\"twitter:label1\" content=\"Est. reading time\" \/>\n\t<meta name=\"twitter:data1\" content=\"1 minut\" \/>\n<script type=\"application\/ld+json\" class=\"yoast-schema-graph\">{\"@context\":\"https:\/\/schema.org\",\"@graph\":[{\"@type\":\"WebPage\",\"@id\":\"https:\/\/cleverkids.ee\/et\/product\/pappraamatute-komplekt-loomad-4-raamatut-x-10-lk\/\",\"url\":\"https:\/\/cleverkids.ee\/et\/product\/pappraamatute-komplekt-loomad-4-raamatut-x-10-lk\/\",\"name\":\"Pappraamatute komplekt \u201eLoomad\u201c \u2013 4 raamatut x 10 lk -\",\"isPartOf\":{\"@id\":\"https:\/\/cleverkids.ee\/et\/#website\"},\"primaryImageOfPage\":{\"@id\":\"https:\/\/cleverkids.ee\/et\/product\/pappraamatute-komplekt-loomad-4-raamatut-x-10-lk\/#primaryimage\"},\"image\":{\"@id\":\"https:\/\/cleverkids.ee\/et\/product\/pappraamatute-komplekt-loomad-4-raamatut-x-10-lk\/#primaryimage\"},\"thumbnailUrl\":\"https:\/\/cleverkids.ee\/wp-content\/uploads\/2025\/06\/1600-64-1.jpg\",\"datePublished\":\"2025-06-11T12:30:38+00:00\",\"dateModified\":\"2025-06-11T12:32:14+00:00\",\"description\":\"Pappraamatute komplekt \u201eLoomad\u201c \u2013 4 raamatut x 10 lk - CLEVER KIDS\",\"breadcrumb\":{\"@id\":\"https:\/\/cleverkids.ee\/et\/product\/pappraamatute-komplekt-loomad-4-raamatut-x-10-lk\/#breadcrumb\"},\"inLanguage\":\"et\",\"potentialAction\":[{\"@type\":\"ReadAction\",\"target\":[\"https:\/\/cleverkids.ee\/et\/product\/pappraamatute-komplekt-loomad-4-raamatut-x-10-lk\/\"]}]},{\"@type\":\"ImageObject\",\"inLanguage\":\"et\",\"@id\":\"https:\/\/cleverkids.ee\/et\/product\/pappraamatute-komplekt-loomad-4-raamatut-x-10-lk\/#primaryimage\",\"url\":\"https:\/\/cleverkids.ee\/wp-content\/uploads\/2025\/06\/1600-64-1.jpg\",\"contentUrl\":\"https:\/\/cleverkids.ee\/wp-content\/uploads\/2025\/06\/1600-64-1.jpg\",\"width\":900,\"height\":1200,\"caption\":\"\u041a\u043d\u0438\u0433\u0438 \u043a\u0430\u0440\u0442\u043e\u043d\u043d\u044b\u0435 \u00ab\u0416\u0438\u0432\u043e\u0442\u043d\u044b\u0435\u00bb,\"},{\"@type\":\"BreadcrumbList\",\"@id\":\"https:\/\/cleverkids.ee\/et\/product\/pappraamatute-komplekt-loomad-4-raamatut-x-10-lk\/#breadcrumb\",\"itemListElement\":[{\"@type\":\"ListItem\",\"position\":1,\"name\":\"Esileht\",\"item\":\"https:\/\/cleverkids.ee\/et\/\"},{\"@type\":\"ListItem\",\"position\":2,\"name\":\"Tooted\",\"item\":\"https:\/\/cleverkids.ee\/store\/\"},{\"@type\":\"ListItem\",\"position\":3,\"name\":\"Pappraamatute komplekt \u201eLoomad\u201c \u2013 4 raamatut x 10 lk\"}]},{\"@type\":\"WebSite\",\"@id\":\"https:\/\/cleverkids.ee\/et\/#website\",\"url\":\"https:\/\/cleverkids.ee\/et\/\",\"name\":\"CLEVER KIDS\",\"description\":\"\",\"publisher\":{\"@id\":\"https:\/\/cleverkids.ee\/et\/#organization\"},\"potentialAction\":[{\"@type\":\"SearchAction\",\"target\":{\"@type\":\"EntryPoint\",\"urlTemplate\":\"https:\/\/cleverkids.ee\/et\/?s={search_term_string}\"},\"query-input\":{\"@type\":\"PropertyValueSpecification\",\"valueRequired\":true,\"valueName\":\"search_term_string\"}}],\"inLanguage\":\"et\"},{\"@type\":\"Organization\",\"@id\":\"https:\/\/cleverkids.ee\/et\/#organization\",\"name\":\"CLEVER KIDS\",\"url\":\"https:\/\/cleverkids.ee\/et\/\",\"logo\":{\"@type\":\"ImageObject\",\"inLanguage\":\"et\",\"@id\":\"https:\/\/cleverkids.ee\/et\/#\/schema\/logo\/image\/\",\"url\":\"https:\/\/cleverkids.ee\/wp-content\/uploads\/2024\/02\/image0-1024x1024.png\",\"contentUrl\":\"https:\/\/cleverkids.ee\/wp-content\/uploads\/2024\/02\/image0-1024x1024.png\",\"width\":1024,\"height\":1024,\"caption\":\"CLEVER KIDS\"},\"image\":{\"@id\":\"https:\/\/cleverkids.ee\/et\/#\/schema\/logo\/image\/\"},\"sameAs\":[\"https:\/\/www.facebook.com\/cleverkids.ee\/\",\"https:\/\/www.instagram.com\/cleverkids_ee\/\"]}]}<\/script>\n<!-- \/ Yoast SEO plugin. -->","yoast_head_json":{"title":"Pappraamatute komplekt \u201eLoomad\u201c \u2013 4 raamatut x 10 lk -","description":"Pappraamatute komplekt \u201eLoomad\u201c \u2013 4 raamatut x 10 lk - CLEVER KIDS","robots":{"index":"index","follow":"follow","max-snippet":"max-snippet:-1","max-image-preview":"max-image-preview:large","max-video-preview":"max-video-preview:-1"},"canonical":"https:\/\/cleverkids.ee\/et\/product\/pappraamatute-komplekt-loomad-4-raamatut-x-10-lk\/","og_locale":"et_EE","og_type":"article","og_title":"Pappraamatute komplekt \u201eLoomad\u201c \u2013 4 raamatut x 10 lk -","og_description":"Pappraamatute komplekt \u201eLoomad\u201c \u2013 4 raamatut x 10 lk - CLEVER KIDS","og_url":"https:\/\/cleverkids.ee\/et\/product\/pappraamatute-komplekt-loomad-4-raamatut-x-10-lk\/","og_site_name":"CLEVER KIDS","article_publisher":"https:\/\/www.facebook.com\/cleverkids.ee\/","article_modified_time":"2025-06-11T12:32:14+00:00","og_image":[{"width":900,"height":1200,"url":"https:\/\/cleverkids.ee\/wp-content\/uploads\/2025\/06\/1600-64-1.jpg","type":"image\/jpeg"}],"twitter_card":"summary_large_image","twitter_misc":{"Est. reading time":"1 minut"},"schema":{"@context":"https:\/\/schema.org","@graph":[{"@type":"WebPage","@id":"https:\/\/cleverkids.ee\/et\/product\/pappraamatute-komplekt-loomad-4-raamatut-x-10-lk\/","url":"https:\/\/cleverkids.ee\/et\/product\/pappraamatute-komplekt-loomad-4-raamatut-x-10-lk\/","name":"Pappraamatute komplekt \u201eLoomad\u201c \u2013 4 raamatut x 10 lk -","isPartOf":{"@id":"https:\/\/cleverkids.ee\/et\/#website"},"primaryImageOfPage":{"@id":"https:\/\/cleverkids.ee\/et\/product\/pappraamatute-komplekt-loomad-4-raamatut-x-10-lk\/#primaryimage"},"image":{"@id":"https:\/\/cleverkids.ee\/et\/product\/pappraamatute-komplekt-loomad-4-raamatut-x-10-lk\/#primaryimage"},"thumbnailUrl":"https:\/\/cleverkids.ee\/wp-content\/uploads\/2025\/06\/1600-64-1.jpg","datePublished":"2025-06-11T12:30:38+00:00","dateModified":"2025-06-11T12:32:14+00:00","description":"Pappraamatute komplekt \u201eLoomad\u201c \u2013 4 raamatut x 10 lk - CLEVER KIDS","breadcrumb":{"@id":"https:\/\/cleverkids.ee\/et\/product\/pappraamatute-komplekt-loomad-4-raamatut-x-10-lk\/#breadcrumb"},"inLanguage":"et","potentialAction":[{"@type":"ReadAction","target":["https:\/\/cleverkids.ee\/et\/product\/pappraamatute-komplekt-loomad-4-raamatut-x-10-lk\/"]}]},{"@type":"ImageObject","inLanguage":"et","@id":"https:\/\/cleverkids.ee\/et\/product\/pappraamatute-komplekt-loomad-4-raamatut-x-10-lk\/#primaryimage","url":"https:\/\/cleverkids.ee\/wp-content\/uploads\/2025\/06\/1600-64-1.jpg","contentUrl":"https:\/\/cleverkids.ee\/wp-content\/uploads\/2025\/06\/1600-64-1.jpg","width":900,"height":1200,"caption":"\u041a\u043d\u0438\u0433\u0438 \u043a\u0430\u0440\u0442\u043e\u043d\u043d\u044b\u0435 \u00ab\u0416\u0438\u0432\u043e\u0442\u043d\u044b\u0435\u00bb,"},{"@type":"BreadcrumbList","@id":"https:\/\/cleverkids.ee\/et\/product\/pappraamatute-komplekt-loomad-4-raamatut-x-10-lk\/#breadcrumb","itemListElement":[{"@type":"ListItem","position":1,"name":"Esileht","item":"https:\/\/cleverkids.ee\/et\/"},{"@type":"ListItem","position":2,"name":"Tooted","item":"https:\/\/cleverkids.ee\/store\/"},{"@type":"ListItem","position":3,"name":"Pappraamatute komplekt \u201eLoomad\u201c \u2013 4 raamatut x 10 lk"}]},{"@type":"WebSite","@id":"https:\/\/cleverkids.ee\/et\/#website","url":"https:\/\/cleverkids.ee\/et\/","name":"CLEVER KIDS","description":"","publisher":{"@id":"https:\/\/cleverkids.ee\/et\/#organization"},"potentialAction":[{"@type":"SearchAction","target":{"@type":"EntryPoint","urlTemplate":"https:\/\/cleverkids.ee\/et\/?s={search_term_string}"},"query-input":{"@type":"PropertyValueSpecification","valueRequired":true,"valueName":"search_term_string"}}],"inLanguage":"et"},{"@type":"Organization","@id":"https:\/\/cleverkids.ee\/et\/#organization","name":"CLEVER KIDS","url":"https:\/\/cleverkids.ee\/et\/","logo":{"@type":"ImageObject","inLanguage":"et","@id":"https:\/\/cleverkids.ee\/et\/#\/schema\/logo\/image\/","url":"https:\/\/cleverkids.ee\/wp-content\/uploads\/2024\/02\/image0-1024x1024.png","contentUrl":"https:\/\/cleverkids.ee\/wp-content\/uploads\/2024\/02\/image0-1024x1024.png","width":1024,"height":1024,"caption":"CLEVER KIDS"},"image":{"@id":"https:\/\/cleverkids.ee\/et\/#\/schema\/logo\/image\/"},"sameAs":["https:\/\/www.facebook.com\/cleverkids.ee\/","https:\/\/www.instagram.com\/cleverkids_ee\/"]}]}},"_links":{"self":[{"href":"https:\/\/cleverkids.ee\/et\/wp-json\/wp\/v2\/product\/75263","targetHints":{"allow":["GET"]}}],"collection":[{"href":"https:\/\/cleverkids.ee\/et\/wp-json\/wp\/v2\/product"}],"about":[{"href":"https:\/\/cleverkids.ee\/et\/wp-json\/wp\/v2\/types\/product"}],"wp:featuredmedia":[{"embeddable":true,"href":"https:\/\/cleverkids.ee\/et\/wp-json\/wp\/v2\/media\/75262"}],"wp:attachment":[{"href":"https:\/\/cleverkids.ee\/et\/wp-json\/wp\/v2\/media?parent=75263"}],"wp:term":[{"taxonomy":"product_brand","embeddable":true,"href":"https:\/\/cleverkids.ee\/et\/wp-json\/wp\/v2\/product_brand?post=75263"},{"taxonomy":"product_cat","embeddable":true,"href":"https:\/\/cleverkids.ee\/et\/wp-json\/wp\/v2\/product_cat?post=75263"},{"taxonomy":"product_tag","embeddable":true,"href":"https:\/\/cleverkids.ee\/et\/wp-json\/wp\/v2\/product_tag?post=75263"}],"curies":[{"name":"wp","href":"https:\/\/api.w.org\/{rel}","templated":true}]}}