{"id":75274,"date":"2025-06-11T15:44:59","date_gmt":"2025-06-11T12:44:59","guid":{"rendered":"https:\/\/cleverkids.ee\/\u041f\u0440\u043e\u0434\u0443\u043a\u0442\/igra-na-logiku-chetyre-v-ryad-5-magnitnaya-osnova\/"},"modified":"2026-04-09T13:38:20","modified_gmt":"2026-04-09T10:38:20","slug":"loogikamang-neli-ritta-alates-5-eluaastast-magneetilise-alusega","status":"publish","type":"product","link":"https:\/\/cleverkids.ee\/et\/product\/loogikamang-neli-ritta-alates-5-eluaastast-magneetilise-alusega\/","title":{"rendered":"Loogikam\u00e4ng \u201eNeli ritta\u201c, 5+ (magneetilise alusega)"},"content":{"rendered":"<p data-start=\"156\" data-end=\"346\">M\u00e4ngu eesm\u00e4rk on moodustada 4 rida neljast erinevast nupust nii, et samad kujutised ei korduks ei veergudes ega ridades. See m\u00f5istatus arendab lapse m\u00e4lu, t\u00e4helepanuv\u00f5imet ja peenmotoorikat.<\/p>\n<p data-start=\"348\" data-end=\"427\">T\u00e4nu magnetilisele alusele ja kompaktsusele on m\u00e4ng ideaalne kaaslane reisidel.<\/p>\n<p data-start=\"429\" data-end=\"501\"><strong data-start=\"429\" data-end=\"450\">Soovitatav vanus:<\/strong> 5+<br data-start=\"453\" data-end=\"456\" \/><strong data-start=\"456\" data-end=\"474\">M\u00e4ngijate arv:<\/strong> 1<br data-start=\"476\" data-end=\"479\" \/><strong data-start=\"479\" data-end=\"490\">M\u00f5\u00f5dud:<\/strong> 15 x 15 cm<\/p>\n<p data-start=\"503\" data-end=\"520\"><strong data-start=\"503\" data-end=\"518\">Komplektis:<\/strong><\/p>\n<ul data-start=\"521\" data-end=\"552\">\n<li data-start=\"521\" data-end=\"541\">\n<p data-start=\"523\" data-end=\"541\">Magnetiline alus<\/p>\n<\/li>\n<li data-start=\"542\" data-end=\"552\">\n<p data-start=\"544\" data-end=\"552\">16 nuppu<\/p>\n<\/li>\n<\/ul>\n","protected":false},"excerpt":{"rendered":"<p>M\u00e4ngu eesm\u00e4rk on moodustada 4 rida neljast erinevast nupust nii, et samad kujutised ei korduks ei veergudes ega ridades. See m\u00f5istatus arendab lapse m\u00e4lu, t\u00e4helepanuv\u00f5imet ja peenmotoorikat. T\u00e4nu magnetilisele alusele ja kompaktsusele on m\u00e4ng ideaalne kaaslane reisidel. Soovitatav vanus: 5+M\u00e4ngijate arv: 1M\u00f5\u00f5dud: 15 x 15 cm Komplektis: Magnetiline alus 16 nuppu<\/p>\n","protected":false},"featured_media":75273,"template":"","meta":{"_monsterinsights_skip_tracking":false,"_monsterinsights_sitenote_active":false,"_monsterinsights_sitenote_note":"","_monsterinsights_sitenote_category":0},"product_brand":[],"product_cat":[50,58],"product_tag":[],"class_list":{"0":"post-75274","1":"product","2":"type-product","3":"status-publish","4":"has-post-thumbnail","6":"product_cat-arendavad-manguasjad","7":"product_cat-unkategorized","8":"pa_vozrast-ot-3-do-5-let-et","10":"first","11":"instock","12":"shipping-taxable","13":"purchasable","14":"product-type-simple"},"yoast_head":"<!-- This site is optimized with the Yoast SEO plugin v25.0 - https:\/\/yoast.com\/wordpress\/plugins\/seo\/ -->\n<title>Loogikam\u00e4ng \u201eNeli ritta\u201c, 5+ (magneetilise alusega) -<\/title>\n<meta name=\"description\" content=\"Loogikam\u00e4ng \u201eNeli ritta\u201c, 5+ (magneetilise alusega) - CLEVER KIDS\" \/>\n<meta name=\"robots\" content=\"index, follow, max-snippet:-1, max-image-preview:large, max-video-preview:-1\" \/>\n<link rel=\"canonical\" href=\"https:\/\/cleverkids.ee\/et\/product\/loogikamang-neli-ritta-alates-5-eluaastast-magneetilise-alusega\/\" \/>\n<meta property=\"og:locale\" content=\"et_EE\" \/>\n<meta property=\"og:type\" content=\"article\" \/>\n<meta property=\"og:title\" content=\"Loogikam\u00e4ng \u201eNeli ritta\u201c, 5+ (magneetilise alusega) -\" \/>\n<meta property=\"og:description\" content=\"Loogikam\u00e4ng \u201eNeli ritta\u201c, 5+ (magneetilise alusega) - CLEVER KIDS\" \/>\n<meta property=\"og:url\" content=\"https:\/\/cleverkids.ee\/et\/product\/loogikamang-neli-ritta-alates-5-eluaastast-magneetilise-alusega\/\" \/>\n<meta property=\"og:site_name\" content=\"CLEVER KIDS\" \/>\n<meta property=\"article:publisher\" content=\"https:\/\/www.facebook.com\/cleverkids.ee\/\" \/>\n<meta property=\"article:modified_time\" content=\"2026-04-09T10:38:20+00:00\" \/>\n<meta property=\"og:image\" content=\"https:\/\/cleverkids.ee\/wp-content\/uploads\/2025\/06\/1600-64-2.jpg\" \/>\n\t<meta property=\"og:image:width\" content=\"1600\" \/>\n\t<meta property=\"og:image:height\" content=\"1600\" \/>\n\t<meta property=\"og:image:type\" content=\"image\/jpeg\" \/>\n<meta name=\"twitter:card\" content=\"summary_large_image\" \/>\n<meta name=\"twitter:label1\" content=\"Est. reading time\" \/>\n\t<meta name=\"twitter:data1\" content=\"1 minut\" \/>\n<script type=\"application\/ld+json\" class=\"yoast-schema-graph\">{\"@context\":\"https:\/\/schema.org\",\"@graph\":[{\"@type\":\"WebPage\",\"@id\":\"https:\/\/cleverkids.ee\/et\/product\/loogikamang-neli-ritta-alates-5-eluaastast-magneetilise-alusega\/\",\"url\":\"https:\/\/cleverkids.ee\/et\/product\/loogikamang-neli-ritta-alates-5-eluaastast-magneetilise-alusega\/\",\"name\":\"Loogikam\u00e4ng \u201eNeli ritta\u201c, 5+ (magneetilise alusega) -\",\"isPartOf\":{\"@id\":\"https:\/\/cleverkids.ee\/et\/#website\"},\"primaryImageOfPage\":{\"@id\":\"https:\/\/cleverkids.ee\/et\/product\/loogikamang-neli-ritta-alates-5-eluaastast-magneetilise-alusega\/#primaryimage\"},\"image\":{\"@id\":\"https:\/\/cleverkids.ee\/et\/product\/loogikamang-neli-ritta-alates-5-eluaastast-magneetilise-alusega\/#primaryimage\"},\"thumbnailUrl\":\"https:\/\/cleverkids.ee\/wp-content\/uploads\/2025\/06\/1600-64-2.jpg\",\"datePublished\":\"2025-06-11T12:44:59+00:00\",\"dateModified\":\"2026-04-09T10:38:20+00:00\",\"description\":\"Loogikam\u00e4ng \u201eNeli ritta\u201c, 5+ (magneetilise alusega) - CLEVER KIDS\",\"breadcrumb\":{\"@id\":\"https:\/\/cleverkids.ee\/et\/product\/loogikamang-neli-ritta-alates-5-eluaastast-magneetilise-alusega\/#breadcrumb\"},\"inLanguage\":\"et\",\"potentialAction\":[{\"@type\":\"ReadAction\",\"target\":[\"https:\/\/cleverkids.ee\/et\/product\/loogikamang-neli-ritta-alates-5-eluaastast-magneetilise-alusega\/\"]}]},{\"@type\":\"ImageObject\",\"inLanguage\":\"et\",\"@id\":\"https:\/\/cleverkids.ee\/et\/product\/loogikamang-neli-ritta-alates-5-eluaastast-magneetilise-alusega\/#primaryimage\",\"url\":\"https:\/\/cleverkids.ee\/wp-content\/uploads\/2025\/06\/1600-64-2.jpg\",\"contentUrl\":\"https:\/\/cleverkids.ee\/wp-content\/uploads\/2025\/06\/1600-64-2.jpg\",\"width\":1600,\"height\":1600,\"caption\":\"\u0438\u0433\u0440\u0430 \u043d\u0430 \u043b\u043e\u0433\u0438\u043a\u0443 \u00ab\u0427\u0435\u0442\u044b\u0440\u0435 \u0432 \u0440\u044f\u0434\u00bb,\"},{\"@type\":\"BreadcrumbList\",\"@id\":\"https:\/\/cleverkids.ee\/et\/product\/loogikamang-neli-ritta-alates-5-eluaastast-magneetilise-alusega\/#breadcrumb\",\"itemListElement\":[{\"@type\":\"ListItem\",\"position\":1,\"name\":\"Esileht\",\"item\":\"https:\/\/cleverkids.ee\/et\/\"},{\"@type\":\"ListItem\",\"position\":2,\"name\":\"Tooted\",\"item\":\"https:\/\/cleverkids.ee\/store\/\"},{\"@type\":\"ListItem\",\"position\":3,\"name\":\"Loogikam\u00e4ng \u201eNeli ritta\u201c, 5+ (magneetilise alusega)\"}]},{\"@type\":\"WebSite\",\"@id\":\"https:\/\/cleverkids.ee\/et\/#website\",\"url\":\"https:\/\/cleverkids.ee\/et\/\",\"name\":\"CLEVER KIDS\",\"description\":\"\",\"publisher\":{\"@id\":\"https:\/\/cleverkids.ee\/et\/#organization\"},\"potentialAction\":[{\"@type\":\"SearchAction\",\"target\":{\"@type\":\"EntryPoint\",\"urlTemplate\":\"https:\/\/cleverkids.ee\/et\/?s={search_term_string}\"},\"query-input\":{\"@type\":\"PropertyValueSpecification\",\"valueRequired\":true,\"valueName\":\"search_term_string\"}}],\"inLanguage\":\"et\"},{\"@type\":\"Organization\",\"@id\":\"https:\/\/cleverkids.ee\/et\/#organization\",\"name\":\"CLEVER KIDS\",\"url\":\"https:\/\/cleverkids.ee\/et\/\",\"logo\":{\"@type\":\"ImageObject\",\"inLanguage\":\"et\",\"@id\":\"https:\/\/cleverkids.ee\/et\/#\/schema\/logo\/image\/\",\"url\":\"https:\/\/cleverkids.ee\/wp-content\/uploads\/2024\/02\/image0-1024x1024.png\",\"contentUrl\":\"https:\/\/cleverkids.ee\/wp-content\/uploads\/2024\/02\/image0-1024x1024.png\",\"width\":1024,\"height\":1024,\"caption\":\"CLEVER KIDS\"},\"image\":{\"@id\":\"https:\/\/cleverkids.ee\/et\/#\/schema\/logo\/image\/\"},\"sameAs\":[\"https:\/\/www.facebook.com\/cleverkids.ee\/\",\"https:\/\/www.instagram.com\/cleverkids_ee\/\"]}]}<\/script>\n<!-- \/ Yoast SEO plugin. -->","yoast_head_json":{"title":"Loogikam\u00e4ng \u201eNeli ritta\u201c, 5+ (magneetilise alusega) -","description":"Loogikam\u00e4ng \u201eNeli ritta\u201c, 5+ (magneetilise alusega) - CLEVER KIDS","robots":{"index":"index","follow":"follow","max-snippet":"max-snippet:-1","max-image-preview":"max-image-preview:large","max-video-preview":"max-video-preview:-1"},"canonical":"https:\/\/cleverkids.ee\/et\/product\/loogikamang-neli-ritta-alates-5-eluaastast-magneetilise-alusega\/","og_locale":"et_EE","og_type":"article","og_title":"Loogikam\u00e4ng \u201eNeli ritta\u201c, 5+ (magneetilise alusega) -","og_description":"Loogikam\u00e4ng \u201eNeli ritta\u201c, 5+ (magneetilise alusega) - CLEVER KIDS","og_url":"https:\/\/cleverkids.ee\/et\/product\/loogikamang-neli-ritta-alates-5-eluaastast-magneetilise-alusega\/","og_site_name":"CLEVER KIDS","article_publisher":"https:\/\/www.facebook.com\/cleverkids.ee\/","article_modified_time":"2026-04-09T10:38:20+00:00","og_image":[{"width":1600,"height":1600,"url":"https:\/\/cleverkids.ee\/wp-content\/uploads\/2025\/06\/1600-64-2.jpg","type":"image\/jpeg"}],"twitter_card":"summary_large_image","twitter_misc":{"Est. reading time":"1 minut"},"schema":{"@context":"https:\/\/schema.org","@graph":[{"@type":"WebPage","@id":"https:\/\/cleverkids.ee\/et\/product\/loogikamang-neli-ritta-alates-5-eluaastast-magneetilise-alusega\/","url":"https:\/\/cleverkids.ee\/et\/product\/loogikamang-neli-ritta-alates-5-eluaastast-magneetilise-alusega\/","name":"Loogikam\u00e4ng \u201eNeli ritta\u201c, 5+ (magneetilise alusega) -","isPartOf":{"@id":"https:\/\/cleverkids.ee\/et\/#website"},"primaryImageOfPage":{"@id":"https:\/\/cleverkids.ee\/et\/product\/loogikamang-neli-ritta-alates-5-eluaastast-magneetilise-alusega\/#primaryimage"},"image":{"@id":"https:\/\/cleverkids.ee\/et\/product\/loogikamang-neli-ritta-alates-5-eluaastast-magneetilise-alusega\/#primaryimage"},"thumbnailUrl":"https:\/\/cleverkids.ee\/wp-content\/uploads\/2025\/06\/1600-64-2.jpg","datePublished":"2025-06-11T12:44:59+00:00","dateModified":"2026-04-09T10:38:20+00:00","description":"Loogikam\u00e4ng \u201eNeli ritta\u201c, 5+ (magneetilise alusega) - CLEVER KIDS","breadcrumb":{"@id":"https:\/\/cleverkids.ee\/et\/product\/loogikamang-neli-ritta-alates-5-eluaastast-magneetilise-alusega\/#breadcrumb"},"inLanguage":"et","potentialAction":[{"@type":"ReadAction","target":["https:\/\/cleverkids.ee\/et\/product\/loogikamang-neli-ritta-alates-5-eluaastast-magneetilise-alusega\/"]}]},{"@type":"ImageObject","inLanguage":"et","@id":"https:\/\/cleverkids.ee\/et\/product\/loogikamang-neli-ritta-alates-5-eluaastast-magneetilise-alusega\/#primaryimage","url":"https:\/\/cleverkids.ee\/wp-content\/uploads\/2025\/06\/1600-64-2.jpg","contentUrl":"https:\/\/cleverkids.ee\/wp-content\/uploads\/2025\/06\/1600-64-2.jpg","width":1600,"height":1600,"caption":"\u0438\u0433\u0440\u0430 \u043d\u0430 \u043b\u043e\u0433\u0438\u043a\u0443 \u00ab\u0427\u0435\u0442\u044b\u0440\u0435 \u0432 \u0440\u044f\u0434\u00bb,"},{"@type":"BreadcrumbList","@id":"https:\/\/cleverkids.ee\/et\/product\/loogikamang-neli-ritta-alates-5-eluaastast-magneetilise-alusega\/#breadcrumb","itemListElement":[{"@type":"ListItem","position":1,"name":"Esileht","item":"https:\/\/cleverkids.ee\/et\/"},{"@type":"ListItem","position":2,"name":"Tooted","item":"https:\/\/cleverkids.ee\/store\/"},{"@type":"ListItem","position":3,"name":"Loogikam\u00e4ng \u201eNeli ritta\u201c, 5+ (magneetilise alusega)"}]},{"@type":"WebSite","@id":"https:\/\/cleverkids.ee\/et\/#website","url":"https:\/\/cleverkids.ee\/et\/","name":"CLEVER KIDS","description":"","publisher":{"@id":"https:\/\/cleverkids.ee\/et\/#organization"},"potentialAction":[{"@type":"SearchAction","target":{"@type":"EntryPoint","urlTemplate":"https:\/\/cleverkids.ee\/et\/?s={search_term_string}"},"query-input":{"@type":"PropertyValueSpecification","valueRequired":true,"valueName":"search_term_string"}}],"inLanguage":"et"},{"@type":"Organization","@id":"https:\/\/cleverkids.ee\/et\/#organization","name":"CLEVER KIDS","url":"https:\/\/cleverkids.ee\/et\/","logo":{"@type":"ImageObject","inLanguage":"et","@id":"https:\/\/cleverkids.ee\/et\/#\/schema\/logo\/image\/","url":"https:\/\/cleverkids.ee\/wp-content\/uploads\/2024\/02\/image0-1024x1024.png","contentUrl":"https:\/\/cleverkids.ee\/wp-content\/uploads\/2024\/02\/image0-1024x1024.png","width":1024,"height":1024,"caption":"CLEVER KIDS"},"image":{"@id":"https:\/\/cleverkids.ee\/et\/#\/schema\/logo\/image\/"},"sameAs":["https:\/\/www.facebook.com\/cleverkids.ee\/","https:\/\/www.instagram.com\/cleverkids_ee\/"]}]}},"_links":{"self":[{"href":"https:\/\/cleverkids.ee\/et\/wp-json\/wp\/v2\/product\/75274","targetHints":{"allow":["GET"]}}],"collection":[{"href":"https:\/\/cleverkids.ee\/et\/wp-json\/wp\/v2\/product"}],"about":[{"href":"https:\/\/cleverkids.ee\/et\/wp-json\/wp\/v2\/types\/product"}],"wp:featuredmedia":[{"embeddable":true,"href":"https:\/\/cleverkids.ee\/et\/wp-json\/wp\/v2\/media\/75273"}],"wp:attachment":[{"href":"https:\/\/cleverkids.ee\/et\/wp-json\/wp\/v2\/media?parent=75274"}],"wp:term":[{"taxonomy":"product_brand","embeddable":true,"href":"https:\/\/cleverkids.ee\/et\/wp-json\/wp\/v2\/product_brand?post=75274"},{"taxonomy":"product_cat","embeddable":true,"href":"https:\/\/cleverkids.ee\/et\/wp-json\/wp\/v2\/product_cat?post=75274"},{"taxonomy":"product_tag","embeddable":true,"href":"https:\/\/cleverkids.ee\/et\/wp-json\/wp\/v2\/product_tag?post=75274"}],"curies":[{"name":"wp","href":"https:\/\/api.w.org\/{rel}","templated":true}]}}