{"id":75338,"date":"2025-08-04T18:10:20","date_gmt":"2025-08-04T15:10:20","guid":{"rendered":"https:\/\/cleverkids.ee\/\u041f\u0440\u043e\u0434\u0443\u043a\u0442\/kniga-s-naklejkami-ogon-voda-i-elektrichestvo-16-str-78-nakleek\/"},"modified":"2025-08-04T18:16:37","modified_gmt":"2025-08-04T15:16:37","slug":"kleepsuraamat-tuli-vesi-ja-elekter-16-lk-78-kleepsu","status":"publish","type":"product","link":"https:\/\/cleverkids.ee\/et\/product\/kleepsuraamat-tuli-vesi-ja-elekter-16-lk-78-kleepsu\/","title":{"rendered":"Kleepsuraamat \u201eTuli, vesi ja elekter\u201c \u2013 16 lk, 78 kleepsu"},"content":{"rendered":"<p>Hariv ja l\u00f5bus raamat 3+ vanuses lastele ohutuse teemal. Tutvustab tule, vee, elektri ja gaasiga seotud reegleid l\u00e4bi m\u00e4nguliste \u00fclesannete. Komplektis on 78 v\u00e4rvilist kleepsu, mida saab paigutada raamatu lehek\u00fclgedele. Arendab peenmotoorikat, t\u00e4helepanu ja loogilist m\u00f5tlemist. Kleepsud on korduvkasutatavad \u2013 l\u00f5busad tegevused j\u00e4tkuvad ikka ja j\u00e4lle!<\/p>\n","protected":false},"excerpt":{"rendered":"<p>Hariv ja l\u00f5bus raamat 3+ vanuses lastele ohutuse teemal. Tutvustab tule, vee, elektri ja gaasiga seotud reegleid l\u00e4bi m\u00e4nguliste \u00fclesannete. Komplektis on 78 v\u00e4rvilist kleepsu, mida saab paigutada raamatu lehek\u00fclgedele. Arendab peenmotoorikat, t\u00e4helepanu ja loogilist m\u00f5tlemist. Kleepsud on korduvkasutatavad \u2013 l\u00f5busad tegevused j\u00e4tkuvad ikka ja j\u00e4lle!<\/p>\n","protected":false},"featured_media":75326,"template":"","meta":{"_monsterinsights_skip_tracking":false,"_monsterinsights_sitenote_active":false,"_monsterinsights_sitenote_note":"","_monsterinsights_sitenote_category":0},"product_brand":[],"product_cat":[53],"product_tag":[],"class_list":{"0":"post-75338","1":"product","2":"type-product","3":"status-publish","4":"has-post-thumbnail","6":"product_cat-kleebised","7":"pa_vozrast-ot-3-do-5-let-et","9":"first","10":"instock","11":"shipping-taxable","12":"purchasable","13":"product-type-simple"},"yoast_head":"<!-- This site is optimized with the Yoast SEO plugin v25.0 - https:\/\/yoast.com\/wordpress\/plugins\/seo\/ -->\n<title>Kleepsuraamat \u201eTuli, vesi ja elekter\u201c \u2013 16 lk, 78 kleepsu -<\/title>\n<meta name=\"description\" content=\"Kleepsuraamat \u201eTuli, vesi ja elekter\u201c \u2013 16 lk, 78 kleepsu - CLEVER KIDS\" \/>\n<meta name=\"robots\" content=\"index, follow, max-snippet:-1, max-image-preview:large, max-video-preview:-1\" \/>\n<link rel=\"canonical\" href=\"https:\/\/cleverkids.ee\/et\/product\/kleepsuraamat-tuli-vesi-ja-elekter-16-lk-78-kleepsu\/\" \/>\n<meta property=\"og:locale\" content=\"et_EE\" \/>\n<meta property=\"og:type\" content=\"article\" \/>\n<meta property=\"og:title\" content=\"Kleepsuraamat \u201eTuli, vesi ja elekter\u201c \u2013 16 lk, 78 kleepsu -\" \/>\n<meta property=\"og:description\" content=\"Kleepsuraamat \u201eTuli, vesi ja elekter\u201c \u2013 16 lk, 78 kleepsu - CLEVER KIDS\" \/>\n<meta property=\"og:url\" content=\"https:\/\/cleverkids.ee\/et\/product\/kleepsuraamat-tuli-vesi-ja-elekter-16-lk-78-kleepsu\/\" \/>\n<meta property=\"og:site_name\" content=\"CLEVER KIDS\" \/>\n<meta property=\"article:publisher\" content=\"https:\/\/www.facebook.com\/cleverkids.ee\/\" \/>\n<meta property=\"article:modified_time\" content=\"2025-08-04T15:16:37+00:00\" \/>\n<meta property=\"og:image\" content=\"https:\/\/cleverkids.ee\/wp-content\/uploads\/2025\/08\/1600-64.jpg\" \/>\n\t<meta property=\"og:image:width\" content=\"1600\" \/>\n\t<meta property=\"og:image:height\" content=\"1600\" \/>\n\t<meta property=\"og:image:type\" content=\"image\/jpeg\" \/>\n<meta name=\"twitter:card\" content=\"summary_large_image\" \/>\n<meta name=\"twitter:label1\" content=\"Est. reading time\" \/>\n\t<meta name=\"twitter:data1\" content=\"1 minut\" \/>\n<script type=\"application\/ld+json\" class=\"yoast-schema-graph\">{\"@context\":\"https:\/\/schema.org\",\"@graph\":[{\"@type\":\"WebPage\",\"@id\":\"https:\/\/cleverkids.ee\/et\/product\/kleepsuraamat-tuli-vesi-ja-elekter-16-lk-78-kleepsu\/\",\"url\":\"https:\/\/cleverkids.ee\/et\/product\/kleepsuraamat-tuli-vesi-ja-elekter-16-lk-78-kleepsu\/\",\"name\":\"Kleepsuraamat \u201eTuli, vesi ja elekter\u201c \u2013 16 lk, 78 kleepsu -\",\"isPartOf\":{\"@id\":\"https:\/\/cleverkids.ee\/et\/#website\"},\"primaryImageOfPage\":{\"@id\":\"https:\/\/cleverkids.ee\/et\/product\/kleepsuraamat-tuli-vesi-ja-elekter-16-lk-78-kleepsu\/#primaryimage\"},\"image\":{\"@id\":\"https:\/\/cleverkids.ee\/et\/product\/kleepsuraamat-tuli-vesi-ja-elekter-16-lk-78-kleepsu\/#primaryimage\"},\"thumbnailUrl\":\"https:\/\/cleverkids.ee\/wp-content\/uploads\/2025\/08\/1600-64.jpg\",\"datePublished\":\"2025-08-04T15:10:20+00:00\",\"dateModified\":\"2025-08-04T15:16:37+00:00\",\"description\":\"Kleepsuraamat \u201eTuli, vesi ja elekter\u201c \u2013 16 lk, 78 kleepsu - CLEVER KIDS\",\"breadcrumb\":{\"@id\":\"https:\/\/cleverkids.ee\/et\/product\/kleepsuraamat-tuli-vesi-ja-elekter-16-lk-78-kleepsu\/#breadcrumb\"},\"inLanguage\":\"et\",\"potentialAction\":[{\"@type\":\"ReadAction\",\"target\":[\"https:\/\/cleverkids.ee\/et\/product\/kleepsuraamat-tuli-vesi-ja-elekter-16-lk-78-kleepsu\/\"]}]},{\"@type\":\"ImageObject\",\"inLanguage\":\"et\",\"@id\":\"https:\/\/cleverkids.ee\/et\/product\/kleepsuraamat-tuli-vesi-ja-elekter-16-lk-78-kleepsu\/#primaryimage\",\"url\":\"https:\/\/cleverkids.ee\/wp-content\/uploads\/2025\/08\/1600-64.jpg\",\"contentUrl\":\"https:\/\/cleverkids.ee\/wp-content\/uploads\/2025\/08\/1600-64.jpg\",\"width\":1600,\"height\":1600,\"caption\":\"\u041a\u043d\u0438\u0433\u0430 \u0441 \u043d\u0430\u043a\u043b\u0435\u0439\u043a\u0430\u043c\u0438 \u00ab\u041e\u0433\u043e\u043d\u044c, \u0432\u043e\u0434\u0430 \u0438 \u044d\u043b\u0435\u043a\u0442\u0440\u0438\u0447\u0435\u0441\u0442\u0432\u043e\u00bb\"},{\"@type\":\"BreadcrumbList\",\"@id\":\"https:\/\/cleverkids.ee\/et\/product\/kleepsuraamat-tuli-vesi-ja-elekter-16-lk-78-kleepsu\/#breadcrumb\",\"itemListElement\":[{\"@type\":\"ListItem\",\"position\":1,\"name\":\"Esileht\",\"item\":\"https:\/\/cleverkids.ee\/et\/\"},{\"@type\":\"ListItem\",\"position\":2,\"name\":\"Tooted\",\"item\":\"https:\/\/cleverkids.ee\/store\/\"},{\"@type\":\"ListItem\",\"position\":3,\"name\":\"Kleepsuraamat \u201eTuli, vesi ja elekter\u201c \u2013 16 lk, 78 kleepsu\"}]},{\"@type\":\"WebSite\",\"@id\":\"https:\/\/cleverkids.ee\/et\/#website\",\"url\":\"https:\/\/cleverkids.ee\/et\/\",\"name\":\"CLEVER KIDS\",\"description\":\"\",\"publisher\":{\"@id\":\"https:\/\/cleverkids.ee\/et\/#organization\"},\"potentialAction\":[{\"@type\":\"SearchAction\",\"target\":{\"@type\":\"EntryPoint\",\"urlTemplate\":\"https:\/\/cleverkids.ee\/et\/?s={search_term_string}\"},\"query-input\":{\"@type\":\"PropertyValueSpecification\",\"valueRequired\":true,\"valueName\":\"search_term_string\"}}],\"inLanguage\":\"et\"},{\"@type\":\"Organization\",\"@id\":\"https:\/\/cleverkids.ee\/et\/#organization\",\"name\":\"CLEVER KIDS\",\"url\":\"https:\/\/cleverkids.ee\/et\/\",\"logo\":{\"@type\":\"ImageObject\",\"inLanguage\":\"et\",\"@id\":\"https:\/\/cleverkids.ee\/et\/#\/schema\/logo\/image\/\",\"url\":\"https:\/\/cleverkids.ee\/wp-content\/uploads\/2024\/02\/image0-1024x1024.png\",\"contentUrl\":\"https:\/\/cleverkids.ee\/wp-content\/uploads\/2024\/02\/image0-1024x1024.png\",\"width\":1024,\"height\":1024,\"caption\":\"CLEVER KIDS\"},\"image\":{\"@id\":\"https:\/\/cleverkids.ee\/et\/#\/schema\/logo\/image\/\"},\"sameAs\":[\"https:\/\/www.facebook.com\/cleverkids.ee\/\",\"https:\/\/www.instagram.com\/cleverkids_ee\/\"]}]}<\/script>\n<!-- \/ Yoast SEO plugin. -->","yoast_head_json":{"title":"Kleepsuraamat \u201eTuli, vesi ja elekter\u201c \u2013 16 lk, 78 kleepsu -","description":"Kleepsuraamat \u201eTuli, vesi ja elekter\u201c \u2013 16 lk, 78 kleepsu - CLEVER KIDS","robots":{"index":"index","follow":"follow","max-snippet":"max-snippet:-1","max-image-preview":"max-image-preview:large","max-video-preview":"max-video-preview:-1"},"canonical":"https:\/\/cleverkids.ee\/et\/product\/kleepsuraamat-tuli-vesi-ja-elekter-16-lk-78-kleepsu\/","og_locale":"et_EE","og_type":"article","og_title":"Kleepsuraamat \u201eTuli, vesi ja elekter\u201c \u2013 16 lk, 78 kleepsu -","og_description":"Kleepsuraamat \u201eTuli, vesi ja elekter\u201c \u2013 16 lk, 78 kleepsu - CLEVER KIDS","og_url":"https:\/\/cleverkids.ee\/et\/product\/kleepsuraamat-tuli-vesi-ja-elekter-16-lk-78-kleepsu\/","og_site_name":"CLEVER KIDS","article_publisher":"https:\/\/www.facebook.com\/cleverkids.ee\/","article_modified_time":"2025-08-04T15:16:37+00:00","og_image":[{"width":1600,"height":1600,"url":"https:\/\/cleverkids.ee\/wp-content\/uploads\/2025\/08\/1600-64.jpg","type":"image\/jpeg"}],"twitter_card":"summary_large_image","twitter_misc":{"Est. reading time":"1 minut"},"schema":{"@context":"https:\/\/schema.org","@graph":[{"@type":"WebPage","@id":"https:\/\/cleverkids.ee\/et\/product\/kleepsuraamat-tuli-vesi-ja-elekter-16-lk-78-kleepsu\/","url":"https:\/\/cleverkids.ee\/et\/product\/kleepsuraamat-tuli-vesi-ja-elekter-16-lk-78-kleepsu\/","name":"Kleepsuraamat \u201eTuli, vesi ja elekter\u201c \u2013 16 lk, 78 kleepsu -","isPartOf":{"@id":"https:\/\/cleverkids.ee\/et\/#website"},"primaryImageOfPage":{"@id":"https:\/\/cleverkids.ee\/et\/product\/kleepsuraamat-tuli-vesi-ja-elekter-16-lk-78-kleepsu\/#primaryimage"},"image":{"@id":"https:\/\/cleverkids.ee\/et\/product\/kleepsuraamat-tuli-vesi-ja-elekter-16-lk-78-kleepsu\/#primaryimage"},"thumbnailUrl":"https:\/\/cleverkids.ee\/wp-content\/uploads\/2025\/08\/1600-64.jpg","datePublished":"2025-08-04T15:10:20+00:00","dateModified":"2025-08-04T15:16:37+00:00","description":"Kleepsuraamat \u201eTuli, vesi ja elekter\u201c \u2013 16 lk, 78 kleepsu - CLEVER KIDS","breadcrumb":{"@id":"https:\/\/cleverkids.ee\/et\/product\/kleepsuraamat-tuli-vesi-ja-elekter-16-lk-78-kleepsu\/#breadcrumb"},"inLanguage":"et","potentialAction":[{"@type":"ReadAction","target":["https:\/\/cleverkids.ee\/et\/product\/kleepsuraamat-tuli-vesi-ja-elekter-16-lk-78-kleepsu\/"]}]},{"@type":"ImageObject","inLanguage":"et","@id":"https:\/\/cleverkids.ee\/et\/product\/kleepsuraamat-tuli-vesi-ja-elekter-16-lk-78-kleepsu\/#primaryimage","url":"https:\/\/cleverkids.ee\/wp-content\/uploads\/2025\/08\/1600-64.jpg","contentUrl":"https:\/\/cleverkids.ee\/wp-content\/uploads\/2025\/08\/1600-64.jpg","width":1600,"height":1600,"caption":"\u041a\u043d\u0438\u0433\u0430 \u0441 \u043d\u0430\u043a\u043b\u0435\u0439\u043a\u0430\u043c\u0438 \u00ab\u041e\u0433\u043e\u043d\u044c, \u0432\u043e\u0434\u0430 \u0438 \u044d\u043b\u0435\u043a\u0442\u0440\u0438\u0447\u0435\u0441\u0442\u0432\u043e\u00bb"},{"@type":"BreadcrumbList","@id":"https:\/\/cleverkids.ee\/et\/product\/kleepsuraamat-tuli-vesi-ja-elekter-16-lk-78-kleepsu\/#breadcrumb","itemListElement":[{"@type":"ListItem","position":1,"name":"Esileht","item":"https:\/\/cleverkids.ee\/et\/"},{"@type":"ListItem","position":2,"name":"Tooted","item":"https:\/\/cleverkids.ee\/store\/"},{"@type":"ListItem","position":3,"name":"Kleepsuraamat \u201eTuli, vesi ja elekter\u201c \u2013 16 lk, 78 kleepsu"}]},{"@type":"WebSite","@id":"https:\/\/cleverkids.ee\/et\/#website","url":"https:\/\/cleverkids.ee\/et\/","name":"CLEVER KIDS","description":"","publisher":{"@id":"https:\/\/cleverkids.ee\/et\/#organization"},"potentialAction":[{"@type":"SearchAction","target":{"@type":"EntryPoint","urlTemplate":"https:\/\/cleverkids.ee\/et\/?s={search_term_string}"},"query-input":{"@type":"PropertyValueSpecification","valueRequired":true,"valueName":"search_term_string"}}],"inLanguage":"et"},{"@type":"Organization","@id":"https:\/\/cleverkids.ee\/et\/#organization","name":"CLEVER KIDS","url":"https:\/\/cleverkids.ee\/et\/","logo":{"@type":"ImageObject","inLanguage":"et","@id":"https:\/\/cleverkids.ee\/et\/#\/schema\/logo\/image\/","url":"https:\/\/cleverkids.ee\/wp-content\/uploads\/2024\/02\/image0-1024x1024.png","contentUrl":"https:\/\/cleverkids.ee\/wp-content\/uploads\/2024\/02\/image0-1024x1024.png","width":1024,"height":1024,"caption":"CLEVER KIDS"},"image":{"@id":"https:\/\/cleverkids.ee\/et\/#\/schema\/logo\/image\/"},"sameAs":["https:\/\/www.facebook.com\/cleverkids.ee\/","https:\/\/www.instagram.com\/cleverkids_ee\/"]}]}},"_links":{"self":[{"href":"https:\/\/cleverkids.ee\/et\/wp-json\/wp\/v2\/product\/75338","targetHints":{"allow":["GET"]}}],"collection":[{"href":"https:\/\/cleverkids.ee\/et\/wp-json\/wp\/v2\/product"}],"about":[{"href":"https:\/\/cleverkids.ee\/et\/wp-json\/wp\/v2\/types\/product"}],"wp:featuredmedia":[{"embeddable":true,"href":"https:\/\/cleverkids.ee\/et\/wp-json\/wp\/v2\/media\/75326"}],"wp:attachment":[{"href":"https:\/\/cleverkids.ee\/et\/wp-json\/wp\/v2\/media?parent=75338"}],"wp:term":[{"taxonomy":"product_brand","embeddable":true,"href":"https:\/\/cleverkids.ee\/et\/wp-json\/wp\/v2\/product_brand?post=75338"},{"taxonomy":"product_cat","embeddable":true,"href":"https:\/\/cleverkids.ee\/et\/wp-json\/wp\/v2\/product_cat?post=75338"},{"taxonomy":"product_tag","embeddable":true,"href":"https:\/\/cleverkids.ee\/et\/wp-json\/wp\/v2\/product_tag?post=75338"}],"curies":[{"name":"wp","href":"https:\/\/api.w.org\/{rel}","templated":true}]}}