{"id":75391,"date":"2025-08-04T21:01:18","date_gmt":"2025-08-04T18:01:18","guid":{"rendered":"https:\/\/cleverkids.ee\/\u041f\u0440\u043e\u0434\u0443\u043a\u0442\/entsiklopediya-v-skazkah-kak-ustroen-chelovek-48-str\/"},"modified":"2025-08-04T21:03:26","modified_gmt":"2025-08-04T18:03:26","slug":"entsuklopeedia-muinasjuttudes-kuidas-inimene-toimib-48-lk","status":"publish","type":"product","link":"https:\/\/cleverkids.ee\/et\/product\/entsuklopeedia-muinasjuttudes-kuidas-inimene-toimib-48-lk\/","title":{"rendered":"Ents\u00fcklopeedia muinasjuttudes \u201eKuidas inimene toimib?\u201c \u2013 48 lk"},"content":{"rendered":"<p>V\u00e4rvikas ja lihtsasti m\u00f5istetav raamat selgitab 5+ vanuses lastele, kuidas t\u00f6\u00f6tab inimkeha. L\u00fchikesed lood ja pildid vastavad populaarsetele k\u00fcsimustele: miks s\u00fcda l\u00f6\u00f6b, kust tulevad unen\u00e4od, miks p\u00f5sed k\u00fclmaga punaseks l\u00e4hevad jne.<br data-start=\"351\" data-end=\"354\" \/><strong data-start=\"354\" data-end=\"365\">M\u00f5\u00f5dud:<\/strong> 21,5 \u00d7 16,5 cm.<\/p>\n","protected":false},"excerpt":{"rendered":"<p>V\u00e4rvikas ja lihtsasti m\u00f5istetav raamat selgitab 5+ vanuses lastele, kuidas t\u00f6\u00f6tab inimkeha. L\u00fchikesed lood ja pildid vastavad populaarsetele k\u00fcsimustele: miks s\u00fcda l\u00f6\u00f6b, kust tulevad unen\u00e4od, miks p\u00f5sed k\u00fclmaga punaseks l\u00e4hevad jne.M\u00f5\u00f5dud: 21,5 \u00d7 16,5 cm.<\/p>\n","protected":false},"featured_media":75390,"template":"","meta":{"_monsterinsights_skip_tracking":false,"_monsterinsights_sitenote_active":false,"_monsterinsights_sitenote_note":"","_monsterinsights_sitenote_category":0},"product_brand":[],"product_cat":[54,58],"product_tag":[],"class_list":{"0":"post-75391","1":"product","2":"type-product","3":"status-publish","4":"has-post-thumbnail","6":"product_cat-raamatud-vene-keeles","7":"product_cat-unkategorized","8":"pa_vozrast-ot-5-let-et","10":"first","11":"instock","12":"shipping-taxable","13":"purchasable","14":"product-type-simple"},"yoast_head":"<!-- This site is optimized with the Yoast SEO plugin v25.0 - https:\/\/yoast.com\/wordpress\/plugins\/seo\/ -->\n<title>Ents\u00fcklopeedia muinasjuttudes \u201eKuidas inimene toimib?\u201c \u2013 48 lk -<\/title>\n<meta name=\"description\" content=\"Ents\u00fcklopeedia muinasjuttudes \u201eKuidas inimene toimib?\u201c \u2013 48 lk - CLEVER KIDS\" \/>\n<meta name=\"robots\" content=\"index, follow, max-snippet:-1, max-image-preview:large, max-video-preview:-1\" \/>\n<link rel=\"canonical\" href=\"https:\/\/cleverkids.ee\/et\/product\/entsuklopeedia-muinasjuttudes-kuidas-inimene-toimib-48-lk\/\" \/>\n<meta property=\"og:locale\" content=\"et_EE\" \/>\n<meta property=\"og:type\" content=\"article\" \/>\n<meta property=\"og:title\" content=\"Ents\u00fcklopeedia muinasjuttudes \u201eKuidas inimene toimib?\u201c \u2013 48 lk -\" \/>\n<meta property=\"og:description\" content=\"Ents\u00fcklopeedia muinasjuttudes \u201eKuidas inimene toimib?\u201c \u2013 48 lk - CLEVER KIDS\" \/>\n<meta property=\"og:url\" content=\"https:\/\/cleverkids.ee\/et\/product\/entsuklopeedia-muinasjuttudes-kuidas-inimene-toimib-48-lk\/\" \/>\n<meta property=\"og:site_name\" content=\"CLEVER KIDS\" \/>\n<meta property=\"article:publisher\" content=\"https:\/\/www.facebook.com\/cleverkids.ee\/\" \/>\n<meta property=\"article:modified_time\" content=\"2025-08-04T18:03:26+00:00\" \/>\n<meta property=\"og:image\" content=\"https:\/\/cleverkids.ee\/wp-content\/uploads\/2025\/08\/12842290.jpg\" \/>\n\t<meta property=\"og:image:width\" content=\"1080\" \/>\n\t<meta property=\"og:image:height\" content=\"1059\" \/>\n\t<meta property=\"og:image:type\" content=\"image\/jpeg\" \/>\n<meta name=\"twitter:card\" content=\"summary_large_image\" \/>\n<meta name=\"twitter:label1\" content=\"Est. reading time\" \/>\n\t<meta name=\"twitter:data1\" content=\"1 minut\" \/>\n<script type=\"application\/ld+json\" class=\"yoast-schema-graph\">{\"@context\":\"https:\/\/schema.org\",\"@graph\":[{\"@type\":\"WebPage\",\"@id\":\"https:\/\/cleverkids.ee\/et\/product\/entsuklopeedia-muinasjuttudes-kuidas-inimene-toimib-48-lk\/\",\"url\":\"https:\/\/cleverkids.ee\/et\/product\/entsuklopeedia-muinasjuttudes-kuidas-inimene-toimib-48-lk\/\",\"name\":\"Ents\u00fcklopeedia muinasjuttudes \u201eKuidas inimene toimib?\u201c \u2013 48 lk -\",\"isPartOf\":{\"@id\":\"https:\/\/cleverkids.ee\/et\/#website\"},\"primaryImageOfPage\":{\"@id\":\"https:\/\/cleverkids.ee\/et\/product\/entsuklopeedia-muinasjuttudes-kuidas-inimene-toimib-48-lk\/#primaryimage\"},\"image\":{\"@id\":\"https:\/\/cleverkids.ee\/et\/product\/entsuklopeedia-muinasjuttudes-kuidas-inimene-toimib-48-lk\/#primaryimage\"},\"thumbnailUrl\":\"https:\/\/cleverkids.ee\/wp-content\/uploads\/2025\/08\/12842290.jpg\",\"datePublished\":\"2025-08-04T18:01:18+00:00\",\"dateModified\":\"2025-08-04T18:03:26+00:00\",\"description\":\"Ents\u00fcklopeedia muinasjuttudes \u201eKuidas inimene toimib?\u201c \u2013 48 lk - CLEVER KIDS\",\"breadcrumb\":{\"@id\":\"https:\/\/cleverkids.ee\/et\/product\/entsuklopeedia-muinasjuttudes-kuidas-inimene-toimib-48-lk\/#breadcrumb\"},\"inLanguage\":\"et\",\"potentialAction\":[{\"@type\":\"ReadAction\",\"target\":[\"https:\/\/cleverkids.ee\/et\/product\/entsuklopeedia-muinasjuttudes-kuidas-inimene-toimib-48-lk\/\"]}]},{\"@type\":\"ImageObject\",\"inLanguage\":\"et\",\"@id\":\"https:\/\/cleverkids.ee\/et\/product\/entsuklopeedia-muinasjuttudes-kuidas-inimene-toimib-48-lk\/#primaryimage\",\"url\":\"https:\/\/cleverkids.ee\/wp-content\/uploads\/2025\/08\/12842290.jpg\",\"contentUrl\":\"https:\/\/cleverkids.ee\/wp-content\/uploads\/2025\/08\/12842290.jpg\",\"width\":1080,\"height\":1059,\"caption\":\"\u042d\u043d\u0446\u0438\u043a\u043b\u043e\u043f\u0435\u0434\u0438\u044f \u0432 \u0441\u043a\u0430\u0437\u043a\u0430\u0445 \u00ab\u041a\u0430\u043a \u0443\u0441\u0442\u0440\u043e\u0435\u043d \u0447\u0435\u043b\u043e\u0432\u0435\u043a?\u00bb, 48 \u0441\u0442\u0440.\"},{\"@type\":\"BreadcrumbList\",\"@id\":\"https:\/\/cleverkids.ee\/et\/product\/entsuklopeedia-muinasjuttudes-kuidas-inimene-toimib-48-lk\/#breadcrumb\",\"itemListElement\":[{\"@type\":\"ListItem\",\"position\":1,\"name\":\"Esileht\",\"item\":\"https:\/\/cleverkids.ee\/et\/\"},{\"@type\":\"ListItem\",\"position\":2,\"name\":\"Tooted\",\"item\":\"https:\/\/cleverkids.ee\/store\/\"},{\"@type\":\"ListItem\",\"position\":3,\"name\":\"Ents\u00fcklopeedia muinasjuttudes \u201eKuidas inimene toimib?\u201c \u2013 48 lk\"}]},{\"@type\":\"WebSite\",\"@id\":\"https:\/\/cleverkids.ee\/et\/#website\",\"url\":\"https:\/\/cleverkids.ee\/et\/\",\"name\":\"CLEVER KIDS\",\"description\":\"\",\"publisher\":{\"@id\":\"https:\/\/cleverkids.ee\/et\/#organization\"},\"potentialAction\":[{\"@type\":\"SearchAction\",\"target\":{\"@type\":\"EntryPoint\",\"urlTemplate\":\"https:\/\/cleverkids.ee\/et\/?s={search_term_string}\"},\"query-input\":{\"@type\":\"PropertyValueSpecification\",\"valueRequired\":true,\"valueName\":\"search_term_string\"}}],\"inLanguage\":\"et\"},{\"@type\":\"Organization\",\"@id\":\"https:\/\/cleverkids.ee\/et\/#organization\",\"name\":\"CLEVER KIDS\",\"url\":\"https:\/\/cleverkids.ee\/et\/\",\"logo\":{\"@type\":\"ImageObject\",\"inLanguage\":\"et\",\"@id\":\"https:\/\/cleverkids.ee\/et\/#\/schema\/logo\/image\/\",\"url\":\"https:\/\/cleverkids.ee\/wp-content\/uploads\/2024\/02\/image0-1024x1024.png\",\"contentUrl\":\"https:\/\/cleverkids.ee\/wp-content\/uploads\/2024\/02\/image0-1024x1024.png\",\"width\":1024,\"height\":1024,\"caption\":\"CLEVER KIDS\"},\"image\":{\"@id\":\"https:\/\/cleverkids.ee\/et\/#\/schema\/logo\/image\/\"},\"sameAs\":[\"https:\/\/www.facebook.com\/cleverkids.ee\/\",\"https:\/\/www.instagram.com\/cleverkids_ee\/\"]}]}<\/script>\n<!-- \/ Yoast SEO plugin. -->","yoast_head_json":{"title":"Ents\u00fcklopeedia muinasjuttudes \u201eKuidas inimene toimib?\u201c \u2013 48 lk -","description":"Ents\u00fcklopeedia muinasjuttudes \u201eKuidas inimene toimib?\u201c \u2013 48 lk - CLEVER KIDS","robots":{"index":"index","follow":"follow","max-snippet":"max-snippet:-1","max-image-preview":"max-image-preview:large","max-video-preview":"max-video-preview:-1"},"canonical":"https:\/\/cleverkids.ee\/et\/product\/entsuklopeedia-muinasjuttudes-kuidas-inimene-toimib-48-lk\/","og_locale":"et_EE","og_type":"article","og_title":"Ents\u00fcklopeedia muinasjuttudes \u201eKuidas inimene toimib?\u201c \u2013 48 lk -","og_description":"Ents\u00fcklopeedia muinasjuttudes \u201eKuidas inimene toimib?\u201c \u2013 48 lk - CLEVER KIDS","og_url":"https:\/\/cleverkids.ee\/et\/product\/entsuklopeedia-muinasjuttudes-kuidas-inimene-toimib-48-lk\/","og_site_name":"CLEVER KIDS","article_publisher":"https:\/\/www.facebook.com\/cleverkids.ee\/","article_modified_time":"2025-08-04T18:03:26+00:00","og_image":[{"width":1080,"height":1059,"url":"https:\/\/cleverkids.ee\/wp-content\/uploads\/2025\/08\/12842290.jpg","type":"image\/jpeg"}],"twitter_card":"summary_large_image","twitter_misc":{"Est. reading time":"1 minut"},"schema":{"@context":"https:\/\/schema.org","@graph":[{"@type":"WebPage","@id":"https:\/\/cleverkids.ee\/et\/product\/entsuklopeedia-muinasjuttudes-kuidas-inimene-toimib-48-lk\/","url":"https:\/\/cleverkids.ee\/et\/product\/entsuklopeedia-muinasjuttudes-kuidas-inimene-toimib-48-lk\/","name":"Ents\u00fcklopeedia muinasjuttudes \u201eKuidas inimene toimib?\u201c \u2013 48 lk -","isPartOf":{"@id":"https:\/\/cleverkids.ee\/et\/#website"},"primaryImageOfPage":{"@id":"https:\/\/cleverkids.ee\/et\/product\/entsuklopeedia-muinasjuttudes-kuidas-inimene-toimib-48-lk\/#primaryimage"},"image":{"@id":"https:\/\/cleverkids.ee\/et\/product\/entsuklopeedia-muinasjuttudes-kuidas-inimene-toimib-48-lk\/#primaryimage"},"thumbnailUrl":"https:\/\/cleverkids.ee\/wp-content\/uploads\/2025\/08\/12842290.jpg","datePublished":"2025-08-04T18:01:18+00:00","dateModified":"2025-08-04T18:03:26+00:00","description":"Ents\u00fcklopeedia muinasjuttudes \u201eKuidas inimene toimib?\u201c \u2013 48 lk - CLEVER KIDS","breadcrumb":{"@id":"https:\/\/cleverkids.ee\/et\/product\/entsuklopeedia-muinasjuttudes-kuidas-inimene-toimib-48-lk\/#breadcrumb"},"inLanguage":"et","potentialAction":[{"@type":"ReadAction","target":["https:\/\/cleverkids.ee\/et\/product\/entsuklopeedia-muinasjuttudes-kuidas-inimene-toimib-48-lk\/"]}]},{"@type":"ImageObject","inLanguage":"et","@id":"https:\/\/cleverkids.ee\/et\/product\/entsuklopeedia-muinasjuttudes-kuidas-inimene-toimib-48-lk\/#primaryimage","url":"https:\/\/cleverkids.ee\/wp-content\/uploads\/2025\/08\/12842290.jpg","contentUrl":"https:\/\/cleverkids.ee\/wp-content\/uploads\/2025\/08\/12842290.jpg","width":1080,"height":1059,"caption":"\u042d\u043d\u0446\u0438\u043a\u043b\u043e\u043f\u0435\u0434\u0438\u044f \u0432 \u0441\u043a\u0430\u0437\u043a\u0430\u0445 \u00ab\u041a\u0430\u043a \u0443\u0441\u0442\u0440\u043e\u0435\u043d \u0447\u0435\u043b\u043e\u0432\u0435\u043a?\u00bb, 48 \u0441\u0442\u0440."},{"@type":"BreadcrumbList","@id":"https:\/\/cleverkids.ee\/et\/product\/entsuklopeedia-muinasjuttudes-kuidas-inimene-toimib-48-lk\/#breadcrumb","itemListElement":[{"@type":"ListItem","position":1,"name":"Esileht","item":"https:\/\/cleverkids.ee\/et\/"},{"@type":"ListItem","position":2,"name":"Tooted","item":"https:\/\/cleverkids.ee\/store\/"},{"@type":"ListItem","position":3,"name":"Ents\u00fcklopeedia muinasjuttudes \u201eKuidas inimene toimib?\u201c \u2013 48 lk"}]},{"@type":"WebSite","@id":"https:\/\/cleverkids.ee\/et\/#website","url":"https:\/\/cleverkids.ee\/et\/","name":"CLEVER KIDS","description":"","publisher":{"@id":"https:\/\/cleverkids.ee\/et\/#organization"},"potentialAction":[{"@type":"SearchAction","target":{"@type":"EntryPoint","urlTemplate":"https:\/\/cleverkids.ee\/et\/?s={search_term_string}"},"query-input":{"@type":"PropertyValueSpecification","valueRequired":true,"valueName":"search_term_string"}}],"inLanguage":"et"},{"@type":"Organization","@id":"https:\/\/cleverkids.ee\/et\/#organization","name":"CLEVER KIDS","url":"https:\/\/cleverkids.ee\/et\/","logo":{"@type":"ImageObject","inLanguage":"et","@id":"https:\/\/cleverkids.ee\/et\/#\/schema\/logo\/image\/","url":"https:\/\/cleverkids.ee\/wp-content\/uploads\/2024\/02\/image0-1024x1024.png","contentUrl":"https:\/\/cleverkids.ee\/wp-content\/uploads\/2024\/02\/image0-1024x1024.png","width":1024,"height":1024,"caption":"CLEVER KIDS"},"image":{"@id":"https:\/\/cleverkids.ee\/et\/#\/schema\/logo\/image\/"},"sameAs":["https:\/\/www.facebook.com\/cleverkids.ee\/","https:\/\/www.instagram.com\/cleverkids_ee\/"]}]}},"_links":{"self":[{"href":"https:\/\/cleverkids.ee\/et\/wp-json\/wp\/v2\/product\/75391","targetHints":{"allow":["GET"]}}],"collection":[{"href":"https:\/\/cleverkids.ee\/et\/wp-json\/wp\/v2\/product"}],"about":[{"href":"https:\/\/cleverkids.ee\/et\/wp-json\/wp\/v2\/types\/product"}],"wp:featuredmedia":[{"embeddable":true,"href":"https:\/\/cleverkids.ee\/et\/wp-json\/wp\/v2\/media\/75390"}],"wp:attachment":[{"href":"https:\/\/cleverkids.ee\/et\/wp-json\/wp\/v2\/media?parent=75391"}],"wp:term":[{"taxonomy":"product_brand","embeddable":true,"href":"https:\/\/cleverkids.ee\/et\/wp-json\/wp\/v2\/product_brand?post=75391"},{"taxonomy":"product_cat","embeddable":true,"href":"https:\/\/cleverkids.ee\/et\/wp-json\/wp\/v2\/product_cat?post=75391"},{"taxonomy":"product_tag","embeddable":true,"href":"https:\/\/cleverkids.ee\/et\/wp-json\/wp\/v2\/product_tag?post=75391"}],"curies":[{"name":"wp","href":"https:\/\/api.w.org\/{rel}","templated":true}]}}