{"id":75401,"date":"2025-08-04T21:19:07","date_gmt":"2025-08-04T18:19:07","guid":{"rendered":"https:\/\/cleverkids.ee\/\u041f\u0440\u043e\u0434\u0443\u043a\u0442\/tetrad-mnogorazovaya-razvivayushhaya-reshaj-i-stiraj-igraj-mnogo-mnogo-raz-a4-40-zadanij\/"},"modified":"2025-08-04T21:22:13","modified_gmt":"2025-08-04T18:22:13","slug":"korduvkasutatav-toovihik-lahenda-ja-kustuta-mangi-ikka-ja-jalle-a4-formaat-40-ulesannet","status":"publish","type":"product","link":"https:\/\/cleverkids.ee\/et\/product\/korduvkasutatav-toovihik-lahenda-ja-kustuta-mangi-ikka-ja-jalle-a4-formaat-40-ulesannet\/","title":{"rendered":"Korduvkasutatav t\u00f6\u00f6vihik \u201eLahenda ja kustuta. M\u00e4ngi ikka ja j\u00e4lle\u201c \u2013 A4 formaat, 40 \u00fclesannet"},"content":{"rendered":"<p data-start=\"74\" data-end=\"163\"><strong data-start=\"74\" data-end=\"163\">Korduvkasutatav t\u00f6\u00f6vihik \u201eLahenda ja kustuta. M\u00e4ngi ikka ja j\u00e4lle\u201c \u2013 A4, 40 \u00fclesannet<\/strong><\/p>\n<p data-start=\"165\" data-end=\"474\" data-is-last-node=\"\" data-is-only-node=\"\">Ideaalne arendav vihik 2+ vanuses lastele, kes alles avastavad maailma. Sisaldab 40 l\u00f5busat \u00fclesannet peenmotoorika ja m\u00f5tlemise arendamiseks. Suur A4 formaat sobib h\u00e4sti v\u00e4ikestele k\u00e4tele.<br data-start=\"354\" data-end=\"357\" \/>T\u00e4nu kustutatavale pinnale saab \u00fclesandeid korduvalt lahendada \u2013 praktiline ja \u00f6konoomne valik nutikatele vanematele.<\/p>\n","protected":false},"excerpt":{"rendered":"<p>Korduvkasutatav t\u00f6\u00f6vihik \u201eLahenda ja kustuta. M\u00e4ngi ikka ja j\u00e4lle\u201c \u2013 A4, 40 \u00fclesannet Ideaalne arendav vihik 2+ vanuses lastele, kes alles avastavad maailma. Sisaldab 40 l\u00f5busat \u00fclesannet peenmotoorika ja m\u00f5tlemise arendamiseks. Suur A4 formaat sobib h\u00e4sti v\u00e4ikestele k\u00e4tele.T\u00e4nu kustutatavale pinnale saab \u00fclesandeid korduvalt lahendada \u2013 praktiline ja \u00f6konoomne valik nutikatele vanematele.<\/p>\n","protected":false},"featured_media":75400,"template":"","meta":{"_monsterinsights_skip_tracking":false,"_monsterinsights_sitenote_active":false,"_monsterinsights_sitenote_note":"","_monsterinsights_sitenote_category":0},"product_brand":[],"product_cat":[51,58],"product_tag":[],"class_list":{"0":"post-75401","1":"product","2":"type-product","3":"status-publish","4":"has-post-thumbnail","6":"product_cat-arendavad-vihikud-vene-keeles","7":"product_cat-unkategorized","8":"pa_vozrast-ot-polutora-do-treh-let-et","10":"first","11":"instock","12":"shipping-taxable","13":"purchasable","14":"product-type-simple"},"yoast_head":"<!-- This site is optimized with the Yoast SEO plugin v25.0 - https:\/\/yoast.com\/wordpress\/plugins\/seo\/ -->\n<title>Korduvkasutatav t\u00f6\u00f6vihik \u201eLahenda ja kustuta. M\u00e4ngi ikka ja j\u00e4lle\u201c \u2013 A4 formaat, 40 \u00fclesannet -<\/title>\n<meta name=\"description\" content=\"Korduvkasutatav t\u00f6\u00f6vihik \u201eLahenda ja kustuta. M\u00e4ngi ikka ja j\u00e4lle\u201c \u2013 A4 formaat, 40 \u00fclesannet - CLEVER KIDS\" \/>\n<meta name=\"robots\" content=\"index, follow, max-snippet:-1, max-image-preview:large, max-video-preview:-1\" \/>\n<link rel=\"canonical\" href=\"https:\/\/cleverkids.ee\/et\/product\/korduvkasutatav-toovihik-lahenda-ja-kustuta-mangi-ikka-ja-jalle-a4-formaat-40-ulesannet\/\" \/>\n<meta property=\"og:locale\" content=\"et_EE\" \/>\n<meta property=\"og:type\" content=\"article\" \/>\n<meta property=\"og:title\" content=\"Korduvkasutatav t\u00f6\u00f6vihik \u201eLahenda ja kustuta. M\u00e4ngi ikka ja j\u00e4lle\u201c \u2013 A4 formaat, 40 \u00fclesannet -\" \/>\n<meta property=\"og:description\" content=\"Korduvkasutatav t\u00f6\u00f6vihik \u201eLahenda ja kustuta. M\u00e4ngi ikka ja j\u00e4lle\u201c \u2013 A4 formaat, 40 \u00fclesannet - CLEVER KIDS\" \/>\n<meta property=\"og:url\" content=\"https:\/\/cleverkids.ee\/et\/product\/korduvkasutatav-toovihik-lahenda-ja-kustuta-mangi-ikka-ja-jalle-a4-formaat-40-ulesannet\/\" \/>\n<meta property=\"og:site_name\" content=\"CLEVER KIDS\" \/>\n<meta property=\"article:publisher\" content=\"https:\/\/www.facebook.com\/cleverkids.ee\/\" \/>\n<meta property=\"article:modified_time\" content=\"2025-08-04T18:22:13+00:00\" \/>\n<meta property=\"og:image\" content=\"https:\/\/cleverkids.ee\/wp-content\/uploads\/2025\/08\/1600-64-3.jpg\" \/>\n\t<meta property=\"og:image:width\" content=\"1600\" \/>\n\t<meta property=\"og:image:height\" content=\"1600\" \/>\n\t<meta property=\"og:image:type\" content=\"image\/jpeg\" \/>\n<meta name=\"twitter:card\" content=\"summary_large_image\" \/>\n<meta name=\"twitter:label1\" content=\"Est. reading time\" \/>\n\t<meta name=\"twitter:data1\" content=\"2 minutit\" \/>\n<script type=\"application\/ld+json\" class=\"yoast-schema-graph\">{\"@context\":\"https:\/\/schema.org\",\"@graph\":[{\"@type\":\"WebPage\",\"@id\":\"https:\/\/cleverkids.ee\/et\/product\/korduvkasutatav-toovihik-lahenda-ja-kustuta-mangi-ikka-ja-jalle-a4-formaat-40-ulesannet\/\",\"url\":\"https:\/\/cleverkids.ee\/et\/product\/korduvkasutatav-toovihik-lahenda-ja-kustuta-mangi-ikka-ja-jalle-a4-formaat-40-ulesannet\/\",\"name\":\"Korduvkasutatav t\u00f6\u00f6vihik \u201eLahenda ja kustuta. M\u00e4ngi ikka ja j\u00e4lle\u201c \u2013 A4 formaat, 40 \u00fclesannet -\",\"isPartOf\":{\"@id\":\"https:\/\/cleverkids.ee\/et\/#website\"},\"primaryImageOfPage\":{\"@id\":\"https:\/\/cleverkids.ee\/et\/product\/korduvkasutatav-toovihik-lahenda-ja-kustuta-mangi-ikka-ja-jalle-a4-formaat-40-ulesannet\/#primaryimage\"},\"image\":{\"@id\":\"https:\/\/cleverkids.ee\/et\/product\/korduvkasutatav-toovihik-lahenda-ja-kustuta-mangi-ikka-ja-jalle-a4-formaat-40-ulesannet\/#primaryimage\"},\"thumbnailUrl\":\"https:\/\/cleverkids.ee\/wp-content\/uploads\/2025\/08\/1600-64-3.jpg\",\"datePublished\":\"2025-08-04T18:19:07+00:00\",\"dateModified\":\"2025-08-04T18:22:13+00:00\",\"description\":\"Korduvkasutatav t\u00f6\u00f6vihik \u201eLahenda ja kustuta. M\u00e4ngi ikka ja j\u00e4lle\u201c \u2013 A4 formaat, 40 \u00fclesannet - CLEVER KIDS\",\"breadcrumb\":{\"@id\":\"https:\/\/cleverkids.ee\/et\/product\/korduvkasutatav-toovihik-lahenda-ja-kustuta-mangi-ikka-ja-jalle-a4-formaat-40-ulesannet\/#breadcrumb\"},\"inLanguage\":\"et\",\"potentialAction\":[{\"@type\":\"ReadAction\",\"target\":[\"https:\/\/cleverkids.ee\/et\/product\/korduvkasutatav-toovihik-lahenda-ja-kustuta-mangi-ikka-ja-jalle-a4-formaat-40-ulesannet\/\"]}]},{\"@type\":\"ImageObject\",\"inLanguage\":\"et\",\"@id\":\"https:\/\/cleverkids.ee\/et\/product\/korduvkasutatav-toovihik-lahenda-ja-kustuta-mangi-ikka-ja-jalle-a4-formaat-40-ulesannet\/#primaryimage\",\"url\":\"https:\/\/cleverkids.ee\/wp-content\/uploads\/2025\/08\/1600-64-3.jpg\",\"contentUrl\":\"https:\/\/cleverkids.ee\/wp-content\/uploads\/2025\/08\/1600-64-3.jpg\",\"width\":1600,\"height\":1600,\"caption\":\"\u0422\u0435\u0442\u0440\u0430\u0434\u044c \u043c\u043d\u043e\u0433\u043e\u0440\u0430\u0437\u043e\u0432\u0430\u044f \u0440\u0430\u0437\u0432\u0438\u0432\u0430\u044e\u0449\u0430\u044f \u00ab\u0420\u0435\u0448\u0430\u0439 \u0438 \u0441\u0442\u0438\u0440\u0430\u0439. \u0418\u0433\u0440\u0430\u0439 \u043c\u043d\u043e\u0433\u043e-\u043c\u043d\u043e\u0433\u043e \u0440\u0430\u0437\u00bb, \u04104, 40 \u0437\u0430\u0434\u0430\u043d\u0438\u0439\"},{\"@type\":\"BreadcrumbList\",\"@id\":\"https:\/\/cleverkids.ee\/et\/product\/korduvkasutatav-toovihik-lahenda-ja-kustuta-mangi-ikka-ja-jalle-a4-formaat-40-ulesannet\/#breadcrumb\",\"itemListElement\":[{\"@type\":\"ListItem\",\"position\":1,\"name\":\"Esileht\",\"item\":\"https:\/\/cleverkids.ee\/et\/\"},{\"@type\":\"ListItem\",\"position\":2,\"name\":\"Tooted\",\"item\":\"https:\/\/cleverkids.ee\/store\/\"},{\"@type\":\"ListItem\",\"position\":3,\"name\":\"Korduvkasutatav t\u00f6\u00f6vihik \u201eLahenda ja kustuta. M\u00e4ngi ikka ja j\u00e4lle\u201c \u2013 A4 formaat, 40 \u00fclesannet\"}]},{\"@type\":\"WebSite\",\"@id\":\"https:\/\/cleverkids.ee\/et\/#website\",\"url\":\"https:\/\/cleverkids.ee\/et\/\",\"name\":\"CLEVER KIDS\",\"description\":\"\",\"publisher\":{\"@id\":\"https:\/\/cleverkids.ee\/et\/#organization\"},\"potentialAction\":[{\"@type\":\"SearchAction\",\"target\":{\"@type\":\"EntryPoint\",\"urlTemplate\":\"https:\/\/cleverkids.ee\/et\/?s={search_term_string}\"},\"query-input\":{\"@type\":\"PropertyValueSpecification\",\"valueRequired\":true,\"valueName\":\"search_term_string\"}}],\"inLanguage\":\"et\"},{\"@type\":\"Organization\",\"@id\":\"https:\/\/cleverkids.ee\/et\/#organization\",\"name\":\"CLEVER KIDS\",\"url\":\"https:\/\/cleverkids.ee\/et\/\",\"logo\":{\"@type\":\"ImageObject\",\"inLanguage\":\"et\",\"@id\":\"https:\/\/cleverkids.ee\/et\/#\/schema\/logo\/image\/\",\"url\":\"https:\/\/cleverkids.ee\/wp-content\/uploads\/2024\/02\/image0-1024x1024.png\",\"contentUrl\":\"https:\/\/cleverkids.ee\/wp-content\/uploads\/2024\/02\/image0-1024x1024.png\",\"width\":1024,\"height\":1024,\"caption\":\"CLEVER KIDS\"},\"image\":{\"@id\":\"https:\/\/cleverkids.ee\/et\/#\/schema\/logo\/image\/\"},\"sameAs\":[\"https:\/\/www.facebook.com\/cleverkids.ee\/\",\"https:\/\/www.instagram.com\/cleverkids_ee\/\"]}]}<\/script>\n<!-- \/ Yoast SEO plugin. -->","yoast_head_json":{"title":"Korduvkasutatav t\u00f6\u00f6vihik \u201eLahenda ja kustuta. M\u00e4ngi ikka ja j\u00e4lle\u201c \u2013 A4 formaat, 40 \u00fclesannet -","description":"Korduvkasutatav t\u00f6\u00f6vihik \u201eLahenda ja kustuta. M\u00e4ngi ikka ja j\u00e4lle\u201c \u2013 A4 formaat, 40 \u00fclesannet - CLEVER KIDS","robots":{"index":"index","follow":"follow","max-snippet":"max-snippet:-1","max-image-preview":"max-image-preview:large","max-video-preview":"max-video-preview:-1"},"canonical":"https:\/\/cleverkids.ee\/et\/product\/korduvkasutatav-toovihik-lahenda-ja-kustuta-mangi-ikka-ja-jalle-a4-formaat-40-ulesannet\/","og_locale":"et_EE","og_type":"article","og_title":"Korduvkasutatav t\u00f6\u00f6vihik \u201eLahenda ja kustuta. M\u00e4ngi ikka ja j\u00e4lle\u201c \u2013 A4 formaat, 40 \u00fclesannet -","og_description":"Korduvkasutatav t\u00f6\u00f6vihik \u201eLahenda ja kustuta. M\u00e4ngi ikka ja j\u00e4lle\u201c \u2013 A4 formaat, 40 \u00fclesannet - CLEVER KIDS","og_url":"https:\/\/cleverkids.ee\/et\/product\/korduvkasutatav-toovihik-lahenda-ja-kustuta-mangi-ikka-ja-jalle-a4-formaat-40-ulesannet\/","og_site_name":"CLEVER KIDS","article_publisher":"https:\/\/www.facebook.com\/cleverkids.ee\/","article_modified_time":"2025-08-04T18:22:13+00:00","og_image":[{"width":1600,"height":1600,"url":"https:\/\/cleverkids.ee\/wp-content\/uploads\/2025\/08\/1600-64-3.jpg","type":"image\/jpeg"}],"twitter_card":"summary_large_image","twitter_misc":{"Est. reading time":"2 minutit"},"schema":{"@context":"https:\/\/schema.org","@graph":[{"@type":"WebPage","@id":"https:\/\/cleverkids.ee\/et\/product\/korduvkasutatav-toovihik-lahenda-ja-kustuta-mangi-ikka-ja-jalle-a4-formaat-40-ulesannet\/","url":"https:\/\/cleverkids.ee\/et\/product\/korduvkasutatav-toovihik-lahenda-ja-kustuta-mangi-ikka-ja-jalle-a4-formaat-40-ulesannet\/","name":"Korduvkasutatav t\u00f6\u00f6vihik \u201eLahenda ja kustuta. M\u00e4ngi ikka ja j\u00e4lle\u201c \u2013 A4 formaat, 40 \u00fclesannet -","isPartOf":{"@id":"https:\/\/cleverkids.ee\/et\/#website"},"primaryImageOfPage":{"@id":"https:\/\/cleverkids.ee\/et\/product\/korduvkasutatav-toovihik-lahenda-ja-kustuta-mangi-ikka-ja-jalle-a4-formaat-40-ulesannet\/#primaryimage"},"image":{"@id":"https:\/\/cleverkids.ee\/et\/product\/korduvkasutatav-toovihik-lahenda-ja-kustuta-mangi-ikka-ja-jalle-a4-formaat-40-ulesannet\/#primaryimage"},"thumbnailUrl":"https:\/\/cleverkids.ee\/wp-content\/uploads\/2025\/08\/1600-64-3.jpg","datePublished":"2025-08-04T18:19:07+00:00","dateModified":"2025-08-04T18:22:13+00:00","description":"Korduvkasutatav t\u00f6\u00f6vihik \u201eLahenda ja kustuta. M\u00e4ngi ikka ja j\u00e4lle\u201c \u2013 A4 formaat, 40 \u00fclesannet - CLEVER KIDS","breadcrumb":{"@id":"https:\/\/cleverkids.ee\/et\/product\/korduvkasutatav-toovihik-lahenda-ja-kustuta-mangi-ikka-ja-jalle-a4-formaat-40-ulesannet\/#breadcrumb"},"inLanguage":"et","potentialAction":[{"@type":"ReadAction","target":["https:\/\/cleverkids.ee\/et\/product\/korduvkasutatav-toovihik-lahenda-ja-kustuta-mangi-ikka-ja-jalle-a4-formaat-40-ulesannet\/"]}]},{"@type":"ImageObject","inLanguage":"et","@id":"https:\/\/cleverkids.ee\/et\/product\/korduvkasutatav-toovihik-lahenda-ja-kustuta-mangi-ikka-ja-jalle-a4-formaat-40-ulesannet\/#primaryimage","url":"https:\/\/cleverkids.ee\/wp-content\/uploads\/2025\/08\/1600-64-3.jpg","contentUrl":"https:\/\/cleverkids.ee\/wp-content\/uploads\/2025\/08\/1600-64-3.jpg","width":1600,"height":1600,"caption":"\u0422\u0435\u0442\u0440\u0430\u0434\u044c \u043c\u043d\u043e\u0433\u043e\u0440\u0430\u0437\u043e\u0432\u0430\u044f \u0440\u0430\u0437\u0432\u0438\u0432\u0430\u044e\u0449\u0430\u044f \u00ab\u0420\u0435\u0448\u0430\u0439 \u0438 \u0441\u0442\u0438\u0440\u0430\u0439. \u0418\u0433\u0440\u0430\u0439 \u043c\u043d\u043e\u0433\u043e-\u043c\u043d\u043e\u0433\u043e \u0440\u0430\u0437\u00bb, \u04104, 40 \u0437\u0430\u0434\u0430\u043d\u0438\u0439"},{"@type":"BreadcrumbList","@id":"https:\/\/cleverkids.ee\/et\/product\/korduvkasutatav-toovihik-lahenda-ja-kustuta-mangi-ikka-ja-jalle-a4-formaat-40-ulesannet\/#breadcrumb","itemListElement":[{"@type":"ListItem","position":1,"name":"Esileht","item":"https:\/\/cleverkids.ee\/et\/"},{"@type":"ListItem","position":2,"name":"Tooted","item":"https:\/\/cleverkids.ee\/store\/"},{"@type":"ListItem","position":3,"name":"Korduvkasutatav t\u00f6\u00f6vihik \u201eLahenda ja kustuta. M\u00e4ngi ikka ja j\u00e4lle\u201c \u2013 A4 formaat, 40 \u00fclesannet"}]},{"@type":"WebSite","@id":"https:\/\/cleverkids.ee\/et\/#website","url":"https:\/\/cleverkids.ee\/et\/","name":"CLEVER KIDS","description":"","publisher":{"@id":"https:\/\/cleverkids.ee\/et\/#organization"},"potentialAction":[{"@type":"SearchAction","target":{"@type":"EntryPoint","urlTemplate":"https:\/\/cleverkids.ee\/et\/?s={search_term_string}"},"query-input":{"@type":"PropertyValueSpecification","valueRequired":true,"valueName":"search_term_string"}}],"inLanguage":"et"},{"@type":"Organization","@id":"https:\/\/cleverkids.ee\/et\/#organization","name":"CLEVER KIDS","url":"https:\/\/cleverkids.ee\/et\/","logo":{"@type":"ImageObject","inLanguage":"et","@id":"https:\/\/cleverkids.ee\/et\/#\/schema\/logo\/image\/","url":"https:\/\/cleverkids.ee\/wp-content\/uploads\/2024\/02\/image0-1024x1024.png","contentUrl":"https:\/\/cleverkids.ee\/wp-content\/uploads\/2024\/02\/image0-1024x1024.png","width":1024,"height":1024,"caption":"CLEVER KIDS"},"image":{"@id":"https:\/\/cleverkids.ee\/et\/#\/schema\/logo\/image\/"},"sameAs":["https:\/\/www.facebook.com\/cleverkids.ee\/","https:\/\/www.instagram.com\/cleverkids_ee\/"]}]}},"_links":{"self":[{"href":"https:\/\/cleverkids.ee\/et\/wp-json\/wp\/v2\/product\/75401","targetHints":{"allow":["GET"]}}],"collection":[{"href":"https:\/\/cleverkids.ee\/et\/wp-json\/wp\/v2\/product"}],"about":[{"href":"https:\/\/cleverkids.ee\/et\/wp-json\/wp\/v2\/types\/product"}],"wp:featuredmedia":[{"embeddable":true,"href":"https:\/\/cleverkids.ee\/et\/wp-json\/wp\/v2\/media\/75400"}],"wp:attachment":[{"href":"https:\/\/cleverkids.ee\/et\/wp-json\/wp\/v2\/media?parent=75401"}],"wp:term":[{"taxonomy":"product_brand","embeddable":true,"href":"https:\/\/cleverkids.ee\/et\/wp-json\/wp\/v2\/product_brand?post=75401"},{"taxonomy":"product_cat","embeddable":true,"href":"https:\/\/cleverkids.ee\/et\/wp-json\/wp\/v2\/product_cat?post=75401"},{"taxonomy":"product_tag","embeddable":true,"href":"https:\/\/cleverkids.ee\/et\/wp-json\/wp\/v2\/product_tag?post=75401"}],"curies":[{"name":"wp","href":"https:\/\/api.w.org\/{rel}","templated":true}]}}