{"id":75413,"date":"2025-08-04T21:45:41","date_gmt":"2025-08-04T18:45:41","guid":{"rendered":"https:\/\/cleverkids.ee\/\u041f\u0440\u043e\u0434\u0443\u043a\u0442\/nabor-dlya-tvorchestva-risovanie-gubkami-2-knigi-po-20-str-4-gubki-sinij-traktor\/"},"modified":"2025-11-11T15:15:30","modified_gmt":"2025-11-11T13:15:30","slug":"loovuskomplekt-varvimine-2-raamatut-x-20-lk-4-kasna-sinine-traktor","status":"publish","type":"product","link":"https:\/\/cleverkids.ee\/et\/product\/loovuskomplekt-varvimine-2-raamatut-x-20-lk-4-kasna-sinine-traktor\/","title":{"rendered":"Loovuskomplekt \u201eV\u00e4rvimine\u201c \u2013 2 raamatut x 20 lk + 4 k\u00e4sna, Sinine traktor"},"content":{"rendered":"<p data-start=\"140\" data-end=\"322\">L\u00f5bus ja arendav komplekt 3+ vanuses lastele, inspireeritud multikast \u201eSinine traktor\u201c. Komplektis kaks A4 formaadis raamatut ja 4 k\u00e4sna v\u00e4rvimiseks.<br data-start=\"304\" data-end=\"307\" \/>Ava leht \u00fclesandega, kasta k\u00e4sn v\u00e4rvi sisse (<strong>v\u00e4rvid ei kuulu komplekti<\/strong>) ja loo oma pilt otse raamatusse!<br data-start=\"411\" data-end=\"414\" \/>Arendab peenmotoorikat, kujutlusv\u00f5imet ja keskendumisv\u00f5imet. Ideaalne kingitus v\u00e4ikesele tehnikahuvilisele kunstnikule.<\/p>\n","protected":false},"excerpt":{"rendered":"<p>L\u00f5bus ja arendav komplekt 3+ vanuses lastele, inspireeritud multikast \u201eSinine traktor\u201c. Komplektis kaks A4 formaadis raamatut ja 4 k\u00e4sna v\u00e4rvimiseks.Ava leht \u00fclesandega, kasta k\u00e4sn v\u00e4rvi sisse (v\u00e4rvid ei kuulu komplekti) ja loo oma pilt otse raamatusse!Arendab peenmotoorikat, kujutlusv\u00f5imet ja keskendumisv\u00f5imet. Ideaalne kingitus v\u00e4ikesele tehnikahuvilisele kunstnikule.<\/p>\n","protected":false},"featured_media":75412,"template":"","meta":{"_monsterinsights_skip_tracking":false,"_monsterinsights_sitenote_active":false,"_monsterinsights_sitenote_note":"","_monsterinsights_sitenote_category":0},"product_brand":[],"product_cat":[52,58],"product_tag":[],"class_list":{"0":"post-75413","1":"product","2":"type-product","3":"status-publish","4":"has-post-thumbnail","6":"product_cat-loovus","7":"product_cat-unkategorized","8":"pa_vozrast-ot-polutora-do-treh-let-et","9":"pa_vozrast-ot-3-do-5-let-et","11":"first","12":"outofstock","13":"shipping-taxable","14":"purchasable","15":"product-type-simple"},"yoast_head":"<!-- This site is optimized with the Yoast SEO plugin v25.0 - https:\/\/yoast.com\/wordpress\/plugins\/seo\/ -->\n<title>Loovuskomplekt \u201eV\u00e4rvimine\u201c \u2013 2 raamatut x 20 lk + 4 k\u00e4sna, Sinine traktor -<\/title>\n<meta name=\"description\" content=\"Loovuskomplekt \u201eV\u00e4rvimine\u201c \u2013 2 raamatut x 20 lk + 4 k\u00e4sna, Sinine traktor - CLEVER KIDS\" \/>\n<meta name=\"robots\" content=\"index, follow, max-snippet:-1, max-image-preview:large, max-video-preview:-1\" \/>\n<link rel=\"canonical\" href=\"https:\/\/cleverkids.ee\/et\/product\/loovuskomplekt-varvimine-2-raamatut-x-20-lk-4-kasna-sinine-traktor\/\" \/>\n<meta property=\"og:locale\" content=\"et_EE\" \/>\n<meta property=\"og:type\" content=\"article\" \/>\n<meta property=\"og:title\" content=\"Loovuskomplekt \u201eV\u00e4rvimine\u201c \u2013 2 raamatut x 20 lk + 4 k\u00e4sna, Sinine traktor -\" \/>\n<meta property=\"og:description\" content=\"Loovuskomplekt \u201eV\u00e4rvimine\u201c \u2013 2 raamatut x 20 lk + 4 k\u00e4sna, Sinine traktor - CLEVER KIDS\" \/>\n<meta property=\"og:url\" content=\"https:\/\/cleverkids.ee\/et\/product\/loovuskomplekt-varvimine-2-raamatut-x-20-lk-4-kasna-sinine-traktor\/\" \/>\n<meta property=\"og:site_name\" content=\"CLEVER KIDS\" \/>\n<meta property=\"article:publisher\" content=\"https:\/\/www.facebook.com\/cleverkids.ee\/\" \/>\n<meta property=\"article:modified_time\" content=\"2025-11-11T13:15:30+00:00\" \/>\n<meta property=\"og:image\" content=\"https:\/\/cleverkids.ee\/wp-content\/uploads\/2025\/08\/1600-64-4.jpg\" \/>\n\t<meta property=\"og:image:width\" content=\"1600\" \/>\n\t<meta property=\"og:image:height\" content=\"1600\" \/>\n\t<meta property=\"og:image:type\" content=\"image\/jpeg\" \/>\n<meta name=\"twitter:card\" content=\"summary_large_image\" \/>\n<meta name=\"twitter:label1\" content=\"Est. reading time\" \/>\n\t<meta name=\"twitter:data1\" content=\"1 minut\" \/>\n<script type=\"application\/ld+json\" class=\"yoast-schema-graph\">{\"@context\":\"https:\/\/schema.org\",\"@graph\":[{\"@type\":\"WebPage\",\"@id\":\"https:\/\/cleverkids.ee\/et\/product\/loovuskomplekt-varvimine-2-raamatut-x-20-lk-4-kasna-sinine-traktor\/\",\"url\":\"https:\/\/cleverkids.ee\/et\/product\/loovuskomplekt-varvimine-2-raamatut-x-20-lk-4-kasna-sinine-traktor\/\",\"name\":\"Loovuskomplekt \u201eV\u00e4rvimine\u201c \u2013 2 raamatut x 20 lk + 4 k\u00e4sna, Sinine traktor -\",\"isPartOf\":{\"@id\":\"https:\/\/cleverkids.ee\/et\/#website\"},\"primaryImageOfPage\":{\"@id\":\"https:\/\/cleverkids.ee\/et\/product\/loovuskomplekt-varvimine-2-raamatut-x-20-lk-4-kasna-sinine-traktor\/#primaryimage\"},\"image\":{\"@id\":\"https:\/\/cleverkids.ee\/et\/product\/loovuskomplekt-varvimine-2-raamatut-x-20-lk-4-kasna-sinine-traktor\/#primaryimage\"},\"thumbnailUrl\":\"https:\/\/cleverkids.ee\/wp-content\/uploads\/2025\/08\/1600-64-4.jpg\",\"datePublished\":\"2025-08-04T18:45:41+00:00\",\"dateModified\":\"2025-11-11T13:15:30+00:00\",\"description\":\"Loovuskomplekt \u201eV\u00e4rvimine\u201c \u2013 2 raamatut x 20 lk + 4 k\u00e4sna, Sinine traktor - CLEVER KIDS\",\"breadcrumb\":{\"@id\":\"https:\/\/cleverkids.ee\/et\/product\/loovuskomplekt-varvimine-2-raamatut-x-20-lk-4-kasna-sinine-traktor\/#breadcrumb\"},\"inLanguage\":\"et\",\"potentialAction\":[{\"@type\":\"ReadAction\",\"target\":[\"https:\/\/cleverkids.ee\/et\/product\/loovuskomplekt-varvimine-2-raamatut-x-20-lk-4-kasna-sinine-traktor\/\"]}]},{\"@type\":\"ImageObject\",\"inLanguage\":\"et\",\"@id\":\"https:\/\/cleverkids.ee\/et\/product\/loovuskomplekt-varvimine-2-raamatut-x-20-lk-4-kasna-sinine-traktor\/#primaryimage\",\"url\":\"https:\/\/cleverkids.ee\/wp-content\/uploads\/2025\/08\/1600-64-4.jpg\",\"contentUrl\":\"https:\/\/cleverkids.ee\/wp-content\/uploads\/2025\/08\/1600-64-4.jpg\",\"width\":1600,\"height\":1600,\"caption\":\"\u041d\u0430\u0431\u043e\u0440 \u0434\u043b\u044f \u0442\u0432\u043e\u0440\u0447\u0435\u0441\u0442\u0432\u0430 \u00ab\u0420\u0438\u0441\u043e\u0432\u0430\u043d\u0438\u0435 \u0433\u0443\u0431\u043a\u0430\u043c\u0438\u00bb\"},{\"@type\":\"BreadcrumbList\",\"@id\":\"https:\/\/cleverkids.ee\/et\/product\/loovuskomplekt-varvimine-2-raamatut-x-20-lk-4-kasna-sinine-traktor\/#breadcrumb\",\"itemListElement\":[{\"@type\":\"ListItem\",\"position\":1,\"name\":\"Esileht\",\"item\":\"https:\/\/cleverkids.ee\/et\/\"},{\"@type\":\"ListItem\",\"position\":2,\"name\":\"Tooted\",\"item\":\"https:\/\/cleverkids.ee\/store\/\"},{\"@type\":\"ListItem\",\"position\":3,\"name\":\"Loovuskomplekt \u201eV\u00e4rvimine\u201c \u2013 2 raamatut x 20 lk + 4 k\u00e4sna, Sinine traktor\"}]},{\"@type\":\"WebSite\",\"@id\":\"https:\/\/cleverkids.ee\/et\/#website\",\"url\":\"https:\/\/cleverkids.ee\/et\/\",\"name\":\"CLEVER KIDS\",\"description\":\"\",\"publisher\":{\"@id\":\"https:\/\/cleverkids.ee\/et\/#organization\"},\"potentialAction\":[{\"@type\":\"SearchAction\",\"target\":{\"@type\":\"EntryPoint\",\"urlTemplate\":\"https:\/\/cleverkids.ee\/et\/?s={search_term_string}\"},\"query-input\":{\"@type\":\"PropertyValueSpecification\",\"valueRequired\":true,\"valueName\":\"search_term_string\"}}],\"inLanguage\":\"et\"},{\"@type\":\"Organization\",\"@id\":\"https:\/\/cleverkids.ee\/et\/#organization\",\"name\":\"CLEVER KIDS\",\"url\":\"https:\/\/cleverkids.ee\/et\/\",\"logo\":{\"@type\":\"ImageObject\",\"inLanguage\":\"et\",\"@id\":\"https:\/\/cleverkids.ee\/et\/#\/schema\/logo\/image\/\",\"url\":\"https:\/\/cleverkids.ee\/wp-content\/uploads\/2024\/02\/image0-1024x1024.png\",\"contentUrl\":\"https:\/\/cleverkids.ee\/wp-content\/uploads\/2024\/02\/image0-1024x1024.png\",\"width\":1024,\"height\":1024,\"caption\":\"CLEVER KIDS\"},\"image\":{\"@id\":\"https:\/\/cleverkids.ee\/et\/#\/schema\/logo\/image\/\"},\"sameAs\":[\"https:\/\/www.facebook.com\/cleverkids.ee\/\",\"https:\/\/www.instagram.com\/cleverkids_ee\/\"]}]}<\/script>\n<!-- \/ Yoast SEO plugin. -->","yoast_head_json":{"title":"Loovuskomplekt \u201eV\u00e4rvimine\u201c \u2013 2 raamatut x 20 lk + 4 k\u00e4sna, Sinine traktor -","description":"Loovuskomplekt \u201eV\u00e4rvimine\u201c \u2013 2 raamatut x 20 lk + 4 k\u00e4sna, Sinine traktor - CLEVER KIDS","robots":{"index":"index","follow":"follow","max-snippet":"max-snippet:-1","max-image-preview":"max-image-preview:large","max-video-preview":"max-video-preview:-1"},"canonical":"https:\/\/cleverkids.ee\/et\/product\/loovuskomplekt-varvimine-2-raamatut-x-20-lk-4-kasna-sinine-traktor\/","og_locale":"et_EE","og_type":"article","og_title":"Loovuskomplekt \u201eV\u00e4rvimine\u201c \u2013 2 raamatut x 20 lk + 4 k\u00e4sna, Sinine traktor -","og_description":"Loovuskomplekt \u201eV\u00e4rvimine\u201c \u2013 2 raamatut x 20 lk + 4 k\u00e4sna, Sinine traktor - CLEVER KIDS","og_url":"https:\/\/cleverkids.ee\/et\/product\/loovuskomplekt-varvimine-2-raamatut-x-20-lk-4-kasna-sinine-traktor\/","og_site_name":"CLEVER KIDS","article_publisher":"https:\/\/www.facebook.com\/cleverkids.ee\/","article_modified_time":"2025-11-11T13:15:30+00:00","og_image":[{"width":1600,"height":1600,"url":"https:\/\/cleverkids.ee\/wp-content\/uploads\/2025\/08\/1600-64-4.jpg","type":"image\/jpeg"}],"twitter_card":"summary_large_image","twitter_misc":{"Est. reading time":"1 minut"},"schema":{"@context":"https:\/\/schema.org","@graph":[{"@type":"WebPage","@id":"https:\/\/cleverkids.ee\/et\/product\/loovuskomplekt-varvimine-2-raamatut-x-20-lk-4-kasna-sinine-traktor\/","url":"https:\/\/cleverkids.ee\/et\/product\/loovuskomplekt-varvimine-2-raamatut-x-20-lk-4-kasna-sinine-traktor\/","name":"Loovuskomplekt \u201eV\u00e4rvimine\u201c \u2013 2 raamatut x 20 lk + 4 k\u00e4sna, Sinine traktor -","isPartOf":{"@id":"https:\/\/cleverkids.ee\/et\/#website"},"primaryImageOfPage":{"@id":"https:\/\/cleverkids.ee\/et\/product\/loovuskomplekt-varvimine-2-raamatut-x-20-lk-4-kasna-sinine-traktor\/#primaryimage"},"image":{"@id":"https:\/\/cleverkids.ee\/et\/product\/loovuskomplekt-varvimine-2-raamatut-x-20-lk-4-kasna-sinine-traktor\/#primaryimage"},"thumbnailUrl":"https:\/\/cleverkids.ee\/wp-content\/uploads\/2025\/08\/1600-64-4.jpg","datePublished":"2025-08-04T18:45:41+00:00","dateModified":"2025-11-11T13:15:30+00:00","description":"Loovuskomplekt \u201eV\u00e4rvimine\u201c \u2013 2 raamatut x 20 lk + 4 k\u00e4sna, Sinine traktor - CLEVER KIDS","breadcrumb":{"@id":"https:\/\/cleverkids.ee\/et\/product\/loovuskomplekt-varvimine-2-raamatut-x-20-lk-4-kasna-sinine-traktor\/#breadcrumb"},"inLanguage":"et","potentialAction":[{"@type":"ReadAction","target":["https:\/\/cleverkids.ee\/et\/product\/loovuskomplekt-varvimine-2-raamatut-x-20-lk-4-kasna-sinine-traktor\/"]}]},{"@type":"ImageObject","inLanguage":"et","@id":"https:\/\/cleverkids.ee\/et\/product\/loovuskomplekt-varvimine-2-raamatut-x-20-lk-4-kasna-sinine-traktor\/#primaryimage","url":"https:\/\/cleverkids.ee\/wp-content\/uploads\/2025\/08\/1600-64-4.jpg","contentUrl":"https:\/\/cleverkids.ee\/wp-content\/uploads\/2025\/08\/1600-64-4.jpg","width":1600,"height":1600,"caption":"\u041d\u0430\u0431\u043e\u0440 \u0434\u043b\u044f \u0442\u0432\u043e\u0440\u0447\u0435\u0441\u0442\u0432\u0430 \u00ab\u0420\u0438\u0441\u043e\u0432\u0430\u043d\u0438\u0435 \u0433\u0443\u0431\u043a\u0430\u043c\u0438\u00bb"},{"@type":"BreadcrumbList","@id":"https:\/\/cleverkids.ee\/et\/product\/loovuskomplekt-varvimine-2-raamatut-x-20-lk-4-kasna-sinine-traktor\/#breadcrumb","itemListElement":[{"@type":"ListItem","position":1,"name":"Esileht","item":"https:\/\/cleverkids.ee\/et\/"},{"@type":"ListItem","position":2,"name":"Tooted","item":"https:\/\/cleverkids.ee\/store\/"},{"@type":"ListItem","position":3,"name":"Loovuskomplekt \u201eV\u00e4rvimine\u201c \u2013 2 raamatut x 20 lk + 4 k\u00e4sna, Sinine traktor"}]},{"@type":"WebSite","@id":"https:\/\/cleverkids.ee\/et\/#website","url":"https:\/\/cleverkids.ee\/et\/","name":"CLEVER KIDS","description":"","publisher":{"@id":"https:\/\/cleverkids.ee\/et\/#organization"},"potentialAction":[{"@type":"SearchAction","target":{"@type":"EntryPoint","urlTemplate":"https:\/\/cleverkids.ee\/et\/?s={search_term_string}"},"query-input":{"@type":"PropertyValueSpecification","valueRequired":true,"valueName":"search_term_string"}}],"inLanguage":"et"},{"@type":"Organization","@id":"https:\/\/cleverkids.ee\/et\/#organization","name":"CLEVER KIDS","url":"https:\/\/cleverkids.ee\/et\/","logo":{"@type":"ImageObject","inLanguage":"et","@id":"https:\/\/cleverkids.ee\/et\/#\/schema\/logo\/image\/","url":"https:\/\/cleverkids.ee\/wp-content\/uploads\/2024\/02\/image0-1024x1024.png","contentUrl":"https:\/\/cleverkids.ee\/wp-content\/uploads\/2024\/02\/image0-1024x1024.png","width":1024,"height":1024,"caption":"CLEVER KIDS"},"image":{"@id":"https:\/\/cleverkids.ee\/et\/#\/schema\/logo\/image\/"},"sameAs":["https:\/\/www.facebook.com\/cleverkids.ee\/","https:\/\/www.instagram.com\/cleverkids_ee\/"]}]}},"_links":{"self":[{"href":"https:\/\/cleverkids.ee\/et\/wp-json\/wp\/v2\/product\/75413","targetHints":{"allow":["GET"]}}],"collection":[{"href":"https:\/\/cleverkids.ee\/et\/wp-json\/wp\/v2\/product"}],"about":[{"href":"https:\/\/cleverkids.ee\/et\/wp-json\/wp\/v2\/types\/product"}],"wp:featuredmedia":[{"embeddable":true,"href":"https:\/\/cleverkids.ee\/et\/wp-json\/wp\/v2\/media\/75412"}],"wp:attachment":[{"href":"https:\/\/cleverkids.ee\/et\/wp-json\/wp\/v2\/media?parent=75413"}],"wp:term":[{"taxonomy":"product_brand","embeddable":true,"href":"https:\/\/cleverkids.ee\/et\/wp-json\/wp\/v2\/product_brand?post=75413"},{"taxonomy":"product_cat","embeddable":true,"href":"https:\/\/cleverkids.ee\/et\/wp-json\/wp\/v2\/product_cat?post=75413"},{"taxonomy":"product_tag","embeddable":true,"href":"https:\/\/cleverkids.ee\/et\/wp-json\/wp\/v2\/product_tag?post=75413"}],"curies":[{"name":"wp","href":"https:\/\/api.w.org\/{rel}","templated":true}]}}