{"id":75436,"date":"2025-08-20T13:13:41","date_gmt":"2025-08-20T10:13:41","guid":{"rendered":"https:\/\/cleverkids.ee\/\u041f\u0440\u043e\u0434\u0443\u043a\u0442\/kniga-najdi-otlichiya-2-j-uroven-3-12-str\/"},"modified":"2025-08-20T13:15:15","modified_gmt":"2025-08-20T10:15:15","slug":"raamat-leia-erinevused-2-tase-3-12-lk","status":"publish","type":"product","link":"https:\/\/cleverkids.ee\/et\/product\/raamat-leia-erinevused-2-tase-3-12-lk\/","title":{"rendered":"Raamat \u201eLeia erinevused: 2. tase\u201c \u2013 3+, 12 lk"},"content":{"rendered":"<p>V\u00e4rvikas raamat 3+ vanuses lastele, mis arendab t\u00e4helepanu, m\u00e4lu ja loogilist m\u00f5tlemist.<br data-start=\"190\" data-end=\"193\" \/>Iga leht sisaldab erksaid pilte loomade, autode, puu- ja k\u00f6\u00f6giviljadega.<br data-start=\"265\" data-end=\"268\" \/>Leia erinevused detailides ja proovi oma tulemust iga kord parandada!<\/p>\n","protected":false},"excerpt":{"rendered":"<p>V\u00e4rvikas raamat 3+ vanuses lastele, mis arendab t\u00e4helepanu, m\u00e4lu ja loogilist m\u00f5tlemist.Iga leht sisaldab erksaid pilte loomade, autode, puu- ja k\u00f6\u00f6giviljadega.Leia erinevused detailides ja proovi oma tulemust iga kord parandada!<\/p>\n","protected":false},"featured_media":75435,"template":"","meta":{"_monsterinsights_skip_tracking":false,"_monsterinsights_sitenote_active":false,"_monsterinsights_sitenote_note":"","_monsterinsights_sitenote_category":0},"product_brand":[],"product_cat":[51,58],"product_tag":[],"class_list":{"0":"post-75436","1":"product","2":"type-product","3":"status-publish","4":"has-post-thumbnail","6":"product_cat-arendavad-vihikud-vene-keeles","7":"product_cat-unkategorized","8":"pa_vozrast-ot-polutora-do-treh-let-et","9":"pa_vozrast-ot-3-do-5-let-et","11":"first","12":"instock","13":"shipping-taxable","14":"purchasable","15":"product-type-simple"},"yoast_head":"<!-- This site is optimized with the Yoast SEO plugin v25.0 - https:\/\/yoast.com\/wordpress\/plugins\/seo\/ -->\n<title>Raamat \u201eLeia erinevused: 2. tase\u201c \u2013 3+, 12 lk -<\/title>\n<meta name=\"description\" content=\"Raamat \u201eLeia erinevused: 2. tase\u201c \u2013 3+, 12 lk - CLEVER KIDS\" \/>\n<meta name=\"robots\" content=\"index, follow, max-snippet:-1, max-image-preview:large, max-video-preview:-1\" \/>\n<link rel=\"canonical\" href=\"https:\/\/cleverkids.ee\/et\/product\/raamat-leia-erinevused-2-tase-3-12-lk\/\" \/>\n<meta property=\"og:locale\" content=\"et_EE\" \/>\n<meta property=\"og:type\" content=\"article\" \/>\n<meta property=\"og:title\" content=\"Raamat \u201eLeia erinevused: 2. tase\u201c \u2013 3+, 12 lk -\" \/>\n<meta property=\"og:description\" content=\"Raamat \u201eLeia erinevused: 2. tase\u201c \u2013 3+, 12 lk - CLEVER KIDS\" \/>\n<meta property=\"og:url\" content=\"https:\/\/cleverkids.ee\/et\/product\/raamat-leia-erinevused-2-tase-3-12-lk\/\" \/>\n<meta property=\"og:site_name\" content=\"CLEVER KIDS\" \/>\n<meta property=\"article:publisher\" content=\"https:\/\/www.facebook.com\/cleverkids.ee\/\" \/>\n<meta property=\"article:modified_time\" content=\"2025-08-20T10:15:15+00:00\" \/>\n<meta property=\"og:image\" content=\"https:\/\/cleverkids.ee\/wp-content\/uploads\/2025\/08\/6089179245.webp\" \/>\n\t<meta property=\"og:image:width\" content=\"700\" \/>\n\t<meta property=\"og:image:height\" content=\"700\" \/>\n\t<meta property=\"og:image:type\" content=\"image\/webp\" \/>\n<meta name=\"twitter:card\" content=\"summary_large_image\" \/>\n<meta name=\"twitter:label1\" content=\"Est. reading time\" \/>\n\t<meta name=\"twitter:data1\" content=\"1 minut\" \/>\n<script type=\"application\/ld+json\" class=\"yoast-schema-graph\">{\"@context\":\"https:\/\/schema.org\",\"@graph\":[{\"@type\":\"WebPage\",\"@id\":\"https:\/\/cleverkids.ee\/et\/product\/raamat-leia-erinevused-2-tase-3-12-lk\/\",\"url\":\"https:\/\/cleverkids.ee\/et\/product\/raamat-leia-erinevused-2-tase-3-12-lk\/\",\"name\":\"Raamat \u201eLeia erinevused: 2. tase\u201c \u2013 3+, 12 lk -\",\"isPartOf\":{\"@id\":\"https:\/\/cleverkids.ee\/et\/#website\"},\"primaryImageOfPage\":{\"@id\":\"https:\/\/cleverkids.ee\/et\/product\/raamat-leia-erinevused-2-tase-3-12-lk\/#primaryimage\"},\"image\":{\"@id\":\"https:\/\/cleverkids.ee\/et\/product\/raamat-leia-erinevused-2-tase-3-12-lk\/#primaryimage\"},\"thumbnailUrl\":\"https:\/\/cleverkids.ee\/wp-content\/uploads\/2025\/08\/6089179245.webp\",\"datePublished\":\"2025-08-20T10:13:41+00:00\",\"dateModified\":\"2025-08-20T10:15:15+00:00\",\"description\":\"Raamat \u201eLeia erinevused: 2. tase\u201c \u2013 3+, 12 lk - CLEVER KIDS\",\"breadcrumb\":{\"@id\":\"https:\/\/cleverkids.ee\/et\/product\/raamat-leia-erinevused-2-tase-3-12-lk\/#breadcrumb\"},\"inLanguage\":\"et\",\"potentialAction\":[{\"@type\":\"ReadAction\",\"target\":[\"https:\/\/cleverkids.ee\/et\/product\/raamat-leia-erinevused-2-tase-3-12-lk\/\"]}]},{\"@type\":\"ImageObject\",\"inLanguage\":\"et\",\"@id\":\"https:\/\/cleverkids.ee\/et\/product\/raamat-leia-erinevused-2-tase-3-12-lk\/#primaryimage\",\"url\":\"https:\/\/cleverkids.ee\/wp-content\/uploads\/2025\/08\/6089179245.webp\",\"contentUrl\":\"https:\/\/cleverkids.ee\/wp-content\/uploads\/2025\/08\/6089179245.webp\",\"width\":700,\"height\":700,\"caption\":\"\u041a\u043d\u0438\u0433\u0430 \u00ab\u041d\u0430\u0439\u0434\u0438 \u043e\u0442\u043b\u0438\u0447\u0438\u044f: 2-\u0439 \u0443\u0440\u043e\u0432\u0435\u043d\u044c\u00bb\"},{\"@type\":\"BreadcrumbList\",\"@id\":\"https:\/\/cleverkids.ee\/et\/product\/raamat-leia-erinevused-2-tase-3-12-lk\/#breadcrumb\",\"itemListElement\":[{\"@type\":\"ListItem\",\"position\":1,\"name\":\"Esileht\",\"item\":\"https:\/\/cleverkids.ee\/et\/\"},{\"@type\":\"ListItem\",\"position\":2,\"name\":\"Tooted\",\"item\":\"https:\/\/cleverkids.ee\/store\/\"},{\"@type\":\"ListItem\",\"position\":3,\"name\":\"Raamat \u201eLeia erinevused: 2. tase\u201c \u2013 3+, 12 lk\"}]},{\"@type\":\"WebSite\",\"@id\":\"https:\/\/cleverkids.ee\/et\/#website\",\"url\":\"https:\/\/cleverkids.ee\/et\/\",\"name\":\"CLEVER KIDS\",\"description\":\"\",\"publisher\":{\"@id\":\"https:\/\/cleverkids.ee\/et\/#organization\"},\"potentialAction\":[{\"@type\":\"SearchAction\",\"target\":{\"@type\":\"EntryPoint\",\"urlTemplate\":\"https:\/\/cleverkids.ee\/et\/?s={search_term_string}\"},\"query-input\":{\"@type\":\"PropertyValueSpecification\",\"valueRequired\":true,\"valueName\":\"search_term_string\"}}],\"inLanguage\":\"et\"},{\"@type\":\"Organization\",\"@id\":\"https:\/\/cleverkids.ee\/et\/#organization\",\"name\":\"CLEVER KIDS\",\"url\":\"https:\/\/cleverkids.ee\/et\/\",\"logo\":{\"@type\":\"ImageObject\",\"inLanguage\":\"et\",\"@id\":\"https:\/\/cleverkids.ee\/et\/#\/schema\/logo\/image\/\",\"url\":\"https:\/\/cleverkids.ee\/wp-content\/uploads\/2024\/02\/image0-1024x1024.png\",\"contentUrl\":\"https:\/\/cleverkids.ee\/wp-content\/uploads\/2024\/02\/image0-1024x1024.png\",\"width\":1024,\"height\":1024,\"caption\":\"CLEVER KIDS\"},\"image\":{\"@id\":\"https:\/\/cleverkids.ee\/et\/#\/schema\/logo\/image\/\"},\"sameAs\":[\"https:\/\/www.facebook.com\/cleverkids.ee\/\",\"https:\/\/www.instagram.com\/cleverkids_ee\/\"]}]}<\/script>\n<!-- \/ Yoast SEO plugin. -->","yoast_head_json":{"title":"Raamat \u201eLeia erinevused: 2. tase\u201c \u2013 3+, 12 lk -","description":"Raamat \u201eLeia erinevused: 2. tase\u201c \u2013 3+, 12 lk - CLEVER KIDS","robots":{"index":"index","follow":"follow","max-snippet":"max-snippet:-1","max-image-preview":"max-image-preview:large","max-video-preview":"max-video-preview:-1"},"canonical":"https:\/\/cleverkids.ee\/et\/product\/raamat-leia-erinevused-2-tase-3-12-lk\/","og_locale":"et_EE","og_type":"article","og_title":"Raamat \u201eLeia erinevused: 2. tase\u201c \u2013 3+, 12 lk -","og_description":"Raamat \u201eLeia erinevused: 2. tase\u201c \u2013 3+, 12 lk - CLEVER KIDS","og_url":"https:\/\/cleverkids.ee\/et\/product\/raamat-leia-erinevused-2-tase-3-12-lk\/","og_site_name":"CLEVER KIDS","article_publisher":"https:\/\/www.facebook.com\/cleverkids.ee\/","article_modified_time":"2025-08-20T10:15:15+00:00","og_image":[{"width":700,"height":700,"url":"https:\/\/cleverkids.ee\/wp-content\/uploads\/2025\/08\/6089179245.webp","type":"image\/webp"}],"twitter_card":"summary_large_image","twitter_misc":{"Est. reading time":"1 minut"},"schema":{"@context":"https:\/\/schema.org","@graph":[{"@type":"WebPage","@id":"https:\/\/cleverkids.ee\/et\/product\/raamat-leia-erinevused-2-tase-3-12-lk\/","url":"https:\/\/cleverkids.ee\/et\/product\/raamat-leia-erinevused-2-tase-3-12-lk\/","name":"Raamat \u201eLeia erinevused: 2. tase\u201c \u2013 3+, 12 lk -","isPartOf":{"@id":"https:\/\/cleverkids.ee\/et\/#website"},"primaryImageOfPage":{"@id":"https:\/\/cleverkids.ee\/et\/product\/raamat-leia-erinevused-2-tase-3-12-lk\/#primaryimage"},"image":{"@id":"https:\/\/cleverkids.ee\/et\/product\/raamat-leia-erinevused-2-tase-3-12-lk\/#primaryimage"},"thumbnailUrl":"https:\/\/cleverkids.ee\/wp-content\/uploads\/2025\/08\/6089179245.webp","datePublished":"2025-08-20T10:13:41+00:00","dateModified":"2025-08-20T10:15:15+00:00","description":"Raamat \u201eLeia erinevused: 2. tase\u201c \u2013 3+, 12 lk - CLEVER KIDS","breadcrumb":{"@id":"https:\/\/cleverkids.ee\/et\/product\/raamat-leia-erinevused-2-tase-3-12-lk\/#breadcrumb"},"inLanguage":"et","potentialAction":[{"@type":"ReadAction","target":["https:\/\/cleverkids.ee\/et\/product\/raamat-leia-erinevused-2-tase-3-12-lk\/"]}]},{"@type":"ImageObject","inLanguage":"et","@id":"https:\/\/cleverkids.ee\/et\/product\/raamat-leia-erinevused-2-tase-3-12-lk\/#primaryimage","url":"https:\/\/cleverkids.ee\/wp-content\/uploads\/2025\/08\/6089179245.webp","contentUrl":"https:\/\/cleverkids.ee\/wp-content\/uploads\/2025\/08\/6089179245.webp","width":700,"height":700,"caption":"\u041a\u043d\u0438\u0433\u0430 \u00ab\u041d\u0430\u0439\u0434\u0438 \u043e\u0442\u043b\u0438\u0447\u0438\u044f: 2-\u0439 \u0443\u0440\u043e\u0432\u0435\u043d\u044c\u00bb"},{"@type":"BreadcrumbList","@id":"https:\/\/cleverkids.ee\/et\/product\/raamat-leia-erinevused-2-tase-3-12-lk\/#breadcrumb","itemListElement":[{"@type":"ListItem","position":1,"name":"Esileht","item":"https:\/\/cleverkids.ee\/et\/"},{"@type":"ListItem","position":2,"name":"Tooted","item":"https:\/\/cleverkids.ee\/store\/"},{"@type":"ListItem","position":3,"name":"Raamat \u201eLeia erinevused: 2. tase\u201c \u2013 3+, 12 lk"}]},{"@type":"WebSite","@id":"https:\/\/cleverkids.ee\/et\/#website","url":"https:\/\/cleverkids.ee\/et\/","name":"CLEVER KIDS","description":"","publisher":{"@id":"https:\/\/cleverkids.ee\/et\/#organization"},"potentialAction":[{"@type":"SearchAction","target":{"@type":"EntryPoint","urlTemplate":"https:\/\/cleverkids.ee\/et\/?s={search_term_string}"},"query-input":{"@type":"PropertyValueSpecification","valueRequired":true,"valueName":"search_term_string"}}],"inLanguage":"et"},{"@type":"Organization","@id":"https:\/\/cleverkids.ee\/et\/#organization","name":"CLEVER KIDS","url":"https:\/\/cleverkids.ee\/et\/","logo":{"@type":"ImageObject","inLanguage":"et","@id":"https:\/\/cleverkids.ee\/et\/#\/schema\/logo\/image\/","url":"https:\/\/cleverkids.ee\/wp-content\/uploads\/2024\/02\/image0-1024x1024.png","contentUrl":"https:\/\/cleverkids.ee\/wp-content\/uploads\/2024\/02\/image0-1024x1024.png","width":1024,"height":1024,"caption":"CLEVER KIDS"},"image":{"@id":"https:\/\/cleverkids.ee\/et\/#\/schema\/logo\/image\/"},"sameAs":["https:\/\/www.facebook.com\/cleverkids.ee\/","https:\/\/www.instagram.com\/cleverkids_ee\/"]}]}},"_links":{"self":[{"href":"https:\/\/cleverkids.ee\/et\/wp-json\/wp\/v2\/product\/75436","targetHints":{"allow":["GET"]}}],"collection":[{"href":"https:\/\/cleverkids.ee\/et\/wp-json\/wp\/v2\/product"}],"about":[{"href":"https:\/\/cleverkids.ee\/et\/wp-json\/wp\/v2\/types\/product"}],"wp:featuredmedia":[{"embeddable":true,"href":"https:\/\/cleverkids.ee\/et\/wp-json\/wp\/v2\/media\/75435"}],"wp:attachment":[{"href":"https:\/\/cleverkids.ee\/et\/wp-json\/wp\/v2\/media?parent=75436"}],"wp:term":[{"taxonomy":"product_brand","embeddable":true,"href":"https:\/\/cleverkids.ee\/et\/wp-json\/wp\/v2\/product_brand?post=75436"},{"taxonomy":"product_cat","embeddable":true,"href":"https:\/\/cleverkids.ee\/et\/wp-json\/wp\/v2\/product_cat?post=75436"},{"taxonomy":"product_tag","embeddable":true,"href":"https:\/\/cleverkids.ee\/et\/wp-json\/wp\/v2\/product_tag?post=75436"}],"curies":[{"name":"wp","href":"https:\/\/api.w.org\/{rel}","templated":true}]}}