{"id":75464,"date":"2025-08-20T13:56:06","date_gmt":"2025-08-20T10:56:06","guid":{"rendered":"https:\/\/cleverkids.ee\/\u041f\u0440\u043e\u0434\u0443\u043a\u0442\/kniga-mnogorazovaya-pishi-stiraj-uchim-chasy-12-str\/"},"modified":"2025-08-20T14:15:51","modified_gmt":"2025-08-20T11:15:51","slug":"korduvkasutatav-raamat-kirjuta-kustuta-opime-kella-tundma-12-lk-marker","status":"publish","type":"product","link":"https:\/\/cleverkids.ee\/et\/product\/korduvkasutatav-raamat-kirjuta-kustuta-opime-kella-tundma-12-lk-marker\/","title":{"rendered":"Korduvkasutatav raamat \u201eKirjuta\u2013kustuta. \u00d5pime kella tundma\u201c \u2013 12 lk + marker"},"content":{"rendered":"<p>L\u00f5bus ja hariv raamatuke 3+ vanuses lastele, mis arendab peenmotoorikat, t\u00e4helepanu ja m\u00f5tlemist.<br data-start=\"231\" data-end=\"234\" \/>Raamatu abil \u00f5pib laps tundma kella, seierite t\u00e4hendust ja \u00f6\u00f6p\u00e4eva m\u00f5istet.<br data-start=\"309\" data-end=\"312\" \/>Komplektis on veep\u00f5hise tindiga marker \u2014 kirjuta, kustuta ja proovi uuesti!<\/p>\n","protected":false},"excerpt":{"rendered":"<p>L\u00f5bus ja hariv raamatuke 3+ vanuses lastele, mis arendab peenmotoorikat, t\u00e4helepanu ja m\u00f5tlemist.Raamatu abil \u00f5pib laps tundma kella, seierite t\u00e4hendust ja \u00f6\u00f6p\u00e4eva m\u00f5istet.Komplektis on veep\u00f5hise tindiga marker \u2014 kirjuta, kustuta ja proovi uuesti!<\/p>\n","protected":false},"featured_media":75463,"template":"","meta":{"_monsterinsights_skip_tracking":false,"_monsterinsights_sitenote_active":false,"_monsterinsights_sitenote_note":"","_monsterinsights_sitenote_category":0},"product_brand":[],"product_cat":[51,58],"product_tag":[],"class_list":{"0":"post-75464","1":"product","2":"type-product","3":"status-publish","4":"has-post-thumbnail","6":"product_cat-arendavad-vihikud-vene-keeles","7":"product_cat-unkategorized","8":"pa_vozrast-ot-5-let-et","10":"first","11":"instock","12":"shipping-taxable","13":"purchasable","14":"product-type-simple"},"yoast_head":"<!-- This site is optimized with the Yoast SEO plugin v25.0 - https:\/\/yoast.com\/wordpress\/plugins\/seo\/ -->\n<title>Korduvkasutatav raamat \u201eKirjuta\u2013kustuta. \u00d5pime kella tundma\u201c \u2013 12 lk + marker -<\/title>\n<meta name=\"description\" content=\"Korduvkasutatav raamat \u201eKirjuta\u2013kustuta. \u00d5pime kella tundma\u201c \u2013 12 lk + marker - CLEVER KIDS\" \/>\n<meta name=\"robots\" content=\"index, follow, max-snippet:-1, max-image-preview:large, max-video-preview:-1\" \/>\n<link rel=\"canonical\" href=\"https:\/\/cleverkids.ee\/et\/product\/korduvkasutatav-raamat-kirjuta-kustuta-opime-kella-tundma-12-lk-marker\/\" \/>\n<meta property=\"og:locale\" content=\"et_EE\" \/>\n<meta property=\"og:type\" content=\"article\" \/>\n<meta property=\"og:title\" content=\"Korduvkasutatav raamat \u201eKirjuta\u2013kustuta. \u00d5pime kella tundma\u201c \u2013 12 lk + marker -\" \/>\n<meta property=\"og:description\" content=\"Korduvkasutatav raamat \u201eKirjuta\u2013kustuta. \u00d5pime kella tundma\u201c \u2013 12 lk + marker - CLEVER KIDS\" \/>\n<meta property=\"og:url\" content=\"https:\/\/cleverkids.ee\/et\/product\/korduvkasutatav-raamat-kirjuta-kustuta-opime-kella-tundma-12-lk-marker\/\" \/>\n<meta property=\"og:site_name\" content=\"CLEVER KIDS\" \/>\n<meta property=\"article:publisher\" content=\"https:\/\/www.facebook.com\/cleverkids.ee\/\" \/>\n<meta property=\"article:modified_time\" content=\"2025-08-20T11:15:51+00:00\" \/>\n<meta property=\"og:image\" content=\"https:\/\/cleverkids.ee\/wp-content\/uploads\/2025\/08\/6099506404.webp\" \/>\n\t<meta property=\"og:image:width\" content=\"700\" \/>\n\t<meta property=\"og:image:height\" content=\"700\" \/>\n\t<meta property=\"og:image:type\" content=\"image\/webp\" \/>\n<meta name=\"twitter:card\" content=\"summary_large_image\" \/>\n<meta name=\"twitter:label1\" content=\"Est. reading time\" \/>\n\t<meta name=\"twitter:data1\" content=\"1 minut\" \/>\n<script type=\"application\/ld+json\" class=\"yoast-schema-graph\">{\"@context\":\"https:\/\/schema.org\",\"@graph\":[{\"@type\":\"WebPage\",\"@id\":\"https:\/\/cleverkids.ee\/et\/product\/korduvkasutatav-raamat-kirjuta-kustuta-opime-kella-tundma-12-lk-marker\/\",\"url\":\"https:\/\/cleverkids.ee\/et\/product\/korduvkasutatav-raamat-kirjuta-kustuta-opime-kella-tundma-12-lk-marker\/\",\"name\":\"Korduvkasutatav raamat \u201eKirjuta\u2013kustuta. \u00d5pime kella tundma\u201c \u2013 12 lk + marker -\",\"isPartOf\":{\"@id\":\"https:\/\/cleverkids.ee\/et\/#website\"},\"primaryImageOfPage\":{\"@id\":\"https:\/\/cleverkids.ee\/et\/product\/korduvkasutatav-raamat-kirjuta-kustuta-opime-kella-tundma-12-lk-marker\/#primaryimage\"},\"image\":{\"@id\":\"https:\/\/cleverkids.ee\/et\/product\/korduvkasutatav-raamat-kirjuta-kustuta-opime-kella-tundma-12-lk-marker\/#primaryimage\"},\"thumbnailUrl\":\"https:\/\/cleverkids.ee\/wp-content\/uploads\/2025\/08\/6099506404.webp\",\"datePublished\":\"2025-08-20T10:56:06+00:00\",\"dateModified\":\"2025-08-20T11:15:51+00:00\",\"description\":\"Korduvkasutatav raamat \u201eKirjuta\u2013kustuta. \u00d5pime kella tundma\u201c \u2013 12 lk + marker - CLEVER KIDS\",\"breadcrumb\":{\"@id\":\"https:\/\/cleverkids.ee\/et\/product\/korduvkasutatav-raamat-kirjuta-kustuta-opime-kella-tundma-12-lk-marker\/#breadcrumb\"},\"inLanguage\":\"et\",\"potentialAction\":[{\"@type\":\"ReadAction\",\"target\":[\"https:\/\/cleverkids.ee\/et\/product\/korduvkasutatav-raamat-kirjuta-kustuta-opime-kella-tundma-12-lk-marker\/\"]}]},{\"@type\":\"ImageObject\",\"inLanguage\":\"et\",\"@id\":\"https:\/\/cleverkids.ee\/et\/product\/korduvkasutatav-raamat-kirjuta-kustuta-opime-kella-tundma-12-lk-marker\/#primaryimage\",\"url\":\"https:\/\/cleverkids.ee\/wp-content\/uploads\/2025\/08\/6099506404.webp\",\"contentUrl\":\"https:\/\/cleverkids.ee\/wp-content\/uploads\/2025\/08\/6099506404.webp\",\"width\":700,\"height\":700,\"caption\":\"\u041a\u043d\u0438\u0433\u0430 \u043c\u043d\u043e\u0433\u043e\u0440\u0430\u0437\u043e\u0432\u0430\u044f \u00ab\u041f\u0438\u0448\u0438- \u0441\u0442\u0438\u0440\u0430\u0439. \u0423\u0447\u0438\u043c \u0447\u0430\u0441\u044b\u00bb, 12 \u0441\u0442\u0440.\"},{\"@type\":\"BreadcrumbList\",\"@id\":\"https:\/\/cleverkids.ee\/et\/product\/korduvkasutatav-raamat-kirjuta-kustuta-opime-kella-tundma-12-lk-marker\/#breadcrumb\",\"itemListElement\":[{\"@type\":\"ListItem\",\"position\":1,\"name\":\"Esileht\",\"item\":\"https:\/\/cleverkids.ee\/et\/\"},{\"@type\":\"ListItem\",\"position\":2,\"name\":\"Tooted\",\"item\":\"https:\/\/cleverkids.ee\/store\/\"},{\"@type\":\"ListItem\",\"position\":3,\"name\":\"Korduvkasutatav raamat \u201eKirjuta\u2013kustuta. \u00d5pime kella tundma\u201c \u2013 12 lk + marker\"}]},{\"@type\":\"WebSite\",\"@id\":\"https:\/\/cleverkids.ee\/et\/#website\",\"url\":\"https:\/\/cleverkids.ee\/et\/\",\"name\":\"CLEVER KIDS\",\"description\":\"\",\"publisher\":{\"@id\":\"https:\/\/cleverkids.ee\/et\/#organization\"},\"potentialAction\":[{\"@type\":\"SearchAction\",\"target\":{\"@type\":\"EntryPoint\",\"urlTemplate\":\"https:\/\/cleverkids.ee\/et\/?s={search_term_string}\"},\"query-input\":{\"@type\":\"PropertyValueSpecification\",\"valueRequired\":true,\"valueName\":\"search_term_string\"}}],\"inLanguage\":\"et\"},{\"@type\":\"Organization\",\"@id\":\"https:\/\/cleverkids.ee\/et\/#organization\",\"name\":\"CLEVER KIDS\",\"url\":\"https:\/\/cleverkids.ee\/et\/\",\"logo\":{\"@type\":\"ImageObject\",\"inLanguage\":\"et\",\"@id\":\"https:\/\/cleverkids.ee\/et\/#\/schema\/logo\/image\/\",\"url\":\"https:\/\/cleverkids.ee\/wp-content\/uploads\/2024\/02\/image0-1024x1024.png\",\"contentUrl\":\"https:\/\/cleverkids.ee\/wp-content\/uploads\/2024\/02\/image0-1024x1024.png\",\"width\":1024,\"height\":1024,\"caption\":\"CLEVER KIDS\"},\"image\":{\"@id\":\"https:\/\/cleverkids.ee\/et\/#\/schema\/logo\/image\/\"},\"sameAs\":[\"https:\/\/www.facebook.com\/cleverkids.ee\/\",\"https:\/\/www.instagram.com\/cleverkids_ee\/\"]}]}<\/script>\n<!-- \/ Yoast SEO plugin. -->","yoast_head_json":{"title":"Korduvkasutatav raamat \u201eKirjuta\u2013kustuta. \u00d5pime kella tundma\u201c \u2013 12 lk + marker -","description":"Korduvkasutatav raamat \u201eKirjuta\u2013kustuta. \u00d5pime kella tundma\u201c \u2013 12 lk + marker - CLEVER KIDS","robots":{"index":"index","follow":"follow","max-snippet":"max-snippet:-1","max-image-preview":"max-image-preview:large","max-video-preview":"max-video-preview:-1"},"canonical":"https:\/\/cleverkids.ee\/et\/product\/korduvkasutatav-raamat-kirjuta-kustuta-opime-kella-tundma-12-lk-marker\/","og_locale":"et_EE","og_type":"article","og_title":"Korduvkasutatav raamat \u201eKirjuta\u2013kustuta. \u00d5pime kella tundma\u201c \u2013 12 lk + marker -","og_description":"Korduvkasutatav raamat \u201eKirjuta\u2013kustuta. \u00d5pime kella tundma\u201c \u2013 12 lk + marker - CLEVER KIDS","og_url":"https:\/\/cleverkids.ee\/et\/product\/korduvkasutatav-raamat-kirjuta-kustuta-opime-kella-tundma-12-lk-marker\/","og_site_name":"CLEVER KIDS","article_publisher":"https:\/\/www.facebook.com\/cleverkids.ee\/","article_modified_time":"2025-08-20T11:15:51+00:00","og_image":[{"width":700,"height":700,"url":"https:\/\/cleverkids.ee\/wp-content\/uploads\/2025\/08\/6099506404.webp","type":"image\/webp"}],"twitter_card":"summary_large_image","twitter_misc":{"Est. reading time":"1 minut"},"schema":{"@context":"https:\/\/schema.org","@graph":[{"@type":"WebPage","@id":"https:\/\/cleverkids.ee\/et\/product\/korduvkasutatav-raamat-kirjuta-kustuta-opime-kella-tundma-12-lk-marker\/","url":"https:\/\/cleverkids.ee\/et\/product\/korduvkasutatav-raamat-kirjuta-kustuta-opime-kella-tundma-12-lk-marker\/","name":"Korduvkasutatav raamat \u201eKirjuta\u2013kustuta. \u00d5pime kella tundma\u201c \u2013 12 lk + marker -","isPartOf":{"@id":"https:\/\/cleverkids.ee\/et\/#website"},"primaryImageOfPage":{"@id":"https:\/\/cleverkids.ee\/et\/product\/korduvkasutatav-raamat-kirjuta-kustuta-opime-kella-tundma-12-lk-marker\/#primaryimage"},"image":{"@id":"https:\/\/cleverkids.ee\/et\/product\/korduvkasutatav-raamat-kirjuta-kustuta-opime-kella-tundma-12-lk-marker\/#primaryimage"},"thumbnailUrl":"https:\/\/cleverkids.ee\/wp-content\/uploads\/2025\/08\/6099506404.webp","datePublished":"2025-08-20T10:56:06+00:00","dateModified":"2025-08-20T11:15:51+00:00","description":"Korduvkasutatav raamat \u201eKirjuta\u2013kustuta. \u00d5pime kella tundma\u201c \u2013 12 lk + marker - CLEVER KIDS","breadcrumb":{"@id":"https:\/\/cleverkids.ee\/et\/product\/korduvkasutatav-raamat-kirjuta-kustuta-opime-kella-tundma-12-lk-marker\/#breadcrumb"},"inLanguage":"et","potentialAction":[{"@type":"ReadAction","target":["https:\/\/cleverkids.ee\/et\/product\/korduvkasutatav-raamat-kirjuta-kustuta-opime-kella-tundma-12-lk-marker\/"]}]},{"@type":"ImageObject","inLanguage":"et","@id":"https:\/\/cleverkids.ee\/et\/product\/korduvkasutatav-raamat-kirjuta-kustuta-opime-kella-tundma-12-lk-marker\/#primaryimage","url":"https:\/\/cleverkids.ee\/wp-content\/uploads\/2025\/08\/6099506404.webp","contentUrl":"https:\/\/cleverkids.ee\/wp-content\/uploads\/2025\/08\/6099506404.webp","width":700,"height":700,"caption":"\u041a\u043d\u0438\u0433\u0430 \u043c\u043d\u043e\u0433\u043e\u0440\u0430\u0437\u043e\u0432\u0430\u044f \u00ab\u041f\u0438\u0448\u0438- \u0441\u0442\u0438\u0440\u0430\u0439. \u0423\u0447\u0438\u043c \u0447\u0430\u0441\u044b\u00bb, 12 \u0441\u0442\u0440."},{"@type":"BreadcrumbList","@id":"https:\/\/cleverkids.ee\/et\/product\/korduvkasutatav-raamat-kirjuta-kustuta-opime-kella-tundma-12-lk-marker\/#breadcrumb","itemListElement":[{"@type":"ListItem","position":1,"name":"Esileht","item":"https:\/\/cleverkids.ee\/et\/"},{"@type":"ListItem","position":2,"name":"Tooted","item":"https:\/\/cleverkids.ee\/store\/"},{"@type":"ListItem","position":3,"name":"Korduvkasutatav raamat \u201eKirjuta\u2013kustuta. \u00d5pime kella tundma\u201c \u2013 12 lk + marker"}]},{"@type":"WebSite","@id":"https:\/\/cleverkids.ee\/et\/#website","url":"https:\/\/cleverkids.ee\/et\/","name":"CLEVER KIDS","description":"","publisher":{"@id":"https:\/\/cleverkids.ee\/et\/#organization"},"potentialAction":[{"@type":"SearchAction","target":{"@type":"EntryPoint","urlTemplate":"https:\/\/cleverkids.ee\/et\/?s={search_term_string}"},"query-input":{"@type":"PropertyValueSpecification","valueRequired":true,"valueName":"search_term_string"}}],"inLanguage":"et"},{"@type":"Organization","@id":"https:\/\/cleverkids.ee\/et\/#organization","name":"CLEVER KIDS","url":"https:\/\/cleverkids.ee\/et\/","logo":{"@type":"ImageObject","inLanguage":"et","@id":"https:\/\/cleverkids.ee\/et\/#\/schema\/logo\/image\/","url":"https:\/\/cleverkids.ee\/wp-content\/uploads\/2024\/02\/image0-1024x1024.png","contentUrl":"https:\/\/cleverkids.ee\/wp-content\/uploads\/2024\/02\/image0-1024x1024.png","width":1024,"height":1024,"caption":"CLEVER KIDS"},"image":{"@id":"https:\/\/cleverkids.ee\/et\/#\/schema\/logo\/image\/"},"sameAs":["https:\/\/www.facebook.com\/cleverkids.ee\/","https:\/\/www.instagram.com\/cleverkids_ee\/"]}]}},"_links":{"self":[{"href":"https:\/\/cleverkids.ee\/et\/wp-json\/wp\/v2\/product\/75464","targetHints":{"allow":["GET"]}}],"collection":[{"href":"https:\/\/cleverkids.ee\/et\/wp-json\/wp\/v2\/product"}],"about":[{"href":"https:\/\/cleverkids.ee\/et\/wp-json\/wp\/v2\/types\/product"}],"wp:featuredmedia":[{"embeddable":true,"href":"https:\/\/cleverkids.ee\/et\/wp-json\/wp\/v2\/media\/75463"}],"wp:attachment":[{"href":"https:\/\/cleverkids.ee\/et\/wp-json\/wp\/v2\/media?parent=75464"}],"wp:term":[{"taxonomy":"product_brand","embeddable":true,"href":"https:\/\/cleverkids.ee\/et\/wp-json\/wp\/v2\/product_brand?post=75464"},{"taxonomy":"product_cat","embeddable":true,"href":"https:\/\/cleverkids.ee\/et\/wp-json\/wp\/v2\/product_cat?post=75464"},{"taxonomy":"product_tag","embeddable":true,"href":"https:\/\/cleverkids.ee\/et\/wp-json\/wp\/v2\/product_tag?post=75464"}],"curies":[{"name":"wp","href":"https:\/\/api.w.org\/{rel}","templated":true}]}}