{"id":75586,"date":"2025-10-14T14:18:52","date_gmt":"2025-10-14T11:18:52","guid":{"rendered":"https:\/\/cleverkids.ee\/\u041f\u0440\u043e\u0434\u0443\u043a\u0442\/kartina-po-nomeram-dlya-detej-vinni-puh-20-30-sm\/"},"modified":"2025-10-15T10:02:38","modified_gmt":"2025-10-15T07:02:38","slug":"kartina-po-nomeram-dlya-detej-vinni-puh-20-30-sm","status":"publish","type":"product","link":"https:\/\/cleverkids.ee\/et\/product\/kartina-po-nomeram-dlya-detej-vinni-puh-20-30-sm\/","title":{"rendered":"Numbrite j\u00e4rgi v\u00e4rvitav pilt lastele \u201eKarupoeg Puhh\u201c \u2013 20 \u00d7 30 cm"},"content":{"rendered":"<p data-start=\"51\" data-end=\"123\"><strong data-start=\"51\" data-end=\"123\">V\u00e4rvimiskomplekt numbrite j\u00e4rgi \u2013 k\u00f5ik vajalik algajale kunstnikule!<\/strong><\/p>\n<p data-start=\"125\" data-end=\"359\">Ideaalne komplekt lastele, kes armastavad joonistada ja soovivad luua oma esimese meistriteose.<br data-start=\"220\" data-end=\"223\" \/>L\u00f5uend on jagatud nummerdatud osadeks \u2013 igale numbrile vastab kindel v\u00e4rv.<br data-start=\"297\" data-end=\"300\" \/>Valmis maal sobib kaunistuseks v\u00f5i kingituseks l\u00e4hedastele.<\/p>\n<p data-start=\"361\" data-end=\"378\"><strong data-start=\"361\" data-end=\"376\">Komplektis:<\/strong><\/p>\n<ul data-start=\"379\" data-end=\"433\">\n<li data-start=\"379\" data-end=\"396\">\n<p data-start=\"381\" data-end=\"396\">L\u00f5uend raamil<\/p>\n<\/li>\n<li data-start=\"397\" data-end=\"421\">\n<p data-start=\"399\" data-end=\"421\">V\u00e4rvid (nummerdatud)<\/p>\n<\/li>\n<li data-start=\"422\" data-end=\"433\">\n<p data-start=\"424\" data-end=\"433\">Pintsli<\/p>\n<\/li>\n<\/ul>\n<p data-start=\"435\" data-end=\"521\" data-is-last-node=\"\" data-is-only-node=\"\">Sobib loominguliseks tegevuseks ja arendab keskendumist, kannatlikkust ning v\u00e4rvitaju.<\/p>\n","protected":false},"excerpt":{"rendered":"<p>V\u00e4rvimiskomplekt numbrite j\u00e4rgi \u2013 k\u00f5ik vajalik algajale kunstnikule! Ideaalne komplekt lastele, kes armastavad joonistada ja soovivad luua oma esimese meistriteose.L\u00f5uend on jagatud nummerdatud osadeks \u2013 igale numbrile vastab kindel v\u00e4rv.Valmis maal sobib kaunistuseks v\u00f5i kingituseks l\u00e4hedastele. Komplektis: L\u00f5uend raamil V\u00e4rvid (nummerdatud) Pintsli Sobib loominguliseks tegevuseks ja arendab keskendumist, kannatlikkust ning v\u00e4rvitaju.<\/p>\n","protected":false},"featured_media":75583,"template":"","meta":{"_monsterinsights_skip_tracking":false,"_monsterinsights_sitenote_active":false,"_monsterinsights_sitenote_note":"","_monsterinsights_sitenote_category":0},"product_brand":[],"product_cat":[52,58],"product_tag":[],"class_list":{"0":"post-75586","1":"product","2":"type-product","3":"status-publish","4":"has-post-thumbnail","6":"product_cat-loovus","7":"product_cat-unkategorized","8":"pa_vozrast-ot-5-let-et","10":"first","11":"instock","12":"shipping-taxable","13":"purchasable","14":"product-type-simple"},"yoast_head":"<!-- This site is optimized with the Yoast SEO plugin v25.0 - https:\/\/yoast.com\/wordpress\/plugins\/seo\/ -->\n<title>Numbrite j\u00e4rgi v\u00e4rvitav pilt lastele \u201eKarupoeg Puhh\u201c \u2013 20 \u00d7 30 cm -<\/title>\n<meta name=\"description\" content=\"Numbrite j\u00e4rgi v\u00e4rvitav pilt lastele \u201eKarupoeg Puhh\u201c \u2013 20 \u00d7 30 cm - CLEVER KIDS\" \/>\n<meta name=\"robots\" content=\"index, follow, max-snippet:-1, max-image-preview:large, max-video-preview:-1\" \/>\n<link rel=\"canonical\" href=\"https:\/\/cleverkids.ee\/et\/product\/kartina-po-nomeram-dlya-detej-vinni-puh-20-30-sm\/\" \/>\n<meta property=\"og:locale\" content=\"et_EE\" \/>\n<meta property=\"og:type\" content=\"article\" \/>\n<meta property=\"og:title\" content=\"Numbrite j\u00e4rgi v\u00e4rvitav pilt lastele \u201eKarupoeg Puhh\u201c \u2013 20 \u00d7 30 cm -\" \/>\n<meta property=\"og:description\" content=\"Numbrite j\u00e4rgi v\u00e4rvitav pilt lastele \u201eKarupoeg Puhh\u201c \u2013 20 \u00d7 30 cm - CLEVER KIDS\" \/>\n<meta property=\"og:url\" content=\"https:\/\/cleverkids.ee\/et\/product\/kartina-po-nomeram-dlya-detej-vinni-puh-20-30-sm\/\" \/>\n<meta property=\"og:site_name\" content=\"CLEVER KIDS\" \/>\n<meta property=\"article:publisher\" content=\"https:\/\/www.facebook.com\/cleverkids.ee\/\" \/>\n<meta property=\"article:modified_time\" content=\"2025-10-15T07:02:38+00:00\" \/>\n<meta property=\"og:image\" content=\"https:\/\/cleverkids.ee\/wp-content\/uploads\/2025\/10\/1600-64.jpg\" \/>\n\t<meta property=\"og:image:width\" content=\"1600\" \/>\n\t<meta property=\"og:image:height\" content=\"1600\" \/>\n\t<meta property=\"og:image:type\" content=\"image\/jpeg\" \/>\n<meta name=\"twitter:card\" content=\"summary_large_image\" \/>\n<meta name=\"twitter:label1\" content=\"Est. reading time\" \/>\n\t<meta name=\"twitter:data1\" content=\"1 minut\" \/>\n<script type=\"application\/ld+json\" class=\"yoast-schema-graph\">{\"@context\":\"https:\/\/schema.org\",\"@graph\":[{\"@type\":\"WebPage\",\"@id\":\"https:\/\/cleverkids.ee\/et\/product\/kartina-po-nomeram-dlya-detej-vinni-puh-20-30-sm\/\",\"url\":\"https:\/\/cleverkids.ee\/et\/product\/kartina-po-nomeram-dlya-detej-vinni-puh-20-30-sm\/\",\"name\":\"Numbrite j\u00e4rgi v\u00e4rvitav pilt lastele \u201eKarupoeg Puhh\u201c \u2013 20 \u00d7 30 cm -\",\"isPartOf\":{\"@id\":\"https:\/\/cleverkids.ee\/et\/#website\"},\"primaryImageOfPage\":{\"@id\":\"https:\/\/cleverkids.ee\/et\/product\/kartina-po-nomeram-dlya-detej-vinni-puh-20-30-sm\/#primaryimage\"},\"image\":{\"@id\":\"https:\/\/cleverkids.ee\/et\/product\/kartina-po-nomeram-dlya-detej-vinni-puh-20-30-sm\/#primaryimage\"},\"thumbnailUrl\":\"https:\/\/cleverkids.ee\/wp-content\/uploads\/2025\/10\/1600-64.jpg\",\"datePublished\":\"2025-10-14T11:18:52+00:00\",\"dateModified\":\"2025-10-15T07:02:38+00:00\",\"description\":\"Numbrite j\u00e4rgi v\u00e4rvitav pilt lastele \u201eKarupoeg Puhh\u201c \u2013 20 \u00d7 30 cm - CLEVER KIDS\",\"breadcrumb\":{\"@id\":\"https:\/\/cleverkids.ee\/et\/product\/kartina-po-nomeram-dlya-detej-vinni-puh-20-30-sm\/#breadcrumb\"},\"inLanguage\":\"et\",\"potentialAction\":[{\"@type\":\"ReadAction\",\"target\":[\"https:\/\/cleverkids.ee\/et\/product\/kartina-po-nomeram-dlya-detej-vinni-puh-20-30-sm\/\"]}]},{\"@type\":\"ImageObject\",\"inLanguage\":\"et\",\"@id\":\"https:\/\/cleverkids.ee\/et\/product\/kartina-po-nomeram-dlya-detej-vinni-puh-20-30-sm\/#primaryimage\",\"url\":\"https:\/\/cleverkids.ee\/wp-content\/uploads\/2025\/10\/1600-64.jpg\",\"contentUrl\":\"https:\/\/cleverkids.ee\/wp-content\/uploads\/2025\/10\/1600-64.jpg\",\"width\":1600,\"height\":1600,\"caption\":\"\u041a\u0430\u0440\u0442\u0438\u043d\u0430 \u043f\u043e \u043d\u043e\u043c\u0435\u0440\u0430\u043c \u0434\u043b\u044f \u0434\u0435\u0442\u0435\u0439 \u00ab\u0412\u0438\u043d\u043d\u0438-\u043f\u0443\u0445\u00bb\"},{\"@type\":\"BreadcrumbList\",\"@id\":\"https:\/\/cleverkids.ee\/et\/product\/kartina-po-nomeram-dlya-detej-vinni-puh-20-30-sm\/#breadcrumb\",\"itemListElement\":[{\"@type\":\"ListItem\",\"position\":1,\"name\":\"Esileht\",\"item\":\"https:\/\/cleverkids.ee\/et\/\"},{\"@type\":\"ListItem\",\"position\":2,\"name\":\"Tooted\",\"item\":\"https:\/\/cleverkids.ee\/store\/\"},{\"@type\":\"ListItem\",\"position\":3,\"name\":\"Numbrite j\u00e4rgi v\u00e4rvitav pilt lastele \u201eKarupoeg Puhh\u201c \u2013 20 \u00d7 30 cm\"}]},{\"@type\":\"WebSite\",\"@id\":\"https:\/\/cleverkids.ee\/et\/#website\",\"url\":\"https:\/\/cleverkids.ee\/et\/\",\"name\":\"CLEVER KIDS\",\"description\":\"\",\"publisher\":{\"@id\":\"https:\/\/cleverkids.ee\/et\/#organization\"},\"potentialAction\":[{\"@type\":\"SearchAction\",\"target\":{\"@type\":\"EntryPoint\",\"urlTemplate\":\"https:\/\/cleverkids.ee\/et\/?s={search_term_string}\"},\"query-input\":{\"@type\":\"PropertyValueSpecification\",\"valueRequired\":true,\"valueName\":\"search_term_string\"}}],\"inLanguage\":\"et\"},{\"@type\":\"Organization\",\"@id\":\"https:\/\/cleverkids.ee\/et\/#organization\",\"name\":\"CLEVER KIDS\",\"url\":\"https:\/\/cleverkids.ee\/et\/\",\"logo\":{\"@type\":\"ImageObject\",\"inLanguage\":\"et\",\"@id\":\"https:\/\/cleverkids.ee\/et\/#\/schema\/logo\/image\/\",\"url\":\"https:\/\/cleverkids.ee\/wp-content\/uploads\/2024\/02\/image0-1024x1024.png\",\"contentUrl\":\"https:\/\/cleverkids.ee\/wp-content\/uploads\/2024\/02\/image0-1024x1024.png\",\"width\":1024,\"height\":1024,\"caption\":\"CLEVER KIDS\"},\"image\":{\"@id\":\"https:\/\/cleverkids.ee\/et\/#\/schema\/logo\/image\/\"},\"sameAs\":[\"https:\/\/www.facebook.com\/cleverkids.ee\/\",\"https:\/\/www.instagram.com\/cleverkids_ee\/\"]}]}<\/script>\n<!-- \/ Yoast SEO plugin. -->","yoast_head_json":{"title":"Numbrite j\u00e4rgi v\u00e4rvitav pilt lastele \u201eKarupoeg Puhh\u201c \u2013 20 \u00d7 30 cm -","description":"Numbrite j\u00e4rgi v\u00e4rvitav pilt lastele \u201eKarupoeg Puhh\u201c \u2013 20 \u00d7 30 cm - CLEVER KIDS","robots":{"index":"index","follow":"follow","max-snippet":"max-snippet:-1","max-image-preview":"max-image-preview:large","max-video-preview":"max-video-preview:-1"},"canonical":"https:\/\/cleverkids.ee\/et\/product\/kartina-po-nomeram-dlya-detej-vinni-puh-20-30-sm\/","og_locale":"et_EE","og_type":"article","og_title":"Numbrite j\u00e4rgi v\u00e4rvitav pilt lastele \u201eKarupoeg Puhh\u201c \u2013 20 \u00d7 30 cm -","og_description":"Numbrite j\u00e4rgi v\u00e4rvitav pilt lastele \u201eKarupoeg Puhh\u201c \u2013 20 \u00d7 30 cm - CLEVER KIDS","og_url":"https:\/\/cleverkids.ee\/et\/product\/kartina-po-nomeram-dlya-detej-vinni-puh-20-30-sm\/","og_site_name":"CLEVER KIDS","article_publisher":"https:\/\/www.facebook.com\/cleverkids.ee\/","article_modified_time":"2025-10-15T07:02:38+00:00","og_image":[{"width":1600,"height":1600,"url":"https:\/\/cleverkids.ee\/wp-content\/uploads\/2025\/10\/1600-64.jpg","type":"image\/jpeg"}],"twitter_card":"summary_large_image","twitter_misc":{"Est. reading time":"1 minut"},"schema":{"@context":"https:\/\/schema.org","@graph":[{"@type":"WebPage","@id":"https:\/\/cleverkids.ee\/et\/product\/kartina-po-nomeram-dlya-detej-vinni-puh-20-30-sm\/","url":"https:\/\/cleverkids.ee\/et\/product\/kartina-po-nomeram-dlya-detej-vinni-puh-20-30-sm\/","name":"Numbrite j\u00e4rgi v\u00e4rvitav pilt lastele \u201eKarupoeg Puhh\u201c \u2013 20 \u00d7 30 cm -","isPartOf":{"@id":"https:\/\/cleverkids.ee\/et\/#website"},"primaryImageOfPage":{"@id":"https:\/\/cleverkids.ee\/et\/product\/kartina-po-nomeram-dlya-detej-vinni-puh-20-30-sm\/#primaryimage"},"image":{"@id":"https:\/\/cleverkids.ee\/et\/product\/kartina-po-nomeram-dlya-detej-vinni-puh-20-30-sm\/#primaryimage"},"thumbnailUrl":"https:\/\/cleverkids.ee\/wp-content\/uploads\/2025\/10\/1600-64.jpg","datePublished":"2025-10-14T11:18:52+00:00","dateModified":"2025-10-15T07:02:38+00:00","description":"Numbrite j\u00e4rgi v\u00e4rvitav pilt lastele \u201eKarupoeg Puhh\u201c \u2013 20 \u00d7 30 cm - CLEVER KIDS","breadcrumb":{"@id":"https:\/\/cleverkids.ee\/et\/product\/kartina-po-nomeram-dlya-detej-vinni-puh-20-30-sm\/#breadcrumb"},"inLanguage":"et","potentialAction":[{"@type":"ReadAction","target":["https:\/\/cleverkids.ee\/et\/product\/kartina-po-nomeram-dlya-detej-vinni-puh-20-30-sm\/"]}]},{"@type":"ImageObject","inLanguage":"et","@id":"https:\/\/cleverkids.ee\/et\/product\/kartina-po-nomeram-dlya-detej-vinni-puh-20-30-sm\/#primaryimage","url":"https:\/\/cleverkids.ee\/wp-content\/uploads\/2025\/10\/1600-64.jpg","contentUrl":"https:\/\/cleverkids.ee\/wp-content\/uploads\/2025\/10\/1600-64.jpg","width":1600,"height":1600,"caption":"\u041a\u0430\u0440\u0442\u0438\u043d\u0430 \u043f\u043e \u043d\u043e\u043c\u0435\u0440\u0430\u043c \u0434\u043b\u044f \u0434\u0435\u0442\u0435\u0439 \u00ab\u0412\u0438\u043d\u043d\u0438-\u043f\u0443\u0445\u00bb"},{"@type":"BreadcrumbList","@id":"https:\/\/cleverkids.ee\/et\/product\/kartina-po-nomeram-dlya-detej-vinni-puh-20-30-sm\/#breadcrumb","itemListElement":[{"@type":"ListItem","position":1,"name":"Esileht","item":"https:\/\/cleverkids.ee\/et\/"},{"@type":"ListItem","position":2,"name":"Tooted","item":"https:\/\/cleverkids.ee\/store\/"},{"@type":"ListItem","position":3,"name":"Numbrite j\u00e4rgi v\u00e4rvitav pilt lastele \u201eKarupoeg Puhh\u201c \u2013 20 \u00d7 30 cm"}]},{"@type":"WebSite","@id":"https:\/\/cleverkids.ee\/et\/#website","url":"https:\/\/cleverkids.ee\/et\/","name":"CLEVER KIDS","description":"","publisher":{"@id":"https:\/\/cleverkids.ee\/et\/#organization"},"potentialAction":[{"@type":"SearchAction","target":{"@type":"EntryPoint","urlTemplate":"https:\/\/cleverkids.ee\/et\/?s={search_term_string}"},"query-input":{"@type":"PropertyValueSpecification","valueRequired":true,"valueName":"search_term_string"}}],"inLanguage":"et"},{"@type":"Organization","@id":"https:\/\/cleverkids.ee\/et\/#organization","name":"CLEVER KIDS","url":"https:\/\/cleverkids.ee\/et\/","logo":{"@type":"ImageObject","inLanguage":"et","@id":"https:\/\/cleverkids.ee\/et\/#\/schema\/logo\/image\/","url":"https:\/\/cleverkids.ee\/wp-content\/uploads\/2024\/02\/image0-1024x1024.png","contentUrl":"https:\/\/cleverkids.ee\/wp-content\/uploads\/2024\/02\/image0-1024x1024.png","width":1024,"height":1024,"caption":"CLEVER KIDS"},"image":{"@id":"https:\/\/cleverkids.ee\/et\/#\/schema\/logo\/image\/"},"sameAs":["https:\/\/www.facebook.com\/cleverkids.ee\/","https:\/\/www.instagram.com\/cleverkids_ee\/"]}]}},"_links":{"self":[{"href":"https:\/\/cleverkids.ee\/et\/wp-json\/wp\/v2\/product\/75586","targetHints":{"allow":["GET"]}}],"collection":[{"href":"https:\/\/cleverkids.ee\/et\/wp-json\/wp\/v2\/product"}],"about":[{"href":"https:\/\/cleverkids.ee\/et\/wp-json\/wp\/v2\/types\/product"}],"wp:featuredmedia":[{"embeddable":true,"href":"https:\/\/cleverkids.ee\/et\/wp-json\/wp\/v2\/media\/75583"}],"wp:attachment":[{"href":"https:\/\/cleverkids.ee\/et\/wp-json\/wp\/v2\/media?parent=75586"}],"wp:term":[{"taxonomy":"product_brand","embeddable":true,"href":"https:\/\/cleverkids.ee\/et\/wp-json\/wp\/v2\/product_brand?post=75586"},{"taxonomy":"product_cat","embeddable":true,"href":"https:\/\/cleverkids.ee\/et\/wp-json\/wp\/v2\/product_cat?post=75586"},{"taxonomy":"product_tag","embeddable":true,"href":"https:\/\/cleverkids.ee\/et\/wp-json\/wp\/v2\/product_tag?post=75586"}],"curies":[{"name":"wp","href":"https:\/\/api.w.org\/{rel}","templated":true}]}}