{"id":75610,"date":"2025-10-15T13:40:16","date_gmt":"2025-10-15T10:40:16","guid":{"rendered":"https:\/\/cleverkids.ee\/\u041f\u0440\u043e\u0434\u0443\u043a\u0442\/kniga-s-naklejkami-gulyat-mozhno-esli-ostorozhno-16-str-78-nakleek\/"},"modified":"2025-10-15T13:41:40","modified_gmt":"2025-10-15T10:41:40","slug":"kleepsuraamat-voib-oues-mangida-kui-oled-ettevaatlik-16-lk-78-kleepsu","status":"publish","type":"product","link":"https:\/\/cleverkids.ee\/et\/product\/kleepsuraamat-voib-oues-mangida-kui-oled-ettevaatlik-16-lk-78-kleepsu\/","title":{"rendered":"Kleepsuraamat \u201eV\u00f5ib \u00f5ues m\u00e4ngida, kui oled ettevaatlik!\u201c \u2013 16 lk, 78 kleepsu"},"content":{"rendered":"<p>\u041a\u043d\u0438\u0433\u0430 \u0441 \u043d\u0430\u043a\u043b\u0435\u0439\u043a\u0430\u043c\u0438 \u00ab\u0413\u0443\u043b\u044f\u0442\u044c \u043c\u043e\u0436\u043d\u043e, \u0435\u0441\u043b\u0438 \u043e\u0441\u0442\u043e\u0440\u043e\u0436\u043d\u043e!\u00bb \u2014 \u044d\u0442\u043e \u0443\u0432\u043b\u0435\u043a\u0430\u0442\u0435\u043b\u044c\u043d\u043e\u0435 \u043f\u043e\u0441\u043e\u0431\u0438\u0435 \u0434\u043b\u044f \u0434\u0435\u0442\u0435\u0439, \u043a\u043e\u0442\u043e\u0440\u043e\u0435 \u0440\u0430\u0441\u0441\u043a\u0430\u0436\u0435\u0442 \u043c\u0430\u043b\u044b\u0448\u0443, \u043a\u0430\u043a \u0432\u0435\u0441\u0442\u0438 \u0441\u0435\u0431\u044f \u0432\u043e \u0434\u0432\u043e\u0440\u0435, \u0447\u0442\u043e\u0431\u044b \u043d\u0435 \u043f\u043e\u043f\u0430\u0441\u0442\u044c \u0432 \u0431\u0435\u0434\u0443 \u043d\u0435 \u0442\u043e\u043b\u044c\u043a\u043e \u0432\u0435\u0441\u0451\u043b\u044b\u043c\u0438, \u043d\u043e \u0438 \u043f\u043e\u0437\u043d\u0430\u0432\u0430\u0442\u0435\u043b\u044c\u043d\u044b\u043c\u0438. \u0412 \u043a\u043e\u043c\u043f\u043b\u0435\u043a\u0442\u0435 78 \u044f\u0440\u043a\u0438\u0445 \u043d\u0430\u043a\u043b\u0435\u0435\u043a, \u043a\u043e\u0442\u043e\u0440\u044b\u0435 \u043c\u043e\u0436\u043d\u043e \u043f\u0440\u0438\u043a\u043b\u0435\u0438\u0432\u0430\u0442\u044c \u043d\u0430 \u0441\u0442\u0440\u0430\u043d\u0438\u0446\u044b, \u0437\u0430\u043f\u043e\u043b\u043d\u044f\u044f \u0437\u0430\u0434\u0430\u043d\u0438\u044f \u043d\u0430 16 \u0441\u0442\u0440\u0430\u043d\u0438\u0446\u0430\u0445 \u043a\u043d\u0438\u0433\u0438. \u042d\u0442\u043e \u043e\u0442\u043b\u0438\u0447\u043d\u043e\u0435 \u0437\u0430\u043d\u044f\u0442\u0438\u0435 \u0434\u043b\u044f \u0440\u0430\u0437\u0432\u0438\u0442\u0438\u044f \u0432\u043d\u0438\u043c\u0430\u043d\u0438\u044f, \u0443\u0441\u0438\u0434\u0447\u0438\u0432\u043e\u0441\u0442\u0438 \u0438 \u043c\u043e\u0442\u043e\u0440\u0438\u043a\u0438 \u0440\u0443\u043a \u0440\u0435\u0431\u0451\u043d\u043a\u0430.<\/p>\n<p><b>\u041e\u0441\u043e\u0431\u0435\u043d\u043d\u043e\u0441\u0442\u0438 \u043a\u043d\u0438\u0433\u0438<\/b><\/p>\n<ul>\n<li>\u0418\u043d\u0442\u0435\u0440\u0430\u043a\u0442\u0438\u0432\u043d\u044b\u0435 \u0437\u0430\u0434\u0430\u043d\u0438\u044f \u043f\u043e\u043c\u043e\u0433\u0430\u044e\u0442 \u0440\u0435\u0431\u0451\u043d\u043a\u0443 \u0440\u0430\u0437\u0432\u0438\u0432\u0430\u0442\u044c \u0444\u0430\u043d\u0442\u0430\u0437\u0438\u044e \u0438 \u0443\u0447\u0438\u0442\u044c\u0441\u044f \u0447\u0435\u0440\u0435\u0437 \u0438\u0433\u0440\u0443.<\/li>\n<li>\u042f\u0440\u043a\u0438\u0435 \u0438 \u043a\u0440\u0430\u0441\u043e\u0447\u043d\u044b\u0435 \u043d\u0430\u043a\u043b\u0435\u0439\u043a\u0438 \u0432\u044b\u0437\u044b\u0432\u0430\u044e\u0442 \u0438\u043d\u0442\u0435\u0440\u0435\u0441 \u0438 \u043f\u043e\u0434\u0434\u0435\u0440\u0436\u0438\u0432\u0430\u044e\u0442 \u0432\u043e\u0432\u043b\u0435\u0447\u0451\u043d\u043d\u043e\u0441\u0442\u044c \u0432 \u0432\u044b\u043f\u043e\u043b\u043d\u0435\u043d\u0438\u0435 \u0437\u0430\u0434\u0430\u043d\u0438\u0439.<\/li>\n<li>\u041f\u043e\u0434\u0445\u043e\u0434\u0438\u0442 \u0434\u043b\u044f \u0434\u0435\u0442\u0435\u0439 \u0441\u0442\u0430\u0440\u0448\u0435 3 \u043b\u0435\u0442 \u2014 \u043e\u0442\u043b\u0438\u0447\u043d\u044b\u0439 \u0432\u044b\u0431\u043e\u0440 \u0434\u043b\u044f \u0434\u043e\u0448\u043a\u043e\u043b\u044c\u043d\u0438\u043a\u043e\u0432.<\/li>\n<\/ul>\n<p>\u041a\u043d\u0438\u0433\u0430 \u0441\u043f\u043e\u0441\u043e\u0431\u0441\u0442\u0432\u0443\u0435\u0442 \u0440\u0430\u0437\u0432\u0438\u0442\u0438\u044e \u043c\u043e\u0442\u043e\u0440\u0438\u043a\u0438, \u0432\u043d\u0438\u043c\u0430\u043d\u0438\u044f \u0438 \u043b\u043e\u0433\u0438\u0447\u0435\u0441\u043a\u043e\u0433\u043e \u043c\u044b\u0448\u043b\u0435\u043d\u0438\u044f. \u0420\u0435\u0431\u0451\u043d\u043e\u043a \u0441\u043c\u043e\u0436\u0435\u0442 \u043d\u0435 \u0442\u043e\u043b\u044c\u043a\u043e \u0438\u043d\u0442\u0435\u0440\u0435\u0441\u043d\u043e \u043f\u0440\u043e\u0432\u0435\u0441\u0442\u0438 \u0432\u0440\u0435\u043c\u044f, \u043d\u043e \u0438 \u043f\u043e\u0434\u0433\u043e\u0442\u043e\u0432\u0438\u0442\u044c\u0441\u044f \u043a \u043b\u0435\u0442\u043d\u0438\u043c \u043a\u0430\u043d\u0438\u043a\u0443\u043b\u0430\u043c. \u041d\u0430\u043a\u043b\u0435\u0439\u043a\u0438 \u043c\u043e\u0436\u043d\u043e \u0438\u0441\u043f\u043e\u043b\u044c\u0437\u043e\u0432\u0430\u0442\u044c \u043f\u043e\u0432\u0442\u043e\u0440\u043d\u043e, \u0441\u043e\u0437\u0434\u0430\u0432\u0430\u044f \u043d\u043e\u0432\u044b\u0435 \u043a\u043e\u043c\u043f\u043e\u0437\u0438\u0446\u0438\u0438 \u043d\u0430 \u0441\u0442\u0440\u0430\u043d\u0438\u0446\u0430\u0445.<\/p>\n","protected":false},"excerpt":{"rendered":"<p>\u041a\u043d\u0438\u0433\u0430 \u0441 \u043d\u0430\u043a\u043b\u0435\u0439\u043a\u0430\u043c\u0438 \u00ab\u0413\u0443\u043b\u044f\u0442\u044c \u043c\u043e\u0436\u043d\u043e, \u0435\u0441\u043b\u0438 \u043e\u0441\u0442\u043e\u0440\u043e\u0436\u043d\u043e!\u00bb \u2014 \u044d\u0442\u043e \u0443\u0432\u043b\u0435\u043a\u0430\u0442\u0435\u043b\u044c\u043d\u043e\u0435 \u043f\u043e\u0441\u043e\u0431\u0438\u0435 \u0434\u043b\u044f \u0434\u0435\u0442\u0435\u0439, \u043a\u043e\u0442\u043e\u0440\u043e\u0435 \u0440\u0430\u0441\u0441\u043a\u0430\u0436\u0435\u0442 \u043c\u0430\u043b\u044b\u0448\u0443, \u043a\u0430\u043a \u0432\u0435\u0441\u0442\u0438 \u0441\u0435\u0431\u044f \u0432\u043e \u0434\u0432\u043e\u0440\u0435, \u0447\u0442\u043e\u0431\u044b \u043d\u0435 \u043f\u043e\u043f\u0430\u0441\u0442\u044c \u0432 \u0431\u0435\u0434\u0443 \u043d\u0435 \u0442\u043e\u043b\u044c\u043a\u043e \u0432\u0435\u0441\u0451\u043b\u044b\u043c\u0438, \u043d\u043e \u0438 \u043f\u043e\u0437\u043d\u0430\u0432\u0430\u0442\u0435\u043b\u044c\u043d\u044b\u043c\u0438. \u0412 \u043a\u043e\u043c\u043f\u043b\u0435\u043a\u0442\u0435 78 \u044f\u0440\u043a\u0438\u0445 \u043d\u0430\u043a\u043b\u0435\u0435\u043a, \u043a\u043e\u0442\u043e\u0440\u044b\u0435 \u043c\u043e\u0436\u043d\u043e \u043f\u0440\u0438\u043a\u043b\u0435\u0438\u0432\u0430\u0442\u044c \u043d\u0430 \u0441\u0442\u0440\u0430\u043d\u0438\u0446\u044b, \u0437\u0430\u043f\u043e\u043b\u043d\u044f\u044f \u0437\u0430\u0434\u0430\u043d\u0438\u044f \u043d\u0430 16 \u0441\u0442\u0440\u0430\u043d\u0438\u0446\u0430\u0445 \u043a\u043d\u0438\u0433\u0438. \u042d\u0442\u043e \u043e\u0442\u043b\u0438\u0447\u043d\u043e\u0435 \u0437\u0430\u043d\u044f\u0442\u0438\u0435 \u0434\u043b\u044f \u0440\u0430\u0437\u0432\u0438\u0442\u0438\u044f \u0432\u043d\u0438\u043c\u0430\u043d\u0438\u044f, \u0443\u0441\u0438\u0434\u0447\u0438\u0432\u043e\u0441\u0442\u0438 [&hellip;]<\/p>\n","protected":false},"featured_media":75609,"template":"","meta":{"_monsterinsights_skip_tracking":false,"_monsterinsights_sitenote_active":false,"_monsterinsights_sitenote_note":"","_monsterinsights_sitenote_category":0},"product_brand":[],"product_cat":[53,54,58],"product_tag":[],"class_list":{"0":"post-75610","1":"product","2":"type-product","3":"status-publish","4":"has-post-thumbnail","6":"product_cat-kleebised","7":"product_cat-raamatud-vene-keeles","8":"product_cat-unkategorized","9":"pa_vozrast-ot-3-do-5-let-et","11":"first","12":"instock","13":"shipping-taxable","14":"purchasable","15":"product-type-simple"},"yoast_head":"<!-- This site is optimized with the Yoast SEO plugin v25.0 - https:\/\/yoast.com\/wordpress\/plugins\/seo\/ -->\n<title>Kleepsuraamat \u201eV\u00f5ib \u00f5ues m\u00e4ngida, kui oled ettevaatlik!\u201c \u2013 16 lk, 78 kleepsu -<\/title>\n<meta name=\"description\" content=\"Kleepsuraamat \u201eV\u00f5ib \u00f5ues m\u00e4ngida, kui oled ettevaatlik!\u201c \u2013 16 lk, 78 kleepsu - CLEVER KIDS\" \/>\n<meta name=\"robots\" content=\"index, follow, max-snippet:-1, max-image-preview:large, max-video-preview:-1\" \/>\n<link rel=\"canonical\" href=\"https:\/\/cleverkids.ee\/et\/product\/kleepsuraamat-voib-oues-mangida-kui-oled-ettevaatlik-16-lk-78-kleepsu\/\" \/>\n<meta property=\"og:locale\" content=\"et_EE\" \/>\n<meta property=\"og:type\" content=\"article\" \/>\n<meta property=\"og:title\" content=\"Kleepsuraamat \u201eV\u00f5ib \u00f5ues m\u00e4ngida, kui oled ettevaatlik!\u201c \u2013 16 lk, 78 kleepsu -\" \/>\n<meta property=\"og:description\" content=\"Kleepsuraamat \u201eV\u00f5ib \u00f5ues m\u00e4ngida, kui oled ettevaatlik!\u201c \u2013 16 lk, 78 kleepsu - CLEVER KIDS\" \/>\n<meta property=\"og:url\" content=\"https:\/\/cleverkids.ee\/et\/product\/kleepsuraamat-voib-oues-mangida-kui-oled-ettevaatlik-16-lk-78-kleepsu\/\" \/>\n<meta property=\"og:site_name\" content=\"CLEVER KIDS\" \/>\n<meta property=\"article:publisher\" content=\"https:\/\/www.facebook.com\/cleverkids.ee\/\" \/>\n<meta property=\"article:modified_time\" content=\"2025-10-15T10:41:40+00:00\" \/>\n<meta property=\"og:image\" content=\"https:\/\/cleverkids.ee\/wp-content\/uploads\/2025\/10\/1600-64-2.jpg\" \/>\n\t<meta property=\"og:image:width\" content=\"1600\" \/>\n\t<meta property=\"og:image:height\" content=\"1600\" \/>\n\t<meta property=\"og:image:type\" content=\"image\/jpeg\" \/>\n<meta name=\"twitter:card\" content=\"summary_large_image\" \/>\n<meta name=\"twitter:label1\" content=\"Est. reading time\" \/>\n\t<meta name=\"twitter:data1\" content=\"1 minut\" \/>\n<script type=\"application\/ld+json\" class=\"yoast-schema-graph\">{\"@context\":\"https:\/\/schema.org\",\"@graph\":[{\"@type\":\"WebPage\",\"@id\":\"https:\/\/cleverkids.ee\/et\/product\/kleepsuraamat-voib-oues-mangida-kui-oled-ettevaatlik-16-lk-78-kleepsu\/\",\"url\":\"https:\/\/cleverkids.ee\/et\/product\/kleepsuraamat-voib-oues-mangida-kui-oled-ettevaatlik-16-lk-78-kleepsu\/\",\"name\":\"Kleepsuraamat \u201eV\u00f5ib \u00f5ues m\u00e4ngida, kui oled ettevaatlik!\u201c \u2013 16 lk, 78 kleepsu -\",\"isPartOf\":{\"@id\":\"https:\/\/cleverkids.ee\/et\/#website\"},\"primaryImageOfPage\":{\"@id\":\"https:\/\/cleverkids.ee\/et\/product\/kleepsuraamat-voib-oues-mangida-kui-oled-ettevaatlik-16-lk-78-kleepsu\/#primaryimage\"},\"image\":{\"@id\":\"https:\/\/cleverkids.ee\/et\/product\/kleepsuraamat-voib-oues-mangida-kui-oled-ettevaatlik-16-lk-78-kleepsu\/#primaryimage\"},\"thumbnailUrl\":\"https:\/\/cleverkids.ee\/wp-content\/uploads\/2025\/10\/1600-64-2.jpg\",\"datePublished\":\"2025-10-15T10:40:16+00:00\",\"dateModified\":\"2025-10-15T10:41:40+00:00\",\"description\":\"Kleepsuraamat \u201eV\u00f5ib \u00f5ues m\u00e4ngida, kui oled ettevaatlik!\u201c \u2013 16 lk, 78 kleepsu - CLEVER KIDS\",\"breadcrumb\":{\"@id\":\"https:\/\/cleverkids.ee\/et\/product\/kleepsuraamat-voib-oues-mangida-kui-oled-ettevaatlik-16-lk-78-kleepsu\/#breadcrumb\"},\"inLanguage\":\"et\",\"potentialAction\":[{\"@type\":\"ReadAction\",\"target\":[\"https:\/\/cleverkids.ee\/et\/product\/kleepsuraamat-voib-oues-mangida-kui-oled-ettevaatlik-16-lk-78-kleepsu\/\"]}]},{\"@type\":\"ImageObject\",\"inLanguage\":\"et\",\"@id\":\"https:\/\/cleverkids.ee\/et\/product\/kleepsuraamat-voib-oues-mangida-kui-oled-ettevaatlik-16-lk-78-kleepsu\/#primaryimage\",\"url\":\"https:\/\/cleverkids.ee\/wp-content\/uploads\/2025\/10\/1600-64-2.jpg\",\"contentUrl\":\"https:\/\/cleverkids.ee\/wp-content\/uploads\/2025\/10\/1600-64-2.jpg\",\"width\":1600,\"height\":1600,\"caption\":\"\u041a\u043d\u0438\u0433\u0430 \u0441 \u043d\u0430\u043a\u043b\u0435\u0439\u043a\u0430\u043c\u0438 \u00ab\u0413\u0443\u043b\u044f\u0442\u044c \u043c\u043e\u0436\u043d\u043e, \u0435\u0441\u043b\u0438 \u043e\u0441\u0442\u043e\u0440\u043e\u0436\u043d\u043e!\u00bb\"},{\"@type\":\"BreadcrumbList\",\"@id\":\"https:\/\/cleverkids.ee\/et\/product\/kleepsuraamat-voib-oues-mangida-kui-oled-ettevaatlik-16-lk-78-kleepsu\/#breadcrumb\",\"itemListElement\":[{\"@type\":\"ListItem\",\"position\":1,\"name\":\"Esileht\",\"item\":\"https:\/\/cleverkids.ee\/et\/\"},{\"@type\":\"ListItem\",\"position\":2,\"name\":\"Tooted\",\"item\":\"https:\/\/cleverkids.ee\/store\/\"},{\"@type\":\"ListItem\",\"position\":3,\"name\":\"Kleepsuraamat \u201eV\u00f5ib \u00f5ues m\u00e4ngida, kui oled ettevaatlik!\u201c \u2013 16 lk, 78 kleepsu\"}]},{\"@type\":\"WebSite\",\"@id\":\"https:\/\/cleverkids.ee\/et\/#website\",\"url\":\"https:\/\/cleverkids.ee\/et\/\",\"name\":\"CLEVER KIDS\",\"description\":\"\",\"publisher\":{\"@id\":\"https:\/\/cleverkids.ee\/et\/#organization\"},\"potentialAction\":[{\"@type\":\"SearchAction\",\"target\":{\"@type\":\"EntryPoint\",\"urlTemplate\":\"https:\/\/cleverkids.ee\/et\/?s={search_term_string}\"},\"query-input\":{\"@type\":\"PropertyValueSpecification\",\"valueRequired\":true,\"valueName\":\"search_term_string\"}}],\"inLanguage\":\"et\"},{\"@type\":\"Organization\",\"@id\":\"https:\/\/cleverkids.ee\/et\/#organization\",\"name\":\"CLEVER KIDS\",\"url\":\"https:\/\/cleverkids.ee\/et\/\",\"logo\":{\"@type\":\"ImageObject\",\"inLanguage\":\"et\",\"@id\":\"https:\/\/cleverkids.ee\/et\/#\/schema\/logo\/image\/\",\"url\":\"https:\/\/cleverkids.ee\/wp-content\/uploads\/2024\/02\/image0-1024x1024.png\",\"contentUrl\":\"https:\/\/cleverkids.ee\/wp-content\/uploads\/2024\/02\/image0-1024x1024.png\",\"width\":1024,\"height\":1024,\"caption\":\"CLEVER KIDS\"},\"image\":{\"@id\":\"https:\/\/cleverkids.ee\/et\/#\/schema\/logo\/image\/\"},\"sameAs\":[\"https:\/\/www.facebook.com\/cleverkids.ee\/\",\"https:\/\/www.instagram.com\/cleverkids_ee\/\"]}]}<\/script>\n<!-- \/ Yoast SEO plugin. -->","yoast_head_json":{"title":"Kleepsuraamat \u201eV\u00f5ib \u00f5ues m\u00e4ngida, kui oled ettevaatlik!\u201c \u2013 16 lk, 78 kleepsu -","description":"Kleepsuraamat \u201eV\u00f5ib \u00f5ues m\u00e4ngida, kui oled ettevaatlik!\u201c \u2013 16 lk, 78 kleepsu - CLEVER KIDS","robots":{"index":"index","follow":"follow","max-snippet":"max-snippet:-1","max-image-preview":"max-image-preview:large","max-video-preview":"max-video-preview:-1"},"canonical":"https:\/\/cleverkids.ee\/et\/product\/kleepsuraamat-voib-oues-mangida-kui-oled-ettevaatlik-16-lk-78-kleepsu\/","og_locale":"et_EE","og_type":"article","og_title":"Kleepsuraamat \u201eV\u00f5ib \u00f5ues m\u00e4ngida, kui oled ettevaatlik!\u201c \u2013 16 lk, 78 kleepsu -","og_description":"Kleepsuraamat \u201eV\u00f5ib \u00f5ues m\u00e4ngida, kui oled ettevaatlik!\u201c \u2013 16 lk, 78 kleepsu - CLEVER KIDS","og_url":"https:\/\/cleverkids.ee\/et\/product\/kleepsuraamat-voib-oues-mangida-kui-oled-ettevaatlik-16-lk-78-kleepsu\/","og_site_name":"CLEVER KIDS","article_publisher":"https:\/\/www.facebook.com\/cleverkids.ee\/","article_modified_time":"2025-10-15T10:41:40+00:00","og_image":[{"width":1600,"height":1600,"url":"https:\/\/cleverkids.ee\/wp-content\/uploads\/2025\/10\/1600-64-2.jpg","type":"image\/jpeg"}],"twitter_card":"summary_large_image","twitter_misc":{"Est. reading time":"1 minut"},"schema":{"@context":"https:\/\/schema.org","@graph":[{"@type":"WebPage","@id":"https:\/\/cleverkids.ee\/et\/product\/kleepsuraamat-voib-oues-mangida-kui-oled-ettevaatlik-16-lk-78-kleepsu\/","url":"https:\/\/cleverkids.ee\/et\/product\/kleepsuraamat-voib-oues-mangida-kui-oled-ettevaatlik-16-lk-78-kleepsu\/","name":"Kleepsuraamat \u201eV\u00f5ib \u00f5ues m\u00e4ngida, kui oled ettevaatlik!\u201c \u2013 16 lk, 78 kleepsu -","isPartOf":{"@id":"https:\/\/cleverkids.ee\/et\/#website"},"primaryImageOfPage":{"@id":"https:\/\/cleverkids.ee\/et\/product\/kleepsuraamat-voib-oues-mangida-kui-oled-ettevaatlik-16-lk-78-kleepsu\/#primaryimage"},"image":{"@id":"https:\/\/cleverkids.ee\/et\/product\/kleepsuraamat-voib-oues-mangida-kui-oled-ettevaatlik-16-lk-78-kleepsu\/#primaryimage"},"thumbnailUrl":"https:\/\/cleverkids.ee\/wp-content\/uploads\/2025\/10\/1600-64-2.jpg","datePublished":"2025-10-15T10:40:16+00:00","dateModified":"2025-10-15T10:41:40+00:00","description":"Kleepsuraamat \u201eV\u00f5ib \u00f5ues m\u00e4ngida, kui oled ettevaatlik!\u201c \u2013 16 lk, 78 kleepsu - CLEVER KIDS","breadcrumb":{"@id":"https:\/\/cleverkids.ee\/et\/product\/kleepsuraamat-voib-oues-mangida-kui-oled-ettevaatlik-16-lk-78-kleepsu\/#breadcrumb"},"inLanguage":"et","potentialAction":[{"@type":"ReadAction","target":["https:\/\/cleverkids.ee\/et\/product\/kleepsuraamat-voib-oues-mangida-kui-oled-ettevaatlik-16-lk-78-kleepsu\/"]}]},{"@type":"ImageObject","inLanguage":"et","@id":"https:\/\/cleverkids.ee\/et\/product\/kleepsuraamat-voib-oues-mangida-kui-oled-ettevaatlik-16-lk-78-kleepsu\/#primaryimage","url":"https:\/\/cleverkids.ee\/wp-content\/uploads\/2025\/10\/1600-64-2.jpg","contentUrl":"https:\/\/cleverkids.ee\/wp-content\/uploads\/2025\/10\/1600-64-2.jpg","width":1600,"height":1600,"caption":"\u041a\u043d\u0438\u0433\u0430 \u0441 \u043d\u0430\u043a\u043b\u0435\u0439\u043a\u0430\u043c\u0438 \u00ab\u0413\u0443\u043b\u044f\u0442\u044c \u043c\u043e\u0436\u043d\u043e, \u0435\u0441\u043b\u0438 \u043e\u0441\u0442\u043e\u0440\u043e\u0436\u043d\u043e!\u00bb"},{"@type":"BreadcrumbList","@id":"https:\/\/cleverkids.ee\/et\/product\/kleepsuraamat-voib-oues-mangida-kui-oled-ettevaatlik-16-lk-78-kleepsu\/#breadcrumb","itemListElement":[{"@type":"ListItem","position":1,"name":"Esileht","item":"https:\/\/cleverkids.ee\/et\/"},{"@type":"ListItem","position":2,"name":"Tooted","item":"https:\/\/cleverkids.ee\/store\/"},{"@type":"ListItem","position":3,"name":"Kleepsuraamat \u201eV\u00f5ib \u00f5ues m\u00e4ngida, kui oled ettevaatlik!\u201c \u2013 16 lk, 78 kleepsu"}]},{"@type":"WebSite","@id":"https:\/\/cleverkids.ee\/et\/#website","url":"https:\/\/cleverkids.ee\/et\/","name":"CLEVER KIDS","description":"","publisher":{"@id":"https:\/\/cleverkids.ee\/et\/#organization"},"potentialAction":[{"@type":"SearchAction","target":{"@type":"EntryPoint","urlTemplate":"https:\/\/cleverkids.ee\/et\/?s={search_term_string}"},"query-input":{"@type":"PropertyValueSpecification","valueRequired":true,"valueName":"search_term_string"}}],"inLanguage":"et"},{"@type":"Organization","@id":"https:\/\/cleverkids.ee\/et\/#organization","name":"CLEVER KIDS","url":"https:\/\/cleverkids.ee\/et\/","logo":{"@type":"ImageObject","inLanguage":"et","@id":"https:\/\/cleverkids.ee\/et\/#\/schema\/logo\/image\/","url":"https:\/\/cleverkids.ee\/wp-content\/uploads\/2024\/02\/image0-1024x1024.png","contentUrl":"https:\/\/cleverkids.ee\/wp-content\/uploads\/2024\/02\/image0-1024x1024.png","width":1024,"height":1024,"caption":"CLEVER KIDS"},"image":{"@id":"https:\/\/cleverkids.ee\/et\/#\/schema\/logo\/image\/"},"sameAs":["https:\/\/www.facebook.com\/cleverkids.ee\/","https:\/\/www.instagram.com\/cleverkids_ee\/"]}]}},"_links":{"self":[{"href":"https:\/\/cleverkids.ee\/et\/wp-json\/wp\/v2\/product\/75610","targetHints":{"allow":["GET"]}}],"collection":[{"href":"https:\/\/cleverkids.ee\/et\/wp-json\/wp\/v2\/product"}],"about":[{"href":"https:\/\/cleverkids.ee\/et\/wp-json\/wp\/v2\/types\/product"}],"wp:featuredmedia":[{"embeddable":true,"href":"https:\/\/cleverkids.ee\/et\/wp-json\/wp\/v2\/media\/75609"}],"wp:attachment":[{"href":"https:\/\/cleverkids.ee\/et\/wp-json\/wp\/v2\/media?parent=75610"}],"wp:term":[{"taxonomy":"product_brand","embeddable":true,"href":"https:\/\/cleverkids.ee\/et\/wp-json\/wp\/v2\/product_brand?post=75610"},{"taxonomy":"product_cat","embeddable":true,"href":"https:\/\/cleverkids.ee\/et\/wp-json\/wp\/v2\/product_cat?post=75610"},{"taxonomy":"product_tag","embeddable":true,"href":"https:\/\/cleverkids.ee\/et\/wp-json\/wp\/v2\/product_tag?post=75610"}],"curies":[{"name":"wp","href":"https:\/\/api.w.org\/{rel}","templated":true}]}}