{"id":75618,"date":"2025-10-15T15:07:11","date_gmt":"2025-10-15T12:07:11","guid":{"rendered":"https:\/\/cleverkids.ee\/\u041f\u0440\u043e\u0434\u0443\u043a\u0442\/gravyura-raketa-v-kosmose-a5-s-metallicheskim-effektom\/"},"modified":"2025-10-15T15:09:24","modified_gmt":"2025-10-15T12:09:24","slug":"kraabitav-pilt-rakett-kosmoses-a5-metalse-efektiga","status":"publish","type":"product","link":"https:\/\/cleverkids.ee\/et\/product\/kraabitav-pilt-rakett-kosmoses-a5-metalse-efektiga\/","title":{"rendered":"Kraabitav pilt \u201eRakett kosmoses\u201c \u2013 A5, metalse efektiga"},"content":{"rendered":"<p data-start=\"139\" data-end=\"322\">Originaalne ja loominguline kingitus igale kunstihuvilisele!<br data-start=\"199\" data-end=\"202\" \/>Erilise graveerimispulga abil kraabi v\u00e4lja s\u00e4delev pilt \u2013 lihtsalt j\u00e4lgi jooni ja vaata, kuidas rakett ilmub kosmosesse!<\/p>\n<p data-start=\"324\" data-end=\"496\" data-is-last-node=\"\" data-is-only-node=\"\"><strong data-start=\"324\" data-end=\"336\">Arendab:<\/strong><br data-start=\"336\" data-end=\"339\" \/>peenmotoorikat, k\u00e4e-silma koordineerimist, keskendumisv\u00f5imet ja t\u00e4psust.<br data-start=\"411\" data-end=\"414\" \/>Sobib nii lastele kui t\u00e4iskasvanutele \u2014 loov tegevus, mis pakub r\u00f5\u00f5mu ja rahulolu.<\/p>\n","protected":false},"excerpt":{"rendered":"<p>Originaalne ja loominguline kingitus igale kunstihuvilisele!Erilise graveerimispulga abil kraabi v\u00e4lja s\u00e4delev pilt \u2013 lihtsalt j\u00e4lgi jooni ja vaata, kuidas rakett ilmub kosmosesse! Arendab:peenmotoorikat, k\u00e4e-silma koordineerimist, keskendumisv\u00f5imet ja t\u00e4psust.Sobib nii lastele kui t\u00e4iskasvanutele \u2014 loov tegevus, mis pakub r\u00f5\u00f5mu ja rahulolu.<\/p>\n","protected":false},"featured_media":75617,"template":"","meta":{"_monsterinsights_skip_tracking":false,"_monsterinsights_sitenote_active":false,"_monsterinsights_sitenote_note":"","_monsterinsights_sitenote_category":0},"product_brand":[],"product_cat":[52,58],"product_tag":[],"class_list":{"0":"post-75618","1":"product","2":"type-product","3":"status-publish","4":"has-post-thumbnail","6":"product_cat-loovus","7":"product_cat-unkategorized","8":"pa_vozrast-ot-5-let-et","10":"first","11":"instock","12":"shipping-taxable","13":"purchasable","14":"product-type-simple"},"yoast_head":"<!-- This site is optimized with the Yoast SEO plugin v25.0 - https:\/\/yoast.com\/wordpress\/plugins\/seo\/ -->\n<title>Kraabitav pilt \u201eRakett kosmoses\u201c \u2013 A5, metalse efektiga -<\/title>\n<meta name=\"description\" content=\"Kraabitav pilt \u201eRakett kosmoses\u201c \u2013 A5, metalse efektiga - CLEVER KIDS\" \/>\n<meta name=\"robots\" content=\"index, follow, max-snippet:-1, max-image-preview:large, max-video-preview:-1\" \/>\n<link rel=\"canonical\" href=\"https:\/\/cleverkids.ee\/et\/product\/kraabitav-pilt-rakett-kosmoses-a5-metalse-efektiga\/\" \/>\n<meta property=\"og:locale\" content=\"et_EE\" \/>\n<meta property=\"og:type\" content=\"article\" \/>\n<meta property=\"og:title\" content=\"Kraabitav pilt \u201eRakett kosmoses\u201c \u2013 A5, metalse efektiga -\" \/>\n<meta property=\"og:description\" content=\"Kraabitav pilt \u201eRakett kosmoses\u201c \u2013 A5, metalse efektiga - CLEVER KIDS\" \/>\n<meta property=\"og:url\" content=\"https:\/\/cleverkids.ee\/et\/product\/kraabitav-pilt-rakett-kosmoses-a5-metalse-efektiga\/\" \/>\n<meta property=\"og:site_name\" content=\"CLEVER KIDS\" \/>\n<meta property=\"article:publisher\" content=\"https:\/\/www.facebook.com\/cleverkids.ee\/\" \/>\n<meta property=\"article:modified_time\" content=\"2025-10-15T12:09:24+00:00\" \/>\n<meta property=\"og:image\" content=\"https:\/\/cleverkids.ee\/wp-content\/uploads\/2025\/10\/1600-64-3.jpg\" \/>\n\t<meta property=\"og:image:width\" content=\"1600\" \/>\n\t<meta property=\"og:image:height\" content=\"1600\" \/>\n\t<meta property=\"og:image:type\" content=\"image\/jpeg\" \/>\n<meta name=\"twitter:card\" content=\"summary_large_image\" \/>\n<meta name=\"twitter:label1\" content=\"Est. reading time\" \/>\n\t<meta name=\"twitter:data1\" content=\"1 minut\" \/>\n<script type=\"application\/ld+json\" class=\"yoast-schema-graph\">{\"@context\":\"https:\/\/schema.org\",\"@graph\":[{\"@type\":\"WebPage\",\"@id\":\"https:\/\/cleverkids.ee\/et\/product\/kraabitav-pilt-rakett-kosmoses-a5-metalse-efektiga\/\",\"url\":\"https:\/\/cleverkids.ee\/et\/product\/kraabitav-pilt-rakett-kosmoses-a5-metalse-efektiga\/\",\"name\":\"Kraabitav pilt \u201eRakett kosmoses\u201c \u2013 A5, metalse efektiga -\",\"isPartOf\":{\"@id\":\"https:\/\/cleverkids.ee\/et\/#website\"},\"primaryImageOfPage\":{\"@id\":\"https:\/\/cleverkids.ee\/et\/product\/kraabitav-pilt-rakett-kosmoses-a5-metalse-efektiga\/#primaryimage\"},\"image\":{\"@id\":\"https:\/\/cleverkids.ee\/et\/product\/kraabitav-pilt-rakett-kosmoses-a5-metalse-efektiga\/#primaryimage\"},\"thumbnailUrl\":\"https:\/\/cleverkids.ee\/wp-content\/uploads\/2025\/10\/1600-64-3.jpg\",\"datePublished\":\"2025-10-15T12:07:11+00:00\",\"dateModified\":\"2025-10-15T12:09:24+00:00\",\"description\":\"Kraabitav pilt \u201eRakett kosmoses\u201c \u2013 A5, metalse efektiga - CLEVER KIDS\",\"breadcrumb\":{\"@id\":\"https:\/\/cleverkids.ee\/et\/product\/kraabitav-pilt-rakett-kosmoses-a5-metalse-efektiga\/#breadcrumb\"},\"inLanguage\":\"et\",\"potentialAction\":[{\"@type\":\"ReadAction\",\"target\":[\"https:\/\/cleverkids.ee\/et\/product\/kraabitav-pilt-rakett-kosmoses-a5-metalse-efektiga\/\"]}]},{\"@type\":\"ImageObject\",\"inLanguage\":\"et\",\"@id\":\"https:\/\/cleverkids.ee\/et\/product\/kraabitav-pilt-rakett-kosmoses-a5-metalse-efektiga\/#primaryimage\",\"url\":\"https:\/\/cleverkids.ee\/wp-content\/uploads\/2025\/10\/1600-64-3.jpg\",\"contentUrl\":\"https:\/\/cleverkids.ee\/wp-content\/uploads\/2025\/10\/1600-64-3.jpg\",\"width\":1600,\"height\":1600,\"caption\":\"\u0413\u0440\u0430\u0432\u044e\u0440\u0430 \u00ab\u0420\u0430\u043a\u0435\u0442\u0430 \u0432 \u043a\u043e\u0441\u043c\u043e\u0441\u0435\u00bb\"},{\"@type\":\"BreadcrumbList\",\"@id\":\"https:\/\/cleverkids.ee\/et\/product\/kraabitav-pilt-rakett-kosmoses-a5-metalse-efektiga\/#breadcrumb\",\"itemListElement\":[{\"@type\":\"ListItem\",\"position\":1,\"name\":\"Esileht\",\"item\":\"https:\/\/cleverkids.ee\/et\/\"},{\"@type\":\"ListItem\",\"position\":2,\"name\":\"Tooted\",\"item\":\"https:\/\/cleverkids.ee\/store\/\"},{\"@type\":\"ListItem\",\"position\":3,\"name\":\"Kraabitav pilt \u201eRakett kosmoses\u201c \u2013 A5, metalse efektiga\"}]},{\"@type\":\"WebSite\",\"@id\":\"https:\/\/cleverkids.ee\/et\/#website\",\"url\":\"https:\/\/cleverkids.ee\/et\/\",\"name\":\"CLEVER KIDS\",\"description\":\"\",\"publisher\":{\"@id\":\"https:\/\/cleverkids.ee\/et\/#organization\"},\"potentialAction\":[{\"@type\":\"SearchAction\",\"target\":{\"@type\":\"EntryPoint\",\"urlTemplate\":\"https:\/\/cleverkids.ee\/et\/?s={search_term_string}\"},\"query-input\":{\"@type\":\"PropertyValueSpecification\",\"valueRequired\":true,\"valueName\":\"search_term_string\"}}],\"inLanguage\":\"et\"},{\"@type\":\"Organization\",\"@id\":\"https:\/\/cleverkids.ee\/et\/#organization\",\"name\":\"CLEVER KIDS\",\"url\":\"https:\/\/cleverkids.ee\/et\/\",\"logo\":{\"@type\":\"ImageObject\",\"inLanguage\":\"et\",\"@id\":\"https:\/\/cleverkids.ee\/et\/#\/schema\/logo\/image\/\",\"url\":\"https:\/\/cleverkids.ee\/wp-content\/uploads\/2024\/02\/image0-1024x1024.png\",\"contentUrl\":\"https:\/\/cleverkids.ee\/wp-content\/uploads\/2024\/02\/image0-1024x1024.png\",\"width\":1024,\"height\":1024,\"caption\":\"CLEVER KIDS\"},\"image\":{\"@id\":\"https:\/\/cleverkids.ee\/et\/#\/schema\/logo\/image\/\"},\"sameAs\":[\"https:\/\/www.facebook.com\/cleverkids.ee\/\",\"https:\/\/www.instagram.com\/cleverkids_ee\/\"]}]}<\/script>\n<!-- \/ Yoast SEO plugin. -->","yoast_head_json":{"title":"Kraabitav pilt \u201eRakett kosmoses\u201c \u2013 A5, metalse efektiga -","description":"Kraabitav pilt \u201eRakett kosmoses\u201c \u2013 A5, metalse efektiga - CLEVER KIDS","robots":{"index":"index","follow":"follow","max-snippet":"max-snippet:-1","max-image-preview":"max-image-preview:large","max-video-preview":"max-video-preview:-1"},"canonical":"https:\/\/cleverkids.ee\/et\/product\/kraabitav-pilt-rakett-kosmoses-a5-metalse-efektiga\/","og_locale":"et_EE","og_type":"article","og_title":"Kraabitav pilt \u201eRakett kosmoses\u201c \u2013 A5, metalse efektiga -","og_description":"Kraabitav pilt \u201eRakett kosmoses\u201c \u2013 A5, metalse efektiga - CLEVER KIDS","og_url":"https:\/\/cleverkids.ee\/et\/product\/kraabitav-pilt-rakett-kosmoses-a5-metalse-efektiga\/","og_site_name":"CLEVER KIDS","article_publisher":"https:\/\/www.facebook.com\/cleverkids.ee\/","article_modified_time":"2025-10-15T12:09:24+00:00","og_image":[{"width":1600,"height":1600,"url":"https:\/\/cleverkids.ee\/wp-content\/uploads\/2025\/10\/1600-64-3.jpg","type":"image\/jpeg"}],"twitter_card":"summary_large_image","twitter_misc":{"Est. reading time":"1 minut"},"schema":{"@context":"https:\/\/schema.org","@graph":[{"@type":"WebPage","@id":"https:\/\/cleverkids.ee\/et\/product\/kraabitav-pilt-rakett-kosmoses-a5-metalse-efektiga\/","url":"https:\/\/cleverkids.ee\/et\/product\/kraabitav-pilt-rakett-kosmoses-a5-metalse-efektiga\/","name":"Kraabitav pilt \u201eRakett kosmoses\u201c \u2013 A5, metalse efektiga -","isPartOf":{"@id":"https:\/\/cleverkids.ee\/et\/#website"},"primaryImageOfPage":{"@id":"https:\/\/cleverkids.ee\/et\/product\/kraabitav-pilt-rakett-kosmoses-a5-metalse-efektiga\/#primaryimage"},"image":{"@id":"https:\/\/cleverkids.ee\/et\/product\/kraabitav-pilt-rakett-kosmoses-a5-metalse-efektiga\/#primaryimage"},"thumbnailUrl":"https:\/\/cleverkids.ee\/wp-content\/uploads\/2025\/10\/1600-64-3.jpg","datePublished":"2025-10-15T12:07:11+00:00","dateModified":"2025-10-15T12:09:24+00:00","description":"Kraabitav pilt \u201eRakett kosmoses\u201c \u2013 A5, metalse efektiga - CLEVER KIDS","breadcrumb":{"@id":"https:\/\/cleverkids.ee\/et\/product\/kraabitav-pilt-rakett-kosmoses-a5-metalse-efektiga\/#breadcrumb"},"inLanguage":"et","potentialAction":[{"@type":"ReadAction","target":["https:\/\/cleverkids.ee\/et\/product\/kraabitav-pilt-rakett-kosmoses-a5-metalse-efektiga\/"]}]},{"@type":"ImageObject","inLanguage":"et","@id":"https:\/\/cleverkids.ee\/et\/product\/kraabitav-pilt-rakett-kosmoses-a5-metalse-efektiga\/#primaryimage","url":"https:\/\/cleverkids.ee\/wp-content\/uploads\/2025\/10\/1600-64-3.jpg","contentUrl":"https:\/\/cleverkids.ee\/wp-content\/uploads\/2025\/10\/1600-64-3.jpg","width":1600,"height":1600,"caption":"\u0413\u0440\u0430\u0432\u044e\u0440\u0430 \u00ab\u0420\u0430\u043a\u0435\u0442\u0430 \u0432 \u043a\u043e\u0441\u043c\u043e\u0441\u0435\u00bb"},{"@type":"BreadcrumbList","@id":"https:\/\/cleverkids.ee\/et\/product\/kraabitav-pilt-rakett-kosmoses-a5-metalse-efektiga\/#breadcrumb","itemListElement":[{"@type":"ListItem","position":1,"name":"Esileht","item":"https:\/\/cleverkids.ee\/et\/"},{"@type":"ListItem","position":2,"name":"Tooted","item":"https:\/\/cleverkids.ee\/store\/"},{"@type":"ListItem","position":3,"name":"Kraabitav pilt \u201eRakett kosmoses\u201c \u2013 A5, metalse efektiga"}]},{"@type":"WebSite","@id":"https:\/\/cleverkids.ee\/et\/#website","url":"https:\/\/cleverkids.ee\/et\/","name":"CLEVER KIDS","description":"","publisher":{"@id":"https:\/\/cleverkids.ee\/et\/#organization"},"potentialAction":[{"@type":"SearchAction","target":{"@type":"EntryPoint","urlTemplate":"https:\/\/cleverkids.ee\/et\/?s={search_term_string}"},"query-input":{"@type":"PropertyValueSpecification","valueRequired":true,"valueName":"search_term_string"}}],"inLanguage":"et"},{"@type":"Organization","@id":"https:\/\/cleverkids.ee\/et\/#organization","name":"CLEVER KIDS","url":"https:\/\/cleverkids.ee\/et\/","logo":{"@type":"ImageObject","inLanguage":"et","@id":"https:\/\/cleverkids.ee\/et\/#\/schema\/logo\/image\/","url":"https:\/\/cleverkids.ee\/wp-content\/uploads\/2024\/02\/image0-1024x1024.png","contentUrl":"https:\/\/cleverkids.ee\/wp-content\/uploads\/2024\/02\/image0-1024x1024.png","width":1024,"height":1024,"caption":"CLEVER KIDS"},"image":{"@id":"https:\/\/cleverkids.ee\/et\/#\/schema\/logo\/image\/"},"sameAs":["https:\/\/www.facebook.com\/cleverkids.ee\/","https:\/\/www.instagram.com\/cleverkids_ee\/"]}]}},"_links":{"self":[{"href":"https:\/\/cleverkids.ee\/et\/wp-json\/wp\/v2\/product\/75618","targetHints":{"allow":["GET"]}}],"collection":[{"href":"https:\/\/cleverkids.ee\/et\/wp-json\/wp\/v2\/product"}],"about":[{"href":"https:\/\/cleverkids.ee\/et\/wp-json\/wp\/v2\/types\/product"}],"wp:featuredmedia":[{"embeddable":true,"href":"https:\/\/cleverkids.ee\/et\/wp-json\/wp\/v2\/media\/75617"}],"wp:attachment":[{"href":"https:\/\/cleverkids.ee\/et\/wp-json\/wp\/v2\/media?parent=75618"}],"wp:term":[{"taxonomy":"product_brand","embeddable":true,"href":"https:\/\/cleverkids.ee\/et\/wp-json\/wp\/v2\/product_brand?post=75618"},{"taxonomy":"product_cat","embeddable":true,"href":"https:\/\/cleverkids.ee\/et\/wp-json\/wp\/v2\/product_cat?post=75618"},{"taxonomy":"product_tag","embeddable":true,"href":"https:\/\/cleverkids.ee\/et\/wp-json\/wp\/v2\/product_tag?post=75618"}],"curies":[{"name":"wp","href":"https:\/\/api.w.org\/{rel}","templated":true}]}}