{"id":75695,"date":"2025-10-15T22:41:19","date_gmt":"2025-10-15T19:41:19","guid":{"rendered":"https:\/\/cleverkids.ee\/\u041f\u0440\u043e\u0434\u0443\u043a\u0442\/razvivayushhij-nabor-rasskazy-po-kartinkam-gotovimsya-k-shkole\/"},"modified":"2025-10-15T22:43:44","modified_gmt":"2025-10-15T19:43:44","slug":"arendav-komplekt-pildijutud","status":"publish","type":"product","link":"https:\/\/cleverkids.ee\/et\/product\/arendav-komplekt-pildijutud\/","title":{"rendered":"Arendav komplekt \u201ePildijutud\u201c"},"content":{"rendered":"<p data-start=\"107\" data-end=\"240\">Komplekt aitab arendada lapse kujutlusv\u00f5imet, t\u00e4helepanu, loogilist m\u00f5tlemist ja m\u00e4lu.<br data-start=\"193\" data-end=\"196\" \/>Sisaldab 20 v\u00e4rvilist pildikaarti ja 5 lugu.<\/p>\n<p data-start=\"242\" data-end=\"566\"><strong data-start=\"242\" data-end=\"262\">Kuidas kasutada:<\/strong><br data-start=\"262\" data-end=\"265\" \/>\u2013 Valige \u00fche loo pildid ja asetage aluskaardile.<br data-start=\"313\" data-end=\"316\" \/>\u2013 Laps seab pildid \u00f5igesse j\u00e4rjekorda ja jutustab, mis toimub.<br data-start=\"378\" data-end=\"381\" \/>\u2013 Arutage koos tegelasi, s\u00fcndmusi ja loo kulgu: algus, keskpaik, l\u00f5pp.<br data-start=\"451\" data-end=\"454\" data-is-only-node=\"\" \/>\u2013 Julgustage last looma oma juttu, toetades teda k\u00fcsimuste ja lausealgustega (\u201eElasid kord\u2026\u201c, \u201e\u00dchel p\u00e4eval\u2026\u201c).<\/p>\n<p data-start=\"568\" data-end=\"645\" data-is-last-node=\"\" data-is-only-node=\"\">M\u00e4ngulisel viisil arendab see komplekt k\u00f5neosavust ja loo jutustamise oskust.<\/p>\n","protected":false},"excerpt":{"rendered":"<p>Komplekt aitab arendada lapse kujutlusv\u00f5imet, t\u00e4helepanu, loogilist m\u00f5tlemist ja m\u00e4lu.Sisaldab 20 v\u00e4rvilist pildikaarti ja 5 lugu. Kuidas kasutada:\u2013 Valige \u00fche loo pildid ja asetage aluskaardile.\u2013 Laps seab pildid \u00f5igesse j\u00e4rjekorda ja jutustab, mis toimub.\u2013 Arutage koos tegelasi, s\u00fcndmusi ja loo kulgu: algus, keskpaik, l\u00f5pp.\u2013 Julgustage last looma oma juttu, toetades teda k\u00fcsimuste ja lausealgustega (\u201eElasid [&hellip;]<\/p>\n","protected":false},"featured_media":75688,"template":"","meta":{"_monsterinsights_skip_tracking":false,"_monsterinsights_sitenote_active":false,"_monsterinsights_sitenote_note":"","_monsterinsights_sitenote_category":0},"product_brand":[],"product_cat":[50,56,58],"product_tag":[],"class_list":{"0":"post-75695","1":"product","2":"type-product","3":"status-publish","4":"has-post-thumbnail","6":"product_cat-arendavad-manguasjad","7":"product_cat-kone-areng","8":"product_cat-unkategorized","9":"pa_vozrast-ot-3-do-5-let-et","10":"pa_vozrast-ot-5-let-et","12":"first","13":"instock","14":"shipping-taxable","15":"purchasable","16":"product-type-simple"},"yoast_head":"<!-- This site is optimized with the Yoast SEO plugin v25.0 - https:\/\/yoast.com\/wordpress\/plugins\/seo\/ -->\n<title>Arendav komplekt \u201ePildijutud\u201c -<\/title>\n<meta name=\"description\" content=\"Arendav komplekt \u201ePildijutud\u201c - CLEVER KIDS\" \/>\n<meta name=\"robots\" content=\"index, follow, max-snippet:-1, max-image-preview:large, max-video-preview:-1\" \/>\n<link rel=\"canonical\" href=\"https:\/\/cleverkids.ee\/et\/product\/arendav-komplekt-pildijutud\/\" \/>\n<meta property=\"og:locale\" content=\"et_EE\" \/>\n<meta property=\"og:type\" content=\"article\" \/>\n<meta property=\"og:title\" content=\"Arendav komplekt \u201ePildijutud\u201c -\" \/>\n<meta property=\"og:description\" content=\"Arendav komplekt \u201ePildijutud\u201c - CLEVER KIDS\" \/>\n<meta property=\"og:url\" content=\"https:\/\/cleverkids.ee\/et\/product\/arendav-komplekt-pildijutud\/\" \/>\n<meta property=\"og:site_name\" content=\"CLEVER KIDS\" \/>\n<meta property=\"article:publisher\" content=\"https:\/\/www.facebook.com\/cleverkids.ee\/\" \/>\n<meta property=\"article:modified_time\" content=\"2025-10-15T19:43:44+00:00\" \/>\n<meta property=\"og:image\" content=\"https:\/\/cleverkids.ee\/wp-content\/uploads\/2025\/10\/1600-67-2.jpg\" \/>\n\t<meta property=\"og:image:width\" content=\"1600\" \/>\n\t<meta property=\"og:image:height\" content=\"1600\" \/>\n\t<meta property=\"og:image:type\" content=\"image\/jpeg\" \/>\n<meta name=\"twitter:card\" content=\"summary_large_image\" \/>\n<meta name=\"twitter:label1\" content=\"Est. reading time\" \/>\n\t<meta name=\"twitter:data1\" content=\"1 minut\" \/>\n<script type=\"application\/ld+json\" class=\"yoast-schema-graph\">{\"@context\":\"https:\/\/schema.org\",\"@graph\":[{\"@type\":\"WebPage\",\"@id\":\"https:\/\/cleverkids.ee\/et\/product\/arendav-komplekt-pildijutud\/\",\"url\":\"https:\/\/cleverkids.ee\/et\/product\/arendav-komplekt-pildijutud\/\",\"name\":\"Arendav komplekt \u201ePildijutud\u201c -\",\"isPartOf\":{\"@id\":\"https:\/\/cleverkids.ee\/et\/#website\"},\"primaryImageOfPage\":{\"@id\":\"https:\/\/cleverkids.ee\/et\/product\/arendav-komplekt-pildijutud\/#primaryimage\"},\"image\":{\"@id\":\"https:\/\/cleverkids.ee\/et\/product\/arendav-komplekt-pildijutud\/#primaryimage\"},\"thumbnailUrl\":\"https:\/\/cleverkids.ee\/wp-content\/uploads\/2025\/10\/1600-67-2.jpg\",\"datePublished\":\"2025-10-15T19:41:19+00:00\",\"dateModified\":\"2025-10-15T19:43:44+00:00\",\"description\":\"Arendav komplekt \u201ePildijutud\u201c - CLEVER KIDS\",\"breadcrumb\":{\"@id\":\"https:\/\/cleverkids.ee\/et\/product\/arendav-komplekt-pildijutud\/#breadcrumb\"},\"inLanguage\":\"et\",\"potentialAction\":[{\"@type\":\"ReadAction\",\"target\":[\"https:\/\/cleverkids.ee\/et\/product\/arendav-komplekt-pildijutud\/\"]}]},{\"@type\":\"ImageObject\",\"inLanguage\":\"et\",\"@id\":\"https:\/\/cleverkids.ee\/et\/product\/arendav-komplekt-pildijutud\/#primaryimage\",\"url\":\"https:\/\/cleverkids.ee\/wp-content\/uploads\/2025\/10\/1600-67-2.jpg\",\"contentUrl\":\"https:\/\/cleverkids.ee\/wp-content\/uploads\/2025\/10\/1600-67-2.jpg\",\"width\":1600,\"height\":1600,\"caption\":\"\u0440\u0430\u0441\u0441\u043a\u0430\u0437\u044b \u043f\u043e \u043a\u0430\u0440\u0442\u0438\u043d\u043a\u0430\u043c\"},{\"@type\":\"BreadcrumbList\",\"@id\":\"https:\/\/cleverkids.ee\/et\/product\/arendav-komplekt-pildijutud\/#breadcrumb\",\"itemListElement\":[{\"@type\":\"ListItem\",\"position\":1,\"name\":\"Esileht\",\"item\":\"https:\/\/cleverkids.ee\/et\/\"},{\"@type\":\"ListItem\",\"position\":2,\"name\":\"Tooted\",\"item\":\"https:\/\/cleverkids.ee\/store\/\"},{\"@type\":\"ListItem\",\"position\":3,\"name\":\"Arendav komplekt \u201ePildijutud\u201c\"}]},{\"@type\":\"WebSite\",\"@id\":\"https:\/\/cleverkids.ee\/et\/#website\",\"url\":\"https:\/\/cleverkids.ee\/et\/\",\"name\":\"CLEVER KIDS\",\"description\":\"\",\"publisher\":{\"@id\":\"https:\/\/cleverkids.ee\/et\/#organization\"},\"potentialAction\":[{\"@type\":\"SearchAction\",\"target\":{\"@type\":\"EntryPoint\",\"urlTemplate\":\"https:\/\/cleverkids.ee\/et\/?s={search_term_string}\"},\"query-input\":{\"@type\":\"PropertyValueSpecification\",\"valueRequired\":true,\"valueName\":\"search_term_string\"}}],\"inLanguage\":\"et\"},{\"@type\":\"Organization\",\"@id\":\"https:\/\/cleverkids.ee\/et\/#organization\",\"name\":\"CLEVER KIDS\",\"url\":\"https:\/\/cleverkids.ee\/et\/\",\"logo\":{\"@type\":\"ImageObject\",\"inLanguage\":\"et\",\"@id\":\"https:\/\/cleverkids.ee\/et\/#\/schema\/logo\/image\/\",\"url\":\"https:\/\/cleverkids.ee\/wp-content\/uploads\/2024\/02\/image0-1024x1024.png\",\"contentUrl\":\"https:\/\/cleverkids.ee\/wp-content\/uploads\/2024\/02\/image0-1024x1024.png\",\"width\":1024,\"height\":1024,\"caption\":\"CLEVER KIDS\"},\"image\":{\"@id\":\"https:\/\/cleverkids.ee\/et\/#\/schema\/logo\/image\/\"},\"sameAs\":[\"https:\/\/www.facebook.com\/cleverkids.ee\/\",\"https:\/\/www.instagram.com\/cleverkids_ee\/\"]}]}<\/script>\n<!-- \/ Yoast SEO plugin. -->","yoast_head_json":{"title":"Arendav komplekt \u201ePildijutud\u201c -","description":"Arendav komplekt \u201ePildijutud\u201c - CLEVER KIDS","robots":{"index":"index","follow":"follow","max-snippet":"max-snippet:-1","max-image-preview":"max-image-preview:large","max-video-preview":"max-video-preview:-1"},"canonical":"https:\/\/cleverkids.ee\/et\/product\/arendav-komplekt-pildijutud\/","og_locale":"et_EE","og_type":"article","og_title":"Arendav komplekt \u201ePildijutud\u201c -","og_description":"Arendav komplekt \u201ePildijutud\u201c - CLEVER KIDS","og_url":"https:\/\/cleverkids.ee\/et\/product\/arendav-komplekt-pildijutud\/","og_site_name":"CLEVER KIDS","article_publisher":"https:\/\/www.facebook.com\/cleverkids.ee\/","article_modified_time":"2025-10-15T19:43:44+00:00","og_image":[{"width":1600,"height":1600,"url":"https:\/\/cleverkids.ee\/wp-content\/uploads\/2025\/10\/1600-67-2.jpg","type":"image\/jpeg"}],"twitter_card":"summary_large_image","twitter_misc":{"Est. reading time":"1 minut"},"schema":{"@context":"https:\/\/schema.org","@graph":[{"@type":"WebPage","@id":"https:\/\/cleverkids.ee\/et\/product\/arendav-komplekt-pildijutud\/","url":"https:\/\/cleverkids.ee\/et\/product\/arendav-komplekt-pildijutud\/","name":"Arendav komplekt \u201ePildijutud\u201c -","isPartOf":{"@id":"https:\/\/cleverkids.ee\/et\/#website"},"primaryImageOfPage":{"@id":"https:\/\/cleverkids.ee\/et\/product\/arendav-komplekt-pildijutud\/#primaryimage"},"image":{"@id":"https:\/\/cleverkids.ee\/et\/product\/arendav-komplekt-pildijutud\/#primaryimage"},"thumbnailUrl":"https:\/\/cleverkids.ee\/wp-content\/uploads\/2025\/10\/1600-67-2.jpg","datePublished":"2025-10-15T19:41:19+00:00","dateModified":"2025-10-15T19:43:44+00:00","description":"Arendav komplekt \u201ePildijutud\u201c - CLEVER KIDS","breadcrumb":{"@id":"https:\/\/cleverkids.ee\/et\/product\/arendav-komplekt-pildijutud\/#breadcrumb"},"inLanguage":"et","potentialAction":[{"@type":"ReadAction","target":["https:\/\/cleverkids.ee\/et\/product\/arendav-komplekt-pildijutud\/"]}]},{"@type":"ImageObject","inLanguage":"et","@id":"https:\/\/cleverkids.ee\/et\/product\/arendav-komplekt-pildijutud\/#primaryimage","url":"https:\/\/cleverkids.ee\/wp-content\/uploads\/2025\/10\/1600-67-2.jpg","contentUrl":"https:\/\/cleverkids.ee\/wp-content\/uploads\/2025\/10\/1600-67-2.jpg","width":1600,"height":1600,"caption":"\u0440\u0430\u0441\u0441\u043a\u0430\u0437\u044b \u043f\u043e \u043a\u0430\u0440\u0442\u0438\u043d\u043a\u0430\u043c"},{"@type":"BreadcrumbList","@id":"https:\/\/cleverkids.ee\/et\/product\/arendav-komplekt-pildijutud\/#breadcrumb","itemListElement":[{"@type":"ListItem","position":1,"name":"Esileht","item":"https:\/\/cleverkids.ee\/et\/"},{"@type":"ListItem","position":2,"name":"Tooted","item":"https:\/\/cleverkids.ee\/store\/"},{"@type":"ListItem","position":3,"name":"Arendav komplekt \u201ePildijutud\u201c"}]},{"@type":"WebSite","@id":"https:\/\/cleverkids.ee\/et\/#website","url":"https:\/\/cleverkids.ee\/et\/","name":"CLEVER KIDS","description":"","publisher":{"@id":"https:\/\/cleverkids.ee\/et\/#organization"},"potentialAction":[{"@type":"SearchAction","target":{"@type":"EntryPoint","urlTemplate":"https:\/\/cleverkids.ee\/et\/?s={search_term_string}"},"query-input":{"@type":"PropertyValueSpecification","valueRequired":true,"valueName":"search_term_string"}}],"inLanguage":"et"},{"@type":"Organization","@id":"https:\/\/cleverkids.ee\/et\/#organization","name":"CLEVER KIDS","url":"https:\/\/cleverkids.ee\/et\/","logo":{"@type":"ImageObject","inLanguage":"et","@id":"https:\/\/cleverkids.ee\/et\/#\/schema\/logo\/image\/","url":"https:\/\/cleverkids.ee\/wp-content\/uploads\/2024\/02\/image0-1024x1024.png","contentUrl":"https:\/\/cleverkids.ee\/wp-content\/uploads\/2024\/02\/image0-1024x1024.png","width":1024,"height":1024,"caption":"CLEVER KIDS"},"image":{"@id":"https:\/\/cleverkids.ee\/et\/#\/schema\/logo\/image\/"},"sameAs":["https:\/\/www.facebook.com\/cleverkids.ee\/","https:\/\/www.instagram.com\/cleverkids_ee\/"]}]}},"_links":{"self":[{"href":"https:\/\/cleverkids.ee\/et\/wp-json\/wp\/v2\/product\/75695","targetHints":{"allow":["GET"]}}],"collection":[{"href":"https:\/\/cleverkids.ee\/et\/wp-json\/wp\/v2\/product"}],"about":[{"href":"https:\/\/cleverkids.ee\/et\/wp-json\/wp\/v2\/types\/product"}],"wp:featuredmedia":[{"embeddable":true,"href":"https:\/\/cleverkids.ee\/et\/wp-json\/wp\/v2\/media\/75688"}],"wp:attachment":[{"href":"https:\/\/cleverkids.ee\/et\/wp-json\/wp\/v2\/media?parent=75695"}],"wp:term":[{"taxonomy":"product_brand","embeddable":true,"href":"https:\/\/cleverkids.ee\/et\/wp-json\/wp\/v2\/product_brand?post=75695"},{"taxonomy":"product_cat","embeddable":true,"href":"https:\/\/cleverkids.ee\/et\/wp-json\/wp\/v2\/product_cat?post=75695"},{"taxonomy":"product_tag","embeddable":true,"href":"https:\/\/cleverkids.ee\/et\/wp-json\/wp\/v2\/product_tag?post=75695"}],"curies":[{"name":"wp","href":"https:\/\/api.w.org\/{rel}","templated":true}]}}