{"id":76020,"date":"2026-01-12T14:15:06","date_gmt":"2026-01-12T12:15:06","guid":{"rendered":"https:\/\/cleverkids.ee\/\u041f\u0440\u043e\u0434\u0443\u043a\u0442\/mozaika-s-kartochkami-lisyonok\/"},"modified":"2026-01-12T14:25:15","modified_gmt":"2026-01-12T12:25:15","slug":"mosaiik-kaartidega-rebane","status":"publish","type":"product","link":"https:\/\/cleverkids.ee\/et\/product\/mosaiik-kaartidega-rebane\/","title":{"rendered":"Mosaiik kaartidega \u201eRebane\u201c"},"content":{"rendered":"<div class=\"relative basis-auto flex-col -mb-(--composer-overlap-px) [--composer-overlap-px:28px] grow flex\">\n<div class=\"flex flex-col text-sm\">\n<article class=\"text-token-text-primary w-full focus:outline-none [--shadow-height:45px] has-data-writing-block:pointer-events-none has-data-writing-block:-mt-(--shadow-height) has-data-writing-block:pt-(--shadow-height) [&amp;:has([data-writing-block])&gt;*]:pointer-events-auto scroll-mt-[calc(var(--header-height)+min(200px,max(70px,20svh)))]\" dir=\"auto\" tabindex=\"-1\" data-turn-id=\"request-68497318-9590-8003-9e46-7e542ff5687c-5\" data-testid=\"conversation-turn-134\" data-scroll-anchor=\"true\" data-turn=\"assistant\">\n<div class=\"text-base my-auto mx-auto pb-10 [--thread-content-margin:--spacing(4)] @w-sm\/main:[--thread-content-margin:--spacing(6)] @w-lg\/main:[--thread-content-margin:--spacing(16)] px-(--thread-content-margin)\">\n<div class=\"[--thread-content-max-width:40rem] @w-lg\/main:[--thread-content-max-width:48rem] mx-auto max-w-(--thread-content-max-width) flex-1 group\/turn-messages focus-visible:outline-hidden relative flex w-full min-w-0 flex-col agent-turn\" tabindex=\"-1\">\n<div class=\"flex max-w-full flex-col grow\">\n<div class=\"min-h-8 text-message relative flex w-full flex-col items-end gap-2 text-start break-words whitespace-normal [.text-message+&amp;]:mt-1\" dir=\"auto\" data-message-author-role=\"assistant\" data-message-id=\"f3f460ab-c910-4fa4-81bc-99cb14a2aa58\" data-message-model-slug=\"gpt-4o\">\n<div class=\"flex w-full flex-col gap-1 empty:hidden first:pt-[1px]\">\n<div class=\"markdown prose dark:prose-invert w-full break-words light markdown-new-styling\">\n<p data-start=\"179\" data-end=\"303\">Pusle on valmistatud puidust ja kaetud mittetoksilise v\u00e4rviga. Servad on siledad ja turvalised \u2013 ideaalne v\u00e4ikestele k\u00e4tele.<\/p>\n<p data-start=\"219\" data-end=\"318\"><strong data-start=\"219\" data-end=\"234\">Komplektis:<\/strong><br data-start=\"234\" data-end=\"237\" \/>\u2013 32 v\u00e4rvilist puidust ketast<br data-start=\"266\" data-end=\"269\" \/>\u2013 20 skeemi<br data-start=\"285\" data-end=\"288\" \/>\u2013 alus, kuhu kujundeid asetada<\/p>\n<p data-start=\"320\" data-end=\"541\"><strong data-start=\"320\" data-end=\"339\">Kuidas m\u00e4ngida:<\/strong><br data-start=\"339\" data-end=\"342\" \/>\u2013 T\u00e4ida alus eri v\u00e4rvi ketastega<br data-start=\"374\" data-end=\"377\" \/>\u2013 Sorteeri t\u00fckid v\u00e4rvi j\u00e4rgi<br data-start=\"405\" data-end=\"408\" \/>\u2013 Kasuta kujundeid loendamiseks v\u00f5i v\u00e4rvimustrite loomiseks<br data-start=\"467\" data-end=\"470\" \/>\u2013 Pane t\u00e4hele v\u00e4rvikaartidel olevaid mustreid ja proovi need j\u00e4rgi teha<\/p>\n<p data-start=\"543\" data-end=\"630\">L\u00f5bus viis arendada lapse peenmotoorikat, v\u00e4rvitaju, t\u00e4helepanu ja loogilist m\u00f5tlemist.<\/p>\n<p data-start=\"632\" data-end=\"665\" data-is-last-node=\"\" data-is-only-node=\"\"><strong data-start=\"632\" data-end=\"649\">Karbi m\u00f5\u00f5dud:<\/strong> 22 \u00d7 16 \u00d7 3 cm.<\/p>\n<\/div>\n<\/div>\n<\/div>\n<\/div>\n<div class=\"z-0 flex min-h-[46px] justify-start\"><\/div>\n<div class=\"mt-3 w-full empty:hidden\">\n<div class=\"text-center\"><\/div>\n<\/div>\n<\/div>\n<\/div>\n<\/article>\n<\/div>\n<div class=\"pointer-events-none h-px w-px absolute bottom-0\" aria-hidden=\"true\" data-edge=\"true\"><\/div>\n<\/div>\n<div id=\"thread-bottom-container\" class=\"sticky bottom-0 group\/thread-bottom-container relative isolate z-10 w-full basis-auto has-data-has-thread-error:pt-2 has-data-has-thread-error:[box-shadow:var(--sharp-edge-bottom-shadow)] md:border-transparent md:pt-0 dark:border-white\/20 md:dark:border-transparent print:hidden content-fade single-line\">\n<div class=\"relative h-0\">\n<div><\/div>\n<\/div>\n<div class=\"text-base mx-auto [--thread-content-margin:--spacing(4)] @w-sm\/main:[--thread-content-margin:--spacing(6)] @w-lg\/main:[--thread-content-margin:--spacing(16)] px-(--thread-content-margin)\">\n<div class=\"[--thread-content-max-width:40rem] @w-lg\/main:[--thread-content-max-width:48rem] mx-auto max-w-(--thread-content-max-width) flex-1 mb-4\">\n<div class=\"flex justify-center empty:hidden\"><\/div>\n<div class=\"pointer-events-auto relative z-1 flex h-(--composer-container-height,100%) max-w-full flex-(--composer-container-flex,1) flex-col\">\n<p><button class=\"invisible absolute self-center\" tabindex=\"-1\" name=\"context-connector-pasted-link-popover-trigger\" type=\"button\" aria-hidden=\"true\" aria-haspopup=\"dialog\" aria-expanded=\"false\" aria-controls=\"radix-_r_1ep_\" data-state=\"closed\"><\/button><\/p>\n<div class=\"absolute start-0 end-0 bottom-full z-20\">\n<div class=\"relative h-full w-full\"><\/div>\n<\/div>\n<\/div>\n<\/div>\n<\/div>\n<\/div>\n","protected":false},"excerpt":{"rendered":"<p>Pusle on valmistatud puidust ja kaetud mittetoksilise v\u00e4rviga. Servad on siledad ja turvalised \u2013 ideaalne v\u00e4ikestele k\u00e4tele. Komplektis:\u2013 32 v\u00e4rvilist puidust ketast\u2013 20 skeemi\u2013 alus, kuhu kujundeid asetada Kuidas m\u00e4ngida:\u2013 T\u00e4ida alus eri v\u00e4rvi ketastega\u2013 Sorteeri t\u00fckid v\u00e4rvi j\u00e4rgi\u2013 Kasuta kujundeid loendamiseks v\u00f5i v\u00e4rvimustrite loomiseks\u2013 Pane t\u00e4hele v\u00e4rvikaartidel olevaid mustreid ja proovi need j\u00e4rgi teha [&hellip;]<\/p>\n","protected":false},"featured_media":76015,"template":"","meta":{"_monsterinsights_skip_tracking":false,"_monsterinsights_sitenote_active":false,"_monsterinsights_sitenote_note":"","_monsterinsights_sitenote_category":0},"product_brand":[],"product_cat":[49,58],"product_tag":[],"class_list":{"0":"post-76020","1":"product","2":"type-product","3":"status-publish","4":"has-post-thumbnail","6":"product_cat-puidust-arendavad-manguasjad","7":"product_cat-unkategorized","8":"pa_vozrast-ot-polutora-do-treh-let-et","9":"pa_vozrast-ot-3-do-5-let-et","11":"first","12":"instock","13":"shipping-taxable","14":"purchasable","15":"product-type-simple"},"yoast_head":"<!-- This site is optimized with the Yoast SEO plugin v25.0 - https:\/\/yoast.com\/wordpress\/plugins\/seo\/ -->\n<title>Mosaiik kaartidega \u201eRebane\u201c -<\/title>\n<meta name=\"description\" content=\"Mosaiik kaartidega \u201eRebane\u201c - CLEVER KIDS\" \/>\n<meta name=\"robots\" content=\"index, follow, max-snippet:-1, max-image-preview:large, max-video-preview:-1\" \/>\n<link rel=\"canonical\" href=\"https:\/\/cleverkids.ee\/et\/product\/mosaiik-kaartidega-rebane\/\" \/>\n<meta property=\"og:locale\" content=\"et_EE\" \/>\n<meta property=\"og:type\" content=\"article\" \/>\n<meta property=\"og:title\" content=\"Mosaiik kaartidega \u201eRebane\u201c -\" \/>\n<meta property=\"og:description\" content=\"Mosaiik kaartidega \u201eRebane\u201c - CLEVER KIDS\" \/>\n<meta property=\"og:url\" content=\"https:\/\/cleverkids.ee\/et\/product\/mosaiik-kaartidega-rebane\/\" \/>\n<meta property=\"og:site_name\" content=\"CLEVER KIDS\" \/>\n<meta property=\"article:publisher\" content=\"https:\/\/www.facebook.com\/cleverkids.ee\/\" \/>\n<meta property=\"article:modified_time\" content=\"2026-01-12T12:25:15+00:00\" \/>\n<meta property=\"og:image\" content=\"https:\/\/cleverkids.ee\/wp-content\/uploads\/2026\/01\/1600-68.jpg\" \/>\n\t<meta property=\"og:image:width\" content=\"1600\" \/>\n\t<meta property=\"og:image:height\" content=\"1600\" \/>\n\t<meta property=\"og:image:type\" content=\"image\/jpeg\" \/>\n<meta name=\"twitter:card\" content=\"summary_large_image\" \/>\n<meta name=\"twitter:label1\" content=\"Est. reading time\" \/>\n\t<meta name=\"twitter:data1\" content=\"1 minut\" \/>\n<script type=\"application\/ld+json\" class=\"yoast-schema-graph\">{\"@context\":\"https:\/\/schema.org\",\"@graph\":[{\"@type\":\"WebPage\",\"@id\":\"https:\/\/cleverkids.ee\/et\/product\/mosaiik-kaartidega-rebane\/\",\"url\":\"https:\/\/cleverkids.ee\/et\/product\/mosaiik-kaartidega-rebane\/\",\"name\":\"Mosaiik kaartidega \u201eRebane\u201c -\",\"isPartOf\":{\"@id\":\"https:\/\/cleverkids.ee\/et\/#website\"},\"primaryImageOfPage\":{\"@id\":\"https:\/\/cleverkids.ee\/et\/product\/mosaiik-kaartidega-rebane\/#primaryimage\"},\"image\":{\"@id\":\"https:\/\/cleverkids.ee\/et\/product\/mosaiik-kaartidega-rebane\/#primaryimage\"},\"thumbnailUrl\":\"https:\/\/cleverkids.ee\/wp-content\/uploads\/2026\/01\/1600-68.jpg\",\"datePublished\":\"2026-01-12T12:15:06+00:00\",\"dateModified\":\"2026-01-12T12:25:15+00:00\",\"description\":\"Mosaiik kaartidega \u201eRebane\u201c - CLEVER KIDS\",\"breadcrumb\":{\"@id\":\"https:\/\/cleverkids.ee\/et\/product\/mosaiik-kaartidega-rebane\/#breadcrumb\"},\"inLanguage\":\"et\",\"potentialAction\":[{\"@type\":\"ReadAction\",\"target\":[\"https:\/\/cleverkids.ee\/et\/product\/mosaiik-kaartidega-rebane\/\"]}]},{\"@type\":\"ImageObject\",\"inLanguage\":\"et\",\"@id\":\"https:\/\/cleverkids.ee\/et\/product\/mosaiik-kaartidega-rebane\/#primaryimage\",\"url\":\"https:\/\/cleverkids.ee\/wp-content\/uploads\/2026\/01\/1600-68.jpg\",\"contentUrl\":\"https:\/\/cleverkids.ee\/wp-content\/uploads\/2026\/01\/1600-68.jpg\",\"width\":1600,\"height\":1600,\"caption\":\"\u041c\u043e\u0437\u0430\u0438\u043a\u0430 \u0441 \u043a\u0430\u0440\u0442\u043e\u0447\u043a\u0430\u043c\u0438 \u00ab\u041b\u0438\u0441\u0451\u043d\u043e\u043a\u00bb\"},{\"@type\":\"BreadcrumbList\",\"@id\":\"https:\/\/cleverkids.ee\/et\/product\/mosaiik-kaartidega-rebane\/#breadcrumb\",\"itemListElement\":[{\"@type\":\"ListItem\",\"position\":1,\"name\":\"Esileht\",\"item\":\"https:\/\/cleverkids.ee\/et\/\"},{\"@type\":\"ListItem\",\"position\":2,\"name\":\"Tooted\",\"item\":\"https:\/\/cleverkids.ee\/store\/\"},{\"@type\":\"ListItem\",\"position\":3,\"name\":\"Mosaiik kaartidega \u201eRebane\u201c\"}]},{\"@type\":\"WebSite\",\"@id\":\"https:\/\/cleverkids.ee\/et\/#website\",\"url\":\"https:\/\/cleverkids.ee\/et\/\",\"name\":\"CLEVER KIDS\",\"description\":\"\",\"publisher\":{\"@id\":\"https:\/\/cleverkids.ee\/et\/#organization\"},\"potentialAction\":[{\"@type\":\"SearchAction\",\"target\":{\"@type\":\"EntryPoint\",\"urlTemplate\":\"https:\/\/cleverkids.ee\/et\/?s={search_term_string}\"},\"query-input\":{\"@type\":\"PropertyValueSpecification\",\"valueRequired\":true,\"valueName\":\"search_term_string\"}}],\"inLanguage\":\"et\"},{\"@type\":\"Organization\",\"@id\":\"https:\/\/cleverkids.ee\/et\/#organization\",\"name\":\"CLEVER KIDS\",\"url\":\"https:\/\/cleverkids.ee\/et\/\",\"logo\":{\"@type\":\"ImageObject\",\"inLanguage\":\"et\",\"@id\":\"https:\/\/cleverkids.ee\/et\/#\/schema\/logo\/image\/\",\"url\":\"https:\/\/cleverkids.ee\/wp-content\/uploads\/2024\/02\/image0-1024x1024.png\",\"contentUrl\":\"https:\/\/cleverkids.ee\/wp-content\/uploads\/2024\/02\/image0-1024x1024.png\",\"width\":1024,\"height\":1024,\"caption\":\"CLEVER KIDS\"},\"image\":{\"@id\":\"https:\/\/cleverkids.ee\/et\/#\/schema\/logo\/image\/\"},\"sameAs\":[\"https:\/\/www.facebook.com\/cleverkids.ee\/\",\"https:\/\/www.instagram.com\/cleverkids_ee\/\"]}]}<\/script>\n<!-- \/ Yoast SEO plugin. -->","yoast_head_json":{"title":"Mosaiik kaartidega \u201eRebane\u201c -","description":"Mosaiik kaartidega \u201eRebane\u201c - CLEVER KIDS","robots":{"index":"index","follow":"follow","max-snippet":"max-snippet:-1","max-image-preview":"max-image-preview:large","max-video-preview":"max-video-preview:-1"},"canonical":"https:\/\/cleverkids.ee\/et\/product\/mosaiik-kaartidega-rebane\/","og_locale":"et_EE","og_type":"article","og_title":"Mosaiik kaartidega \u201eRebane\u201c -","og_description":"Mosaiik kaartidega \u201eRebane\u201c - CLEVER KIDS","og_url":"https:\/\/cleverkids.ee\/et\/product\/mosaiik-kaartidega-rebane\/","og_site_name":"CLEVER KIDS","article_publisher":"https:\/\/www.facebook.com\/cleverkids.ee\/","article_modified_time":"2026-01-12T12:25:15+00:00","og_image":[{"width":1600,"height":1600,"url":"https:\/\/cleverkids.ee\/wp-content\/uploads\/2026\/01\/1600-68.jpg","type":"image\/jpeg"}],"twitter_card":"summary_large_image","twitter_misc":{"Est. reading time":"1 minut"},"schema":{"@context":"https:\/\/schema.org","@graph":[{"@type":"WebPage","@id":"https:\/\/cleverkids.ee\/et\/product\/mosaiik-kaartidega-rebane\/","url":"https:\/\/cleverkids.ee\/et\/product\/mosaiik-kaartidega-rebane\/","name":"Mosaiik kaartidega \u201eRebane\u201c -","isPartOf":{"@id":"https:\/\/cleverkids.ee\/et\/#website"},"primaryImageOfPage":{"@id":"https:\/\/cleverkids.ee\/et\/product\/mosaiik-kaartidega-rebane\/#primaryimage"},"image":{"@id":"https:\/\/cleverkids.ee\/et\/product\/mosaiik-kaartidega-rebane\/#primaryimage"},"thumbnailUrl":"https:\/\/cleverkids.ee\/wp-content\/uploads\/2026\/01\/1600-68.jpg","datePublished":"2026-01-12T12:15:06+00:00","dateModified":"2026-01-12T12:25:15+00:00","description":"Mosaiik kaartidega \u201eRebane\u201c - CLEVER KIDS","breadcrumb":{"@id":"https:\/\/cleverkids.ee\/et\/product\/mosaiik-kaartidega-rebane\/#breadcrumb"},"inLanguage":"et","potentialAction":[{"@type":"ReadAction","target":["https:\/\/cleverkids.ee\/et\/product\/mosaiik-kaartidega-rebane\/"]}]},{"@type":"ImageObject","inLanguage":"et","@id":"https:\/\/cleverkids.ee\/et\/product\/mosaiik-kaartidega-rebane\/#primaryimage","url":"https:\/\/cleverkids.ee\/wp-content\/uploads\/2026\/01\/1600-68.jpg","contentUrl":"https:\/\/cleverkids.ee\/wp-content\/uploads\/2026\/01\/1600-68.jpg","width":1600,"height":1600,"caption":"\u041c\u043e\u0437\u0430\u0438\u043a\u0430 \u0441 \u043a\u0430\u0440\u0442\u043e\u0447\u043a\u0430\u043c\u0438 \u00ab\u041b\u0438\u0441\u0451\u043d\u043e\u043a\u00bb"},{"@type":"BreadcrumbList","@id":"https:\/\/cleverkids.ee\/et\/product\/mosaiik-kaartidega-rebane\/#breadcrumb","itemListElement":[{"@type":"ListItem","position":1,"name":"Esileht","item":"https:\/\/cleverkids.ee\/et\/"},{"@type":"ListItem","position":2,"name":"Tooted","item":"https:\/\/cleverkids.ee\/store\/"},{"@type":"ListItem","position":3,"name":"Mosaiik kaartidega \u201eRebane\u201c"}]},{"@type":"WebSite","@id":"https:\/\/cleverkids.ee\/et\/#website","url":"https:\/\/cleverkids.ee\/et\/","name":"CLEVER KIDS","description":"","publisher":{"@id":"https:\/\/cleverkids.ee\/et\/#organization"},"potentialAction":[{"@type":"SearchAction","target":{"@type":"EntryPoint","urlTemplate":"https:\/\/cleverkids.ee\/et\/?s={search_term_string}"},"query-input":{"@type":"PropertyValueSpecification","valueRequired":true,"valueName":"search_term_string"}}],"inLanguage":"et"},{"@type":"Organization","@id":"https:\/\/cleverkids.ee\/et\/#organization","name":"CLEVER KIDS","url":"https:\/\/cleverkids.ee\/et\/","logo":{"@type":"ImageObject","inLanguage":"et","@id":"https:\/\/cleverkids.ee\/et\/#\/schema\/logo\/image\/","url":"https:\/\/cleverkids.ee\/wp-content\/uploads\/2024\/02\/image0-1024x1024.png","contentUrl":"https:\/\/cleverkids.ee\/wp-content\/uploads\/2024\/02\/image0-1024x1024.png","width":1024,"height":1024,"caption":"CLEVER KIDS"},"image":{"@id":"https:\/\/cleverkids.ee\/et\/#\/schema\/logo\/image\/"},"sameAs":["https:\/\/www.facebook.com\/cleverkids.ee\/","https:\/\/www.instagram.com\/cleverkids_ee\/"]}]}},"_links":{"self":[{"href":"https:\/\/cleverkids.ee\/et\/wp-json\/wp\/v2\/product\/76020","targetHints":{"allow":["GET"]}}],"collection":[{"href":"https:\/\/cleverkids.ee\/et\/wp-json\/wp\/v2\/product"}],"about":[{"href":"https:\/\/cleverkids.ee\/et\/wp-json\/wp\/v2\/types\/product"}],"wp:featuredmedia":[{"embeddable":true,"href":"https:\/\/cleverkids.ee\/et\/wp-json\/wp\/v2\/media\/76015"}],"wp:attachment":[{"href":"https:\/\/cleverkids.ee\/et\/wp-json\/wp\/v2\/media?parent=76020"}],"wp:term":[{"taxonomy":"product_brand","embeddable":true,"href":"https:\/\/cleverkids.ee\/et\/wp-json\/wp\/v2\/product_brand?post=76020"},{"taxonomy":"product_cat","embeddable":true,"href":"https:\/\/cleverkids.ee\/et\/wp-json\/wp\/v2\/product_cat?post=76020"},{"taxonomy":"product_tag","embeddable":true,"href":"https:\/\/cleverkids.ee\/et\/wp-json\/wp\/v2\/product_tag?post=76020"}],"curies":[{"name":"wp","href":"https:\/\/api.w.org\/{rel}","templated":true}]}}