{"id":76022,"date":"2025-11-03T14:47:45","date_gmt":"2025-11-03T12:47:45","guid":{"rendered":"https:\/\/cleverkids.ee\/\u041f\u0440\u043e\u0434\u0443\u043a\u0442\/razvivayushhaya-igrushka-sensornye-myshki\/"},"modified":"2026-01-12T14:27:28","modified_gmt":"2026-01-12T12:27:28","slug":"arendav-manguasi-sensoorikad-hiired","status":"publish","type":"product","link":"https:\/\/cleverkids.ee\/et\/product\/arendav-manguasi-sensoorikad-hiired\/","title":{"rendered":"Arendav m\u00e4nguasi \u201eSensoorikad hiired\u201c"},"content":{"rendered":"<p data-start=\"113\" data-end=\"237\">L\u00f5bus ja arendav m\u00e4ng, mis aitab lapsel maandada pinget, arendada peenmotoorikat, loogilist m\u00f5tlemist ja toetab k\u00f5nearengut.<\/p>\n<p data-start=\"239\" data-end=\"648\"><strong data-start=\"239\" data-end=\"258\">Kuidas m\u00e4ngida:<\/strong><br data-start=\"258\" data-end=\"261\" \/>\u2013 Peida hiired \u201ejuustu\u201c sisse ja lase lapsel need sealt v\u00e4lja otsida<br data-start=\"329\" data-end=\"332\" \/>\u2013 Julgusta last iseseisvalt hiiri sisse peitma<br data-start=\"378\" data-end=\"381\" \/>\u2013 M\u00e4ngige ajapeale \u2013 kui kiiresti ta hiired leiab?<br data-start=\"431\" data-end=\"434\" \/>\u2013 Kasutage m\u00e4ngu et prepositsioone harjutada: <em data-start=\"480\" data-end=\"486\">peal<\/em>, <em data-start=\"488\" data-end=\"493\">all<\/em>, <em data-start=\"495\" data-end=\"501\">sees<\/em>, <em data-start=\"503\" data-end=\"509\">taga<\/em>, <em data-start=\"511\" data-end=\"518\">seest<\/em>, <em data-start=\"520\" data-end=\"528\">v\u00e4ljas<\/em><br data-start=\"528\" data-end=\"531\" \/>\u2013 K\u00fcsi: <em data-start=\"539\" data-end=\"555\">Kus hiired on?<\/em> \u2013 see arendab ruumilist m\u00f5tlemist<br data-start=\"589\" data-end=\"592\" \/>\u2013 Lase fantaasial lennata ja looge koos uusi m\u00e4nguviise!<\/p>\n<p data-start=\"650\" data-end=\"735\"><strong data-start=\"650\" data-end=\"665\">Komplektis:<\/strong><br data-start=\"665\" data-end=\"668\" \/>\u2013 2 pehmet kummist hiirt: valge ja must<br data-start=\"707\" data-end=\"710\" \/>\u2013 1 juustukuubik aukudega<\/p>\n<p data-start=\"737\" data-end=\"804\"><strong data-start=\"737\" data-end=\"748\">M\u00f5\u00f5dud:<\/strong><br data-start=\"748\" data-end=\"751\" \/>\u2013 Kuubik: 4,5 \u00d7 4,5 \u00d7 4,5 cm<br data-start=\"779\" data-end=\"782\" \/>\u2013 Hiired: 3 \u00d7 2 \u00d7 3 cm<\/p>\n<p data-start=\"806\" data-end=\"826\" data-is-last-node=\"\" data-is-only-node=\"\">Soovitatav vanus: 3+<\/p>\n","protected":false},"excerpt":{"rendered":"<p>L\u00f5bus ja arendav m\u00e4ng, mis aitab lapsel maandada pinget, arendada peenmotoorikat, loogilist m\u00f5tlemist ja toetab k\u00f5nearengut. Kuidas m\u00e4ngida:\u2013 Peida hiired \u201ejuustu\u201c sisse ja lase lapsel need sealt v\u00e4lja otsida\u2013 Julgusta last iseseisvalt hiiri sisse peitma\u2013 M\u00e4ngige ajapeale \u2013 kui kiiresti ta hiired leiab?\u2013 Kasutage m\u00e4ngu et prepositsioone harjutada: peal, all, sees, taga, seest, v\u00e4ljas\u2013 K\u00fcsi: [&hellip;]<\/p>\n","protected":false},"featured_media":75867,"template":"","meta":{"_monsterinsights_skip_tracking":false,"_monsterinsights_sitenote_active":false,"_monsterinsights_sitenote_note":"","_monsterinsights_sitenote_category":0},"product_brand":[],"product_cat":[50,56,58],"product_tag":[],"class_list":{"0":"post-76022","1":"product","2":"type-product","3":"status-publish","4":"has-post-thumbnail","6":"product_cat-arendavad-manguasjad","7":"product_cat-kone-areng","8":"product_cat-unkategorized","9":"pa_vozrast-ot-polutora-do-treh-let-et","10":"pa_vozrast-ot-3-do-5-let-et","12":"first","13":"instock","14":"shipping-taxable","15":"purchasable","16":"product-type-simple"},"yoast_head":"<!-- This site is optimized with the Yoast SEO plugin v25.0 - https:\/\/yoast.com\/wordpress\/plugins\/seo\/ -->\n<title>Arendav m\u00e4nguasi \u201eSensoorikad hiired\u201c -<\/title>\n<meta name=\"description\" content=\"Arendav m\u00e4nguasi \u201eSensoorikad hiired\u201c - CLEVER KIDS\" \/>\n<meta name=\"robots\" content=\"index, follow, max-snippet:-1, max-image-preview:large, max-video-preview:-1\" \/>\n<link rel=\"canonical\" href=\"https:\/\/cleverkids.ee\/et\/product\/arendav-manguasi-sensoorikad-hiired\/\" \/>\n<meta property=\"og:locale\" content=\"et_EE\" \/>\n<meta property=\"og:type\" content=\"article\" \/>\n<meta property=\"og:title\" content=\"Arendav m\u00e4nguasi \u201eSensoorikad hiired\u201c -\" \/>\n<meta property=\"og:description\" content=\"Arendav m\u00e4nguasi \u201eSensoorikad hiired\u201c - CLEVER KIDS\" \/>\n<meta property=\"og:url\" content=\"https:\/\/cleverkids.ee\/et\/product\/arendav-manguasi-sensoorikad-hiired\/\" \/>\n<meta property=\"og:site_name\" content=\"CLEVER KIDS\" \/>\n<meta property=\"article:publisher\" content=\"https:\/\/www.facebook.com\/cleverkids.ee\/\" \/>\n<meta property=\"article:modified_time\" content=\"2026-01-12T12:27:28+00:00\" \/>\n<meta property=\"og:image\" content=\"https:\/\/cleverkids.ee\/wp-content\/uploads\/2025\/11\/6550631622.webp\" \/>\n\t<meta property=\"og:image:width\" content=\"700\" \/>\n\t<meta property=\"og:image:height\" content=\"700\" \/>\n\t<meta property=\"og:image:type\" content=\"image\/webp\" \/>\n<meta name=\"twitter:card\" content=\"summary_large_image\" \/>\n<meta name=\"twitter:label1\" content=\"Est. reading time\" \/>\n\t<meta name=\"twitter:data1\" content=\"1 minut\" \/>\n<script type=\"application\/ld+json\" class=\"yoast-schema-graph\">{\"@context\":\"https:\/\/schema.org\",\"@graph\":[{\"@type\":\"WebPage\",\"@id\":\"https:\/\/cleverkids.ee\/et\/product\/arendav-manguasi-sensoorikad-hiired\/\",\"url\":\"https:\/\/cleverkids.ee\/et\/product\/arendav-manguasi-sensoorikad-hiired\/\",\"name\":\"Arendav m\u00e4nguasi \u201eSensoorikad hiired\u201c -\",\"isPartOf\":{\"@id\":\"https:\/\/cleverkids.ee\/et\/#website\"},\"primaryImageOfPage\":{\"@id\":\"https:\/\/cleverkids.ee\/et\/product\/arendav-manguasi-sensoorikad-hiired\/#primaryimage\"},\"image\":{\"@id\":\"https:\/\/cleverkids.ee\/et\/product\/arendav-manguasi-sensoorikad-hiired\/#primaryimage\"},\"thumbnailUrl\":\"https:\/\/cleverkids.ee\/wp-content\/uploads\/2025\/11\/6550631622.webp\",\"datePublished\":\"2025-11-03T12:47:45+00:00\",\"dateModified\":\"2026-01-12T12:27:28+00:00\",\"description\":\"Arendav m\u00e4nguasi \u201eSensoorikad hiired\u201c - CLEVER KIDS\",\"breadcrumb\":{\"@id\":\"https:\/\/cleverkids.ee\/et\/product\/arendav-manguasi-sensoorikad-hiired\/#breadcrumb\"},\"inLanguage\":\"et\",\"potentialAction\":[{\"@type\":\"ReadAction\",\"target\":[\"https:\/\/cleverkids.ee\/et\/product\/arendav-manguasi-sensoorikad-hiired\/\"]}]},{\"@type\":\"ImageObject\",\"inLanguage\":\"et\",\"@id\":\"https:\/\/cleverkids.ee\/et\/product\/arendav-manguasi-sensoorikad-hiired\/#primaryimage\",\"url\":\"https:\/\/cleverkids.ee\/wp-content\/uploads\/2025\/11\/6550631622.webp\",\"contentUrl\":\"https:\/\/cleverkids.ee\/wp-content\/uploads\/2025\/11\/6550631622.webp\",\"width\":700,\"height\":700,\"caption\":\"\u0420\u0430\u0437\u0432\u0438\u0432\u0430\u044e\u0449\u0430\u044f \u0438\u0433\u0440\u0443\u0448\u043a\u0430 \u00ab\u0421\u0435\u043d\u0441\u043e\u0440\u043d\u044b\u0435 \u043c\u044b\u0448\u043a\u0438\u00bb\"},{\"@type\":\"BreadcrumbList\",\"@id\":\"https:\/\/cleverkids.ee\/et\/product\/arendav-manguasi-sensoorikad-hiired\/#breadcrumb\",\"itemListElement\":[{\"@type\":\"ListItem\",\"position\":1,\"name\":\"Esileht\",\"item\":\"https:\/\/cleverkids.ee\/et\/\"},{\"@type\":\"ListItem\",\"position\":2,\"name\":\"Tooted\",\"item\":\"https:\/\/cleverkids.ee\/store\/\"},{\"@type\":\"ListItem\",\"position\":3,\"name\":\"Arendav m\u00e4nguasi \u201eSensoorikad hiired\u201c\"}]},{\"@type\":\"WebSite\",\"@id\":\"https:\/\/cleverkids.ee\/et\/#website\",\"url\":\"https:\/\/cleverkids.ee\/et\/\",\"name\":\"CLEVER KIDS\",\"description\":\"\",\"publisher\":{\"@id\":\"https:\/\/cleverkids.ee\/et\/#organization\"},\"potentialAction\":[{\"@type\":\"SearchAction\",\"target\":{\"@type\":\"EntryPoint\",\"urlTemplate\":\"https:\/\/cleverkids.ee\/et\/?s={search_term_string}\"},\"query-input\":{\"@type\":\"PropertyValueSpecification\",\"valueRequired\":true,\"valueName\":\"search_term_string\"}}],\"inLanguage\":\"et\"},{\"@type\":\"Organization\",\"@id\":\"https:\/\/cleverkids.ee\/et\/#organization\",\"name\":\"CLEVER KIDS\",\"url\":\"https:\/\/cleverkids.ee\/et\/\",\"logo\":{\"@type\":\"ImageObject\",\"inLanguage\":\"et\",\"@id\":\"https:\/\/cleverkids.ee\/et\/#\/schema\/logo\/image\/\",\"url\":\"https:\/\/cleverkids.ee\/wp-content\/uploads\/2024\/02\/image0-1024x1024.png\",\"contentUrl\":\"https:\/\/cleverkids.ee\/wp-content\/uploads\/2024\/02\/image0-1024x1024.png\",\"width\":1024,\"height\":1024,\"caption\":\"CLEVER KIDS\"},\"image\":{\"@id\":\"https:\/\/cleverkids.ee\/et\/#\/schema\/logo\/image\/\"},\"sameAs\":[\"https:\/\/www.facebook.com\/cleverkids.ee\/\",\"https:\/\/www.instagram.com\/cleverkids_ee\/\"]}]}<\/script>\n<!-- \/ Yoast SEO plugin. -->","yoast_head_json":{"title":"Arendav m\u00e4nguasi \u201eSensoorikad hiired\u201c -","description":"Arendav m\u00e4nguasi \u201eSensoorikad hiired\u201c - CLEVER KIDS","robots":{"index":"index","follow":"follow","max-snippet":"max-snippet:-1","max-image-preview":"max-image-preview:large","max-video-preview":"max-video-preview:-1"},"canonical":"https:\/\/cleverkids.ee\/et\/product\/arendav-manguasi-sensoorikad-hiired\/","og_locale":"et_EE","og_type":"article","og_title":"Arendav m\u00e4nguasi \u201eSensoorikad hiired\u201c -","og_description":"Arendav m\u00e4nguasi \u201eSensoorikad hiired\u201c - CLEVER KIDS","og_url":"https:\/\/cleverkids.ee\/et\/product\/arendav-manguasi-sensoorikad-hiired\/","og_site_name":"CLEVER KIDS","article_publisher":"https:\/\/www.facebook.com\/cleverkids.ee\/","article_modified_time":"2026-01-12T12:27:28+00:00","og_image":[{"width":700,"height":700,"url":"https:\/\/cleverkids.ee\/wp-content\/uploads\/2025\/11\/6550631622.webp","type":"image\/webp"}],"twitter_card":"summary_large_image","twitter_misc":{"Est. reading time":"1 minut"},"schema":{"@context":"https:\/\/schema.org","@graph":[{"@type":"WebPage","@id":"https:\/\/cleverkids.ee\/et\/product\/arendav-manguasi-sensoorikad-hiired\/","url":"https:\/\/cleverkids.ee\/et\/product\/arendav-manguasi-sensoorikad-hiired\/","name":"Arendav m\u00e4nguasi \u201eSensoorikad hiired\u201c -","isPartOf":{"@id":"https:\/\/cleverkids.ee\/et\/#website"},"primaryImageOfPage":{"@id":"https:\/\/cleverkids.ee\/et\/product\/arendav-manguasi-sensoorikad-hiired\/#primaryimage"},"image":{"@id":"https:\/\/cleverkids.ee\/et\/product\/arendav-manguasi-sensoorikad-hiired\/#primaryimage"},"thumbnailUrl":"https:\/\/cleverkids.ee\/wp-content\/uploads\/2025\/11\/6550631622.webp","datePublished":"2025-11-03T12:47:45+00:00","dateModified":"2026-01-12T12:27:28+00:00","description":"Arendav m\u00e4nguasi \u201eSensoorikad hiired\u201c - CLEVER KIDS","breadcrumb":{"@id":"https:\/\/cleverkids.ee\/et\/product\/arendav-manguasi-sensoorikad-hiired\/#breadcrumb"},"inLanguage":"et","potentialAction":[{"@type":"ReadAction","target":["https:\/\/cleverkids.ee\/et\/product\/arendav-manguasi-sensoorikad-hiired\/"]}]},{"@type":"ImageObject","inLanguage":"et","@id":"https:\/\/cleverkids.ee\/et\/product\/arendav-manguasi-sensoorikad-hiired\/#primaryimage","url":"https:\/\/cleverkids.ee\/wp-content\/uploads\/2025\/11\/6550631622.webp","contentUrl":"https:\/\/cleverkids.ee\/wp-content\/uploads\/2025\/11\/6550631622.webp","width":700,"height":700,"caption":"\u0420\u0430\u0437\u0432\u0438\u0432\u0430\u044e\u0449\u0430\u044f \u0438\u0433\u0440\u0443\u0448\u043a\u0430 \u00ab\u0421\u0435\u043d\u0441\u043e\u0440\u043d\u044b\u0435 \u043c\u044b\u0448\u043a\u0438\u00bb"},{"@type":"BreadcrumbList","@id":"https:\/\/cleverkids.ee\/et\/product\/arendav-manguasi-sensoorikad-hiired\/#breadcrumb","itemListElement":[{"@type":"ListItem","position":1,"name":"Esileht","item":"https:\/\/cleverkids.ee\/et\/"},{"@type":"ListItem","position":2,"name":"Tooted","item":"https:\/\/cleverkids.ee\/store\/"},{"@type":"ListItem","position":3,"name":"Arendav m\u00e4nguasi \u201eSensoorikad hiired\u201c"}]},{"@type":"WebSite","@id":"https:\/\/cleverkids.ee\/et\/#website","url":"https:\/\/cleverkids.ee\/et\/","name":"CLEVER KIDS","description":"","publisher":{"@id":"https:\/\/cleverkids.ee\/et\/#organization"},"potentialAction":[{"@type":"SearchAction","target":{"@type":"EntryPoint","urlTemplate":"https:\/\/cleverkids.ee\/et\/?s={search_term_string}"},"query-input":{"@type":"PropertyValueSpecification","valueRequired":true,"valueName":"search_term_string"}}],"inLanguage":"et"},{"@type":"Organization","@id":"https:\/\/cleverkids.ee\/et\/#organization","name":"CLEVER KIDS","url":"https:\/\/cleverkids.ee\/et\/","logo":{"@type":"ImageObject","inLanguage":"et","@id":"https:\/\/cleverkids.ee\/et\/#\/schema\/logo\/image\/","url":"https:\/\/cleverkids.ee\/wp-content\/uploads\/2024\/02\/image0-1024x1024.png","contentUrl":"https:\/\/cleverkids.ee\/wp-content\/uploads\/2024\/02\/image0-1024x1024.png","width":1024,"height":1024,"caption":"CLEVER KIDS"},"image":{"@id":"https:\/\/cleverkids.ee\/et\/#\/schema\/logo\/image\/"},"sameAs":["https:\/\/www.facebook.com\/cleverkids.ee\/","https:\/\/www.instagram.com\/cleverkids_ee\/"]}]}},"_links":{"self":[{"href":"https:\/\/cleverkids.ee\/et\/wp-json\/wp\/v2\/product\/76022","targetHints":{"allow":["GET"]}}],"collection":[{"href":"https:\/\/cleverkids.ee\/et\/wp-json\/wp\/v2\/product"}],"about":[{"href":"https:\/\/cleverkids.ee\/et\/wp-json\/wp\/v2\/types\/product"}],"wp:featuredmedia":[{"embeddable":true,"href":"https:\/\/cleverkids.ee\/et\/wp-json\/wp\/v2\/media\/75867"}],"wp:attachment":[{"href":"https:\/\/cleverkids.ee\/et\/wp-json\/wp\/v2\/media?parent=76022"}],"wp:term":[{"taxonomy":"product_brand","embeddable":true,"href":"https:\/\/cleverkids.ee\/et\/wp-json\/wp\/v2\/product_brand?post=76022"},{"taxonomy":"product_cat","embeddable":true,"href":"https:\/\/cleverkids.ee\/et\/wp-json\/wp\/v2\/product_cat?post=76022"},{"taxonomy":"product_tag","embeddable":true,"href":"https:\/\/cleverkids.ee\/et\/wp-json\/wp\/v2\/product_tag?post=76022"}],"curies":[{"name":"wp","href":"https:\/\/api.w.org\/{rel}","templated":true}]}}