{"id":76024,"date":"2025-11-03T16:19:52","date_gmt":"2025-11-03T14:19:52","guid":{"rendered":"https:\/\/cleverkids.ee\/\u041f\u0440\u043e\u0434\u0443\u043a\u0442\/kniga-matematicheskie-labirinty-s-faktami-zhivotnye-36-str\/"},"modified":"2026-01-12T14:30:50","modified_gmt":"2026-01-12T12:30:50","slug":"raamat-matemaatikalaburindid-faktidega-loomad-36-lk","status":"publish","type":"product","link":"https:\/\/cleverkids.ee\/et\/product\/raamat-matemaatikalaburindid-faktidega-loomad-36-lk\/","title":{"rendered":"Raamat \u201eMatemaatikalab\u00fcrindid faktidega. Loomad\u201c \u2013 36 lk"},"content":{"rendered":"<p data-start=\"134\" data-end=\"318\">Hariv ja l\u00f5bus raamat nooremale koolieale, mis \u00fchendab matemaatika ja loomafaktid m\u00e4ngulisel moel.<br data-start=\"232\" data-end=\"235\" \/>Laps lahendab lab\u00fcrint\u00fclesandeid ning \u00f5pib samal ajal p\u00f5nevaid fakte loomade kohta.<\/p>\n<p data-start=\"320\" data-end=\"601\"><strong data-start=\"320\" data-end=\"332\">Eelised:<\/strong><br data-start=\"332\" data-end=\"335\" \/>\u2013 K\u00f5ik \u00fclesanded on esitatud lab\u00fcrindi kujul \u2013 see muudab \u00f5ppimise kaasahaaravaks<br data-start=\"416\" data-end=\"419\" \/>\u2013 Igal lehel uus loomateemaline fakt<br data-start=\"455\" data-end=\"458\" \/>\u2013 Erineva raskusastmega \u00fclesanded arendavad loogikat, t\u00e4helepanu ja keskendumist<br data-start=\"538\" data-end=\"541\" data-is-only-node=\"\" \/>\u2013 Julgustab iseseisvat tegutsemist ja kasvatab enesekindlust<\/p>\n<p data-start=\"603\" data-end=\"639\" data-is-last-node=\"\" data-is-only-node=\"\">Tore viis \u00fchendada m\u00e4ng ja \u00f5ppimine!<\/p>\n","protected":false},"excerpt":{"rendered":"<p>Hariv ja l\u00f5bus raamat nooremale koolieale, mis \u00fchendab matemaatika ja loomafaktid m\u00e4ngulisel moel.Laps lahendab lab\u00fcrint\u00fclesandeid ning \u00f5pib samal ajal p\u00f5nevaid fakte loomade kohta. Eelised:\u2013 K\u00f5ik \u00fclesanded on esitatud lab\u00fcrindi kujul \u2013 see muudab \u00f5ppimise kaasahaaravaks\u2013 Igal lehel uus loomateemaline fakt\u2013 Erineva raskusastmega \u00fclesanded arendavad loogikat, t\u00e4helepanu ja keskendumist\u2013 Julgustab iseseisvat tegutsemist ja kasvatab enesekindlust Tore [&hellip;]<\/p>\n","protected":false},"featured_media":75875,"template":"","meta":{"_monsterinsights_skip_tracking":false,"_monsterinsights_sitenote_active":false,"_monsterinsights_sitenote_note":"","_monsterinsights_sitenote_category":0},"product_brand":[],"product_cat":[51,58],"product_tag":[],"class_list":{"0":"post-76024","1":"product","2":"type-product","3":"status-publish","4":"has-post-thumbnail","6":"product_cat-arendavad-vihikud-vene-keeles","7":"product_cat-unkategorized","8":"pa_vozrast-ot-5-let-et","10":"first","11":"instock","12":"shipping-taxable","13":"purchasable","14":"product-type-simple"},"yoast_head":"<!-- This site is optimized with the Yoast SEO plugin v25.0 - https:\/\/yoast.com\/wordpress\/plugins\/seo\/ -->\n<title>Raamat \u201eMatemaatikalab\u00fcrindid faktidega. Loomad\u201c \u2013 36 lk -<\/title>\n<meta name=\"description\" content=\"Raamat \u201eMatemaatikalab\u00fcrindid faktidega. Loomad\u201c \u2013 36 lk - CLEVER KIDS\" \/>\n<meta name=\"robots\" content=\"index, follow, max-snippet:-1, max-image-preview:large, max-video-preview:-1\" \/>\n<link rel=\"canonical\" href=\"https:\/\/cleverkids.ee\/et\/product\/raamat-matemaatikalaburindid-faktidega-loomad-36-lk\/\" \/>\n<meta property=\"og:locale\" content=\"et_EE\" \/>\n<meta property=\"og:type\" content=\"article\" \/>\n<meta property=\"og:title\" content=\"Raamat \u201eMatemaatikalab\u00fcrindid faktidega. Loomad\u201c \u2013 36 lk -\" \/>\n<meta property=\"og:description\" content=\"Raamat \u201eMatemaatikalab\u00fcrindid faktidega. Loomad\u201c \u2013 36 lk - CLEVER KIDS\" \/>\n<meta property=\"og:url\" content=\"https:\/\/cleverkids.ee\/et\/product\/raamat-matemaatikalaburindid-faktidega-loomad-36-lk\/\" \/>\n<meta property=\"og:site_name\" content=\"CLEVER KIDS\" \/>\n<meta property=\"article:publisher\" content=\"https:\/\/www.facebook.com\/cleverkids.ee\/\" \/>\n<meta property=\"article:modified_time\" content=\"2026-01-12T12:30:50+00:00\" \/>\n<meta property=\"og:image\" content=\"https:\/\/cleverkids.ee\/wp-content\/uploads\/2025\/11\/1600-64-1.jpg\" \/>\n\t<meta property=\"og:image:width\" content=\"1600\" \/>\n\t<meta property=\"og:image:height\" content=\"1600\" \/>\n\t<meta property=\"og:image:type\" content=\"image\/jpeg\" \/>\n<meta name=\"twitter:card\" content=\"summary_large_image\" \/>\n<meta name=\"twitter:label1\" content=\"Est. reading time\" \/>\n\t<meta name=\"twitter:data1\" content=\"1 minut\" \/>\n<script type=\"application\/ld+json\" class=\"yoast-schema-graph\">{\"@context\":\"https:\/\/schema.org\",\"@graph\":[{\"@type\":\"WebPage\",\"@id\":\"https:\/\/cleverkids.ee\/et\/product\/raamat-matemaatikalaburindid-faktidega-loomad-36-lk\/\",\"url\":\"https:\/\/cleverkids.ee\/et\/product\/raamat-matemaatikalaburindid-faktidega-loomad-36-lk\/\",\"name\":\"Raamat \u201eMatemaatikalab\u00fcrindid faktidega. Loomad\u201c \u2013 36 lk -\",\"isPartOf\":{\"@id\":\"https:\/\/cleverkids.ee\/et\/#website\"},\"primaryImageOfPage\":{\"@id\":\"https:\/\/cleverkids.ee\/et\/product\/raamat-matemaatikalaburindid-faktidega-loomad-36-lk\/#primaryimage\"},\"image\":{\"@id\":\"https:\/\/cleverkids.ee\/et\/product\/raamat-matemaatikalaburindid-faktidega-loomad-36-lk\/#primaryimage\"},\"thumbnailUrl\":\"https:\/\/cleverkids.ee\/wp-content\/uploads\/2025\/11\/1600-64-1.jpg\",\"datePublished\":\"2025-11-03T14:19:52+00:00\",\"dateModified\":\"2026-01-12T12:30:50+00:00\",\"description\":\"Raamat \u201eMatemaatikalab\u00fcrindid faktidega. Loomad\u201c \u2013 36 lk - CLEVER KIDS\",\"breadcrumb\":{\"@id\":\"https:\/\/cleverkids.ee\/et\/product\/raamat-matemaatikalaburindid-faktidega-loomad-36-lk\/#breadcrumb\"},\"inLanguage\":\"et\",\"potentialAction\":[{\"@type\":\"ReadAction\",\"target\":[\"https:\/\/cleverkids.ee\/et\/product\/raamat-matemaatikalaburindid-faktidega-loomad-36-lk\/\"]}]},{\"@type\":\"ImageObject\",\"inLanguage\":\"et\",\"@id\":\"https:\/\/cleverkids.ee\/et\/product\/raamat-matemaatikalaburindid-faktidega-loomad-36-lk\/#primaryimage\",\"url\":\"https:\/\/cleverkids.ee\/wp-content\/uploads\/2025\/11\/1600-64-1.jpg\",\"contentUrl\":\"https:\/\/cleverkids.ee\/wp-content\/uploads\/2025\/11\/1600-64-1.jpg\",\"width\":1600,\"height\":1600,\"caption\":\"\u041a\u043d\u0438\u0433\u0430 \u00ab\u041c\u0430\u0442\u0435\u043c\u0430\u0442\u0438\u0447\u0435\u0441\u043a\u0438\u0435 \u043b\u0430\u0431\u0438\u0440\u0438\u043d\u0442\u044b \u0441 \u0444\u0430\u043a\u0442\u0430\u043c\u0438. \u0416\u0438\u0432\u043e\u0442\u043d\u044b\u0435\u00bb\"},{\"@type\":\"BreadcrumbList\",\"@id\":\"https:\/\/cleverkids.ee\/et\/product\/raamat-matemaatikalaburindid-faktidega-loomad-36-lk\/#breadcrumb\",\"itemListElement\":[{\"@type\":\"ListItem\",\"position\":1,\"name\":\"Esileht\",\"item\":\"https:\/\/cleverkids.ee\/et\/\"},{\"@type\":\"ListItem\",\"position\":2,\"name\":\"Tooted\",\"item\":\"https:\/\/cleverkids.ee\/store\/\"},{\"@type\":\"ListItem\",\"position\":3,\"name\":\"Raamat \u201eMatemaatikalab\u00fcrindid faktidega. Loomad\u201c \u2013 36 lk\"}]},{\"@type\":\"WebSite\",\"@id\":\"https:\/\/cleverkids.ee\/et\/#website\",\"url\":\"https:\/\/cleverkids.ee\/et\/\",\"name\":\"CLEVER KIDS\",\"description\":\"\",\"publisher\":{\"@id\":\"https:\/\/cleverkids.ee\/et\/#organization\"},\"potentialAction\":[{\"@type\":\"SearchAction\",\"target\":{\"@type\":\"EntryPoint\",\"urlTemplate\":\"https:\/\/cleverkids.ee\/et\/?s={search_term_string}\"},\"query-input\":{\"@type\":\"PropertyValueSpecification\",\"valueRequired\":true,\"valueName\":\"search_term_string\"}}],\"inLanguage\":\"et\"},{\"@type\":\"Organization\",\"@id\":\"https:\/\/cleverkids.ee\/et\/#organization\",\"name\":\"CLEVER KIDS\",\"url\":\"https:\/\/cleverkids.ee\/et\/\",\"logo\":{\"@type\":\"ImageObject\",\"inLanguage\":\"et\",\"@id\":\"https:\/\/cleverkids.ee\/et\/#\/schema\/logo\/image\/\",\"url\":\"https:\/\/cleverkids.ee\/wp-content\/uploads\/2024\/02\/image0-1024x1024.png\",\"contentUrl\":\"https:\/\/cleverkids.ee\/wp-content\/uploads\/2024\/02\/image0-1024x1024.png\",\"width\":1024,\"height\":1024,\"caption\":\"CLEVER KIDS\"},\"image\":{\"@id\":\"https:\/\/cleverkids.ee\/et\/#\/schema\/logo\/image\/\"},\"sameAs\":[\"https:\/\/www.facebook.com\/cleverkids.ee\/\",\"https:\/\/www.instagram.com\/cleverkids_ee\/\"]}]}<\/script>\n<!-- \/ Yoast SEO plugin. -->","yoast_head_json":{"title":"Raamat \u201eMatemaatikalab\u00fcrindid faktidega. Loomad\u201c \u2013 36 lk -","description":"Raamat \u201eMatemaatikalab\u00fcrindid faktidega. Loomad\u201c \u2013 36 lk - CLEVER KIDS","robots":{"index":"index","follow":"follow","max-snippet":"max-snippet:-1","max-image-preview":"max-image-preview:large","max-video-preview":"max-video-preview:-1"},"canonical":"https:\/\/cleverkids.ee\/et\/product\/raamat-matemaatikalaburindid-faktidega-loomad-36-lk\/","og_locale":"et_EE","og_type":"article","og_title":"Raamat \u201eMatemaatikalab\u00fcrindid faktidega. Loomad\u201c \u2013 36 lk -","og_description":"Raamat \u201eMatemaatikalab\u00fcrindid faktidega. Loomad\u201c \u2013 36 lk - CLEVER KIDS","og_url":"https:\/\/cleverkids.ee\/et\/product\/raamat-matemaatikalaburindid-faktidega-loomad-36-lk\/","og_site_name":"CLEVER KIDS","article_publisher":"https:\/\/www.facebook.com\/cleverkids.ee\/","article_modified_time":"2026-01-12T12:30:50+00:00","og_image":[{"width":1600,"height":1600,"url":"https:\/\/cleverkids.ee\/wp-content\/uploads\/2025\/11\/1600-64-1.jpg","type":"image\/jpeg"}],"twitter_card":"summary_large_image","twitter_misc":{"Est. reading time":"1 minut"},"schema":{"@context":"https:\/\/schema.org","@graph":[{"@type":"WebPage","@id":"https:\/\/cleverkids.ee\/et\/product\/raamat-matemaatikalaburindid-faktidega-loomad-36-lk\/","url":"https:\/\/cleverkids.ee\/et\/product\/raamat-matemaatikalaburindid-faktidega-loomad-36-lk\/","name":"Raamat \u201eMatemaatikalab\u00fcrindid faktidega. Loomad\u201c \u2013 36 lk -","isPartOf":{"@id":"https:\/\/cleverkids.ee\/et\/#website"},"primaryImageOfPage":{"@id":"https:\/\/cleverkids.ee\/et\/product\/raamat-matemaatikalaburindid-faktidega-loomad-36-lk\/#primaryimage"},"image":{"@id":"https:\/\/cleverkids.ee\/et\/product\/raamat-matemaatikalaburindid-faktidega-loomad-36-lk\/#primaryimage"},"thumbnailUrl":"https:\/\/cleverkids.ee\/wp-content\/uploads\/2025\/11\/1600-64-1.jpg","datePublished":"2025-11-03T14:19:52+00:00","dateModified":"2026-01-12T12:30:50+00:00","description":"Raamat \u201eMatemaatikalab\u00fcrindid faktidega. Loomad\u201c \u2013 36 lk - CLEVER KIDS","breadcrumb":{"@id":"https:\/\/cleverkids.ee\/et\/product\/raamat-matemaatikalaburindid-faktidega-loomad-36-lk\/#breadcrumb"},"inLanguage":"et","potentialAction":[{"@type":"ReadAction","target":["https:\/\/cleverkids.ee\/et\/product\/raamat-matemaatikalaburindid-faktidega-loomad-36-lk\/"]}]},{"@type":"ImageObject","inLanguage":"et","@id":"https:\/\/cleverkids.ee\/et\/product\/raamat-matemaatikalaburindid-faktidega-loomad-36-lk\/#primaryimage","url":"https:\/\/cleverkids.ee\/wp-content\/uploads\/2025\/11\/1600-64-1.jpg","contentUrl":"https:\/\/cleverkids.ee\/wp-content\/uploads\/2025\/11\/1600-64-1.jpg","width":1600,"height":1600,"caption":"\u041a\u043d\u0438\u0433\u0430 \u00ab\u041c\u0430\u0442\u0435\u043c\u0430\u0442\u0438\u0447\u0435\u0441\u043a\u0438\u0435 \u043b\u0430\u0431\u0438\u0440\u0438\u043d\u0442\u044b \u0441 \u0444\u0430\u043a\u0442\u0430\u043c\u0438. \u0416\u0438\u0432\u043e\u0442\u043d\u044b\u0435\u00bb"},{"@type":"BreadcrumbList","@id":"https:\/\/cleverkids.ee\/et\/product\/raamat-matemaatikalaburindid-faktidega-loomad-36-lk\/#breadcrumb","itemListElement":[{"@type":"ListItem","position":1,"name":"Esileht","item":"https:\/\/cleverkids.ee\/et\/"},{"@type":"ListItem","position":2,"name":"Tooted","item":"https:\/\/cleverkids.ee\/store\/"},{"@type":"ListItem","position":3,"name":"Raamat \u201eMatemaatikalab\u00fcrindid faktidega. Loomad\u201c \u2013 36 lk"}]},{"@type":"WebSite","@id":"https:\/\/cleverkids.ee\/et\/#website","url":"https:\/\/cleverkids.ee\/et\/","name":"CLEVER KIDS","description":"","publisher":{"@id":"https:\/\/cleverkids.ee\/et\/#organization"},"potentialAction":[{"@type":"SearchAction","target":{"@type":"EntryPoint","urlTemplate":"https:\/\/cleverkids.ee\/et\/?s={search_term_string}"},"query-input":{"@type":"PropertyValueSpecification","valueRequired":true,"valueName":"search_term_string"}}],"inLanguage":"et"},{"@type":"Organization","@id":"https:\/\/cleverkids.ee\/et\/#organization","name":"CLEVER KIDS","url":"https:\/\/cleverkids.ee\/et\/","logo":{"@type":"ImageObject","inLanguage":"et","@id":"https:\/\/cleverkids.ee\/et\/#\/schema\/logo\/image\/","url":"https:\/\/cleverkids.ee\/wp-content\/uploads\/2024\/02\/image0-1024x1024.png","contentUrl":"https:\/\/cleverkids.ee\/wp-content\/uploads\/2024\/02\/image0-1024x1024.png","width":1024,"height":1024,"caption":"CLEVER KIDS"},"image":{"@id":"https:\/\/cleverkids.ee\/et\/#\/schema\/logo\/image\/"},"sameAs":["https:\/\/www.facebook.com\/cleverkids.ee\/","https:\/\/www.instagram.com\/cleverkids_ee\/"]}]}},"_links":{"self":[{"href":"https:\/\/cleverkids.ee\/et\/wp-json\/wp\/v2\/product\/76024","targetHints":{"allow":["GET"]}}],"collection":[{"href":"https:\/\/cleverkids.ee\/et\/wp-json\/wp\/v2\/product"}],"about":[{"href":"https:\/\/cleverkids.ee\/et\/wp-json\/wp\/v2\/types\/product"}],"wp:featuredmedia":[{"embeddable":true,"href":"https:\/\/cleverkids.ee\/et\/wp-json\/wp\/v2\/media\/75875"}],"wp:attachment":[{"href":"https:\/\/cleverkids.ee\/et\/wp-json\/wp\/v2\/media?parent=76024"}],"wp:term":[{"taxonomy":"product_brand","embeddable":true,"href":"https:\/\/cleverkids.ee\/et\/wp-json\/wp\/v2\/product_brand?post=76024"},{"taxonomy":"product_cat","embeddable":true,"href":"https:\/\/cleverkids.ee\/et\/wp-json\/wp\/v2\/product_cat?post=76024"},{"taxonomy":"product_tag","embeddable":true,"href":"https:\/\/cleverkids.ee\/et\/wp-json\/wp\/v2\/product_tag?post=76024"}],"curies":[{"name":"wp","href":"https:\/\/api.w.org\/{rel}","templated":true}]}}