{"id":76028,"date":"2025-10-28T06:03:02","date_gmt":"2025-10-28T04:03:02","guid":{"rendered":"https:\/\/cleverkids.ee\/\u041f\u0440\u043e\u0434\u0443\u043a\u0442\/nastolnaya-igra-umnoe-loto-novogodnie-polovinki-otpravka-posle-13-11\/"},"modified":"2026-01-12T14:36:35","modified_gmt":"2026-01-12T12:36:35","slug":"lauamang-tark-loto-joulupoolikud","status":"publish","type":"product","link":"https:\/\/cleverkids.ee\/et\/product\/lauamang-tark-loto-joulupoolikud\/","title":{"rendered":"Lauam\u00e4ng \u201eTark loto. J\u00f5ulupoolikud\u201c"},"content":{"rendered":"<div class=\"p9jiPT aCeHAX\" data-testid=\"about-section-description\"><\/div>\n<div class=\"aCeHAX\" data-testid=\"widget\">\n<p data-start=\"113\" data-end=\"373\">L\u00f5bus ja arendav m\u00e4ng, kus on kohe 3 m\u00e4nguviisi!<br data-start=\"161\" data-end=\"164\" \/>\u2013 Leia igale pildile \u00f5ige poolik<br data-start=\"196\" data-end=\"199\" \/>\u2013 M\u00e4ngi koos s\u00f5prade v\u00f5i perega \u2013 v\u00f5idab see, kes t\u00e4idab oma kaardi esimesena<br data-start=\"276\" data-end=\"279\" \/>\u2013 Keera kaardid \u00fcmber ja ehita lab\u00fcrint, kus J\u00f5uluvana korjab kingitusi ja j\u00f5uab kuuse juurde!<\/p>\n<p data-start=\"375\" data-end=\"482\"><strong data-start=\"375\" data-end=\"390\">Komplektis:<\/strong><br data-start=\"390\" data-end=\"393\" \/>\u2013 54 plastikust kaarti<br data-start=\"415\" data-end=\"418\" \/>\u2013 9 lotokaarti<br data-start=\"432\" data-end=\"435\" \/>\u2013 Riidest kott hoiustamiseks ja kaasa v\u00f5tmiseks<\/p>\n<p data-start=\"484\" data-end=\"604\" data-is-last-node=\"\" data-is-only-node=\"\">Soovitatav vanus: 3+<br data-start=\"504\" data-end=\"507\" \/><strong data-start=\"507\" data-end=\"529\">M\u00e4nguv\u00e4lja suurus:<\/strong> 20 \u00d7 13,5 cm.<br data-start=\"543\" data-end=\"546\" \/>Ideaalne j\u00f5ulumeeleolu loomiseks ja arendavaks ajaviiteks!<\/p>\n<\/div>\n","protected":false},"excerpt":{"rendered":"<p>L\u00f5bus ja arendav m\u00e4ng, kus on kohe 3 m\u00e4nguviisi!\u2013 Leia igale pildile \u00f5ige poolik\u2013 M\u00e4ngi koos s\u00f5prade v\u00f5i perega \u2013 v\u00f5idab see, kes t\u00e4idab oma kaardi esimesena\u2013 Keera kaardid \u00fcmber ja ehita lab\u00fcrint, kus J\u00f5uluvana korjab kingitusi ja j\u00f5uab kuuse juurde! Komplektis:\u2013 54 plastikust kaarti\u2013 9 lotokaarti\u2013 Riidest kott hoiustamiseks ja kaasa v\u00f5tmiseks Soovitatav vanus: [&hellip;]<\/p>\n","protected":false},"featured_media":74232,"template":"","meta":{"_monsterinsights_skip_tracking":false,"_monsterinsights_sitenote_active":false,"_monsterinsights_sitenote_note":"","_monsterinsights_sitenote_category":0},"product_brand":[],"product_cat":[57,58],"product_tag":[],"class_list":{"0":"post-76028","1":"product","2":"type-product","3":"status-publish","4":"has-post-thumbnail","6":"product_cat-allahindlused","7":"product_cat-unkategorized","9":"first","10":"instock","11":"sale","12":"shipping-taxable","13":"purchasable","14":"product-type-simple"},"yoast_head":"<!-- This site is optimized with the Yoast SEO plugin v25.0 - https:\/\/yoast.com\/wordpress\/plugins\/seo\/ -->\n<title>Lauam\u00e4ng \u201eTark loto. J\u00f5ulupoolikud\u201c -<\/title>\n<meta name=\"description\" content=\"Lauam\u00e4ng \u201eTark loto. J\u00f5ulupoolikud\u201c - CLEVER KIDS\" \/>\n<meta name=\"robots\" content=\"index, follow, max-snippet:-1, max-image-preview:large, max-video-preview:-1\" \/>\n<link rel=\"canonical\" href=\"https:\/\/cleverkids.ee\/et\/product\/lauamang-tark-loto-joulupoolikud\/\" \/>\n<meta property=\"og:locale\" content=\"et_EE\" \/>\n<meta property=\"og:type\" content=\"article\" \/>\n<meta property=\"og:title\" content=\"Lauam\u00e4ng \u201eTark loto. J\u00f5ulupoolikud\u201c -\" \/>\n<meta property=\"og:description\" content=\"Lauam\u00e4ng \u201eTark loto. J\u00f5ulupoolikud\u201c - CLEVER KIDS\" \/>\n<meta property=\"og:url\" content=\"https:\/\/cleverkids.ee\/et\/product\/lauamang-tark-loto-joulupoolikud\/\" \/>\n<meta property=\"og:site_name\" content=\"CLEVER KIDS\" \/>\n<meta property=\"article:publisher\" content=\"https:\/\/www.facebook.com\/cleverkids.ee\/\" \/>\n<meta property=\"article:modified_time\" content=\"2026-01-12T12:36:35+00:00\" \/>\n<meta property=\"og:image\" content=\"https:\/\/cleverkids.ee\/wp-content\/uploads\/2024\/10\/1600-26-19.jpg\" \/>\n\t<meta property=\"og:image:width\" content=\"1600\" \/>\n\t<meta property=\"og:image:height\" content=\"1600\" \/>\n\t<meta property=\"og:image:type\" content=\"image\/jpeg\" \/>\n<meta name=\"twitter:card\" content=\"summary_large_image\" \/>\n<meta name=\"twitter:label1\" content=\"Est. reading time\" \/>\n\t<meta name=\"twitter:data1\" content=\"1 minut\" \/>\n<script type=\"application\/ld+json\" class=\"yoast-schema-graph\">{\"@context\":\"https:\/\/schema.org\",\"@graph\":[{\"@type\":\"WebPage\",\"@id\":\"https:\/\/cleverkids.ee\/et\/product\/lauamang-tark-loto-joulupoolikud\/\",\"url\":\"https:\/\/cleverkids.ee\/et\/product\/lauamang-tark-loto-joulupoolikud\/\",\"name\":\"Lauam\u00e4ng \u201eTark loto. J\u00f5ulupoolikud\u201c -\",\"isPartOf\":{\"@id\":\"https:\/\/cleverkids.ee\/et\/#website\"},\"primaryImageOfPage\":{\"@id\":\"https:\/\/cleverkids.ee\/et\/product\/lauamang-tark-loto-joulupoolikud\/#primaryimage\"},\"image\":{\"@id\":\"https:\/\/cleverkids.ee\/et\/product\/lauamang-tark-loto-joulupoolikud\/#primaryimage\"},\"thumbnailUrl\":\"https:\/\/cleverkids.ee\/wp-content\/uploads\/2024\/10\/1600-26-19.jpg\",\"datePublished\":\"2025-10-28T04:03:02+00:00\",\"dateModified\":\"2026-01-12T12:36:35+00:00\",\"description\":\"Lauam\u00e4ng \u201eTark loto. J\u00f5ulupoolikud\u201c - CLEVER KIDS\",\"breadcrumb\":{\"@id\":\"https:\/\/cleverkids.ee\/et\/product\/lauamang-tark-loto-joulupoolikud\/#breadcrumb\"},\"inLanguage\":\"et\",\"potentialAction\":[{\"@type\":\"ReadAction\",\"target\":[\"https:\/\/cleverkids.ee\/et\/product\/lauamang-tark-loto-joulupoolikud\/\"]}]},{\"@type\":\"ImageObject\",\"inLanguage\":\"et\",\"@id\":\"https:\/\/cleverkids.ee\/et\/product\/lauamang-tark-loto-joulupoolikud\/#primaryimage\",\"url\":\"https:\/\/cleverkids.ee\/wp-content\/uploads\/2024\/10\/1600-26-19.jpg\",\"contentUrl\":\"https:\/\/cleverkids.ee\/wp-content\/uploads\/2024\/10\/1600-26-19.jpg\",\"width\":1600,\"height\":1600,\"caption\":\"\u041d\u0430\u0441\u0442\u043e\u043b\u044c\u043d\u0430\u044f \u0438\u0433\u0440\u0430 \u00ab\u0423\u043c\u043d\u043e\u0435 \u043b\u043e\u0442\u043e. \u041d\u043e\u0432\u043e\u0433\u043e\u0434\u043d\u0438\u0435 \u043f\u043e\u043b\u043e\u0432\u0438\u043d\u043a\u0438\u00bb\"},{\"@type\":\"BreadcrumbList\",\"@id\":\"https:\/\/cleverkids.ee\/et\/product\/lauamang-tark-loto-joulupoolikud\/#breadcrumb\",\"itemListElement\":[{\"@type\":\"ListItem\",\"position\":1,\"name\":\"Esileht\",\"item\":\"https:\/\/cleverkids.ee\/et\/\"},{\"@type\":\"ListItem\",\"position\":2,\"name\":\"Tooted\",\"item\":\"https:\/\/cleverkids.ee\/store\/\"},{\"@type\":\"ListItem\",\"position\":3,\"name\":\"Lauam\u00e4ng \u201eTark loto. J\u00f5ulupoolikud\u201c\"}]},{\"@type\":\"WebSite\",\"@id\":\"https:\/\/cleverkids.ee\/et\/#website\",\"url\":\"https:\/\/cleverkids.ee\/et\/\",\"name\":\"CLEVER KIDS\",\"description\":\"\",\"publisher\":{\"@id\":\"https:\/\/cleverkids.ee\/et\/#organization\"},\"potentialAction\":[{\"@type\":\"SearchAction\",\"target\":{\"@type\":\"EntryPoint\",\"urlTemplate\":\"https:\/\/cleverkids.ee\/et\/?s={search_term_string}\"},\"query-input\":{\"@type\":\"PropertyValueSpecification\",\"valueRequired\":true,\"valueName\":\"search_term_string\"}}],\"inLanguage\":\"et\"},{\"@type\":\"Organization\",\"@id\":\"https:\/\/cleverkids.ee\/et\/#organization\",\"name\":\"CLEVER KIDS\",\"url\":\"https:\/\/cleverkids.ee\/et\/\",\"logo\":{\"@type\":\"ImageObject\",\"inLanguage\":\"et\",\"@id\":\"https:\/\/cleverkids.ee\/et\/#\/schema\/logo\/image\/\",\"url\":\"https:\/\/cleverkids.ee\/wp-content\/uploads\/2024\/02\/image0-1024x1024.png\",\"contentUrl\":\"https:\/\/cleverkids.ee\/wp-content\/uploads\/2024\/02\/image0-1024x1024.png\",\"width\":1024,\"height\":1024,\"caption\":\"CLEVER KIDS\"},\"image\":{\"@id\":\"https:\/\/cleverkids.ee\/et\/#\/schema\/logo\/image\/\"},\"sameAs\":[\"https:\/\/www.facebook.com\/cleverkids.ee\/\",\"https:\/\/www.instagram.com\/cleverkids_ee\/\"]}]}<\/script>\n<!-- \/ Yoast SEO plugin. -->","yoast_head_json":{"title":"Lauam\u00e4ng \u201eTark loto. J\u00f5ulupoolikud\u201c -","description":"Lauam\u00e4ng \u201eTark loto. J\u00f5ulupoolikud\u201c - CLEVER KIDS","robots":{"index":"index","follow":"follow","max-snippet":"max-snippet:-1","max-image-preview":"max-image-preview:large","max-video-preview":"max-video-preview:-1"},"canonical":"https:\/\/cleverkids.ee\/et\/product\/lauamang-tark-loto-joulupoolikud\/","og_locale":"et_EE","og_type":"article","og_title":"Lauam\u00e4ng \u201eTark loto. J\u00f5ulupoolikud\u201c -","og_description":"Lauam\u00e4ng \u201eTark loto. J\u00f5ulupoolikud\u201c - CLEVER KIDS","og_url":"https:\/\/cleverkids.ee\/et\/product\/lauamang-tark-loto-joulupoolikud\/","og_site_name":"CLEVER KIDS","article_publisher":"https:\/\/www.facebook.com\/cleverkids.ee\/","article_modified_time":"2026-01-12T12:36:35+00:00","og_image":[{"width":1600,"height":1600,"url":"https:\/\/cleverkids.ee\/wp-content\/uploads\/2024\/10\/1600-26-19.jpg","type":"image\/jpeg"}],"twitter_card":"summary_large_image","twitter_misc":{"Est. reading time":"1 minut"},"schema":{"@context":"https:\/\/schema.org","@graph":[{"@type":"WebPage","@id":"https:\/\/cleverkids.ee\/et\/product\/lauamang-tark-loto-joulupoolikud\/","url":"https:\/\/cleverkids.ee\/et\/product\/lauamang-tark-loto-joulupoolikud\/","name":"Lauam\u00e4ng \u201eTark loto. J\u00f5ulupoolikud\u201c -","isPartOf":{"@id":"https:\/\/cleverkids.ee\/et\/#website"},"primaryImageOfPage":{"@id":"https:\/\/cleverkids.ee\/et\/product\/lauamang-tark-loto-joulupoolikud\/#primaryimage"},"image":{"@id":"https:\/\/cleverkids.ee\/et\/product\/lauamang-tark-loto-joulupoolikud\/#primaryimage"},"thumbnailUrl":"https:\/\/cleverkids.ee\/wp-content\/uploads\/2024\/10\/1600-26-19.jpg","datePublished":"2025-10-28T04:03:02+00:00","dateModified":"2026-01-12T12:36:35+00:00","description":"Lauam\u00e4ng \u201eTark loto. J\u00f5ulupoolikud\u201c - CLEVER KIDS","breadcrumb":{"@id":"https:\/\/cleverkids.ee\/et\/product\/lauamang-tark-loto-joulupoolikud\/#breadcrumb"},"inLanguage":"et","potentialAction":[{"@type":"ReadAction","target":["https:\/\/cleverkids.ee\/et\/product\/lauamang-tark-loto-joulupoolikud\/"]}]},{"@type":"ImageObject","inLanguage":"et","@id":"https:\/\/cleverkids.ee\/et\/product\/lauamang-tark-loto-joulupoolikud\/#primaryimage","url":"https:\/\/cleverkids.ee\/wp-content\/uploads\/2024\/10\/1600-26-19.jpg","contentUrl":"https:\/\/cleverkids.ee\/wp-content\/uploads\/2024\/10\/1600-26-19.jpg","width":1600,"height":1600,"caption":"\u041d\u0430\u0441\u0442\u043e\u043b\u044c\u043d\u0430\u044f \u0438\u0433\u0440\u0430 \u00ab\u0423\u043c\u043d\u043e\u0435 \u043b\u043e\u0442\u043e. \u041d\u043e\u0432\u043e\u0433\u043e\u0434\u043d\u0438\u0435 \u043f\u043e\u043b\u043e\u0432\u0438\u043d\u043a\u0438\u00bb"},{"@type":"BreadcrumbList","@id":"https:\/\/cleverkids.ee\/et\/product\/lauamang-tark-loto-joulupoolikud\/#breadcrumb","itemListElement":[{"@type":"ListItem","position":1,"name":"Esileht","item":"https:\/\/cleverkids.ee\/et\/"},{"@type":"ListItem","position":2,"name":"Tooted","item":"https:\/\/cleverkids.ee\/store\/"},{"@type":"ListItem","position":3,"name":"Lauam\u00e4ng \u201eTark loto. J\u00f5ulupoolikud\u201c"}]},{"@type":"WebSite","@id":"https:\/\/cleverkids.ee\/et\/#website","url":"https:\/\/cleverkids.ee\/et\/","name":"CLEVER KIDS","description":"","publisher":{"@id":"https:\/\/cleverkids.ee\/et\/#organization"},"potentialAction":[{"@type":"SearchAction","target":{"@type":"EntryPoint","urlTemplate":"https:\/\/cleverkids.ee\/et\/?s={search_term_string}"},"query-input":{"@type":"PropertyValueSpecification","valueRequired":true,"valueName":"search_term_string"}}],"inLanguage":"et"},{"@type":"Organization","@id":"https:\/\/cleverkids.ee\/et\/#organization","name":"CLEVER KIDS","url":"https:\/\/cleverkids.ee\/et\/","logo":{"@type":"ImageObject","inLanguage":"et","@id":"https:\/\/cleverkids.ee\/et\/#\/schema\/logo\/image\/","url":"https:\/\/cleverkids.ee\/wp-content\/uploads\/2024\/02\/image0-1024x1024.png","contentUrl":"https:\/\/cleverkids.ee\/wp-content\/uploads\/2024\/02\/image0-1024x1024.png","width":1024,"height":1024,"caption":"CLEVER KIDS"},"image":{"@id":"https:\/\/cleverkids.ee\/et\/#\/schema\/logo\/image\/"},"sameAs":["https:\/\/www.facebook.com\/cleverkids.ee\/","https:\/\/www.instagram.com\/cleverkids_ee\/"]}]}},"_links":{"self":[{"href":"https:\/\/cleverkids.ee\/et\/wp-json\/wp\/v2\/product\/76028","targetHints":{"allow":["GET"]}}],"collection":[{"href":"https:\/\/cleverkids.ee\/et\/wp-json\/wp\/v2\/product"}],"about":[{"href":"https:\/\/cleverkids.ee\/et\/wp-json\/wp\/v2\/types\/product"}],"wp:featuredmedia":[{"embeddable":true,"href":"https:\/\/cleverkids.ee\/et\/wp-json\/wp\/v2\/media\/74232"}],"wp:attachment":[{"href":"https:\/\/cleverkids.ee\/et\/wp-json\/wp\/v2\/media?parent=76028"}],"wp:term":[{"taxonomy":"product_brand","embeddable":true,"href":"https:\/\/cleverkids.ee\/et\/wp-json\/wp\/v2\/product_brand?post=76028"},{"taxonomy":"product_cat","embeddable":true,"href":"https:\/\/cleverkids.ee\/et\/wp-json\/wp\/v2\/product_cat?post=76028"},{"taxonomy":"product_tag","embeddable":true,"href":"https:\/\/cleverkids.ee\/et\/wp-json\/wp\/v2\/product_tag?post=76028"}],"curies":[{"name":"wp","href":"https:\/\/api.w.org\/{rel}","templated":true}]}}