{"id":76030,"date":"2025-10-28T06:03:03","date_gmt":"2025-10-28T04:03:03","guid":{"rendered":"https:\/\/cleverkids.ee\/\u041f\u0440\u043e\u0434\u0443\u043a\u0442\/pazl-zmejka-i-dedushka-moroz-54-detali-otpravka-posle-13-11\/"},"modified":"2026-01-12T14:40:00","modified_gmt":"2026-01-12T12:40:00","slug":"pusle-madu-ja-jouluvana-54-tukki","status":"publish","type":"product","link":"https:\/\/cleverkids.ee\/et\/product\/pusle-madu-ja-jouluvana-54-tukki\/","title":{"rendered":"Pusle \u201eMadu ja J\u00f5uluvana\u201c \u2013 54 t\u00fckki"},"content":{"rendered":"<div class=\"relative basis-auto flex-col -mb-(--composer-overlap-px) [--composer-overlap-px:28px] grow flex\">\n<div class=\"flex flex-col text-sm\">\n<article class=\"text-token-text-primary w-full focus:outline-none [--shadow-height:45px] has-data-writing-block:pointer-events-none has-data-writing-block:-mt-(--shadow-height) has-data-writing-block:pt-(--shadow-height) [&amp;:has([data-writing-block])&gt;*]:pointer-events-auto scroll-mt-[calc(var(--header-height)+min(200px,max(70px,20svh)))]\" dir=\"auto\" tabindex=\"-1\" data-turn-id=\"request-68497318-9590-8003-9e46-7e542ff5687c-14\" data-testid=\"conversation-turn-152\" data-scroll-anchor=\"true\" data-turn=\"assistant\">\n<div class=\"text-base my-auto mx-auto pb-10 [--thread-content-margin:--spacing(4)] @w-sm\/main:[--thread-content-margin:--spacing(6)] @w-lg\/main:[--thread-content-margin:--spacing(16)] px-(--thread-content-margin)\">\n<div class=\"[--thread-content-max-width:40rem] @w-lg\/main:[--thread-content-max-width:48rem] mx-auto max-w-(--thread-content-max-width) flex-1 group\/turn-messages focus-visible:outline-hidden relative flex w-full min-w-0 flex-col agent-turn\" tabindex=\"-1\">\n<div class=\"flex max-w-full flex-col grow\">\n<div class=\"min-h-8 text-message relative flex w-full flex-col items-end gap-2 text-start break-words whitespace-normal [.text-message+&amp;]:mt-1\" dir=\"auto\" data-message-author-role=\"assistant\" data-message-id=\"66d032b3-5331-4891-8acd-eece1b3977e7\" data-message-model-slug=\"gpt-4o\">\n<div class=\"flex w-full flex-col gap-1 empty:hidden first:pt-[1px]\">\n<div class=\"markdown prose dark:prose-invert w-full break-words light markdown-new-styling\">\n<p data-start=\"114\" data-end=\"245\">L\u00f5bus ja arendav tegevus j\u00f5uluootuse ajaks! Pusle arendab lapse loogilist m\u00f5tlemist, t\u00e4helepanu, peenmotoorikat ja visuaalset taju.<\/p>\n<p data-start=\"247\" data-end=\"326\">Laps paneb kokku k\u00f5ik 54 t\u00fckki ja saab v\u00e4rvilise pildi m\u00f5\u00f5tmetega 17,5 \u00d7 13 cm.<\/p>\n<p data-start=\"328\" data-end=\"444\"><strong data-start=\"328\" data-end=\"348\">Miks on kasulik?<\/strong><br data-start=\"348\" data-end=\"351\" \/>\u2013 Treenib m\u00e4lu, kannatlikkust ja k\u00e4elist osavust<br data-start=\"399\" data-end=\"402\" \/>\u2013 \u00d5petab v\u00e4rve eristama ja tervikut n\u00e4gema<\/p>\n<p data-start=\"446\" data-end=\"620\" data-is-last-node=\"\" data-is-only-node=\"\"><strong data-start=\"446\" data-end=\"473\">Soovid pildi s\u00e4ilitada?<\/strong><br data-start=\"473\" data-end=\"476\" \/>\u2013 Kata valmis pusle pinnale spetsiaalne pusleliim<br data-start=\"525\" data-end=\"528\" \/>\u2013 Lase kuivada 1,5\u20132 tundi \u2013 liim muutub l\u00e4bipaistvaks<br data-start=\"582\" data-end=\"585\" \/>\u2013 Pane pilt raami ja kaunista tuba!<\/p>\n<\/div>\n<\/div>\n<\/div>\n<\/div>\n<\/div>\n<\/div>\n<\/article>\n<\/div>\n<\/div>\n<div id=\"thread-bottom-container\" class=\"sticky bottom-0 group\/thread-bottom-container relative isolate z-10 w-full basis-auto has-data-has-thread-error:pt-2 has-data-has-thread-error:[box-shadow:var(--sharp-edge-bottom-shadow)] md:border-transparent md:pt-0 dark:border-white\/20 md:dark:border-transparent print:hidden content-fade single-line\">\n<div class=\"text-base mx-auto [--thread-content-margin:--spacing(4)] @w-sm\/main:[--thread-content-margin:--spacing(6)] @w-lg\/main:[--thread-content-margin:--spacing(16)] px-(--thread-content-margin)\">\n<div class=\"[--thread-content-max-width:40rem] @w-lg\/main:[--thread-content-max-width:48rem] mx-auto max-w-(--thread-content-max-width) flex-1 mb-4\">\n<div class=\"flex justify-center empty:hidden\"><\/div>\n<div class=\"pointer-events-auto relative z-1 flex h-(--composer-container-height,100%) max-w-full flex-(--composer-container-flex,1) flex-col\"><button class=\"invisible absolute self-center\" tabindex=\"-1\" name=\"context-connector-pasted-link-popover-trigger\" type=\"button\" aria-hidden=\"true\" aria-haspopup=\"dialog\" aria-expanded=\"false\" aria-controls=\"radix-_r_1ep_\" data-state=\"closed\"><\/button><\/p>\n<div class=\"absolute start-0 end-0 bottom-full z-20\">\n<div class=\"relative h-full w-full\"><\/div>\n<\/div>\n<\/div>\n<\/div>\n<\/div>\n<\/div>\n","protected":false},"excerpt":{"rendered":"<p>L\u00f5bus ja arendav tegevus j\u00f5uluootuse ajaks! Pusle arendab lapse loogilist m\u00f5tlemist, t\u00e4helepanu, peenmotoorikat ja visuaalset taju. Laps paneb kokku k\u00f5ik 54 t\u00fckki ja saab v\u00e4rvilise pildi m\u00f5\u00f5tmetega 17,5 \u00d7 13 cm. Miks on kasulik?\u2013 Treenib m\u00e4lu, kannatlikkust ja k\u00e4elist osavust\u2013 \u00d5petab v\u00e4rve eristama ja tervikut n\u00e4gema Soovid pildi s\u00e4ilitada?\u2013 Kata valmis pusle pinnale spetsiaalne pusleliim\u2013 [&hellip;]<\/p>\n","protected":false},"featured_media":74442,"template":"","meta":{"_monsterinsights_skip_tracking":false,"_monsterinsights_sitenote_active":false,"_monsterinsights_sitenote_note":"","_monsterinsights_sitenote_category":0},"product_brand":[],"product_cat":[57,58],"product_tag":[],"class_list":{"0":"post-76030","1":"product","2":"type-product","3":"status-publish","4":"has-post-thumbnail","6":"product_cat-allahindlused","7":"product_cat-unkategorized","9":"first","10":"instock","11":"sale","12":"shipping-taxable","13":"purchasable","14":"product-type-simple"},"yoast_head":"<!-- This site is optimized with the Yoast SEO plugin v25.0 - https:\/\/yoast.com\/wordpress\/plugins\/seo\/ -->\n<title>Pusle \u201eMadu ja J\u00f5uluvana\u201c \u2013 54 t\u00fckki -<\/title>\n<meta name=\"description\" content=\"Pusle \u201eMadu ja J\u00f5uluvana\u201c \u2013 54 t\u00fckki - CLEVER KIDS\" \/>\n<meta name=\"robots\" content=\"index, follow, max-snippet:-1, max-image-preview:large, max-video-preview:-1\" \/>\n<link rel=\"canonical\" href=\"https:\/\/cleverkids.ee\/et\/product\/pusle-madu-ja-jouluvana-54-tukki\/\" \/>\n<meta property=\"og:locale\" content=\"et_EE\" \/>\n<meta property=\"og:type\" content=\"article\" \/>\n<meta property=\"og:title\" content=\"Pusle \u201eMadu ja J\u00f5uluvana\u201c \u2013 54 t\u00fckki -\" \/>\n<meta property=\"og:description\" content=\"Pusle \u201eMadu ja J\u00f5uluvana\u201c \u2013 54 t\u00fckki - CLEVER KIDS\" \/>\n<meta property=\"og:url\" content=\"https:\/\/cleverkids.ee\/et\/product\/pusle-madu-ja-jouluvana-54-tukki\/\" \/>\n<meta property=\"og:site_name\" content=\"CLEVER KIDS\" \/>\n<meta property=\"article:publisher\" content=\"https:\/\/www.facebook.com\/cleverkids.ee\/\" \/>\n<meta property=\"article:modified_time\" content=\"2026-01-12T12:40:00+00:00\" \/>\n<meta property=\"og:image\" content=\"https:\/\/cleverkids.ee\/wp-content\/uploads\/2024\/11\/1600-26-5.jpg\" \/>\n\t<meta property=\"og:image:width\" content=\"1600\" \/>\n\t<meta property=\"og:image:height\" content=\"1600\" \/>\n\t<meta property=\"og:image:type\" content=\"image\/jpeg\" \/>\n<meta name=\"twitter:card\" content=\"summary_large_image\" \/>\n<meta name=\"twitter:label1\" content=\"Est. reading time\" \/>\n\t<meta name=\"twitter:data1\" content=\"1 minut\" \/>\n<script type=\"application\/ld+json\" class=\"yoast-schema-graph\">{\"@context\":\"https:\/\/schema.org\",\"@graph\":[{\"@type\":\"WebPage\",\"@id\":\"https:\/\/cleverkids.ee\/et\/product\/pusle-madu-ja-jouluvana-54-tukki\/\",\"url\":\"https:\/\/cleverkids.ee\/et\/product\/pusle-madu-ja-jouluvana-54-tukki\/\",\"name\":\"Pusle \u201eMadu ja J\u00f5uluvana\u201c \u2013 54 t\u00fckki -\",\"isPartOf\":{\"@id\":\"https:\/\/cleverkids.ee\/et\/#website\"},\"primaryImageOfPage\":{\"@id\":\"https:\/\/cleverkids.ee\/et\/product\/pusle-madu-ja-jouluvana-54-tukki\/#primaryimage\"},\"image\":{\"@id\":\"https:\/\/cleverkids.ee\/et\/product\/pusle-madu-ja-jouluvana-54-tukki\/#primaryimage\"},\"thumbnailUrl\":\"https:\/\/cleverkids.ee\/wp-content\/uploads\/2024\/11\/1600-26-5.jpg\",\"datePublished\":\"2025-10-28T04:03:03+00:00\",\"dateModified\":\"2026-01-12T12:40:00+00:00\",\"description\":\"Pusle \u201eMadu ja J\u00f5uluvana\u201c \u2013 54 t\u00fckki - CLEVER KIDS\",\"breadcrumb\":{\"@id\":\"https:\/\/cleverkids.ee\/et\/product\/pusle-madu-ja-jouluvana-54-tukki\/#breadcrumb\"},\"inLanguage\":\"et\",\"potentialAction\":[{\"@type\":\"ReadAction\",\"target\":[\"https:\/\/cleverkids.ee\/et\/product\/pusle-madu-ja-jouluvana-54-tukki\/\"]}]},{\"@type\":\"ImageObject\",\"inLanguage\":\"et\",\"@id\":\"https:\/\/cleverkids.ee\/et\/product\/pusle-madu-ja-jouluvana-54-tukki\/#primaryimage\",\"url\":\"https:\/\/cleverkids.ee\/wp-content\/uploads\/2024\/11\/1600-26-5.jpg\",\"contentUrl\":\"https:\/\/cleverkids.ee\/wp-content\/uploads\/2024\/11\/1600-26-5.jpg\",\"width\":1600,\"height\":1600,\"caption\":\"\u041f\u0430\u0437\u043b \u00ab\u0417\u043c\u0435\u0439\u043a\u0430 \u0438 \u0414\u0435\u0434\u0443\u0448\u043a\u0430 \u041c\u043e\u0440\u043e\u0437\u00bb, 54 \u0434\u0435\u0442\u0430\u043b\u0438\"},{\"@type\":\"BreadcrumbList\",\"@id\":\"https:\/\/cleverkids.ee\/et\/product\/pusle-madu-ja-jouluvana-54-tukki\/#breadcrumb\",\"itemListElement\":[{\"@type\":\"ListItem\",\"position\":1,\"name\":\"Esileht\",\"item\":\"https:\/\/cleverkids.ee\/et\/\"},{\"@type\":\"ListItem\",\"position\":2,\"name\":\"Tooted\",\"item\":\"https:\/\/cleverkids.ee\/store\/\"},{\"@type\":\"ListItem\",\"position\":3,\"name\":\"Pusle \u201eMadu ja J\u00f5uluvana\u201c \u2013 54 t\u00fckki\"}]},{\"@type\":\"WebSite\",\"@id\":\"https:\/\/cleverkids.ee\/et\/#website\",\"url\":\"https:\/\/cleverkids.ee\/et\/\",\"name\":\"CLEVER KIDS\",\"description\":\"\",\"publisher\":{\"@id\":\"https:\/\/cleverkids.ee\/et\/#organization\"},\"potentialAction\":[{\"@type\":\"SearchAction\",\"target\":{\"@type\":\"EntryPoint\",\"urlTemplate\":\"https:\/\/cleverkids.ee\/et\/?s={search_term_string}\"},\"query-input\":{\"@type\":\"PropertyValueSpecification\",\"valueRequired\":true,\"valueName\":\"search_term_string\"}}],\"inLanguage\":\"et\"},{\"@type\":\"Organization\",\"@id\":\"https:\/\/cleverkids.ee\/et\/#organization\",\"name\":\"CLEVER KIDS\",\"url\":\"https:\/\/cleverkids.ee\/et\/\",\"logo\":{\"@type\":\"ImageObject\",\"inLanguage\":\"et\",\"@id\":\"https:\/\/cleverkids.ee\/et\/#\/schema\/logo\/image\/\",\"url\":\"https:\/\/cleverkids.ee\/wp-content\/uploads\/2024\/02\/image0-1024x1024.png\",\"contentUrl\":\"https:\/\/cleverkids.ee\/wp-content\/uploads\/2024\/02\/image0-1024x1024.png\",\"width\":1024,\"height\":1024,\"caption\":\"CLEVER KIDS\"},\"image\":{\"@id\":\"https:\/\/cleverkids.ee\/et\/#\/schema\/logo\/image\/\"},\"sameAs\":[\"https:\/\/www.facebook.com\/cleverkids.ee\/\",\"https:\/\/www.instagram.com\/cleverkids_ee\/\"]}]}<\/script>\n<!-- \/ Yoast SEO plugin. -->","yoast_head_json":{"title":"Pusle \u201eMadu ja J\u00f5uluvana\u201c \u2013 54 t\u00fckki -","description":"Pusle \u201eMadu ja J\u00f5uluvana\u201c \u2013 54 t\u00fckki - CLEVER KIDS","robots":{"index":"index","follow":"follow","max-snippet":"max-snippet:-1","max-image-preview":"max-image-preview:large","max-video-preview":"max-video-preview:-1"},"canonical":"https:\/\/cleverkids.ee\/et\/product\/pusle-madu-ja-jouluvana-54-tukki\/","og_locale":"et_EE","og_type":"article","og_title":"Pusle \u201eMadu ja J\u00f5uluvana\u201c \u2013 54 t\u00fckki -","og_description":"Pusle \u201eMadu ja J\u00f5uluvana\u201c \u2013 54 t\u00fckki - CLEVER KIDS","og_url":"https:\/\/cleverkids.ee\/et\/product\/pusle-madu-ja-jouluvana-54-tukki\/","og_site_name":"CLEVER KIDS","article_publisher":"https:\/\/www.facebook.com\/cleverkids.ee\/","article_modified_time":"2026-01-12T12:40:00+00:00","og_image":[{"width":1600,"height":1600,"url":"https:\/\/cleverkids.ee\/wp-content\/uploads\/2024\/11\/1600-26-5.jpg","type":"image\/jpeg"}],"twitter_card":"summary_large_image","twitter_misc":{"Est. reading time":"1 minut"},"schema":{"@context":"https:\/\/schema.org","@graph":[{"@type":"WebPage","@id":"https:\/\/cleverkids.ee\/et\/product\/pusle-madu-ja-jouluvana-54-tukki\/","url":"https:\/\/cleverkids.ee\/et\/product\/pusle-madu-ja-jouluvana-54-tukki\/","name":"Pusle \u201eMadu ja J\u00f5uluvana\u201c \u2013 54 t\u00fckki -","isPartOf":{"@id":"https:\/\/cleverkids.ee\/et\/#website"},"primaryImageOfPage":{"@id":"https:\/\/cleverkids.ee\/et\/product\/pusle-madu-ja-jouluvana-54-tukki\/#primaryimage"},"image":{"@id":"https:\/\/cleverkids.ee\/et\/product\/pusle-madu-ja-jouluvana-54-tukki\/#primaryimage"},"thumbnailUrl":"https:\/\/cleverkids.ee\/wp-content\/uploads\/2024\/11\/1600-26-5.jpg","datePublished":"2025-10-28T04:03:03+00:00","dateModified":"2026-01-12T12:40:00+00:00","description":"Pusle \u201eMadu ja J\u00f5uluvana\u201c \u2013 54 t\u00fckki - CLEVER KIDS","breadcrumb":{"@id":"https:\/\/cleverkids.ee\/et\/product\/pusle-madu-ja-jouluvana-54-tukki\/#breadcrumb"},"inLanguage":"et","potentialAction":[{"@type":"ReadAction","target":["https:\/\/cleverkids.ee\/et\/product\/pusle-madu-ja-jouluvana-54-tukki\/"]}]},{"@type":"ImageObject","inLanguage":"et","@id":"https:\/\/cleverkids.ee\/et\/product\/pusle-madu-ja-jouluvana-54-tukki\/#primaryimage","url":"https:\/\/cleverkids.ee\/wp-content\/uploads\/2024\/11\/1600-26-5.jpg","contentUrl":"https:\/\/cleverkids.ee\/wp-content\/uploads\/2024\/11\/1600-26-5.jpg","width":1600,"height":1600,"caption":"\u041f\u0430\u0437\u043b \u00ab\u0417\u043c\u0435\u0439\u043a\u0430 \u0438 \u0414\u0435\u0434\u0443\u0448\u043a\u0430 \u041c\u043e\u0440\u043e\u0437\u00bb, 54 \u0434\u0435\u0442\u0430\u043b\u0438"},{"@type":"BreadcrumbList","@id":"https:\/\/cleverkids.ee\/et\/product\/pusle-madu-ja-jouluvana-54-tukki\/#breadcrumb","itemListElement":[{"@type":"ListItem","position":1,"name":"Esileht","item":"https:\/\/cleverkids.ee\/et\/"},{"@type":"ListItem","position":2,"name":"Tooted","item":"https:\/\/cleverkids.ee\/store\/"},{"@type":"ListItem","position":3,"name":"Pusle \u201eMadu ja J\u00f5uluvana\u201c \u2013 54 t\u00fckki"}]},{"@type":"WebSite","@id":"https:\/\/cleverkids.ee\/et\/#website","url":"https:\/\/cleverkids.ee\/et\/","name":"CLEVER KIDS","description":"","publisher":{"@id":"https:\/\/cleverkids.ee\/et\/#organization"},"potentialAction":[{"@type":"SearchAction","target":{"@type":"EntryPoint","urlTemplate":"https:\/\/cleverkids.ee\/et\/?s={search_term_string}"},"query-input":{"@type":"PropertyValueSpecification","valueRequired":true,"valueName":"search_term_string"}}],"inLanguage":"et"},{"@type":"Organization","@id":"https:\/\/cleverkids.ee\/et\/#organization","name":"CLEVER KIDS","url":"https:\/\/cleverkids.ee\/et\/","logo":{"@type":"ImageObject","inLanguage":"et","@id":"https:\/\/cleverkids.ee\/et\/#\/schema\/logo\/image\/","url":"https:\/\/cleverkids.ee\/wp-content\/uploads\/2024\/02\/image0-1024x1024.png","contentUrl":"https:\/\/cleverkids.ee\/wp-content\/uploads\/2024\/02\/image0-1024x1024.png","width":1024,"height":1024,"caption":"CLEVER KIDS"},"image":{"@id":"https:\/\/cleverkids.ee\/et\/#\/schema\/logo\/image\/"},"sameAs":["https:\/\/www.facebook.com\/cleverkids.ee\/","https:\/\/www.instagram.com\/cleverkids_ee\/"]}]}},"_links":{"self":[{"href":"https:\/\/cleverkids.ee\/et\/wp-json\/wp\/v2\/product\/76030","targetHints":{"allow":["GET"]}}],"collection":[{"href":"https:\/\/cleverkids.ee\/et\/wp-json\/wp\/v2\/product"}],"about":[{"href":"https:\/\/cleverkids.ee\/et\/wp-json\/wp\/v2\/types\/product"}],"wp:featuredmedia":[{"embeddable":true,"href":"https:\/\/cleverkids.ee\/et\/wp-json\/wp\/v2\/media\/74442"}],"wp:attachment":[{"href":"https:\/\/cleverkids.ee\/et\/wp-json\/wp\/v2\/media?parent=76030"}],"wp:term":[{"taxonomy":"product_brand","embeddable":true,"href":"https:\/\/cleverkids.ee\/et\/wp-json\/wp\/v2\/product_brand?post=76030"},{"taxonomy":"product_cat","embeddable":true,"href":"https:\/\/cleverkids.ee\/et\/wp-json\/wp\/v2\/product_cat?post=76030"},{"taxonomy":"product_tag","embeddable":true,"href":"https:\/\/cleverkids.ee\/et\/wp-json\/wp\/v2\/product_tag?post=76030"}],"curies":[{"name":"wp","href":"https:\/\/api.w.org\/{rel}","templated":true}]}}