{"id":76032,"date":"2025-10-28T06:03:04","date_gmt":"2025-10-28T04:03:04","guid":{"rendered":"https:\/\/cleverkids.ee\/\u041f\u0440\u043e\u0434\u0443\u043a\u0442\/pazl-volshebnaya-yolochka-24-detali-otpravka-posle-13-11\/"},"modified":"2026-01-12T14:42:40","modified_gmt":"2026-01-12T12:42:40","slug":"pusle-volukuuseke-24-tukki","status":"publish","type":"product","link":"https:\/\/cleverkids.ee\/et\/product\/pusle-volukuuseke-24-tukki\/","title":{"rendered":"Pusle \u201eV\u00f5lukuuseke\u201c \u2013 24 t\u00fckki"},"content":{"rendered":"<div class=\"p9jiPT aCeHAX\" data-testid=\"about-section-description\">\n<p data-start=\"108\" data-end=\"257\">Ideaalne j\u00f5uluteemaline arendav m\u00e4ng lastele alates 3. eluaastast! Pusle aitab arendada loogikat, t\u00e4helepanu, peenmotoorikat ja visuaalset m\u00f5tlemist.<\/p>\n<p data-start=\"259\" data-end=\"367\">Laps paneb kokku 24 t\u00fckki ja saab v\u00e4rvilise pildi suurusega 17,5 \u00d7 13 cm.<br data-start=\"332\" data-end=\"335\" \/><strong data-start=\"335\" data-end=\"355\">\u00dche t\u00fcki suurus:<\/strong> 5 \u00d7 3,5 cm.<\/p>\n<p data-start=\"369\" data-end=\"507\"><strong data-start=\"369\" data-end=\"389\">Miks on kasulik?<\/strong><br data-start=\"389\" data-end=\"392\" \/>\u2013 Treenib m\u00e4lu ja kannatlikkust<br data-start=\"423\" data-end=\"426\" \/>\u2013 \u00d5petab v\u00e4rve eristama ja tervikut m\u00f5istma<br data-start=\"469\" data-end=\"472\" \/>\u2013 Pakub r\u00f5\u00f5mu ja arendab l\u00e4bi m\u00e4ngu<\/p>\n<p data-start=\"509\" data-end=\"642\" data-is-last-node=\"\" data-is-only-node=\"\"><strong data-start=\"509\" data-end=\"536\">Soovid pusle s\u00e4ilitada?<\/strong><br data-start=\"536\" data-end=\"539\" \/>\u2013 Kata valmis pusle liimiga, lase kuivada 1,5\u20132 tundi<br data-start=\"592\" data-end=\"595\" \/>\u2013 Pane pilt raami ja kaunista sellega oma tuba!<\/p>\n<\/div>\n","protected":false},"excerpt":{"rendered":"<p>Ideaalne j\u00f5uluteemaline arendav m\u00e4ng lastele alates 3. eluaastast! Pusle aitab arendada loogikat, t\u00e4helepanu, peenmotoorikat ja visuaalset m\u00f5tlemist. Laps paneb kokku 24 t\u00fckki ja saab v\u00e4rvilise pildi suurusega 17,5 \u00d7 13 cm.\u00dche t\u00fcki suurus: 5 \u00d7 3,5 cm. Miks on kasulik?\u2013 Treenib m\u00e4lu ja kannatlikkust\u2013 \u00d5petab v\u00e4rve eristama ja tervikut m\u00f5istma\u2013 Pakub r\u00f5\u00f5mu ja arendab l\u00e4bi [&hellip;]<\/p>\n","protected":false},"featured_media":74504,"template":"","meta":{"_monsterinsights_skip_tracking":false,"_monsterinsights_sitenote_active":false,"_monsterinsights_sitenote_note":"","_monsterinsights_sitenote_category":0},"product_brand":[],"product_cat":[57,58],"product_tag":[],"class_list":{"0":"post-76032","1":"product","2":"type-product","3":"status-publish","4":"has-post-thumbnail","6":"product_cat-allahindlused","7":"product_cat-unkategorized","9":"first","10":"instock","11":"sale","12":"shipping-taxable","13":"purchasable","14":"product-type-simple"},"yoast_head":"<!-- This site is optimized with the Yoast SEO plugin v25.0 - https:\/\/yoast.com\/wordpress\/plugins\/seo\/ -->\n<title>Pusle \u201eV\u00f5lukuuseke\u201c \u2013 24 t\u00fckki -<\/title>\n<meta name=\"description\" content=\"Pusle \u201eV\u00f5lukuuseke\u201c \u2013 24 t\u00fckki - CLEVER KIDS\" \/>\n<meta name=\"robots\" content=\"index, follow, max-snippet:-1, max-image-preview:large, max-video-preview:-1\" \/>\n<link rel=\"canonical\" href=\"https:\/\/cleverkids.ee\/et\/product\/pusle-volukuuseke-24-tukki\/\" \/>\n<meta property=\"og:locale\" content=\"et_EE\" \/>\n<meta property=\"og:type\" content=\"article\" \/>\n<meta property=\"og:title\" content=\"Pusle \u201eV\u00f5lukuuseke\u201c \u2013 24 t\u00fckki -\" \/>\n<meta property=\"og:description\" content=\"Pusle \u201eV\u00f5lukuuseke\u201c \u2013 24 t\u00fckki - CLEVER KIDS\" \/>\n<meta property=\"og:url\" content=\"https:\/\/cleverkids.ee\/et\/product\/pusle-volukuuseke-24-tukki\/\" \/>\n<meta property=\"og:site_name\" content=\"CLEVER KIDS\" \/>\n<meta property=\"article:publisher\" content=\"https:\/\/www.facebook.com\/cleverkids.ee\/\" \/>\n<meta property=\"article:modified_time\" content=\"2026-01-12T12:42:40+00:00\" \/>\n<meta property=\"og:image\" content=\"https:\/\/cleverkids.ee\/wp-content\/uploads\/2024\/11\/1600-26-13.jpg\" \/>\n\t<meta property=\"og:image:width\" content=\"1600\" \/>\n\t<meta property=\"og:image:height\" content=\"1600\" \/>\n\t<meta property=\"og:image:type\" content=\"image\/jpeg\" \/>\n<meta name=\"twitter:card\" content=\"summary_large_image\" \/>\n<meta name=\"twitter:label1\" content=\"Est. reading time\" \/>\n\t<meta name=\"twitter:data1\" content=\"1 minut\" \/>\n<script type=\"application\/ld+json\" class=\"yoast-schema-graph\">{\"@context\":\"https:\/\/schema.org\",\"@graph\":[{\"@type\":\"WebPage\",\"@id\":\"https:\/\/cleverkids.ee\/et\/product\/pusle-volukuuseke-24-tukki\/\",\"url\":\"https:\/\/cleverkids.ee\/et\/product\/pusle-volukuuseke-24-tukki\/\",\"name\":\"Pusle \u201eV\u00f5lukuuseke\u201c \u2013 24 t\u00fckki -\",\"isPartOf\":{\"@id\":\"https:\/\/cleverkids.ee\/et\/#website\"},\"primaryImageOfPage\":{\"@id\":\"https:\/\/cleverkids.ee\/et\/product\/pusle-volukuuseke-24-tukki\/#primaryimage\"},\"image\":{\"@id\":\"https:\/\/cleverkids.ee\/et\/product\/pusle-volukuuseke-24-tukki\/#primaryimage\"},\"thumbnailUrl\":\"https:\/\/cleverkids.ee\/wp-content\/uploads\/2024\/11\/1600-26-13.jpg\",\"datePublished\":\"2025-10-28T04:03:04+00:00\",\"dateModified\":\"2026-01-12T12:42:40+00:00\",\"description\":\"Pusle \u201eV\u00f5lukuuseke\u201c \u2013 24 t\u00fckki - CLEVER KIDS\",\"breadcrumb\":{\"@id\":\"https:\/\/cleverkids.ee\/et\/product\/pusle-volukuuseke-24-tukki\/#breadcrumb\"},\"inLanguage\":\"et\",\"potentialAction\":[{\"@type\":\"ReadAction\",\"target\":[\"https:\/\/cleverkids.ee\/et\/product\/pusle-volukuuseke-24-tukki\/\"]}]},{\"@type\":\"ImageObject\",\"inLanguage\":\"et\",\"@id\":\"https:\/\/cleverkids.ee\/et\/product\/pusle-volukuuseke-24-tukki\/#primaryimage\",\"url\":\"https:\/\/cleverkids.ee\/wp-content\/uploads\/2024\/11\/1600-26-13.jpg\",\"contentUrl\":\"https:\/\/cleverkids.ee\/wp-content\/uploads\/2024\/11\/1600-26-13.jpg\",\"width\":1600,\"height\":1600,\"caption\":\"\u041f\u0430\u0437\u043b \u00ab\u0412\u043e\u043b\u0448\u0435\u0431\u043d\u0430\u044f \u0451\u043b\u043e\u0447\u043a\u0430\u00bb\"},{\"@type\":\"BreadcrumbList\",\"@id\":\"https:\/\/cleverkids.ee\/et\/product\/pusle-volukuuseke-24-tukki\/#breadcrumb\",\"itemListElement\":[{\"@type\":\"ListItem\",\"position\":1,\"name\":\"Esileht\",\"item\":\"https:\/\/cleverkids.ee\/et\/\"},{\"@type\":\"ListItem\",\"position\":2,\"name\":\"Tooted\",\"item\":\"https:\/\/cleverkids.ee\/store\/\"},{\"@type\":\"ListItem\",\"position\":3,\"name\":\"Pusle \u201eV\u00f5lukuuseke\u201c \u2013 24 t\u00fckki\"}]},{\"@type\":\"WebSite\",\"@id\":\"https:\/\/cleverkids.ee\/et\/#website\",\"url\":\"https:\/\/cleverkids.ee\/et\/\",\"name\":\"CLEVER KIDS\",\"description\":\"\",\"publisher\":{\"@id\":\"https:\/\/cleverkids.ee\/et\/#organization\"},\"potentialAction\":[{\"@type\":\"SearchAction\",\"target\":{\"@type\":\"EntryPoint\",\"urlTemplate\":\"https:\/\/cleverkids.ee\/et\/?s={search_term_string}\"},\"query-input\":{\"@type\":\"PropertyValueSpecification\",\"valueRequired\":true,\"valueName\":\"search_term_string\"}}],\"inLanguage\":\"et\"},{\"@type\":\"Organization\",\"@id\":\"https:\/\/cleverkids.ee\/et\/#organization\",\"name\":\"CLEVER KIDS\",\"url\":\"https:\/\/cleverkids.ee\/et\/\",\"logo\":{\"@type\":\"ImageObject\",\"inLanguage\":\"et\",\"@id\":\"https:\/\/cleverkids.ee\/et\/#\/schema\/logo\/image\/\",\"url\":\"https:\/\/cleverkids.ee\/wp-content\/uploads\/2024\/02\/image0-1024x1024.png\",\"contentUrl\":\"https:\/\/cleverkids.ee\/wp-content\/uploads\/2024\/02\/image0-1024x1024.png\",\"width\":1024,\"height\":1024,\"caption\":\"CLEVER KIDS\"},\"image\":{\"@id\":\"https:\/\/cleverkids.ee\/et\/#\/schema\/logo\/image\/\"},\"sameAs\":[\"https:\/\/www.facebook.com\/cleverkids.ee\/\",\"https:\/\/www.instagram.com\/cleverkids_ee\/\"]}]}<\/script>\n<!-- \/ Yoast SEO plugin. -->","yoast_head_json":{"title":"Pusle \u201eV\u00f5lukuuseke\u201c \u2013 24 t\u00fckki -","description":"Pusle \u201eV\u00f5lukuuseke\u201c \u2013 24 t\u00fckki - CLEVER KIDS","robots":{"index":"index","follow":"follow","max-snippet":"max-snippet:-1","max-image-preview":"max-image-preview:large","max-video-preview":"max-video-preview:-1"},"canonical":"https:\/\/cleverkids.ee\/et\/product\/pusle-volukuuseke-24-tukki\/","og_locale":"et_EE","og_type":"article","og_title":"Pusle \u201eV\u00f5lukuuseke\u201c \u2013 24 t\u00fckki -","og_description":"Pusle \u201eV\u00f5lukuuseke\u201c \u2013 24 t\u00fckki - CLEVER KIDS","og_url":"https:\/\/cleverkids.ee\/et\/product\/pusle-volukuuseke-24-tukki\/","og_site_name":"CLEVER KIDS","article_publisher":"https:\/\/www.facebook.com\/cleverkids.ee\/","article_modified_time":"2026-01-12T12:42:40+00:00","og_image":[{"width":1600,"height":1600,"url":"https:\/\/cleverkids.ee\/wp-content\/uploads\/2024\/11\/1600-26-13.jpg","type":"image\/jpeg"}],"twitter_card":"summary_large_image","twitter_misc":{"Est. reading time":"1 minut"},"schema":{"@context":"https:\/\/schema.org","@graph":[{"@type":"WebPage","@id":"https:\/\/cleverkids.ee\/et\/product\/pusle-volukuuseke-24-tukki\/","url":"https:\/\/cleverkids.ee\/et\/product\/pusle-volukuuseke-24-tukki\/","name":"Pusle \u201eV\u00f5lukuuseke\u201c \u2013 24 t\u00fckki -","isPartOf":{"@id":"https:\/\/cleverkids.ee\/et\/#website"},"primaryImageOfPage":{"@id":"https:\/\/cleverkids.ee\/et\/product\/pusle-volukuuseke-24-tukki\/#primaryimage"},"image":{"@id":"https:\/\/cleverkids.ee\/et\/product\/pusle-volukuuseke-24-tukki\/#primaryimage"},"thumbnailUrl":"https:\/\/cleverkids.ee\/wp-content\/uploads\/2024\/11\/1600-26-13.jpg","datePublished":"2025-10-28T04:03:04+00:00","dateModified":"2026-01-12T12:42:40+00:00","description":"Pusle \u201eV\u00f5lukuuseke\u201c \u2013 24 t\u00fckki - CLEVER KIDS","breadcrumb":{"@id":"https:\/\/cleverkids.ee\/et\/product\/pusle-volukuuseke-24-tukki\/#breadcrumb"},"inLanguage":"et","potentialAction":[{"@type":"ReadAction","target":["https:\/\/cleverkids.ee\/et\/product\/pusle-volukuuseke-24-tukki\/"]}]},{"@type":"ImageObject","inLanguage":"et","@id":"https:\/\/cleverkids.ee\/et\/product\/pusle-volukuuseke-24-tukki\/#primaryimage","url":"https:\/\/cleverkids.ee\/wp-content\/uploads\/2024\/11\/1600-26-13.jpg","contentUrl":"https:\/\/cleverkids.ee\/wp-content\/uploads\/2024\/11\/1600-26-13.jpg","width":1600,"height":1600,"caption":"\u041f\u0430\u0437\u043b \u00ab\u0412\u043e\u043b\u0448\u0435\u0431\u043d\u0430\u044f \u0451\u043b\u043e\u0447\u043a\u0430\u00bb"},{"@type":"BreadcrumbList","@id":"https:\/\/cleverkids.ee\/et\/product\/pusle-volukuuseke-24-tukki\/#breadcrumb","itemListElement":[{"@type":"ListItem","position":1,"name":"Esileht","item":"https:\/\/cleverkids.ee\/et\/"},{"@type":"ListItem","position":2,"name":"Tooted","item":"https:\/\/cleverkids.ee\/store\/"},{"@type":"ListItem","position":3,"name":"Pusle \u201eV\u00f5lukuuseke\u201c \u2013 24 t\u00fckki"}]},{"@type":"WebSite","@id":"https:\/\/cleverkids.ee\/et\/#website","url":"https:\/\/cleverkids.ee\/et\/","name":"CLEVER KIDS","description":"","publisher":{"@id":"https:\/\/cleverkids.ee\/et\/#organization"},"potentialAction":[{"@type":"SearchAction","target":{"@type":"EntryPoint","urlTemplate":"https:\/\/cleverkids.ee\/et\/?s={search_term_string}"},"query-input":{"@type":"PropertyValueSpecification","valueRequired":true,"valueName":"search_term_string"}}],"inLanguage":"et"},{"@type":"Organization","@id":"https:\/\/cleverkids.ee\/et\/#organization","name":"CLEVER KIDS","url":"https:\/\/cleverkids.ee\/et\/","logo":{"@type":"ImageObject","inLanguage":"et","@id":"https:\/\/cleverkids.ee\/et\/#\/schema\/logo\/image\/","url":"https:\/\/cleverkids.ee\/wp-content\/uploads\/2024\/02\/image0-1024x1024.png","contentUrl":"https:\/\/cleverkids.ee\/wp-content\/uploads\/2024\/02\/image0-1024x1024.png","width":1024,"height":1024,"caption":"CLEVER KIDS"},"image":{"@id":"https:\/\/cleverkids.ee\/et\/#\/schema\/logo\/image\/"},"sameAs":["https:\/\/www.facebook.com\/cleverkids.ee\/","https:\/\/www.instagram.com\/cleverkids_ee\/"]}]}},"_links":{"self":[{"href":"https:\/\/cleverkids.ee\/et\/wp-json\/wp\/v2\/product\/76032","targetHints":{"allow":["GET"]}}],"collection":[{"href":"https:\/\/cleverkids.ee\/et\/wp-json\/wp\/v2\/product"}],"about":[{"href":"https:\/\/cleverkids.ee\/et\/wp-json\/wp\/v2\/types\/product"}],"wp:featuredmedia":[{"embeddable":true,"href":"https:\/\/cleverkids.ee\/et\/wp-json\/wp\/v2\/media\/74504"}],"wp:attachment":[{"href":"https:\/\/cleverkids.ee\/et\/wp-json\/wp\/v2\/media?parent=76032"}],"wp:term":[{"taxonomy":"product_brand","embeddable":true,"href":"https:\/\/cleverkids.ee\/et\/wp-json\/wp\/v2\/product_brand?post=76032"},{"taxonomy":"product_cat","embeddable":true,"href":"https:\/\/cleverkids.ee\/et\/wp-json\/wp\/v2\/product_cat?post=76032"},{"taxonomy":"product_tag","embeddable":true,"href":"https:\/\/cleverkids.ee\/et\/wp-json\/wp\/v2\/product_tag?post=76032"}],"curies":[{"name":"wp","href":"https:\/\/api.w.org\/{rel}","templated":true}]}}