{"id":76099,"date":"2026-02-02T12:25:28","date_gmt":"2026-02-02T10:25:28","guid":{"rendered":"https:\/\/cleverkids.ee\/\u041f\u0440\u043e\u0434\u0443\u043a\u0442\/mnogorazovaya-tetrad-na-estonskom-bukvy-i-tsifry\/"},"modified":"2026-02-02T12:27:19","modified_gmt":"2026-02-02T10:27:19","slug":"kirjatehnika-vihik-tahed-ja-numbrid-kirjuta-ja-kustuta","status":"publish","type":"product","link":"https:\/\/cleverkids.ee\/et\/product\/kirjatehnika-vihik-tahed-ja-numbrid-kirjuta-ja-kustuta\/","title":{"rendered":"Kirjatehnika vihik \u201eT\u00e4hed ja numbrid\u201c \u2013 kirjuta ja kustuta"},"content":{"rendered":"<p data-start=\"210\" data-end=\"509\">See kaks-\u00fches t\u00f6\u00f6vihik on loodud spetsiaalselt lastele alates 3. eluaastast, et harjutada nii eesti t\u00e4hestikku kui ka numbreid l\u00f5busal ja m\u00e4ngulisel viisil.<br data-start=\"366\" data-end=\"369\" \/>T\u00e4nu plastkattega lehtedele saab vihikusse kirjutada veep\u00f5hise markeriga, seej\u00e4rel kustutada ja uuesti harjutada \u2013 nii palju kordi kui vaja!<\/p>\n<p data-start=\"511\" data-end=\"1027\"><strong data-start=\"511\" data-end=\"538\">Vihiku sisu ja eelised:<\/strong><br data-start=\"538\" data-end=\"541\" \/>\u2022 T\u00e4hed ja numbrid on esitatud eraldi lehtedel, lihtsas ja loogilises j\u00e4rjestuses.<br data-start=\"623\" data-end=\"626\" \/>\u2022 Iga t\u00e4he ja numbri juurde kuuluvad v\u00e4rvilised pildid ja illustratsioonid, mis teevad \u00f5ppimise arusaadavaks ja meeldej\u00e4\u00e4vaks.<br data-start=\"752\" data-end=\"755\" \/>\u2022 Punktiirjooned aitavad arendada kirjutamisoskust ja k\u00e4elist t\u00e4psust.<br data-start=\"825\" data-end=\"828\" \/>\u2022 Harjutused toetavad lugema ja arvutama \u00f5ppimist, treenides peenmotoorikat, t\u00e4helepanu ja keskendumisv\u00f5imet.<br data-start=\"937\" data-end=\"940\" \/>\u2022 Komplektis on sobiv marker, kuid kasutada v\u00f5ib ka \u00fcksk\u00f5ik millist veep\u00f5hist markerit.<\/p>\n","protected":false},"excerpt":{"rendered":"<p>See kaks-\u00fches t\u00f6\u00f6vihik on loodud spetsiaalselt lastele alates 3. eluaastast, et harjutada nii eesti t\u00e4hestikku kui ka numbreid l\u00f5busal ja m\u00e4ngulisel viisil.T\u00e4nu plastkattega lehtedele saab vihikusse kirjutada veep\u00f5hise markeriga, seej\u00e4rel kustutada ja uuesti harjutada \u2013 nii palju kordi kui vaja! Vihiku sisu ja eelised:\u2022 T\u00e4hed ja numbrid on esitatud eraldi lehtedel, lihtsas ja loogilises j\u00e4rjestuses.\u2022 [&hellip;]<\/p>\n","protected":false},"featured_media":76084,"template":"","meta":{"_monsterinsights_skip_tracking":false,"_monsterinsights_sitenote_active":false,"_monsterinsights_sitenote_note":"","_monsterinsights_sitenote_category":0},"product_brand":[],"product_cat":[51],"product_tag":[],"class_list":{"0":"post-76099","1":"product","2":"type-product","3":"status-publish","4":"has-post-thumbnail","6":"product_cat-arendavad-vihikud-vene-keeles","7":"pa_vozrast-ot-3-do-5-let-et","9":"first","10":"instock","11":"shipping-taxable","12":"purchasable","13":"product-type-simple"},"yoast_head":"<!-- This site is optimized with the Yoast SEO plugin v25.0 - https:\/\/yoast.com\/wordpress\/plugins\/seo\/ -->\n<title>Kirjatehnika vihik \u201eT\u00e4hed ja numbrid\u201c \u2013 kirjuta ja kustuta -<\/title>\n<meta name=\"description\" content=\"Kirjatehnika vihik \u201eT\u00e4hed ja numbrid\u201c \u2013 kirjuta ja kustuta - CLEVER KIDS\" \/>\n<meta name=\"robots\" content=\"index, follow, max-snippet:-1, max-image-preview:large, max-video-preview:-1\" \/>\n<link rel=\"canonical\" href=\"https:\/\/cleverkids.ee\/et\/product\/kirjatehnika-vihik-tahed-ja-numbrid-kirjuta-ja-kustuta\/\" \/>\n<meta property=\"og:locale\" content=\"et_EE\" \/>\n<meta property=\"og:type\" content=\"article\" \/>\n<meta property=\"og:title\" content=\"Kirjatehnika vihik \u201eT\u00e4hed ja numbrid\u201c \u2013 kirjuta ja kustuta -\" \/>\n<meta property=\"og:description\" content=\"Kirjatehnika vihik \u201eT\u00e4hed ja numbrid\u201c \u2013 kirjuta ja kustuta - CLEVER KIDS\" \/>\n<meta property=\"og:url\" content=\"https:\/\/cleverkids.ee\/et\/product\/kirjatehnika-vihik-tahed-ja-numbrid-kirjuta-ja-kustuta\/\" \/>\n<meta property=\"og:site_name\" content=\"CLEVER KIDS\" \/>\n<meta property=\"article:publisher\" content=\"https:\/\/www.facebook.com\/cleverkids.ee\/\" \/>\n<meta property=\"article:modified_time\" content=\"2026-02-02T10:27:19+00:00\" \/>\n<meta property=\"og:image\" content=\"https:\/\/cleverkids.ee\/wp-content\/uploads\/2026\/02\/IMG_5467.jpg\" \/>\n\t<meta property=\"og:image:width\" content=\"554\" \/>\n\t<meta property=\"og:image:height\" content=\"640\" \/>\n\t<meta property=\"og:image:type\" content=\"image\/jpeg\" \/>\n<meta name=\"twitter:card\" content=\"summary_large_image\" \/>\n<meta name=\"twitter:label1\" content=\"Est. reading time\" \/>\n\t<meta name=\"twitter:data1\" content=\"1 minut\" \/>\n<script type=\"application\/ld+json\" class=\"yoast-schema-graph\">{\"@context\":\"https:\/\/schema.org\",\"@graph\":[{\"@type\":\"WebPage\",\"@id\":\"https:\/\/cleverkids.ee\/et\/product\/kirjatehnika-vihik-tahed-ja-numbrid-kirjuta-ja-kustuta\/\",\"url\":\"https:\/\/cleverkids.ee\/et\/product\/kirjatehnika-vihik-tahed-ja-numbrid-kirjuta-ja-kustuta\/\",\"name\":\"Kirjatehnika vihik \u201eT\u00e4hed ja numbrid\u201c \u2013 kirjuta ja kustuta -\",\"isPartOf\":{\"@id\":\"https:\/\/cleverkids.ee\/et\/#website\"},\"primaryImageOfPage\":{\"@id\":\"https:\/\/cleverkids.ee\/et\/product\/kirjatehnika-vihik-tahed-ja-numbrid-kirjuta-ja-kustuta\/#primaryimage\"},\"image\":{\"@id\":\"https:\/\/cleverkids.ee\/et\/product\/kirjatehnika-vihik-tahed-ja-numbrid-kirjuta-ja-kustuta\/#primaryimage\"},\"thumbnailUrl\":\"https:\/\/cleverkids.ee\/wp-content\/uploads\/2026\/02\/IMG_5467.jpg\",\"datePublished\":\"2026-02-02T10:25:28+00:00\",\"dateModified\":\"2026-02-02T10:27:19+00:00\",\"description\":\"Kirjatehnika vihik \u201eT\u00e4hed ja numbrid\u201c \u2013 kirjuta ja kustuta - CLEVER KIDS\",\"breadcrumb\":{\"@id\":\"https:\/\/cleverkids.ee\/et\/product\/kirjatehnika-vihik-tahed-ja-numbrid-kirjuta-ja-kustuta\/#breadcrumb\"},\"inLanguage\":\"et\",\"potentialAction\":[{\"@type\":\"ReadAction\",\"target\":[\"https:\/\/cleverkids.ee\/et\/product\/kirjatehnika-vihik-tahed-ja-numbrid-kirjuta-ja-kustuta\/\"]}]},{\"@type\":\"ImageObject\",\"inLanguage\":\"et\",\"@id\":\"https:\/\/cleverkids.ee\/et\/product\/kirjatehnika-vihik-tahed-ja-numbrid-kirjuta-ja-kustuta\/#primaryimage\",\"url\":\"https:\/\/cleverkids.ee\/wp-content\/uploads\/2026\/02\/IMG_5467.jpg\",\"contentUrl\":\"https:\/\/cleverkids.ee\/wp-content\/uploads\/2026\/02\/IMG_5467.jpg\",\"width\":554,\"height\":640,\"caption\":\"\u041c\u043d\u043e\u0433\u043e\u0440\u0430\u0437\u043e\u0432\u0430\u044f \u0442\u0435\u0442\u0440\u0430\u0434\u044c \u043d\u0430 \u044d\u0441\u0442\u043e\u043d\u0441\u043a\u043e\u043c \u00ab\u0411\u0443\u043a\u0432\u044b \u0438 \u0446\u0438\u0444\u0440\u044b\u00bb\"},{\"@type\":\"BreadcrumbList\",\"@id\":\"https:\/\/cleverkids.ee\/et\/product\/kirjatehnika-vihik-tahed-ja-numbrid-kirjuta-ja-kustuta\/#breadcrumb\",\"itemListElement\":[{\"@type\":\"ListItem\",\"position\":1,\"name\":\"Esileht\",\"item\":\"https:\/\/cleverkids.ee\/et\/\"},{\"@type\":\"ListItem\",\"position\":2,\"name\":\"Tooted\",\"item\":\"https:\/\/cleverkids.ee\/store\/\"},{\"@type\":\"ListItem\",\"position\":3,\"name\":\"Kirjatehnika vihik \u201eT\u00e4hed ja numbrid\u201c \u2013 kirjuta ja kustuta\"}]},{\"@type\":\"WebSite\",\"@id\":\"https:\/\/cleverkids.ee\/et\/#website\",\"url\":\"https:\/\/cleverkids.ee\/et\/\",\"name\":\"CLEVER KIDS\",\"description\":\"\",\"publisher\":{\"@id\":\"https:\/\/cleverkids.ee\/et\/#organization\"},\"potentialAction\":[{\"@type\":\"SearchAction\",\"target\":{\"@type\":\"EntryPoint\",\"urlTemplate\":\"https:\/\/cleverkids.ee\/et\/?s={search_term_string}\"},\"query-input\":{\"@type\":\"PropertyValueSpecification\",\"valueRequired\":true,\"valueName\":\"search_term_string\"}}],\"inLanguage\":\"et\"},{\"@type\":\"Organization\",\"@id\":\"https:\/\/cleverkids.ee\/et\/#organization\",\"name\":\"CLEVER KIDS\",\"url\":\"https:\/\/cleverkids.ee\/et\/\",\"logo\":{\"@type\":\"ImageObject\",\"inLanguage\":\"et\",\"@id\":\"https:\/\/cleverkids.ee\/et\/#\/schema\/logo\/image\/\",\"url\":\"https:\/\/cleverkids.ee\/wp-content\/uploads\/2024\/02\/image0-1024x1024.png\",\"contentUrl\":\"https:\/\/cleverkids.ee\/wp-content\/uploads\/2024\/02\/image0-1024x1024.png\",\"width\":1024,\"height\":1024,\"caption\":\"CLEVER KIDS\"},\"image\":{\"@id\":\"https:\/\/cleverkids.ee\/et\/#\/schema\/logo\/image\/\"},\"sameAs\":[\"https:\/\/www.facebook.com\/cleverkids.ee\/\",\"https:\/\/www.instagram.com\/cleverkids_ee\/\"]}]}<\/script>\n<!-- \/ Yoast SEO plugin. -->","yoast_head_json":{"title":"Kirjatehnika vihik \u201eT\u00e4hed ja numbrid\u201c \u2013 kirjuta ja kustuta -","description":"Kirjatehnika vihik \u201eT\u00e4hed ja numbrid\u201c \u2013 kirjuta ja kustuta - CLEVER KIDS","robots":{"index":"index","follow":"follow","max-snippet":"max-snippet:-1","max-image-preview":"max-image-preview:large","max-video-preview":"max-video-preview:-1"},"canonical":"https:\/\/cleverkids.ee\/et\/product\/kirjatehnika-vihik-tahed-ja-numbrid-kirjuta-ja-kustuta\/","og_locale":"et_EE","og_type":"article","og_title":"Kirjatehnika vihik \u201eT\u00e4hed ja numbrid\u201c \u2013 kirjuta ja kustuta -","og_description":"Kirjatehnika vihik \u201eT\u00e4hed ja numbrid\u201c \u2013 kirjuta ja kustuta - CLEVER KIDS","og_url":"https:\/\/cleverkids.ee\/et\/product\/kirjatehnika-vihik-tahed-ja-numbrid-kirjuta-ja-kustuta\/","og_site_name":"CLEVER KIDS","article_publisher":"https:\/\/www.facebook.com\/cleverkids.ee\/","article_modified_time":"2026-02-02T10:27:19+00:00","og_image":[{"width":554,"height":640,"url":"https:\/\/cleverkids.ee\/wp-content\/uploads\/2026\/02\/IMG_5467.jpg","type":"image\/jpeg"}],"twitter_card":"summary_large_image","twitter_misc":{"Est. reading time":"1 minut"},"schema":{"@context":"https:\/\/schema.org","@graph":[{"@type":"WebPage","@id":"https:\/\/cleverkids.ee\/et\/product\/kirjatehnika-vihik-tahed-ja-numbrid-kirjuta-ja-kustuta\/","url":"https:\/\/cleverkids.ee\/et\/product\/kirjatehnika-vihik-tahed-ja-numbrid-kirjuta-ja-kustuta\/","name":"Kirjatehnika vihik \u201eT\u00e4hed ja numbrid\u201c \u2013 kirjuta ja kustuta -","isPartOf":{"@id":"https:\/\/cleverkids.ee\/et\/#website"},"primaryImageOfPage":{"@id":"https:\/\/cleverkids.ee\/et\/product\/kirjatehnika-vihik-tahed-ja-numbrid-kirjuta-ja-kustuta\/#primaryimage"},"image":{"@id":"https:\/\/cleverkids.ee\/et\/product\/kirjatehnika-vihik-tahed-ja-numbrid-kirjuta-ja-kustuta\/#primaryimage"},"thumbnailUrl":"https:\/\/cleverkids.ee\/wp-content\/uploads\/2026\/02\/IMG_5467.jpg","datePublished":"2026-02-02T10:25:28+00:00","dateModified":"2026-02-02T10:27:19+00:00","description":"Kirjatehnika vihik \u201eT\u00e4hed ja numbrid\u201c \u2013 kirjuta ja kustuta - CLEVER KIDS","breadcrumb":{"@id":"https:\/\/cleverkids.ee\/et\/product\/kirjatehnika-vihik-tahed-ja-numbrid-kirjuta-ja-kustuta\/#breadcrumb"},"inLanguage":"et","potentialAction":[{"@type":"ReadAction","target":["https:\/\/cleverkids.ee\/et\/product\/kirjatehnika-vihik-tahed-ja-numbrid-kirjuta-ja-kustuta\/"]}]},{"@type":"ImageObject","inLanguage":"et","@id":"https:\/\/cleverkids.ee\/et\/product\/kirjatehnika-vihik-tahed-ja-numbrid-kirjuta-ja-kustuta\/#primaryimage","url":"https:\/\/cleverkids.ee\/wp-content\/uploads\/2026\/02\/IMG_5467.jpg","contentUrl":"https:\/\/cleverkids.ee\/wp-content\/uploads\/2026\/02\/IMG_5467.jpg","width":554,"height":640,"caption":"\u041c\u043d\u043e\u0433\u043e\u0440\u0430\u0437\u043e\u0432\u0430\u044f \u0442\u0435\u0442\u0440\u0430\u0434\u044c \u043d\u0430 \u044d\u0441\u0442\u043e\u043d\u0441\u043a\u043e\u043c \u00ab\u0411\u0443\u043a\u0432\u044b \u0438 \u0446\u0438\u0444\u0440\u044b\u00bb"},{"@type":"BreadcrumbList","@id":"https:\/\/cleverkids.ee\/et\/product\/kirjatehnika-vihik-tahed-ja-numbrid-kirjuta-ja-kustuta\/#breadcrumb","itemListElement":[{"@type":"ListItem","position":1,"name":"Esileht","item":"https:\/\/cleverkids.ee\/et\/"},{"@type":"ListItem","position":2,"name":"Tooted","item":"https:\/\/cleverkids.ee\/store\/"},{"@type":"ListItem","position":3,"name":"Kirjatehnika vihik \u201eT\u00e4hed ja numbrid\u201c \u2013 kirjuta ja kustuta"}]},{"@type":"WebSite","@id":"https:\/\/cleverkids.ee\/et\/#website","url":"https:\/\/cleverkids.ee\/et\/","name":"CLEVER KIDS","description":"","publisher":{"@id":"https:\/\/cleverkids.ee\/et\/#organization"},"potentialAction":[{"@type":"SearchAction","target":{"@type":"EntryPoint","urlTemplate":"https:\/\/cleverkids.ee\/et\/?s={search_term_string}"},"query-input":{"@type":"PropertyValueSpecification","valueRequired":true,"valueName":"search_term_string"}}],"inLanguage":"et"},{"@type":"Organization","@id":"https:\/\/cleverkids.ee\/et\/#organization","name":"CLEVER KIDS","url":"https:\/\/cleverkids.ee\/et\/","logo":{"@type":"ImageObject","inLanguage":"et","@id":"https:\/\/cleverkids.ee\/et\/#\/schema\/logo\/image\/","url":"https:\/\/cleverkids.ee\/wp-content\/uploads\/2024\/02\/image0-1024x1024.png","contentUrl":"https:\/\/cleverkids.ee\/wp-content\/uploads\/2024\/02\/image0-1024x1024.png","width":1024,"height":1024,"caption":"CLEVER KIDS"},"image":{"@id":"https:\/\/cleverkids.ee\/et\/#\/schema\/logo\/image\/"},"sameAs":["https:\/\/www.facebook.com\/cleverkids.ee\/","https:\/\/www.instagram.com\/cleverkids_ee\/"]}]}},"_links":{"self":[{"href":"https:\/\/cleverkids.ee\/et\/wp-json\/wp\/v2\/product\/76099","targetHints":{"allow":["GET"]}}],"collection":[{"href":"https:\/\/cleverkids.ee\/et\/wp-json\/wp\/v2\/product"}],"about":[{"href":"https:\/\/cleverkids.ee\/et\/wp-json\/wp\/v2\/types\/product"}],"wp:featuredmedia":[{"embeddable":true,"href":"https:\/\/cleverkids.ee\/et\/wp-json\/wp\/v2\/media\/76084"}],"wp:attachment":[{"href":"https:\/\/cleverkids.ee\/et\/wp-json\/wp\/v2\/media?parent=76099"}],"wp:term":[{"taxonomy":"product_brand","embeddable":true,"href":"https:\/\/cleverkids.ee\/et\/wp-json\/wp\/v2\/product_brand?post=76099"},{"taxonomy":"product_cat","embeddable":true,"href":"https:\/\/cleverkids.ee\/et\/wp-json\/wp\/v2\/product_cat?post=76099"},{"taxonomy":"product_tag","embeddable":true,"href":"https:\/\/cleverkids.ee\/et\/wp-json\/wp\/v2\/product_tag?post=76099"}],"curies":[{"name":"wp","href":"https:\/\/api.w.org\/{rel}","templated":true}]}}