{"id":76108,"date":"2026-02-02T18:12:32","date_gmt":"2026-02-02T16:12:32","guid":{"rendered":"https:\/\/cleverkids.ee\/\u041f\u0440\u043e\u0434\u0443\u043a\u0442\/propisi-6-7-let-nabor-6-sht-po-20-str\/"},"modified":"2026-02-02T18:14:13","modified_gmt":"2026-02-02T16:14:13","slug":"kooliks-ettevalmistav-toovihikute-komplekt-6-vihikut-igauhes-20-lk","status":"publish","type":"product","link":"https:\/\/cleverkids.ee\/et\/product\/kooliks-ettevalmistav-toovihikute-komplekt-6-vihikut-igauhes-20-lk\/","title":{"rendered":"Kooliks ettevalmistav t\u00f6\u00f6vihikute komplekt \u2013 6 vihikut, iga\u00fches 20 lk"},"content":{"rendered":"<p data-start=\"182\" data-end=\"402\">L\u00f5bus ja arendav komplekt lastele, kes \u00f5pivad kirjutamist, loendamist ja loogilist m\u00f5tlemist.<br data-start=\"275\" data-end=\"278\" \/>Kuues t\u00f6\u00f6vihikus ootavad last erinevad teemad: t\u00e4hed, numbrid, ruudustikud, mustrid, v\u00e4rvimis\u00fclesanded ja loogikaharjutused.<\/p>\n<p data-start=\"404\" data-end=\"704\">Suurte kujundite ja paksude kontuuridega \u00fclesandeid on mugav j\u00e4ljendada ja v\u00e4rvida. Harjutused aitavad arendada peenmotoorikat, t\u00e4helepanu ning liigutuste koordineerimist.<br data-start=\"575\" data-end=\"578\" \/>Pehme kaas ja kompaktne formaat teevad komplekti sobivaks nii koduseks kasutamiseks, lasteaeda kui ka reisile kaasa v\u00f5tmiseks.<\/p>\n<p data-start=\"706\" data-end=\"853\" data-is-last-node=\"\" data-is-only-node=\"\">Sobib iseseisvaks \u00f5ppimiseks v\u00f5i koos vanemaga harjutamiseks. Suurep\u00e4rane valik kooliks valmistumiseks ja oluliste oskuste omandamiseks l\u00e4bi m\u00e4ngu.<\/p>\n<p>Suurus 21 \u0445 15sm<\/p>\n","protected":false},"excerpt":{"rendered":"<p>L\u00f5bus ja arendav komplekt lastele, kes \u00f5pivad kirjutamist, loendamist ja loogilist m\u00f5tlemist.Kuues t\u00f6\u00f6vihikus ootavad last erinevad teemad: t\u00e4hed, numbrid, ruudustikud, mustrid, v\u00e4rvimis\u00fclesanded ja loogikaharjutused. Suurte kujundite ja paksude kontuuridega \u00fclesandeid on mugav j\u00e4ljendada ja v\u00e4rvida. Harjutused aitavad arendada peenmotoorikat, t\u00e4helepanu ning liigutuste koordineerimist.Pehme kaas ja kompaktne formaat teevad komplekti sobivaks nii koduseks kasutamiseks, lasteaeda kui [&hellip;]<\/p>\n","protected":false},"featured_media":76103,"template":"","meta":{"_monsterinsights_skip_tracking":false,"_monsterinsights_sitenote_active":false,"_monsterinsights_sitenote_note":"","_monsterinsights_sitenote_category":0},"product_brand":[],"product_cat":[51,58],"product_tag":[],"class_list":{"0":"post-76108","1":"product","2":"type-product","3":"status-publish","4":"has-post-thumbnail","6":"product_cat-arendavad-vihikud-vene-keeles","7":"product_cat-unkategorized","8":"pa_vozrast-ot-5-let-et","10":"first","11":"instock","12":"shipping-taxable","13":"purchasable","14":"product-type-simple"},"yoast_head":"<!-- This site is optimized with the Yoast SEO plugin v25.0 - https:\/\/yoast.com\/wordpress\/plugins\/seo\/ -->\n<title>Kooliks ettevalmistav t\u00f6\u00f6vihikute komplekt \u2013 6 vihikut, iga\u00fches 20 lk -<\/title>\n<meta name=\"description\" content=\"Kooliks ettevalmistav t\u00f6\u00f6vihikute komplekt \u2013 6 vihikut, iga\u00fches 20 lk - CLEVER KIDS\" \/>\n<meta name=\"robots\" content=\"index, follow, max-snippet:-1, max-image-preview:large, max-video-preview:-1\" \/>\n<link rel=\"canonical\" href=\"https:\/\/cleverkids.ee\/et\/product\/kooliks-ettevalmistav-toovihikute-komplekt-6-vihikut-igauhes-20-lk\/\" \/>\n<meta property=\"og:locale\" content=\"et_EE\" \/>\n<meta property=\"og:type\" content=\"article\" \/>\n<meta property=\"og:title\" content=\"Kooliks ettevalmistav t\u00f6\u00f6vihikute komplekt \u2013 6 vihikut, iga\u00fches 20 lk -\" \/>\n<meta property=\"og:description\" content=\"Kooliks ettevalmistav t\u00f6\u00f6vihikute komplekt \u2013 6 vihikut, iga\u00fches 20 lk - CLEVER KIDS\" \/>\n<meta property=\"og:url\" content=\"https:\/\/cleverkids.ee\/et\/product\/kooliks-ettevalmistav-toovihikute-komplekt-6-vihikut-igauhes-20-lk\/\" \/>\n<meta property=\"og:site_name\" content=\"CLEVER KIDS\" \/>\n<meta property=\"article:publisher\" content=\"https:\/\/www.facebook.com\/cleverkids.ee\/\" \/>\n<meta property=\"article:modified_time\" content=\"2026-02-02T16:14:13+00:00\" \/>\n<meta property=\"og:image\" content=\"https:\/\/cleverkids.ee\/wp-content\/uploads\/2026\/02\/6838995143.webp\" \/>\n\t<meta property=\"og:image:width\" content=\"1000\" \/>\n\t<meta property=\"og:image:height\" content=\"1000\" \/>\n\t<meta property=\"og:image:type\" content=\"image\/webp\" \/>\n<meta name=\"twitter:card\" content=\"summary_large_image\" \/>\n<meta name=\"twitter:label1\" content=\"Est. reading time\" \/>\n\t<meta name=\"twitter:data1\" content=\"1 minut\" \/>\n<script type=\"application\/ld+json\" class=\"yoast-schema-graph\">{\"@context\":\"https:\/\/schema.org\",\"@graph\":[{\"@type\":\"WebPage\",\"@id\":\"https:\/\/cleverkids.ee\/et\/product\/kooliks-ettevalmistav-toovihikute-komplekt-6-vihikut-igauhes-20-lk\/\",\"url\":\"https:\/\/cleverkids.ee\/et\/product\/kooliks-ettevalmistav-toovihikute-komplekt-6-vihikut-igauhes-20-lk\/\",\"name\":\"Kooliks ettevalmistav t\u00f6\u00f6vihikute komplekt \u2013 6 vihikut, iga\u00fches 20 lk -\",\"isPartOf\":{\"@id\":\"https:\/\/cleverkids.ee\/et\/#website\"},\"primaryImageOfPage\":{\"@id\":\"https:\/\/cleverkids.ee\/et\/product\/kooliks-ettevalmistav-toovihikute-komplekt-6-vihikut-igauhes-20-lk\/#primaryimage\"},\"image\":{\"@id\":\"https:\/\/cleverkids.ee\/et\/product\/kooliks-ettevalmistav-toovihikute-komplekt-6-vihikut-igauhes-20-lk\/#primaryimage\"},\"thumbnailUrl\":\"https:\/\/cleverkids.ee\/wp-content\/uploads\/2026\/02\/6838995143.webp\",\"datePublished\":\"2026-02-02T16:12:32+00:00\",\"dateModified\":\"2026-02-02T16:14:13+00:00\",\"description\":\"Kooliks ettevalmistav t\u00f6\u00f6vihikute komplekt \u2013 6 vihikut, iga\u00fches 20 lk - CLEVER KIDS\",\"breadcrumb\":{\"@id\":\"https:\/\/cleverkids.ee\/et\/product\/kooliks-ettevalmistav-toovihikute-komplekt-6-vihikut-igauhes-20-lk\/#breadcrumb\"},\"inLanguage\":\"et\",\"potentialAction\":[{\"@type\":\"ReadAction\",\"target\":[\"https:\/\/cleverkids.ee\/et\/product\/kooliks-ettevalmistav-toovihikute-komplekt-6-vihikut-igauhes-20-lk\/\"]}]},{\"@type\":\"ImageObject\",\"inLanguage\":\"et\",\"@id\":\"https:\/\/cleverkids.ee\/et\/product\/kooliks-ettevalmistav-toovihikute-komplekt-6-vihikut-igauhes-20-lk\/#primaryimage\",\"url\":\"https:\/\/cleverkids.ee\/wp-content\/uploads\/2026\/02\/6838995143.webp\",\"contentUrl\":\"https:\/\/cleverkids.ee\/wp-content\/uploads\/2026\/02\/6838995143.webp\",\"width\":1000,\"height\":1000,\"caption\":\"\u041f\u0440\u043e\u043f\u0438\u0441\u0438, 6-7 \u043b\u0435\u0442, \u043d\u0430\u0431\u043e\u0440 6 \u0448\u0442. \u043f\u043e 20 \u0441\u0442\u0440.\"},{\"@type\":\"BreadcrumbList\",\"@id\":\"https:\/\/cleverkids.ee\/et\/product\/kooliks-ettevalmistav-toovihikute-komplekt-6-vihikut-igauhes-20-lk\/#breadcrumb\",\"itemListElement\":[{\"@type\":\"ListItem\",\"position\":1,\"name\":\"Esileht\",\"item\":\"https:\/\/cleverkids.ee\/et\/\"},{\"@type\":\"ListItem\",\"position\":2,\"name\":\"Tooted\",\"item\":\"https:\/\/cleverkids.ee\/store\/\"},{\"@type\":\"ListItem\",\"position\":3,\"name\":\"Kooliks ettevalmistav t\u00f6\u00f6vihikute komplekt \u2013 6 vihikut, iga\u00fches 20 lk\"}]},{\"@type\":\"WebSite\",\"@id\":\"https:\/\/cleverkids.ee\/et\/#website\",\"url\":\"https:\/\/cleverkids.ee\/et\/\",\"name\":\"CLEVER KIDS\",\"description\":\"\",\"publisher\":{\"@id\":\"https:\/\/cleverkids.ee\/et\/#organization\"},\"potentialAction\":[{\"@type\":\"SearchAction\",\"target\":{\"@type\":\"EntryPoint\",\"urlTemplate\":\"https:\/\/cleverkids.ee\/et\/?s={search_term_string}\"},\"query-input\":{\"@type\":\"PropertyValueSpecification\",\"valueRequired\":true,\"valueName\":\"search_term_string\"}}],\"inLanguage\":\"et\"},{\"@type\":\"Organization\",\"@id\":\"https:\/\/cleverkids.ee\/et\/#organization\",\"name\":\"CLEVER KIDS\",\"url\":\"https:\/\/cleverkids.ee\/et\/\",\"logo\":{\"@type\":\"ImageObject\",\"inLanguage\":\"et\",\"@id\":\"https:\/\/cleverkids.ee\/et\/#\/schema\/logo\/image\/\",\"url\":\"https:\/\/cleverkids.ee\/wp-content\/uploads\/2024\/02\/image0-1024x1024.png\",\"contentUrl\":\"https:\/\/cleverkids.ee\/wp-content\/uploads\/2024\/02\/image0-1024x1024.png\",\"width\":1024,\"height\":1024,\"caption\":\"CLEVER KIDS\"},\"image\":{\"@id\":\"https:\/\/cleverkids.ee\/et\/#\/schema\/logo\/image\/\"},\"sameAs\":[\"https:\/\/www.facebook.com\/cleverkids.ee\/\",\"https:\/\/www.instagram.com\/cleverkids_ee\/\"]}]}<\/script>\n<!-- \/ Yoast SEO plugin. -->","yoast_head_json":{"title":"Kooliks ettevalmistav t\u00f6\u00f6vihikute komplekt \u2013 6 vihikut, iga\u00fches 20 lk -","description":"Kooliks ettevalmistav t\u00f6\u00f6vihikute komplekt \u2013 6 vihikut, iga\u00fches 20 lk - CLEVER KIDS","robots":{"index":"index","follow":"follow","max-snippet":"max-snippet:-1","max-image-preview":"max-image-preview:large","max-video-preview":"max-video-preview:-1"},"canonical":"https:\/\/cleverkids.ee\/et\/product\/kooliks-ettevalmistav-toovihikute-komplekt-6-vihikut-igauhes-20-lk\/","og_locale":"et_EE","og_type":"article","og_title":"Kooliks ettevalmistav t\u00f6\u00f6vihikute komplekt \u2013 6 vihikut, iga\u00fches 20 lk -","og_description":"Kooliks ettevalmistav t\u00f6\u00f6vihikute komplekt \u2013 6 vihikut, iga\u00fches 20 lk - CLEVER KIDS","og_url":"https:\/\/cleverkids.ee\/et\/product\/kooliks-ettevalmistav-toovihikute-komplekt-6-vihikut-igauhes-20-lk\/","og_site_name":"CLEVER KIDS","article_publisher":"https:\/\/www.facebook.com\/cleverkids.ee\/","article_modified_time":"2026-02-02T16:14:13+00:00","og_image":[{"width":1000,"height":1000,"url":"https:\/\/cleverkids.ee\/wp-content\/uploads\/2026\/02\/6838995143.webp","type":"image\/webp"}],"twitter_card":"summary_large_image","twitter_misc":{"Est. reading time":"1 minut"},"schema":{"@context":"https:\/\/schema.org","@graph":[{"@type":"WebPage","@id":"https:\/\/cleverkids.ee\/et\/product\/kooliks-ettevalmistav-toovihikute-komplekt-6-vihikut-igauhes-20-lk\/","url":"https:\/\/cleverkids.ee\/et\/product\/kooliks-ettevalmistav-toovihikute-komplekt-6-vihikut-igauhes-20-lk\/","name":"Kooliks ettevalmistav t\u00f6\u00f6vihikute komplekt \u2013 6 vihikut, iga\u00fches 20 lk -","isPartOf":{"@id":"https:\/\/cleverkids.ee\/et\/#website"},"primaryImageOfPage":{"@id":"https:\/\/cleverkids.ee\/et\/product\/kooliks-ettevalmistav-toovihikute-komplekt-6-vihikut-igauhes-20-lk\/#primaryimage"},"image":{"@id":"https:\/\/cleverkids.ee\/et\/product\/kooliks-ettevalmistav-toovihikute-komplekt-6-vihikut-igauhes-20-lk\/#primaryimage"},"thumbnailUrl":"https:\/\/cleverkids.ee\/wp-content\/uploads\/2026\/02\/6838995143.webp","datePublished":"2026-02-02T16:12:32+00:00","dateModified":"2026-02-02T16:14:13+00:00","description":"Kooliks ettevalmistav t\u00f6\u00f6vihikute komplekt \u2013 6 vihikut, iga\u00fches 20 lk - CLEVER KIDS","breadcrumb":{"@id":"https:\/\/cleverkids.ee\/et\/product\/kooliks-ettevalmistav-toovihikute-komplekt-6-vihikut-igauhes-20-lk\/#breadcrumb"},"inLanguage":"et","potentialAction":[{"@type":"ReadAction","target":["https:\/\/cleverkids.ee\/et\/product\/kooliks-ettevalmistav-toovihikute-komplekt-6-vihikut-igauhes-20-lk\/"]}]},{"@type":"ImageObject","inLanguage":"et","@id":"https:\/\/cleverkids.ee\/et\/product\/kooliks-ettevalmistav-toovihikute-komplekt-6-vihikut-igauhes-20-lk\/#primaryimage","url":"https:\/\/cleverkids.ee\/wp-content\/uploads\/2026\/02\/6838995143.webp","contentUrl":"https:\/\/cleverkids.ee\/wp-content\/uploads\/2026\/02\/6838995143.webp","width":1000,"height":1000,"caption":"\u041f\u0440\u043e\u043f\u0438\u0441\u0438, 6-7 \u043b\u0435\u0442, \u043d\u0430\u0431\u043e\u0440 6 \u0448\u0442. \u043f\u043e 20 \u0441\u0442\u0440."},{"@type":"BreadcrumbList","@id":"https:\/\/cleverkids.ee\/et\/product\/kooliks-ettevalmistav-toovihikute-komplekt-6-vihikut-igauhes-20-lk\/#breadcrumb","itemListElement":[{"@type":"ListItem","position":1,"name":"Esileht","item":"https:\/\/cleverkids.ee\/et\/"},{"@type":"ListItem","position":2,"name":"Tooted","item":"https:\/\/cleverkids.ee\/store\/"},{"@type":"ListItem","position":3,"name":"Kooliks ettevalmistav t\u00f6\u00f6vihikute komplekt \u2013 6 vihikut, iga\u00fches 20 lk"}]},{"@type":"WebSite","@id":"https:\/\/cleverkids.ee\/et\/#website","url":"https:\/\/cleverkids.ee\/et\/","name":"CLEVER KIDS","description":"","publisher":{"@id":"https:\/\/cleverkids.ee\/et\/#organization"},"potentialAction":[{"@type":"SearchAction","target":{"@type":"EntryPoint","urlTemplate":"https:\/\/cleverkids.ee\/et\/?s={search_term_string}"},"query-input":{"@type":"PropertyValueSpecification","valueRequired":true,"valueName":"search_term_string"}}],"inLanguage":"et"},{"@type":"Organization","@id":"https:\/\/cleverkids.ee\/et\/#organization","name":"CLEVER KIDS","url":"https:\/\/cleverkids.ee\/et\/","logo":{"@type":"ImageObject","inLanguage":"et","@id":"https:\/\/cleverkids.ee\/et\/#\/schema\/logo\/image\/","url":"https:\/\/cleverkids.ee\/wp-content\/uploads\/2024\/02\/image0-1024x1024.png","contentUrl":"https:\/\/cleverkids.ee\/wp-content\/uploads\/2024\/02\/image0-1024x1024.png","width":1024,"height":1024,"caption":"CLEVER KIDS"},"image":{"@id":"https:\/\/cleverkids.ee\/et\/#\/schema\/logo\/image\/"},"sameAs":["https:\/\/www.facebook.com\/cleverkids.ee\/","https:\/\/www.instagram.com\/cleverkids_ee\/"]}]}},"_links":{"self":[{"href":"https:\/\/cleverkids.ee\/et\/wp-json\/wp\/v2\/product\/76108","targetHints":{"allow":["GET"]}}],"collection":[{"href":"https:\/\/cleverkids.ee\/et\/wp-json\/wp\/v2\/product"}],"about":[{"href":"https:\/\/cleverkids.ee\/et\/wp-json\/wp\/v2\/types\/product"}],"wp:featuredmedia":[{"embeddable":true,"href":"https:\/\/cleverkids.ee\/et\/wp-json\/wp\/v2\/media\/76103"}],"wp:attachment":[{"href":"https:\/\/cleverkids.ee\/et\/wp-json\/wp\/v2\/media?parent=76108"}],"wp:term":[{"taxonomy":"product_brand","embeddable":true,"href":"https:\/\/cleverkids.ee\/et\/wp-json\/wp\/v2\/product_brand?post=76108"},{"taxonomy":"product_cat","embeddable":true,"href":"https:\/\/cleverkids.ee\/et\/wp-json\/wp\/v2\/product_cat?post=76108"},{"taxonomy":"product_tag","embeddable":true,"href":"https:\/\/cleverkids.ee\/et\/wp-json\/wp\/v2\/product_tag?post=76108"}],"curies":[{"name":"wp","href":"https:\/\/api.w.org\/{rel}","templated":true}]}}