{"id":76114,"date":"2026-02-03T21:40:15","date_gmt":"2026-02-03T19:40:15","guid":{"rendered":"https:\/\/cleverkids.ee\/\u041f\u0440\u043e\u0434\u0443\u043a\u0442\/obuchayushhie-kartochki-sleva-sprava-sverhu-snizu-3\/"},"modified":"2026-02-03T21:44:36","modified_gmt":"2026-02-03T19:44:36","slug":"oppekaardid-vasakul-paremal-uleval-all-3","status":"publish","type":"product","link":"https:\/\/cleverkids.ee\/et\/product\/oppekaardid-vasakul-paremal-uleval-all-3\/","title":{"rendered":"\u00d5ppekaardid \u201eVasakul\u2013paremal, \u00fcleval\u2013all\u201c \u2013 3+"},"content":{"rendered":"<p data-start=\"137\" data-end=\"336\">L\u00f5busad ja harivad kaardid, mis aitavad lapsel \u00f5ppida ruumilisi m\u00f5isteid nagu <em data-start=\"215\" data-end=\"222\">vasak<\/em> ja <em data-start=\"226\" data-end=\"233\">parem<\/em>, <em data-start=\"235\" data-end=\"243\">\u00fcleval<\/em> ja <em data-start=\"247\" data-end=\"252\">all<\/em>. M\u00e4nguline l\u00e4henemine toetab lapse t\u00e4helepanu, m\u00e4lu ning visuaalset ja kuulmistaju.<\/p>\n<p data-start=\"338\" data-end=\"595\"><strong data-start=\"338\" data-end=\"358\">Kuidas kasutada?<\/strong><br data-start=\"358\" data-end=\"361\" \/>\u2013 Selgitage m\u00f5isteid ja arutage koos piltide p\u00f5hjal, mis asub kus.<br data-start=\"427\" data-end=\"430\" \/>\u2013 Alustage kaardikomplektist <em data-start=\"459\" data-end=\"476\">vasakul\u2013paremal<\/em>, seej\u00e4rel liikuge <em data-start=\"495\" data-end=\"507\">\u00fcleval\u2013all<\/em> teemade juurde.<br data-start=\"523\" data-end=\"526\" \/>\u2013 Kaasake last aktiivselt \u2013 k\u00fcsige, r\u00e4\u00e4kige ja leidke koos vastuseid.<\/p>\n<p data-start=\"597\" data-end=\"682\"><strong data-start=\"597\" data-end=\"612\">Komplektis:<\/strong><br data-start=\"612\" data-end=\"615\" \/>\u2013 16 \u00f5ppekaarti<br data-start=\"630\" data-end=\"633\" \/>\u2013 Juhend vanematele<br data-start=\"652\" data-end=\"655\" \/><strong data-start=\"655\" data-end=\"673\">Kaardi m\u00f5\u00f5dud:<\/strong> 9 \u00d7 6 cm<\/p>\n<p data-start=\"684\" data-end=\"760\" data-is-last-node=\"\" data-is-only-node=\"\">Sobib alates 3. eluaastast. Hea abivahend koduseks \u00f5ppimiseks v\u00f5i lasteaeda.<\/p>\n","protected":false},"excerpt":{"rendered":"<p>L\u00f5busad ja harivad kaardid, mis aitavad lapsel \u00f5ppida ruumilisi m\u00f5isteid nagu vasak ja parem, \u00fcleval ja all. M\u00e4nguline l\u00e4henemine toetab lapse t\u00e4helepanu, m\u00e4lu ning visuaalset ja kuulmistaju. Kuidas kasutada?\u2013 Selgitage m\u00f5isteid ja arutage koos piltide p\u00f5hjal, mis asub kus.\u2013 Alustage kaardikomplektist vasakul\u2013paremal, seej\u00e4rel liikuge \u00fcleval\u2013all teemade juurde.\u2013 Kaasake last aktiivselt \u2013 k\u00fcsige, r\u00e4\u00e4kige ja leidke [&hellip;]<\/p>\n","protected":false},"featured_media":76111,"template":"","meta":{"_monsterinsights_skip_tracking":false,"_monsterinsights_sitenote_active":false,"_monsterinsights_sitenote_note":"","_monsterinsights_sitenote_category":0},"product_brand":[],"product_cat":[50,56,58],"product_tag":[],"class_list":{"0":"post-76114","1":"product","2":"type-product","3":"status-publish","4":"has-post-thumbnail","6":"product_cat-arendavad-manguasjad","7":"product_cat-kone-areng","8":"product_cat-unkategorized","9":"pa_vozrast-ot-3-do-5-let-et","11":"first","12":"instock","13":"shipping-taxable","14":"purchasable","15":"product-type-simple"},"yoast_head":"<!-- This site is optimized with the Yoast SEO plugin v25.0 - https:\/\/yoast.com\/wordpress\/plugins\/seo\/ -->\n<title>\u00d5ppekaardid \u201eVasakul\u2013paremal, \u00fcleval\u2013all\u201c \u2013 3+ -<\/title>\n<meta name=\"description\" content=\"\u00d5ppekaardid \u201eVasakul\u2013paremal, \u00fcleval\u2013all\u201c \u2013 3+ - CLEVER KIDS\" \/>\n<meta name=\"robots\" content=\"index, follow, max-snippet:-1, max-image-preview:large, max-video-preview:-1\" \/>\n<link rel=\"canonical\" href=\"https:\/\/cleverkids.ee\/et\/product\/oppekaardid-vasakul-paremal-uleval-all-3\/\" \/>\n<meta property=\"og:locale\" content=\"et_EE\" \/>\n<meta property=\"og:type\" content=\"article\" \/>\n<meta property=\"og:title\" content=\"\u00d5ppekaardid \u201eVasakul\u2013paremal, \u00fcleval\u2013all\u201c \u2013 3+ -\" \/>\n<meta property=\"og:description\" content=\"\u00d5ppekaardid \u201eVasakul\u2013paremal, \u00fcleval\u2013all\u201c \u2013 3+ - CLEVER KIDS\" \/>\n<meta property=\"og:url\" content=\"https:\/\/cleverkids.ee\/et\/product\/oppekaardid-vasakul-paremal-uleval-all-3\/\" \/>\n<meta property=\"og:site_name\" content=\"CLEVER KIDS\" \/>\n<meta property=\"article:publisher\" content=\"https:\/\/www.facebook.com\/cleverkids.ee\/\" \/>\n<meta property=\"article:modified_time\" content=\"2026-02-03T19:44:36+00:00\" \/>\n<meta property=\"og:image\" content=\"https:\/\/cleverkids.ee\/wp-content\/uploads\/2026\/02\/1.webp\" \/>\n\t<meta property=\"og:image:width\" content=\"900\" \/>\n\t<meta property=\"og:image:height\" content=\"1200\" \/>\n\t<meta property=\"og:image:type\" content=\"image\/webp\" \/>\n<meta name=\"twitter:card\" content=\"summary_large_image\" \/>\n<meta name=\"twitter:label1\" content=\"Est. reading time\" \/>\n\t<meta name=\"twitter:data1\" content=\"1 minut\" \/>\n<script type=\"application\/ld+json\" class=\"yoast-schema-graph\">{\"@context\":\"https:\/\/schema.org\",\"@graph\":[{\"@type\":\"WebPage\",\"@id\":\"https:\/\/cleverkids.ee\/et\/product\/oppekaardid-vasakul-paremal-uleval-all-3\/\",\"url\":\"https:\/\/cleverkids.ee\/et\/product\/oppekaardid-vasakul-paremal-uleval-all-3\/\",\"name\":\"\u00d5ppekaardid \u201eVasakul\u2013paremal, \u00fcleval\u2013all\u201c \u2013 3+ -\",\"isPartOf\":{\"@id\":\"https:\/\/cleverkids.ee\/et\/#website\"},\"primaryImageOfPage\":{\"@id\":\"https:\/\/cleverkids.ee\/et\/product\/oppekaardid-vasakul-paremal-uleval-all-3\/#primaryimage\"},\"image\":{\"@id\":\"https:\/\/cleverkids.ee\/et\/product\/oppekaardid-vasakul-paremal-uleval-all-3\/#primaryimage\"},\"thumbnailUrl\":\"https:\/\/cleverkids.ee\/wp-content\/uploads\/2026\/02\/1.webp\",\"datePublished\":\"2026-02-03T19:40:15+00:00\",\"dateModified\":\"2026-02-03T19:44:36+00:00\",\"description\":\"\u00d5ppekaardid \u201eVasakul\u2013paremal, \u00fcleval\u2013all\u201c \u2013 3+ - CLEVER KIDS\",\"breadcrumb\":{\"@id\":\"https:\/\/cleverkids.ee\/et\/product\/oppekaardid-vasakul-paremal-uleval-all-3\/#breadcrumb\"},\"inLanguage\":\"et\",\"potentialAction\":[{\"@type\":\"ReadAction\",\"target\":[\"https:\/\/cleverkids.ee\/et\/product\/oppekaardid-vasakul-paremal-uleval-all-3\/\"]}]},{\"@type\":\"ImageObject\",\"inLanguage\":\"et\",\"@id\":\"https:\/\/cleverkids.ee\/et\/product\/oppekaardid-vasakul-paremal-uleval-all-3\/#primaryimage\",\"url\":\"https:\/\/cleverkids.ee\/wp-content\/uploads\/2026\/02\/1.webp\",\"contentUrl\":\"https:\/\/cleverkids.ee\/wp-content\/uploads\/2026\/02\/1.webp\",\"width\":900,\"height\":1200,\"caption\":\"\u041e\u0431\u0443\u0447\u0430\u044e\u0449\u0438\u0435 \u043a\u0430\u0440\u0442\u043e\u0447\u043a\u0438 \u00ab\u0421\u043b\u0435\u0432\u0430-\u0441\u043f\u0440\u0430\u0432\u0430, \u0441\u0432\u0435\u0440\u0445\u0443-\u0441\u043d\u0438\u0437\u0443\u00bb, 3+\"},{\"@type\":\"BreadcrumbList\",\"@id\":\"https:\/\/cleverkids.ee\/et\/product\/oppekaardid-vasakul-paremal-uleval-all-3\/#breadcrumb\",\"itemListElement\":[{\"@type\":\"ListItem\",\"position\":1,\"name\":\"Esileht\",\"item\":\"https:\/\/cleverkids.ee\/et\/\"},{\"@type\":\"ListItem\",\"position\":2,\"name\":\"Tooted\",\"item\":\"https:\/\/cleverkids.ee\/store\/\"},{\"@type\":\"ListItem\",\"position\":3,\"name\":\"\u00d5ppekaardid \u201eVasakul\u2013paremal, \u00fcleval\u2013all\u201c \u2013 3+\"}]},{\"@type\":\"WebSite\",\"@id\":\"https:\/\/cleverkids.ee\/et\/#website\",\"url\":\"https:\/\/cleverkids.ee\/et\/\",\"name\":\"CLEVER KIDS\",\"description\":\"\",\"publisher\":{\"@id\":\"https:\/\/cleverkids.ee\/et\/#organization\"},\"potentialAction\":[{\"@type\":\"SearchAction\",\"target\":{\"@type\":\"EntryPoint\",\"urlTemplate\":\"https:\/\/cleverkids.ee\/et\/?s={search_term_string}\"},\"query-input\":{\"@type\":\"PropertyValueSpecification\",\"valueRequired\":true,\"valueName\":\"search_term_string\"}}],\"inLanguage\":\"et\"},{\"@type\":\"Organization\",\"@id\":\"https:\/\/cleverkids.ee\/et\/#organization\",\"name\":\"CLEVER KIDS\",\"url\":\"https:\/\/cleverkids.ee\/et\/\",\"logo\":{\"@type\":\"ImageObject\",\"inLanguage\":\"et\",\"@id\":\"https:\/\/cleverkids.ee\/et\/#\/schema\/logo\/image\/\",\"url\":\"https:\/\/cleverkids.ee\/wp-content\/uploads\/2024\/02\/image0-1024x1024.png\",\"contentUrl\":\"https:\/\/cleverkids.ee\/wp-content\/uploads\/2024\/02\/image0-1024x1024.png\",\"width\":1024,\"height\":1024,\"caption\":\"CLEVER KIDS\"},\"image\":{\"@id\":\"https:\/\/cleverkids.ee\/et\/#\/schema\/logo\/image\/\"},\"sameAs\":[\"https:\/\/www.facebook.com\/cleverkids.ee\/\",\"https:\/\/www.instagram.com\/cleverkids_ee\/\"]}]}<\/script>\n<!-- \/ Yoast SEO plugin. -->","yoast_head_json":{"title":"\u00d5ppekaardid \u201eVasakul\u2013paremal, \u00fcleval\u2013all\u201c \u2013 3+ -","description":"\u00d5ppekaardid \u201eVasakul\u2013paremal, \u00fcleval\u2013all\u201c \u2013 3+ - CLEVER KIDS","robots":{"index":"index","follow":"follow","max-snippet":"max-snippet:-1","max-image-preview":"max-image-preview:large","max-video-preview":"max-video-preview:-1"},"canonical":"https:\/\/cleverkids.ee\/et\/product\/oppekaardid-vasakul-paremal-uleval-all-3\/","og_locale":"et_EE","og_type":"article","og_title":"\u00d5ppekaardid \u201eVasakul\u2013paremal, \u00fcleval\u2013all\u201c \u2013 3+ -","og_description":"\u00d5ppekaardid \u201eVasakul\u2013paremal, \u00fcleval\u2013all\u201c \u2013 3+ - CLEVER KIDS","og_url":"https:\/\/cleverkids.ee\/et\/product\/oppekaardid-vasakul-paremal-uleval-all-3\/","og_site_name":"CLEVER KIDS","article_publisher":"https:\/\/www.facebook.com\/cleverkids.ee\/","article_modified_time":"2026-02-03T19:44:36+00:00","og_image":[{"width":900,"height":1200,"url":"https:\/\/cleverkids.ee\/wp-content\/uploads\/2026\/02\/1.webp","type":"image\/webp"}],"twitter_card":"summary_large_image","twitter_misc":{"Est. reading time":"1 minut"},"schema":{"@context":"https:\/\/schema.org","@graph":[{"@type":"WebPage","@id":"https:\/\/cleverkids.ee\/et\/product\/oppekaardid-vasakul-paremal-uleval-all-3\/","url":"https:\/\/cleverkids.ee\/et\/product\/oppekaardid-vasakul-paremal-uleval-all-3\/","name":"\u00d5ppekaardid \u201eVasakul\u2013paremal, \u00fcleval\u2013all\u201c \u2013 3+ -","isPartOf":{"@id":"https:\/\/cleverkids.ee\/et\/#website"},"primaryImageOfPage":{"@id":"https:\/\/cleverkids.ee\/et\/product\/oppekaardid-vasakul-paremal-uleval-all-3\/#primaryimage"},"image":{"@id":"https:\/\/cleverkids.ee\/et\/product\/oppekaardid-vasakul-paremal-uleval-all-3\/#primaryimage"},"thumbnailUrl":"https:\/\/cleverkids.ee\/wp-content\/uploads\/2026\/02\/1.webp","datePublished":"2026-02-03T19:40:15+00:00","dateModified":"2026-02-03T19:44:36+00:00","description":"\u00d5ppekaardid \u201eVasakul\u2013paremal, \u00fcleval\u2013all\u201c \u2013 3+ - CLEVER KIDS","breadcrumb":{"@id":"https:\/\/cleverkids.ee\/et\/product\/oppekaardid-vasakul-paremal-uleval-all-3\/#breadcrumb"},"inLanguage":"et","potentialAction":[{"@type":"ReadAction","target":["https:\/\/cleverkids.ee\/et\/product\/oppekaardid-vasakul-paremal-uleval-all-3\/"]}]},{"@type":"ImageObject","inLanguage":"et","@id":"https:\/\/cleverkids.ee\/et\/product\/oppekaardid-vasakul-paremal-uleval-all-3\/#primaryimage","url":"https:\/\/cleverkids.ee\/wp-content\/uploads\/2026\/02\/1.webp","contentUrl":"https:\/\/cleverkids.ee\/wp-content\/uploads\/2026\/02\/1.webp","width":900,"height":1200,"caption":"\u041e\u0431\u0443\u0447\u0430\u044e\u0449\u0438\u0435 \u043a\u0430\u0440\u0442\u043e\u0447\u043a\u0438 \u00ab\u0421\u043b\u0435\u0432\u0430-\u0441\u043f\u0440\u0430\u0432\u0430, \u0441\u0432\u0435\u0440\u0445\u0443-\u0441\u043d\u0438\u0437\u0443\u00bb, 3+"},{"@type":"BreadcrumbList","@id":"https:\/\/cleverkids.ee\/et\/product\/oppekaardid-vasakul-paremal-uleval-all-3\/#breadcrumb","itemListElement":[{"@type":"ListItem","position":1,"name":"Esileht","item":"https:\/\/cleverkids.ee\/et\/"},{"@type":"ListItem","position":2,"name":"Tooted","item":"https:\/\/cleverkids.ee\/store\/"},{"@type":"ListItem","position":3,"name":"\u00d5ppekaardid \u201eVasakul\u2013paremal, \u00fcleval\u2013all\u201c \u2013 3+"}]},{"@type":"WebSite","@id":"https:\/\/cleverkids.ee\/et\/#website","url":"https:\/\/cleverkids.ee\/et\/","name":"CLEVER KIDS","description":"","publisher":{"@id":"https:\/\/cleverkids.ee\/et\/#organization"},"potentialAction":[{"@type":"SearchAction","target":{"@type":"EntryPoint","urlTemplate":"https:\/\/cleverkids.ee\/et\/?s={search_term_string}"},"query-input":{"@type":"PropertyValueSpecification","valueRequired":true,"valueName":"search_term_string"}}],"inLanguage":"et"},{"@type":"Organization","@id":"https:\/\/cleverkids.ee\/et\/#organization","name":"CLEVER KIDS","url":"https:\/\/cleverkids.ee\/et\/","logo":{"@type":"ImageObject","inLanguage":"et","@id":"https:\/\/cleverkids.ee\/et\/#\/schema\/logo\/image\/","url":"https:\/\/cleverkids.ee\/wp-content\/uploads\/2024\/02\/image0-1024x1024.png","contentUrl":"https:\/\/cleverkids.ee\/wp-content\/uploads\/2024\/02\/image0-1024x1024.png","width":1024,"height":1024,"caption":"CLEVER KIDS"},"image":{"@id":"https:\/\/cleverkids.ee\/et\/#\/schema\/logo\/image\/"},"sameAs":["https:\/\/www.facebook.com\/cleverkids.ee\/","https:\/\/www.instagram.com\/cleverkids_ee\/"]}]}},"_links":{"self":[{"href":"https:\/\/cleverkids.ee\/et\/wp-json\/wp\/v2\/product\/76114","targetHints":{"allow":["GET"]}}],"collection":[{"href":"https:\/\/cleverkids.ee\/et\/wp-json\/wp\/v2\/product"}],"about":[{"href":"https:\/\/cleverkids.ee\/et\/wp-json\/wp\/v2\/types\/product"}],"wp:featuredmedia":[{"embeddable":true,"href":"https:\/\/cleverkids.ee\/et\/wp-json\/wp\/v2\/media\/76111"}],"wp:attachment":[{"href":"https:\/\/cleverkids.ee\/et\/wp-json\/wp\/v2\/media?parent=76114"}],"wp:term":[{"taxonomy":"product_brand","embeddable":true,"href":"https:\/\/cleverkids.ee\/et\/wp-json\/wp\/v2\/product_brand?post=76114"},{"taxonomy":"product_cat","embeddable":true,"href":"https:\/\/cleverkids.ee\/et\/wp-json\/wp\/v2\/product_cat?post=76114"},{"taxonomy":"product_tag","embeddable":true,"href":"https:\/\/cleverkids.ee\/et\/wp-json\/wp\/v2\/product_tag?post=76114"}],"curies":[{"name":"wp","href":"https:\/\/api.w.org\/{rel}","templated":true}]}}