{"id":76121,"date":"2026-02-03T22:03:10","date_gmt":"2026-02-03T20:03:10","guid":{"rendered":"https:\/\/cleverkids.ee\/\u041f\u0440\u043e\u0434\u0443\u043a\u0442\/obuchayushhie-kartochki-ya-my-izuchaem-mestoimeniya-3\/"},"modified":"2026-02-03T22:08:36","modified_gmt":"2026-02-03T20:08:36","slug":"oppekaardid-mina-meie-opime-asesonu-3","status":"publish","type":"product","link":"https:\/\/cleverkids.ee\/et\/product\/oppekaardid-mina-meie-opime-asesonu-3\/","title":{"rendered":"\u00d5ppekaardid \u201eMina, meie. \u00d5pime ases\u00f5nu\u201c \u2013 3+"},"content":{"rendered":"<div class=\"relative basis-auto flex-col -mb-(--composer-overlap-px) [--composer-overlap-px:28px] grow flex\">\n<div class=\"flex flex-col text-sm\">\n<article class=\"text-token-text-primary w-full focus:outline-none [--shadow-height:45px] has-data-writing-block:pointer-events-none has-data-writing-block:-mt-(--shadow-height) has-data-writing-block:pt-(--shadow-height) [&amp;:has([data-writing-block])&gt;*]:pointer-events-auto scroll-mt-[calc(var(--header-height)+min(200px,max(70px,20svh)))]\" dir=\"auto\" tabindex=\"-1\" data-turn-id=\"request-68497318-9590-8003-9e46-7e542ff5687c-35\" data-testid=\"conversation-turn-178\" data-scroll-anchor=\"true\" data-turn=\"assistant\">\n<div class=\"text-base my-auto mx-auto pb-10 [--thread-content-margin:--spacing(4)] @w-sm\/main:[--thread-content-margin:--spacing(6)] @w-lg\/main:[--thread-content-margin:--spacing(16)] px-(--thread-content-margin)\">\n<div class=\"[--thread-content-max-width:40rem] @w-lg\/main:[--thread-content-max-width:48rem] mx-auto max-w-(--thread-content-max-width) flex-1 group\/turn-messages focus-visible:outline-hidden relative flex w-full min-w-0 flex-col agent-turn\" tabindex=\"-1\">\n<div class=\"flex max-w-full flex-col grow\">\n<div class=\"min-h-8 text-message relative flex w-full flex-col items-end gap-2 text-start break-words whitespace-normal [.text-message+&amp;]:mt-1\" dir=\"auto\" data-message-author-role=\"assistant\" data-message-id=\"a25466f6-0c57-4785-b98c-11e9c1dc9551\" data-message-model-slug=\"gpt-4o\">\n<div class=\"flex w-full flex-col gap-1 empty:hidden first:pt-[1px]\">\n<div class=\"markdown prose dark:prose-invert w-full break-words light markdown-new-styling\">\n<p data-start=\"130\" data-end=\"319\">Kaardid aitavad lapsel m\u00e4nguliselt tutvuda isikuliste ases\u00f5nadega nagu <em data-start=\"201\" data-end=\"207\">mina<\/em> ja <em data-start=\"211\" data-end=\"217\">meie<\/em>. Arendavad lapse m\u00e4lu, k\u00f5ne, kuulmistaju ja t\u00e4helepanu. Sobivad suurep\u00e4raselt varajaseks keele\u00f5ppeks.<\/p>\n<p data-start=\"321\" data-end=\"681\"><strong data-start=\"321\" data-end=\"341\">Kuidas kasutada?<\/strong><br data-start=\"341\" data-end=\"344\" \/>\u2013 Vaadake koos lapsega kaarte, kus on ases\u00f5na <em data-start=\"390\" data-end=\"396\">mina<\/em>. Selgitage, et see viitab inimesele, kes r\u00e4\u00e4gib.<br data-start=\"445\" data-end=\"448\" \/>\u2013 Paluge tuua n\u00e4iteid, kus laps saab s\u00f5na <em data-start=\"490\" data-end=\"496\">mina<\/em> ise kasutada.<br data-start=\"510\" data-end=\"513\" \/>\u2013 Seej\u00e4rel liikuge ases\u00f5nale <em data-start=\"542\" data-end=\"548\">meie<\/em> ja selgitage, et see t\u00e4hendab k\u00f5nelejat koos teistega, mitte \u201epalju minasid\u201c.<br data-start=\"626\" data-end=\"629\" \/>\u2013 Arutage, millal ja kuidas kasutatakse s\u00f5na <em data-start=\"674\" data-end=\"680\">meie<\/em>.<\/p>\n<p data-start=\"683\" data-end=\"764\"><strong data-start=\"683\" data-end=\"698\">Komplektis:<\/strong><br data-start=\"698\" data-end=\"701\" \/>\u2013 16 kaarti<br data-start=\"712\" data-end=\"715\" \/>\u2013 Juhend vanematele<br data-start=\"734\" data-end=\"737\" \/><strong data-start=\"737\" data-end=\"755\">Kaardi m\u00f5\u00f5dud:<\/strong> 9 \u00d7 6 cm<\/p>\n<p data-start=\"766\" data-end=\"854\" data-is-last-node=\"\" data-is-only-node=\"\">Sobib alates 3. eluaastast. Tore ja lihtne viis alustada ases\u00f5nade \u00f5ppimist m\u00e4ngu kaudu.<\/p>\n<\/div>\n<\/div>\n<\/div>\n<\/div>\n<div class=\"z-0 flex min-h-[46px] justify-start\"><\/div>\n<div class=\"mt-3 w-full empty:hidden\">\n<div class=\"text-center\"><\/div>\n<\/div>\n<\/div>\n<\/div>\n<\/article>\n<\/div>\n<div class=\"pointer-events-none h-px w-px absolute bottom-0\" aria-hidden=\"true\" data-edge=\"true\"><\/div>\n<\/div>\n<div id=\"thread-bottom-container\" class=\"sticky bottom-0 group\/thread-bottom-container relative isolate z-10 w-full basis-auto has-data-has-thread-error:pt-2 has-data-has-thread-error:[box-shadow:var(--sharp-edge-bottom-shadow)] md:border-transparent md:pt-0 dark:border-white\/20 md:dark:border-transparent print:hidden content-fade single-line\">\n<div class=\"relative h-0\">\n<div><\/div>\n<\/div>\n<div class=\"text-base mx-auto [--thread-content-margin:--spacing(4)] @w-sm\/main:[--thread-content-margin:--spacing(6)] @w-lg\/main:[--thread-content-margin:--spacing(16)] px-(--thread-content-margin)\">\n<div class=\"[--thread-content-max-width:40rem] @w-lg\/main:[--thread-content-max-width:48rem] mx-auto max-w-(--thread-content-max-width) flex-1 mb-4\">\n<div class=\"flex justify-center empty:hidden\"><\/div>\n<div class=\"pointer-events-auto relative z-1 flex h-(--composer-container-height,100%) max-w-full flex-(--composer-container-flex,1) flex-col\"><button class=\"invisible absolute self-center\" tabindex=\"-1\" name=\"context-connector-pasted-link-popover-trigger\" type=\"button\" aria-hidden=\"true\" aria-haspopup=\"dialog\" aria-expanded=\"false\" aria-controls=\"radix-_r_4v4_\" data-state=\"closed\"><\/button><\/p>\n<div class=\"absolute start-0 end-0 bottom-full z-20\">\n<div class=\"relative h-full w-full\">\n<div class=\"mb-2 flex flex-col gap-3.5 pt-2\"><\/div>\n<\/div>\n<\/div>\n<form class=\"group\/composer w-full\" data-type=\"unified-composer\">\n<div class=\"hidden\"><input tabindex=\"-1\" multiple=\"multiple\" type=\"file\" \/><\/div>\n<div class=\"\">\n<div class=\"bg-token-bg-primary corner-superellipse\/1.1 cursor-text overflow-clip bg-clip-padding p-2.5 contain-inline-size motion-safe:transition-colors motion-safe:duration-200 motion-safe:ease-in-out dark:bg-[#303030] grid grid-cols-[auto_1fr_auto] [grid-template-areas:'header_header_header'_'leading_primary_trailing'_'._footer_.'] group-data-expanded\/composer:[grid-template-areas:'header_header_header'_'primary_primary_primary'_'leading_footer_trailing'] shadow-short\" data-composer-surface=\"true\">\n<div class=\"-my-2.5 flex min-h-14 items-center overflow-x-hidden px-1.5 [grid-area:primary] group-data-expanded\/composer:mb-0 group-data-expanded\/composer:px-2.5\">\n<div class=\"wcDTda_prosemirror-parent text-token-text-primary max-h-[max(30svh,5rem)] max-h-52 min-h-[var(--deep-research-composer-extra-height,unset)] flex-1 overflow-auto [scrollbar-width:thin] default-browser vertical-scroll-fade-mask\"><textarea class=\"wcDTda_fallbackTextarea\" name=\"prompt-textarea\" placeholder=\"Ask anything\" data-virtualkeyboard=\"true\"><\/textarea><\/p>\n<div id=\"prompt-textarea\" class=\"ProseMirror\" contenteditable=\"true\" translate=\"no\" data-virtualkeyboard=\"true\"><\/div>\n<\/div>\n<\/div>\n<div class=\"[grid-area:leading]\"><\/div>\n<div class=\"flex items-center gap-2 [grid-area:trailing]\">\n<div class=\"ms-auto flex items-center gap-1.5\"><button class=\"composer-btn\" type=\"button\" aria-label=\"Dictate button\"><\/button><\/p>\n<div class=\"min-w-9\" data-testid=\"composer-speech-button-container\">\n<div>\n<div class=\"flex items-center justify-center\"><\/div>\n<\/div>\n<\/div>\n<\/div>\n<\/div>\n<\/div>\n<\/div>\n<\/form>\n<\/div>\n<\/div>\n<\/div>\n<\/div>\n","protected":false},"excerpt":{"rendered":"<p>Kaardid aitavad lapsel m\u00e4nguliselt tutvuda isikuliste ases\u00f5nadega nagu mina ja meie. Arendavad lapse m\u00e4lu, k\u00f5ne, kuulmistaju ja t\u00e4helepanu. Sobivad suurep\u00e4raselt varajaseks keele\u00f5ppeks. Kuidas kasutada?\u2013 Vaadake koos lapsega kaarte, kus on ases\u00f5na mina. Selgitage, et see viitab inimesele, kes r\u00e4\u00e4gib.\u2013 Paluge tuua n\u00e4iteid, kus laps saab s\u00f5na mina ise kasutada.\u2013 Seej\u00e4rel liikuge ases\u00f5nale meie ja selgitage, [&hellip;]<\/p>\n","protected":false},"featured_media":76120,"template":"","meta":{"_monsterinsights_skip_tracking":false,"_monsterinsights_sitenote_active":false,"_monsterinsights_sitenote_note":"","_monsterinsights_sitenote_category":0},"product_brand":[],"product_cat":[50,56,58],"product_tag":[],"class_list":{"0":"post-76121","1":"product","2":"type-product","3":"status-publish","4":"has-post-thumbnail","6":"product_cat-arendavad-manguasjad","7":"product_cat-kone-areng","8":"product_cat-unkategorized","9":"pa_vozrast-ot-3-do-5-let-et","11":"first","12":"instock","13":"shipping-taxable","14":"purchasable","15":"product-type-simple"},"yoast_head":"<!-- This site is optimized with the Yoast SEO plugin v25.0 - https:\/\/yoast.com\/wordpress\/plugins\/seo\/ -->\n<title>\u00d5ppekaardid \u201eMina, meie. \u00d5pime ases\u00f5nu\u201c \u2013 3+ -<\/title>\n<meta name=\"description\" content=\"\u00d5ppekaardid \u201eMina, meie. \u00d5pime ases\u00f5nu\u201c \u2013 3+ - CLEVER KIDS\" \/>\n<meta name=\"robots\" content=\"index, follow, max-snippet:-1, max-image-preview:large, max-video-preview:-1\" \/>\n<link rel=\"canonical\" href=\"https:\/\/cleverkids.ee\/et\/product\/oppekaardid-mina-meie-opime-asesonu-3\/\" \/>\n<meta property=\"og:locale\" content=\"et_EE\" \/>\n<meta property=\"og:type\" content=\"article\" \/>\n<meta property=\"og:title\" content=\"\u00d5ppekaardid \u201eMina, meie. \u00d5pime ases\u00f5nu\u201c \u2013 3+ -\" \/>\n<meta property=\"og:description\" content=\"\u00d5ppekaardid \u201eMina, meie. \u00d5pime ases\u00f5nu\u201c \u2013 3+ - CLEVER KIDS\" \/>\n<meta property=\"og:url\" content=\"https:\/\/cleverkids.ee\/et\/product\/oppekaardid-mina-meie-opime-asesonu-3\/\" \/>\n<meta property=\"og:site_name\" content=\"CLEVER KIDS\" \/>\n<meta property=\"article:publisher\" content=\"https:\/\/www.facebook.com\/cleverkids.ee\/\" \/>\n<meta property=\"article:modified_time\" content=\"2026-02-03T20:08:36+00:00\" \/>\n<meta property=\"og:image\" content=\"https:\/\/cleverkids.ee\/wp-content\/uploads\/2026\/02\/6749947046.webp\" \/>\n\t<meta property=\"og:image:width\" content=\"700\" \/>\n\t<meta property=\"og:image:height\" content=\"700\" \/>\n\t<meta property=\"og:image:type\" content=\"image\/webp\" \/>\n<meta name=\"twitter:card\" content=\"summary_large_image\" \/>\n<meta name=\"twitter:label1\" content=\"Est. reading time\" \/>\n\t<meta name=\"twitter:data1\" content=\"1 minut\" \/>\n<script type=\"application\/ld+json\" class=\"yoast-schema-graph\">{\"@context\":\"https:\/\/schema.org\",\"@graph\":[{\"@type\":\"WebPage\",\"@id\":\"https:\/\/cleverkids.ee\/et\/product\/oppekaardid-mina-meie-opime-asesonu-3\/\",\"url\":\"https:\/\/cleverkids.ee\/et\/product\/oppekaardid-mina-meie-opime-asesonu-3\/\",\"name\":\"\u00d5ppekaardid \u201eMina, meie. \u00d5pime ases\u00f5nu\u201c \u2013 3+ -\",\"isPartOf\":{\"@id\":\"https:\/\/cleverkids.ee\/et\/#website\"},\"primaryImageOfPage\":{\"@id\":\"https:\/\/cleverkids.ee\/et\/product\/oppekaardid-mina-meie-opime-asesonu-3\/#primaryimage\"},\"image\":{\"@id\":\"https:\/\/cleverkids.ee\/et\/product\/oppekaardid-mina-meie-opime-asesonu-3\/#primaryimage\"},\"thumbnailUrl\":\"https:\/\/cleverkids.ee\/wp-content\/uploads\/2026\/02\/6749947046.webp\",\"datePublished\":\"2026-02-03T20:03:10+00:00\",\"dateModified\":\"2026-02-03T20:08:36+00:00\",\"description\":\"\u00d5ppekaardid \u201eMina, meie. \u00d5pime ases\u00f5nu\u201c \u2013 3+ - CLEVER KIDS\",\"breadcrumb\":{\"@id\":\"https:\/\/cleverkids.ee\/et\/product\/oppekaardid-mina-meie-opime-asesonu-3\/#breadcrumb\"},\"inLanguage\":\"et\",\"potentialAction\":[{\"@type\":\"ReadAction\",\"target\":[\"https:\/\/cleverkids.ee\/et\/product\/oppekaardid-mina-meie-opime-asesonu-3\/\"]}]},{\"@type\":\"ImageObject\",\"inLanguage\":\"et\",\"@id\":\"https:\/\/cleverkids.ee\/et\/product\/oppekaardid-mina-meie-opime-asesonu-3\/#primaryimage\",\"url\":\"https:\/\/cleverkids.ee\/wp-content\/uploads\/2026\/02\/6749947046.webp\",\"contentUrl\":\"https:\/\/cleverkids.ee\/wp-content\/uploads\/2026\/02\/6749947046.webp\",\"width\":700,\"height\":700,\"caption\":\"\u041e\u0431\u0443\u0447\u0430\u044e\u0449\u0438\u0435 \u043a\u0430\u0440\u0442\u043e\u0447\u043a\u0438 \u00ab\u042f, \u043c\u044b. \u0418\u0437\u0443\u0447\u0430\u0435\u043c \u043c\u0435\u0441\u0442\u043e\u0438\u043c\u0435\u043d\u0438\u044f\u00bb, 3+\"},{\"@type\":\"BreadcrumbList\",\"@id\":\"https:\/\/cleverkids.ee\/et\/product\/oppekaardid-mina-meie-opime-asesonu-3\/#breadcrumb\",\"itemListElement\":[{\"@type\":\"ListItem\",\"position\":1,\"name\":\"Esileht\",\"item\":\"https:\/\/cleverkids.ee\/et\/\"},{\"@type\":\"ListItem\",\"position\":2,\"name\":\"Tooted\",\"item\":\"https:\/\/cleverkids.ee\/store\/\"},{\"@type\":\"ListItem\",\"position\":3,\"name\":\"\u00d5ppekaardid \u201eMina, meie. \u00d5pime ases\u00f5nu\u201c \u2013 3+\"}]},{\"@type\":\"WebSite\",\"@id\":\"https:\/\/cleverkids.ee\/et\/#website\",\"url\":\"https:\/\/cleverkids.ee\/et\/\",\"name\":\"CLEVER KIDS\",\"description\":\"\",\"publisher\":{\"@id\":\"https:\/\/cleverkids.ee\/et\/#organization\"},\"potentialAction\":[{\"@type\":\"SearchAction\",\"target\":{\"@type\":\"EntryPoint\",\"urlTemplate\":\"https:\/\/cleverkids.ee\/et\/?s={search_term_string}\"},\"query-input\":{\"@type\":\"PropertyValueSpecification\",\"valueRequired\":true,\"valueName\":\"search_term_string\"}}],\"inLanguage\":\"et\"},{\"@type\":\"Organization\",\"@id\":\"https:\/\/cleverkids.ee\/et\/#organization\",\"name\":\"CLEVER KIDS\",\"url\":\"https:\/\/cleverkids.ee\/et\/\",\"logo\":{\"@type\":\"ImageObject\",\"inLanguage\":\"et\",\"@id\":\"https:\/\/cleverkids.ee\/et\/#\/schema\/logo\/image\/\",\"url\":\"https:\/\/cleverkids.ee\/wp-content\/uploads\/2024\/02\/image0-1024x1024.png\",\"contentUrl\":\"https:\/\/cleverkids.ee\/wp-content\/uploads\/2024\/02\/image0-1024x1024.png\",\"width\":1024,\"height\":1024,\"caption\":\"CLEVER KIDS\"},\"image\":{\"@id\":\"https:\/\/cleverkids.ee\/et\/#\/schema\/logo\/image\/\"},\"sameAs\":[\"https:\/\/www.facebook.com\/cleverkids.ee\/\",\"https:\/\/www.instagram.com\/cleverkids_ee\/\"]}]}<\/script>\n<!-- \/ Yoast SEO plugin. -->","yoast_head_json":{"title":"\u00d5ppekaardid \u201eMina, meie. \u00d5pime ases\u00f5nu\u201c \u2013 3+ -","description":"\u00d5ppekaardid \u201eMina, meie. \u00d5pime ases\u00f5nu\u201c \u2013 3+ - CLEVER KIDS","robots":{"index":"index","follow":"follow","max-snippet":"max-snippet:-1","max-image-preview":"max-image-preview:large","max-video-preview":"max-video-preview:-1"},"canonical":"https:\/\/cleverkids.ee\/et\/product\/oppekaardid-mina-meie-opime-asesonu-3\/","og_locale":"et_EE","og_type":"article","og_title":"\u00d5ppekaardid \u201eMina, meie. \u00d5pime ases\u00f5nu\u201c \u2013 3+ -","og_description":"\u00d5ppekaardid \u201eMina, meie. \u00d5pime ases\u00f5nu\u201c \u2013 3+ - CLEVER KIDS","og_url":"https:\/\/cleverkids.ee\/et\/product\/oppekaardid-mina-meie-opime-asesonu-3\/","og_site_name":"CLEVER KIDS","article_publisher":"https:\/\/www.facebook.com\/cleverkids.ee\/","article_modified_time":"2026-02-03T20:08:36+00:00","og_image":[{"width":700,"height":700,"url":"https:\/\/cleverkids.ee\/wp-content\/uploads\/2026\/02\/6749947046.webp","type":"image\/webp"}],"twitter_card":"summary_large_image","twitter_misc":{"Est. reading time":"1 minut"},"schema":{"@context":"https:\/\/schema.org","@graph":[{"@type":"WebPage","@id":"https:\/\/cleverkids.ee\/et\/product\/oppekaardid-mina-meie-opime-asesonu-3\/","url":"https:\/\/cleverkids.ee\/et\/product\/oppekaardid-mina-meie-opime-asesonu-3\/","name":"\u00d5ppekaardid \u201eMina, meie. \u00d5pime ases\u00f5nu\u201c \u2013 3+ -","isPartOf":{"@id":"https:\/\/cleverkids.ee\/et\/#website"},"primaryImageOfPage":{"@id":"https:\/\/cleverkids.ee\/et\/product\/oppekaardid-mina-meie-opime-asesonu-3\/#primaryimage"},"image":{"@id":"https:\/\/cleverkids.ee\/et\/product\/oppekaardid-mina-meie-opime-asesonu-3\/#primaryimage"},"thumbnailUrl":"https:\/\/cleverkids.ee\/wp-content\/uploads\/2026\/02\/6749947046.webp","datePublished":"2026-02-03T20:03:10+00:00","dateModified":"2026-02-03T20:08:36+00:00","description":"\u00d5ppekaardid \u201eMina, meie. \u00d5pime ases\u00f5nu\u201c \u2013 3+ - CLEVER KIDS","breadcrumb":{"@id":"https:\/\/cleverkids.ee\/et\/product\/oppekaardid-mina-meie-opime-asesonu-3\/#breadcrumb"},"inLanguage":"et","potentialAction":[{"@type":"ReadAction","target":["https:\/\/cleverkids.ee\/et\/product\/oppekaardid-mina-meie-opime-asesonu-3\/"]}]},{"@type":"ImageObject","inLanguage":"et","@id":"https:\/\/cleverkids.ee\/et\/product\/oppekaardid-mina-meie-opime-asesonu-3\/#primaryimage","url":"https:\/\/cleverkids.ee\/wp-content\/uploads\/2026\/02\/6749947046.webp","contentUrl":"https:\/\/cleverkids.ee\/wp-content\/uploads\/2026\/02\/6749947046.webp","width":700,"height":700,"caption":"\u041e\u0431\u0443\u0447\u0430\u044e\u0449\u0438\u0435 \u043a\u0430\u0440\u0442\u043e\u0447\u043a\u0438 \u00ab\u042f, \u043c\u044b. \u0418\u0437\u0443\u0447\u0430\u0435\u043c \u043c\u0435\u0441\u0442\u043e\u0438\u043c\u0435\u043d\u0438\u044f\u00bb, 3+"},{"@type":"BreadcrumbList","@id":"https:\/\/cleverkids.ee\/et\/product\/oppekaardid-mina-meie-opime-asesonu-3\/#breadcrumb","itemListElement":[{"@type":"ListItem","position":1,"name":"Esileht","item":"https:\/\/cleverkids.ee\/et\/"},{"@type":"ListItem","position":2,"name":"Tooted","item":"https:\/\/cleverkids.ee\/store\/"},{"@type":"ListItem","position":3,"name":"\u00d5ppekaardid \u201eMina, meie. \u00d5pime ases\u00f5nu\u201c \u2013 3+"}]},{"@type":"WebSite","@id":"https:\/\/cleverkids.ee\/et\/#website","url":"https:\/\/cleverkids.ee\/et\/","name":"CLEVER KIDS","description":"","publisher":{"@id":"https:\/\/cleverkids.ee\/et\/#organization"},"potentialAction":[{"@type":"SearchAction","target":{"@type":"EntryPoint","urlTemplate":"https:\/\/cleverkids.ee\/et\/?s={search_term_string}"},"query-input":{"@type":"PropertyValueSpecification","valueRequired":true,"valueName":"search_term_string"}}],"inLanguage":"et"},{"@type":"Organization","@id":"https:\/\/cleverkids.ee\/et\/#organization","name":"CLEVER KIDS","url":"https:\/\/cleverkids.ee\/et\/","logo":{"@type":"ImageObject","inLanguage":"et","@id":"https:\/\/cleverkids.ee\/et\/#\/schema\/logo\/image\/","url":"https:\/\/cleverkids.ee\/wp-content\/uploads\/2024\/02\/image0-1024x1024.png","contentUrl":"https:\/\/cleverkids.ee\/wp-content\/uploads\/2024\/02\/image0-1024x1024.png","width":1024,"height":1024,"caption":"CLEVER KIDS"},"image":{"@id":"https:\/\/cleverkids.ee\/et\/#\/schema\/logo\/image\/"},"sameAs":["https:\/\/www.facebook.com\/cleverkids.ee\/","https:\/\/www.instagram.com\/cleverkids_ee\/"]}]}},"_links":{"self":[{"href":"https:\/\/cleverkids.ee\/et\/wp-json\/wp\/v2\/product\/76121","targetHints":{"allow":["GET"]}}],"collection":[{"href":"https:\/\/cleverkids.ee\/et\/wp-json\/wp\/v2\/product"}],"about":[{"href":"https:\/\/cleverkids.ee\/et\/wp-json\/wp\/v2\/types\/product"}],"wp:featuredmedia":[{"embeddable":true,"href":"https:\/\/cleverkids.ee\/et\/wp-json\/wp\/v2\/media\/76120"}],"wp:attachment":[{"href":"https:\/\/cleverkids.ee\/et\/wp-json\/wp\/v2\/media?parent=76121"}],"wp:term":[{"taxonomy":"product_brand","embeddable":true,"href":"https:\/\/cleverkids.ee\/et\/wp-json\/wp\/v2\/product_brand?post=76121"},{"taxonomy":"product_cat","embeddable":true,"href":"https:\/\/cleverkids.ee\/et\/wp-json\/wp\/v2\/product_cat?post=76121"},{"taxonomy":"product_tag","embeddable":true,"href":"https:\/\/cleverkids.ee\/et\/wp-json\/wp\/v2\/product_tag?post=76121"}],"curies":[{"name":"wp","href":"https:\/\/api.w.org\/{rel}","templated":true}]}}