{"id":76151,"date":"2026-02-05T20:13:25","date_gmt":"2026-02-05T18:13:25","guid":{"rendered":"https:\/\/cleverkids.ee\/\u041f\u0440\u043e\u0434\u0443\u043a\u0442\/obuchayushhie-kartochki-izuchaem-tsveta-3\/"},"modified":"2026-02-05T20:14:37","modified_gmt":"2026-02-05T18:14:37","slug":"oppekaardid-varvid-3","status":"publish","type":"product","link":"https:\/\/cleverkids.ee\/et\/product\/oppekaardid-varvid-3\/","title":{"rendered":"\u00d5ppekaardid \u201eV\u00e4rvid\u201c \u2013 3+"},"content":{"rendered":"<p data-start=\"143\" data-end=\"360\">M\u00e4ngulised \u00f5ppekaardid aitavad lapsel tutvuda p\u00f5hiv\u00e4rvidega ja neid \u00fcmbritsevate esemetega. Kaardid arendavad m\u00e4lu, m\u00f5tlemist ning visuaalset ja kuulmistaju ning sobivad suurep\u00e4raselt varajaseks \u00f5ppimiseks l\u00e4bi m\u00e4ngu.<\/p>\n<p data-start=\"362\" data-end=\"616\"><strong data-start=\"362\" data-end=\"382\">Kuidas kasutada?<\/strong><br data-start=\"382\" data-end=\"385\" \/>\u2013 Vaadake kaarte koos lapsega ja nimetage selgelt v\u00e4rv ning selle v\u00e4rvi ese.<br data-start=\"461\" data-end=\"464\" \/>\u2013 Paluge lapsel tuua n\u00e4iteid teistest sama v\u00e4rvi asjadest.<br data-start=\"522\" data-end=\"525\" \/>\u2013 M\u00e4ngige kodus ringi liikudes: t\u00e4iskasvanu osutab esemele ja laps \u00fctleb, mis v\u00e4rvi see on.<\/p>\n<p data-start=\"618\" data-end=\"703\"><strong data-start=\"618\" data-end=\"633\">Komplektis:<\/strong><br data-start=\"633\" data-end=\"636\" \/>\u2013 16 \u00f5ppekaarti<br data-start=\"651\" data-end=\"654\" \/>\u2013 Juhend vanematele<br data-start=\"673\" data-end=\"676\" \/><strong data-start=\"676\" data-end=\"694\">Kaardi m\u00f5\u00f5dud:<\/strong> 9 \u00d7 6 cm<\/p>\n","protected":false},"excerpt":{"rendered":"<p>M\u00e4ngulised \u00f5ppekaardid aitavad lapsel tutvuda p\u00f5hiv\u00e4rvidega ja neid \u00fcmbritsevate esemetega. Kaardid arendavad m\u00e4lu, m\u00f5tlemist ning visuaalset ja kuulmistaju ning sobivad suurep\u00e4raselt varajaseks \u00f5ppimiseks l\u00e4bi m\u00e4ngu. Kuidas kasutada?\u2013 Vaadake kaarte koos lapsega ja nimetage selgelt v\u00e4rv ning selle v\u00e4rvi ese.\u2013 Paluge lapsel tuua n\u00e4iteid teistest sama v\u00e4rvi asjadest.\u2013 M\u00e4ngige kodus ringi liikudes: t\u00e4iskasvanu osutab esemele ja [&hellip;]<\/p>\n","protected":false},"featured_media":76150,"template":"","meta":{"_monsterinsights_skip_tracking":false,"_monsterinsights_sitenote_active":false,"_monsterinsights_sitenote_note":"","_monsterinsights_sitenote_category":0},"product_brand":[],"product_cat":[50,56,58],"product_tag":[],"class_list":{"0":"post-76151","1":"product","2":"type-product","3":"status-publish","4":"has-post-thumbnail","6":"product_cat-arendavad-manguasjad","7":"product_cat-kone-areng","8":"product_cat-unkategorized","9":"pa_vozrast-ot-3-do-5-let-et","11":"first","12":"instock","13":"shipping-taxable","14":"purchasable","15":"product-type-simple"},"yoast_head":"<!-- This site is optimized with the Yoast SEO plugin v25.0 - https:\/\/yoast.com\/wordpress\/plugins\/seo\/ -->\n<title>\u00d5ppekaardid \u201eV\u00e4rvid\u201c \u2013 3+ -<\/title>\n<meta name=\"description\" content=\"\u00d5ppekaardid \u201eV\u00e4rvid\u201c \u2013 3+ - CLEVER KIDS\" \/>\n<meta name=\"robots\" content=\"index, follow, max-snippet:-1, max-image-preview:large, max-video-preview:-1\" \/>\n<link rel=\"canonical\" href=\"https:\/\/cleverkids.ee\/et\/product\/oppekaardid-varvid-3\/\" \/>\n<meta property=\"og:locale\" content=\"et_EE\" \/>\n<meta property=\"og:type\" content=\"article\" \/>\n<meta property=\"og:title\" content=\"\u00d5ppekaardid \u201eV\u00e4rvid\u201c \u2013 3+ -\" \/>\n<meta property=\"og:description\" content=\"\u00d5ppekaardid \u201eV\u00e4rvid\u201c \u2013 3+ - CLEVER KIDS\" \/>\n<meta property=\"og:url\" content=\"https:\/\/cleverkids.ee\/et\/product\/oppekaardid-varvid-3\/\" \/>\n<meta property=\"og:site_name\" content=\"CLEVER KIDS\" \/>\n<meta property=\"article:publisher\" content=\"https:\/\/www.facebook.com\/cleverkids.ee\/\" \/>\n<meta property=\"article:modified_time\" content=\"2026-02-05T18:14:37+00:00\" \/>\n<meta property=\"og:image\" content=\"https:\/\/cleverkids.ee\/wp-content\/uploads\/2026\/02\/6300395787.webp\" \/>\n\t<meta property=\"og:image:width\" content=\"700\" \/>\n\t<meta property=\"og:image:height\" content=\"700\" \/>\n\t<meta property=\"og:image:type\" content=\"image\/webp\" \/>\n<meta name=\"twitter:card\" content=\"summary_large_image\" \/>\n<meta name=\"twitter:label1\" content=\"Est. reading time\" \/>\n\t<meta name=\"twitter:data1\" content=\"1 minut\" \/>\n<script type=\"application\/ld+json\" class=\"yoast-schema-graph\">{\"@context\":\"https:\/\/schema.org\",\"@graph\":[{\"@type\":\"WebPage\",\"@id\":\"https:\/\/cleverkids.ee\/et\/product\/oppekaardid-varvid-3\/\",\"url\":\"https:\/\/cleverkids.ee\/et\/product\/oppekaardid-varvid-3\/\",\"name\":\"\u00d5ppekaardid \u201eV\u00e4rvid\u201c \u2013 3+ -\",\"isPartOf\":{\"@id\":\"https:\/\/cleverkids.ee\/et\/#website\"},\"primaryImageOfPage\":{\"@id\":\"https:\/\/cleverkids.ee\/et\/product\/oppekaardid-varvid-3\/#primaryimage\"},\"image\":{\"@id\":\"https:\/\/cleverkids.ee\/et\/product\/oppekaardid-varvid-3\/#primaryimage\"},\"thumbnailUrl\":\"https:\/\/cleverkids.ee\/wp-content\/uploads\/2026\/02\/6300395787.webp\",\"datePublished\":\"2026-02-05T18:13:25+00:00\",\"dateModified\":\"2026-02-05T18:14:37+00:00\",\"description\":\"\u00d5ppekaardid \u201eV\u00e4rvid\u201c \u2013 3+ - CLEVER KIDS\",\"breadcrumb\":{\"@id\":\"https:\/\/cleverkids.ee\/et\/product\/oppekaardid-varvid-3\/#breadcrumb\"},\"inLanguage\":\"et\",\"potentialAction\":[{\"@type\":\"ReadAction\",\"target\":[\"https:\/\/cleverkids.ee\/et\/product\/oppekaardid-varvid-3\/\"]}]},{\"@type\":\"ImageObject\",\"inLanguage\":\"et\",\"@id\":\"https:\/\/cleverkids.ee\/et\/product\/oppekaardid-varvid-3\/#primaryimage\",\"url\":\"https:\/\/cleverkids.ee\/wp-content\/uploads\/2026\/02\/6300395787.webp\",\"contentUrl\":\"https:\/\/cleverkids.ee\/wp-content\/uploads\/2026\/02\/6300395787.webp\",\"width\":700,\"height\":700,\"caption\":\"\u041e\u0431\u0443\u0447\u0430\u044e\u0449\u0438\u0435 \u043a\u0430\u0440\u0442\u043e\u0447\u043a\u0438 \u00ab\u0418\u0437\u0443\u0447\u0430\u0435\u043c \u0446\u0432\u0435\u0442\u0430\u00bb, 3+\"},{\"@type\":\"BreadcrumbList\",\"@id\":\"https:\/\/cleverkids.ee\/et\/product\/oppekaardid-varvid-3\/#breadcrumb\",\"itemListElement\":[{\"@type\":\"ListItem\",\"position\":1,\"name\":\"Esileht\",\"item\":\"https:\/\/cleverkids.ee\/et\/\"},{\"@type\":\"ListItem\",\"position\":2,\"name\":\"Tooted\",\"item\":\"https:\/\/cleverkids.ee\/store\/\"},{\"@type\":\"ListItem\",\"position\":3,\"name\":\"\u00d5ppekaardid \u201eV\u00e4rvid\u201c \u2013 3+\"}]},{\"@type\":\"WebSite\",\"@id\":\"https:\/\/cleverkids.ee\/et\/#website\",\"url\":\"https:\/\/cleverkids.ee\/et\/\",\"name\":\"CLEVER KIDS\",\"description\":\"\",\"publisher\":{\"@id\":\"https:\/\/cleverkids.ee\/et\/#organization\"},\"potentialAction\":[{\"@type\":\"SearchAction\",\"target\":{\"@type\":\"EntryPoint\",\"urlTemplate\":\"https:\/\/cleverkids.ee\/et\/?s={search_term_string}\"},\"query-input\":{\"@type\":\"PropertyValueSpecification\",\"valueRequired\":true,\"valueName\":\"search_term_string\"}}],\"inLanguage\":\"et\"},{\"@type\":\"Organization\",\"@id\":\"https:\/\/cleverkids.ee\/et\/#organization\",\"name\":\"CLEVER KIDS\",\"url\":\"https:\/\/cleverkids.ee\/et\/\",\"logo\":{\"@type\":\"ImageObject\",\"inLanguage\":\"et\",\"@id\":\"https:\/\/cleverkids.ee\/et\/#\/schema\/logo\/image\/\",\"url\":\"https:\/\/cleverkids.ee\/wp-content\/uploads\/2024\/02\/image0-1024x1024.png\",\"contentUrl\":\"https:\/\/cleverkids.ee\/wp-content\/uploads\/2024\/02\/image0-1024x1024.png\",\"width\":1024,\"height\":1024,\"caption\":\"CLEVER KIDS\"},\"image\":{\"@id\":\"https:\/\/cleverkids.ee\/et\/#\/schema\/logo\/image\/\"},\"sameAs\":[\"https:\/\/www.facebook.com\/cleverkids.ee\/\",\"https:\/\/www.instagram.com\/cleverkids_ee\/\"]}]}<\/script>\n<!-- \/ Yoast SEO plugin. -->","yoast_head_json":{"title":"\u00d5ppekaardid \u201eV\u00e4rvid\u201c \u2013 3+ -","description":"\u00d5ppekaardid \u201eV\u00e4rvid\u201c \u2013 3+ - CLEVER KIDS","robots":{"index":"index","follow":"follow","max-snippet":"max-snippet:-1","max-image-preview":"max-image-preview:large","max-video-preview":"max-video-preview:-1"},"canonical":"https:\/\/cleverkids.ee\/et\/product\/oppekaardid-varvid-3\/","og_locale":"et_EE","og_type":"article","og_title":"\u00d5ppekaardid \u201eV\u00e4rvid\u201c \u2013 3+ -","og_description":"\u00d5ppekaardid \u201eV\u00e4rvid\u201c \u2013 3+ - CLEVER KIDS","og_url":"https:\/\/cleverkids.ee\/et\/product\/oppekaardid-varvid-3\/","og_site_name":"CLEVER KIDS","article_publisher":"https:\/\/www.facebook.com\/cleverkids.ee\/","article_modified_time":"2026-02-05T18:14:37+00:00","og_image":[{"width":700,"height":700,"url":"https:\/\/cleverkids.ee\/wp-content\/uploads\/2026\/02\/6300395787.webp","type":"image\/webp"}],"twitter_card":"summary_large_image","twitter_misc":{"Est. reading time":"1 minut"},"schema":{"@context":"https:\/\/schema.org","@graph":[{"@type":"WebPage","@id":"https:\/\/cleverkids.ee\/et\/product\/oppekaardid-varvid-3\/","url":"https:\/\/cleverkids.ee\/et\/product\/oppekaardid-varvid-3\/","name":"\u00d5ppekaardid \u201eV\u00e4rvid\u201c \u2013 3+ -","isPartOf":{"@id":"https:\/\/cleverkids.ee\/et\/#website"},"primaryImageOfPage":{"@id":"https:\/\/cleverkids.ee\/et\/product\/oppekaardid-varvid-3\/#primaryimage"},"image":{"@id":"https:\/\/cleverkids.ee\/et\/product\/oppekaardid-varvid-3\/#primaryimage"},"thumbnailUrl":"https:\/\/cleverkids.ee\/wp-content\/uploads\/2026\/02\/6300395787.webp","datePublished":"2026-02-05T18:13:25+00:00","dateModified":"2026-02-05T18:14:37+00:00","description":"\u00d5ppekaardid \u201eV\u00e4rvid\u201c \u2013 3+ - CLEVER KIDS","breadcrumb":{"@id":"https:\/\/cleverkids.ee\/et\/product\/oppekaardid-varvid-3\/#breadcrumb"},"inLanguage":"et","potentialAction":[{"@type":"ReadAction","target":["https:\/\/cleverkids.ee\/et\/product\/oppekaardid-varvid-3\/"]}]},{"@type":"ImageObject","inLanguage":"et","@id":"https:\/\/cleverkids.ee\/et\/product\/oppekaardid-varvid-3\/#primaryimage","url":"https:\/\/cleverkids.ee\/wp-content\/uploads\/2026\/02\/6300395787.webp","contentUrl":"https:\/\/cleverkids.ee\/wp-content\/uploads\/2026\/02\/6300395787.webp","width":700,"height":700,"caption":"\u041e\u0431\u0443\u0447\u0430\u044e\u0449\u0438\u0435 \u043a\u0430\u0440\u0442\u043e\u0447\u043a\u0438 \u00ab\u0418\u0437\u0443\u0447\u0430\u0435\u043c \u0446\u0432\u0435\u0442\u0430\u00bb, 3+"},{"@type":"BreadcrumbList","@id":"https:\/\/cleverkids.ee\/et\/product\/oppekaardid-varvid-3\/#breadcrumb","itemListElement":[{"@type":"ListItem","position":1,"name":"Esileht","item":"https:\/\/cleverkids.ee\/et\/"},{"@type":"ListItem","position":2,"name":"Tooted","item":"https:\/\/cleverkids.ee\/store\/"},{"@type":"ListItem","position":3,"name":"\u00d5ppekaardid \u201eV\u00e4rvid\u201c \u2013 3+"}]},{"@type":"WebSite","@id":"https:\/\/cleverkids.ee\/et\/#website","url":"https:\/\/cleverkids.ee\/et\/","name":"CLEVER KIDS","description":"","publisher":{"@id":"https:\/\/cleverkids.ee\/et\/#organization"},"potentialAction":[{"@type":"SearchAction","target":{"@type":"EntryPoint","urlTemplate":"https:\/\/cleverkids.ee\/et\/?s={search_term_string}"},"query-input":{"@type":"PropertyValueSpecification","valueRequired":true,"valueName":"search_term_string"}}],"inLanguage":"et"},{"@type":"Organization","@id":"https:\/\/cleverkids.ee\/et\/#organization","name":"CLEVER KIDS","url":"https:\/\/cleverkids.ee\/et\/","logo":{"@type":"ImageObject","inLanguage":"et","@id":"https:\/\/cleverkids.ee\/et\/#\/schema\/logo\/image\/","url":"https:\/\/cleverkids.ee\/wp-content\/uploads\/2024\/02\/image0-1024x1024.png","contentUrl":"https:\/\/cleverkids.ee\/wp-content\/uploads\/2024\/02\/image0-1024x1024.png","width":1024,"height":1024,"caption":"CLEVER KIDS"},"image":{"@id":"https:\/\/cleverkids.ee\/et\/#\/schema\/logo\/image\/"},"sameAs":["https:\/\/www.facebook.com\/cleverkids.ee\/","https:\/\/www.instagram.com\/cleverkids_ee\/"]}]}},"_links":{"self":[{"href":"https:\/\/cleverkids.ee\/et\/wp-json\/wp\/v2\/product\/76151","targetHints":{"allow":["GET"]}}],"collection":[{"href":"https:\/\/cleverkids.ee\/et\/wp-json\/wp\/v2\/product"}],"about":[{"href":"https:\/\/cleverkids.ee\/et\/wp-json\/wp\/v2\/types\/product"}],"wp:featuredmedia":[{"embeddable":true,"href":"https:\/\/cleverkids.ee\/et\/wp-json\/wp\/v2\/media\/76150"}],"wp:attachment":[{"href":"https:\/\/cleverkids.ee\/et\/wp-json\/wp\/v2\/media?parent=76151"}],"wp:term":[{"taxonomy":"product_brand","embeddable":true,"href":"https:\/\/cleverkids.ee\/et\/wp-json\/wp\/v2\/product_brand?post=76151"},{"taxonomy":"product_cat","embeddable":true,"href":"https:\/\/cleverkids.ee\/et\/wp-json\/wp\/v2\/product_cat?post=76151"},{"taxonomy":"product_tag","embeddable":true,"href":"https:\/\/cleverkids.ee\/et\/wp-json\/wp\/v2\/product_tag?post=76151"}],"curies":[{"name":"wp","href":"https:\/\/api.w.org\/{rel}","templated":true}]}}