{"id":76162,"date":"2026-02-05T20:31:27","date_gmt":"2026-02-05T18:31:27","guid":{"rendered":"https:\/\/cleverkids.ee\/\u041f\u0440\u043e\u0434\u0443\u043a\u0442\/nastolnaya-igra-najdi-lishnee\/"},"modified":"2026-02-05T20:41:42","modified_gmt":"2026-02-05T18:41:42","slug":"lauamang-leia-uleliigne-20-kaarti","status":"publish","type":"product","link":"https:\/\/cleverkids.ee\/et\/product\/lauamang-leia-uleliigne-20-kaarti\/","title":{"rendered":"Lauam\u00e4ng \u201eLeia \u00fcleliigne\u201c \u2013 20 kaarti"},"content":{"rendered":"<p data-start=\"151\" data-end=\"290\">L\u00f5bus ja kaasahaarav m\u00e4ng laste seltskonnale!<br data-start=\"196\" data-end=\"199\" \/>Igal kaardil on pilt v\u00e4ikese vimkaga \u2013 lapse \u00fclesanne on leida, mis ei sobi teistega kokku.<\/p>\n<p data-start=\"292\" data-end=\"372\"><strong data-start=\"292\" data-end=\"311\">Kuidas m\u00e4ngida?<\/strong><br data-start=\"311\" data-end=\"314\" \/>\u2013 T\u00f5mba kaart<br data-start=\"327\" data-end=\"330\" \/>\u2013 Vaata pilti<br data-start=\"343\" data-end=\"346\" \/>\u2013 Leia \u00fcleliigne element<\/p>\n<p data-start=\"374\" data-end=\"526\">Kes leiab \u00f5igesti, on t\u00f5eline <em data-start=\"404\" data-end=\"416\">terav silm<\/em>!<br data-start=\"417\" data-end=\"420\" \/>M\u00e4ng arendab t\u00e4helepanu, loogilist ja abstraktset m\u00f5tlemist ning sobib suurep\u00e4raselt aktiivsetele lastele.<\/p>\n<p data-start=\"528\" data-end=\"592\"><strong data-start=\"528\" data-end=\"543\">Komplektis:<\/strong><br data-start=\"543\" data-end=\"546\" \/>\u2013 20 fandikaarti<br data-start=\"562\" data-end=\"565\" \/><strong data-start=\"565\" data-end=\"583\">Kaardi m\u00f5\u00f5dud:<\/strong> 9 \u00d7 6 cm<\/p>\n<p data-start=\"594\" data-end=\"638\" data-is-last-node=\"\" data-is-only-node=\"\">Sobib m\u00e4ngimiseks kodus, peol v\u00f5i lasteaias.<\/p>\n","protected":false},"excerpt":{"rendered":"<p>L\u00f5bus ja kaasahaarav m\u00e4ng laste seltskonnale!Igal kaardil on pilt v\u00e4ikese vimkaga \u2013 lapse \u00fclesanne on leida, mis ei sobi teistega kokku. Kuidas m\u00e4ngida?\u2013 T\u00f5mba kaart\u2013 Vaata pilti\u2013 Leia \u00fcleliigne element Kes leiab \u00f5igesti, on t\u00f5eline terav silm!M\u00e4ng arendab t\u00e4helepanu, loogilist ja abstraktset m\u00f5tlemist ning sobib suurep\u00e4raselt aktiivsetele lastele. Komplektis:\u2013 20 fandikaartiKaardi m\u00f5\u00f5dud: 9 \u00d7 6 [&hellip;]<\/p>\n","protected":false},"featured_media":76161,"template":"","meta":{"_monsterinsights_skip_tracking":false,"_monsterinsights_sitenote_active":false,"_monsterinsights_sitenote_note":"","_monsterinsights_sitenote_category":0},"product_brand":[],"product_cat":[55,56,58],"product_tag":[],"class_list":{"0":"post-76162","1":"product","2":"type-product","3":"status-publish","4":"has-post-thumbnail","6":"product_cat-lauamangud","7":"product_cat-kone-areng","8":"product_cat-unkategorized","9":"pa_vozrast-ot-3-do-5-let-et","11":"first","12":"instock","13":"shipping-taxable","14":"purchasable","15":"product-type-simple"},"yoast_head":"<!-- This site is optimized with the Yoast SEO plugin v25.0 - https:\/\/yoast.com\/wordpress\/plugins\/seo\/ -->\n<title>Lauam\u00e4ng \u201eLeia \u00fcleliigne\u201c \u2013 20 kaarti -<\/title>\n<meta name=\"description\" content=\"Lauam\u00e4ng \u201eLeia \u00fcleliigne\u201c \u2013 20 kaarti - CLEVER KIDS\" \/>\n<meta name=\"robots\" content=\"index, follow, max-snippet:-1, max-image-preview:large, max-video-preview:-1\" \/>\n<link rel=\"canonical\" href=\"https:\/\/cleverkids.ee\/et\/product\/lauamang-leia-uleliigne-20-kaarti\/\" \/>\n<meta property=\"og:locale\" content=\"et_EE\" \/>\n<meta property=\"og:type\" content=\"article\" \/>\n<meta property=\"og:title\" content=\"Lauam\u00e4ng \u201eLeia \u00fcleliigne\u201c \u2013 20 kaarti -\" \/>\n<meta property=\"og:description\" content=\"Lauam\u00e4ng \u201eLeia \u00fcleliigne\u201c \u2013 20 kaarti - CLEVER KIDS\" \/>\n<meta property=\"og:url\" content=\"https:\/\/cleverkids.ee\/et\/product\/lauamang-leia-uleliigne-20-kaarti\/\" \/>\n<meta property=\"og:site_name\" content=\"CLEVER KIDS\" \/>\n<meta property=\"article:publisher\" content=\"https:\/\/www.facebook.com\/cleverkids.ee\/\" \/>\n<meta property=\"article:modified_time\" content=\"2026-02-05T18:41:42+00:00\" \/>\n<meta property=\"og:image\" content=\"https:\/\/cleverkids.ee\/wp-content\/uploads\/2026\/02\/optimize.webp\" \/>\n\t<meta property=\"og:image:width\" content=\"1620\" \/>\n\t<meta property=\"og:image:height\" content=\"1605\" \/>\n\t<meta property=\"og:image:type\" content=\"image\/webp\" \/>\n<meta name=\"twitter:card\" content=\"summary_large_image\" \/>\n<meta name=\"twitter:label1\" content=\"Est. reading time\" \/>\n\t<meta name=\"twitter:data1\" content=\"1 minut\" \/>\n<script type=\"application\/ld+json\" class=\"yoast-schema-graph\">{\"@context\":\"https:\/\/schema.org\",\"@graph\":[{\"@type\":\"WebPage\",\"@id\":\"https:\/\/cleverkids.ee\/et\/product\/lauamang-leia-uleliigne-20-kaarti\/\",\"url\":\"https:\/\/cleverkids.ee\/et\/product\/lauamang-leia-uleliigne-20-kaarti\/\",\"name\":\"Lauam\u00e4ng \u201eLeia \u00fcleliigne\u201c \u2013 20 kaarti -\",\"isPartOf\":{\"@id\":\"https:\/\/cleverkids.ee\/et\/#website\"},\"primaryImageOfPage\":{\"@id\":\"https:\/\/cleverkids.ee\/et\/product\/lauamang-leia-uleliigne-20-kaarti\/#primaryimage\"},\"image\":{\"@id\":\"https:\/\/cleverkids.ee\/et\/product\/lauamang-leia-uleliigne-20-kaarti\/#primaryimage\"},\"thumbnailUrl\":\"https:\/\/cleverkids.ee\/wp-content\/uploads\/2026\/02\/optimize.webp\",\"datePublished\":\"2026-02-05T18:31:27+00:00\",\"dateModified\":\"2026-02-05T18:41:42+00:00\",\"description\":\"Lauam\u00e4ng \u201eLeia \u00fcleliigne\u201c \u2013 20 kaarti - CLEVER KIDS\",\"breadcrumb\":{\"@id\":\"https:\/\/cleverkids.ee\/et\/product\/lauamang-leia-uleliigne-20-kaarti\/#breadcrumb\"},\"inLanguage\":\"et\",\"potentialAction\":[{\"@type\":\"ReadAction\",\"target\":[\"https:\/\/cleverkids.ee\/et\/product\/lauamang-leia-uleliigne-20-kaarti\/\"]}]},{\"@type\":\"ImageObject\",\"inLanguage\":\"et\",\"@id\":\"https:\/\/cleverkids.ee\/et\/product\/lauamang-leia-uleliigne-20-kaarti\/#primaryimage\",\"url\":\"https:\/\/cleverkids.ee\/wp-content\/uploads\/2026\/02\/optimize.webp\",\"contentUrl\":\"https:\/\/cleverkids.ee\/wp-content\/uploads\/2026\/02\/optimize.webp\",\"width\":1620,\"height\":1605,\"caption\":\"\u041d\u0430\u0441\u0442\u043e\u043b\u044c\u043d\u0430\u044f \u0438\u0433\u0440\u0430 \\\"\u041d\u0430\u0439\u0434\u0438 \u043b\u0438\u0448\u043d\u0435\u0435\\\"\"},{\"@type\":\"BreadcrumbList\",\"@id\":\"https:\/\/cleverkids.ee\/et\/product\/lauamang-leia-uleliigne-20-kaarti\/#breadcrumb\",\"itemListElement\":[{\"@type\":\"ListItem\",\"position\":1,\"name\":\"Esileht\",\"item\":\"https:\/\/cleverkids.ee\/et\/\"},{\"@type\":\"ListItem\",\"position\":2,\"name\":\"Tooted\",\"item\":\"https:\/\/cleverkids.ee\/store\/\"},{\"@type\":\"ListItem\",\"position\":3,\"name\":\"Lauam\u00e4ng \u201eLeia \u00fcleliigne\u201c \u2013 20 kaarti\"}]},{\"@type\":\"WebSite\",\"@id\":\"https:\/\/cleverkids.ee\/et\/#website\",\"url\":\"https:\/\/cleverkids.ee\/et\/\",\"name\":\"CLEVER KIDS\",\"description\":\"\",\"publisher\":{\"@id\":\"https:\/\/cleverkids.ee\/et\/#organization\"},\"potentialAction\":[{\"@type\":\"SearchAction\",\"target\":{\"@type\":\"EntryPoint\",\"urlTemplate\":\"https:\/\/cleverkids.ee\/et\/?s={search_term_string}\"},\"query-input\":{\"@type\":\"PropertyValueSpecification\",\"valueRequired\":true,\"valueName\":\"search_term_string\"}}],\"inLanguage\":\"et\"},{\"@type\":\"Organization\",\"@id\":\"https:\/\/cleverkids.ee\/et\/#organization\",\"name\":\"CLEVER KIDS\",\"url\":\"https:\/\/cleverkids.ee\/et\/\",\"logo\":{\"@type\":\"ImageObject\",\"inLanguage\":\"et\",\"@id\":\"https:\/\/cleverkids.ee\/et\/#\/schema\/logo\/image\/\",\"url\":\"https:\/\/cleverkids.ee\/wp-content\/uploads\/2024\/02\/image0-1024x1024.png\",\"contentUrl\":\"https:\/\/cleverkids.ee\/wp-content\/uploads\/2024\/02\/image0-1024x1024.png\",\"width\":1024,\"height\":1024,\"caption\":\"CLEVER KIDS\"},\"image\":{\"@id\":\"https:\/\/cleverkids.ee\/et\/#\/schema\/logo\/image\/\"},\"sameAs\":[\"https:\/\/www.facebook.com\/cleverkids.ee\/\",\"https:\/\/www.instagram.com\/cleverkids_ee\/\"]}]}<\/script>\n<!-- \/ Yoast SEO plugin. -->","yoast_head_json":{"title":"Lauam\u00e4ng \u201eLeia \u00fcleliigne\u201c \u2013 20 kaarti -","description":"Lauam\u00e4ng \u201eLeia \u00fcleliigne\u201c \u2013 20 kaarti - CLEVER KIDS","robots":{"index":"index","follow":"follow","max-snippet":"max-snippet:-1","max-image-preview":"max-image-preview:large","max-video-preview":"max-video-preview:-1"},"canonical":"https:\/\/cleverkids.ee\/et\/product\/lauamang-leia-uleliigne-20-kaarti\/","og_locale":"et_EE","og_type":"article","og_title":"Lauam\u00e4ng \u201eLeia \u00fcleliigne\u201c \u2013 20 kaarti -","og_description":"Lauam\u00e4ng \u201eLeia \u00fcleliigne\u201c \u2013 20 kaarti - CLEVER KIDS","og_url":"https:\/\/cleverkids.ee\/et\/product\/lauamang-leia-uleliigne-20-kaarti\/","og_site_name":"CLEVER KIDS","article_publisher":"https:\/\/www.facebook.com\/cleverkids.ee\/","article_modified_time":"2026-02-05T18:41:42+00:00","og_image":[{"width":1620,"height":1605,"url":"https:\/\/cleverkids.ee\/wp-content\/uploads\/2026\/02\/optimize.webp","type":"image\/webp"}],"twitter_card":"summary_large_image","twitter_misc":{"Est. reading time":"1 minut"},"schema":{"@context":"https:\/\/schema.org","@graph":[{"@type":"WebPage","@id":"https:\/\/cleverkids.ee\/et\/product\/lauamang-leia-uleliigne-20-kaarti\/","url":"https:\/\/cleverkids.ee\/et\/product\/lauamang-leia-uleliigne-20-kaarti\/","name":"Lauam\u00e4ng \u201eLeia \u00fcleliigne\u201c \u2013 20 kaarti -","isPartOf":{"@id":"https:\/\/cleverkids.ee\/et\/#website"},"primaryImageOfPage":{"@id":"https:\/\/cleverkids.ee\/et\/product\/lauamang-leia-uleliigne-20-kaarti\/#primaryimage"},"image":{"@id":"https:\/\/cleverkids.ee\/et\/product\/lauamang-leia-uleliigne-20-kaarti\/#primaryimage"},"thumbnailUrl":"https:\/\/cleverkids.ee\/wp-content\/uploads\/2026\/02\/optimize.webp","datePublished":"2026-02-05T18:31:27+00:00","dateModified":"2026-02-05T18:41:42+00:00","description":"Lauam\u00e4ng \u201eLeia \u00fcleliigne\u201c \u2013 20 kaarti - CLEVER KIDS","breadcrumb":{"@id":"https:\/\/cleverkids.ee\/et\/product\/lauamang-leia-uleliigne-20-kaarti\/#breadcrumb"},"inLanguage":"et","potentialAction":[{"@type":"ReadAction","target":["https:\/\/cleverkids.ee\/et\/product\/lauamang-leia-uleliigne-20-kaarti\/"]}]},{"@type":"ImageObject","inLanguage":"et","@id":"https:\/\/cleverkids.ee\/et\/product\/lauamang-leia-uleliigne-20-kaarti\/#primaryimage","url":"https:\/\/cleverkids.ee\/wp-content\/uploads\/2026\/02\/optimize.webp","contentUrl":"https:\/\/cleverkids.ee\/wp-content\/uploads\/2026\/02\/optimize.webp","width":1620,"height":1605,"caption":"\u041d\u0430\u0441\u0442\u043e\u043b\u044c\u043d\u0430\u044f \u0438\u0433\u0440\u0430 \"\u041d\u0430\u0439\u0434\u0438 \u043b\u0438\u0448\u043d\u0435\u0435\""},{"@type":"BreadcrumbList","@id":"https:\/\/cleverkids.ee\/et\/product\/lauamang-leia-uleliigne-20-kaarti\/#breadcrumb","itemListElement":[{"@type":"ListItem","position":1,"name":"Esileht","item":"https:\/\/cleverkids.ee\/et\/"},{"@type":"ListItem","position":2,"name":"Tooted","item":"https:\/\/cleverkids.ee\/store\/"},{"@type":"ListItem","position":3,"name":"Lauam\u00e4ng \u201eLeia \u00fcleliigne\u201c \u2013 20 kaarti"}]},{"@type":"WebSite","@id":"https:\/\/cleverkids.ee\/et\/#website","url":"https:\/\/cleverkids.ee\/et\/","name":"CLEVER KIDS","description":"","publisher":{"@id":"https:\/\/cleverkids.ee\/et\/#organization"},"potentialAction":[{"@type":"SearchAction","target":{"@type":"EntryPoint","urlTemplate":"https:\/\/cleverkids.ee\/et\/?s={search_term_string}"},"query-input":{"@type":"PropertyValueSpecification","valueRequired":true,"valueName":"search_term_string"}}],"inLanguage":"et"},{"@type":"Organization","@id":"https:\/\/cleverkids.ee\/et\/#organization","name":"CLEVER KIDS","url":"https:\/\/cleverkids.ee\/et\/","logo":{"@type":"ImageObject","inLanguage":"et","@id":"https:\/\/cleverkids.ee\/et\/#\/schema\/logo\/image\/","url":"https:\/\/cleverkids.ee\/wp-content\/uploads\/2024\/02\/image0-1024x1024.png","contentUrl":"https:\/\/cleverkids.ee\/wp-content\/uploads\/2024\/02\/image0-1024x1024.png","width":1024,"height":1024,"caption":"CLEVER KIDS"},"image":{"@id":"https:\/\/cleverkids.ee\/et\/#\/schema\/logo\/image\/"},"sameAs":["https:\/\/www.facebook.com\/cleverkids.ee\/","https:\/\/www.instagram.com\/cleverkids_ee\/"]}]}},"_links":{"self":[{"href":"https:\/\/cleverkids.ee\/et\/wp-json\/wp\/v2\/product\/76162","targetHints":{"allow":["GET"]}}],"collection":[{"href":"https:\/\/cleverkids.ee\/et\/wp-json\/wp\/v2\/product"}],"about":[{"href":"https:\/\/cleverkids.ee\/et\/wp-json\/wp\/v2\/types\/product"}],"wp:featuredmedia":[{"embeddable":true,"href":"https:\/\/cleverkids.ee\/et\/wp-json\/wp\/v2\/media\/76161"}],"wp:attachment":[{"href":"https:\/\/cleverkids.ee\/et\/wp-json\/wp\/v2\/media?parent=76162"}],"wp:term":[{"taxonomy":"product_brand","embeddable":true,"href":"https:\/\/cleverkids.ee\/et\/wp-json\/wp\/v2\/product_brand?post=76162"},{"taxonomy":"product_cat","embeddable":true,"href":"https:\/\/cleverkids.ee\/et\/wp-json\/wp\/v2\/product_cat?post=76162"},{"taxonomy":"product_tag","embeddable":true,"href":"https:\/\/cleverkids.ee\/et\/wp-json\/wp\/v2\/product_tag?post=76162"}],"curies":[{"name":"wp","href":"https:\/\/api.w.org\/{rel}","templated":true}]}}